{"id":14369,"date":"2024-02-14T18:46:24","date_gmt":"2024-02-14T16:46:24","guid":{"rendered":"https:\/\/ares.lt\/?post_type=product&#038;p=14369"},"modified":"2026-04-03T15:26:06","modified_gmt":"2026-04-03T13:26:06","slug":"goldarmband-5-onyxe","status":"publish","type":"product","link":"https:\/\/ares.lt\/de\/parduotuve\/auksine-apyranke-5-oniksai\/","title":{"rendered":"Goldarmband \u201e5 schwarze Kleebl\u00e4tter\u201c"},"content":{"rendered":"<h2>Goldarmband \u201e5 schwarze Kleebl\u00e4tter\u201c<\/h2>\n<p>Dieses elegante Kleeblatt <strong>Goldarmband<\/strong> besteht aus echtem 585er Gold und nat\u00fcrlichem Onyxstein. Dieses Goldarmband besticht durch sein filigranes Design und seinen Luxus, w\u00e4hrend der schwarze Onyx ihm Exklusivit\u00e4t und Raffinesse verleiht.<\/p>\n<p>&nbsp;<\/p>\n<p>Sie k\u00f6nnen dieses Goldarmband auch kombinieren mit:<\/p>\n<p><a href=\"https:\/\/ares.lt\/de\/im-laden\/kette-mit-onyx-anhanger\/\" target=\"_blank\" rel=\"noopener\">Goldkette mit Anh\u00e4nger \u201eSchwarzer Klee\u201c<\/a><\/p>\n<p><a href=\"https:\/\/ares.lt\/de\/im-laden\/kette-mit-onyx-anhanger\/\"><img fetchpriority=\"high\" decoding=\"async\" class=\"alignnone wp-image-15567 size-full\" src=\"https:\/\/ares.lt\/wp-content\/uploads\/2022\/08\/Untitled-design-53.png\" alt=\"Goldkette mit Anh\u00e4nger &quot;Schwarzer Klee&quot;\" width=\"500\" height=\"500\" srcset=\"https:\/\/ares.lt\/wp-content\/uploads\/2022\/08\/Untitled-design-53.png 500w, https:\/\/ares.lt\/wp-content\/uploads\/2022\/08\/Untitled-design-53-300x300.png 300w, https:\/\/ares.lt\/wp-content\/uploads\/2022\/08\/Untitled-design-53-100x100.png 100w, https:\/\/ares.lt\/wp-content\/uploads\/2022\/08\/Untitled-design-53-200x200.png 200w, https:\/\/ares.lt\/wp-content\/uploads\/2022\/08\/Untitled-design-53-145x145.png 145w, https:\/\/ares.lt\/wp-content\/uploads\/2022\/08\/Untitled-design-53-50x50.png 50w\" sizes=\"(max-width: 500px) 100vw, 500px\" \/><\/a><\/p>\n<p><a href=\"https:\/\/ares.lt\/de\/im-laden\/onyx-ohrringe\/\" target=\"_blank\" rel=\"noopener\">Goldene Ohrringe \u201eSchwarzer Klee\u201c<\/a><\/p>\n<p><a href=\"https:\/\/ares.lt\/de\/im-laden\/onyx-ohrringe\/\"><img decoding=\"async\" class=\"alignnone wp-image-15572 size-full\" src=\"https:\/\/ares.lt\/wp-content\/uploads\/2022\/03\/Untitled-design-58.png\" alt=\"Goldene Ohrringe \u201eSchwarzer Klee\u201c\" width=\"500\" height=\"500\" srcset=\"https:\/\/ares.lt\/wp-content\/uploads\/2022\/03\/Untitled-design-58.png 500w, https:\/\/ares.lt\/wp-content\/uploads\/2022\/03\/Untitled-design-58-300x300.png 300w, https:\/\/ares.lt\/wp-content\/uploads\/2022\/03\/Untitled-design-58-100x100.png 100w, https:\/\/ares.lt\/wp-content\/uploads\/2022\/03\/Untitled-design-58-200x200.png 200w, https:\/\/ares.lt\/wp-content\/uploads\/2022\/03\/Untitled-design-58-145x145.png 145w, https:\/\/ares.lt\/wp-content\/uploads\/2022\/03\/Untitled-design-58-50x50.png 50w\" sizes=\"(max-width: 500px) 100vw, 500px\" \/><\/a><\/p>\n<p><a href=\"https:\/\/ares.lt\/de\/im-laden\/ohrringe-englischer-onyx\/\" target=\"_blank\" rel=\"noopener\">Goldene Ohrringe mit englischem Verschluss \u201eSchwarzer Klee\u201c<\/a><\/p>\n<p><a href=\"https:\/\/ares.lt\/de\/im-laden\/ohrringe-englischer-onyx\/\"><img decoding=\"async\" class=\"alignnone wp-image-15573 size-full\" src=\"https:\/\/ares.lt\/wp-content\/uploads\/2022\/03\/Untitled-design-59.png\" alt=\"Goldene Ohrringe mit englischem Verschluss \u201eSchwarzer Klee\u201c\" width=\"500\" height=\"500\" srcset=\"https:\/\/ares.lt\/wp-content\/uploads\/2022\/03\/Untitled-design-59.png 500w, https:\/\/ares.lt\/wp-content\/uploads\/2022\/03\/Untitled-design-59-300x300.png 300w, https:\/\/ares.lt\/wp-content\/uploads\/2022\/03\/Untitled-design-59-100x100.png 100w, https:\/\/ares.lt\/wp-content\/uploads\/2022\/03\/Untitled-design-59-200x200.png 200w, https:\/\/ares.lt\/wp-content\/uploads\/2022\/03\/Untitled-design-59-145x145.png 145w, https:\/\/ares.lt\/wp-content\/uploads\/2022\/03\/Untitled-design-59-50x50.png 50w\" sizes=\"(max-width: 500px) 100vw, 500px\" \/><\/a><\/p>\n<h3>Was ist das Besondere am Goldarmband \u201eClover\u201c?<\/h3>\n<p>Man sagt, dass jedes Kleeblatt eine besondere Bedeutung hat: das erste \u2013 Glaube, das zweite \u2013 Hoffnung, das dritte \u2013 Liebe und das vierte \u2013 Gl\u00fcck. Daher gelten vierbl\u00e4ttrige Kleebl\u00e4tter als besondere und seltene Wunder der Natur.<\/p>\n<p>Ein vierbl\u00e4ttriges Kleeblatt oder Goldschmuck in seiner Form kann ein tolles Geschenk sein, das gro\u00dfes Gl\u00fcck bringt. Die Symbolik eines solchen Geschenks ist besonders, weshalb Schmuck in Kleeblattform, wie beispielsweise Goldarmb\u00e4nder, besonders beliebt ist. Sie sind nicht nur sch\u00f6n, sondern haben auch eine tiefe Bedeutung, die ihrem Besitzer Gl\u00fcck bringt.<\/p>\n<p>Goldene Kleeblattarmb\u00e4nder vereinen Sch\u00f6nheit und Symbolik auf wunderbare Weise. Diese Schmuckst\u00fccke unterstreichen nicht nur Ihren Stil, sondern bieten auch einen guten Gespr\u00e4chsauftakt und erinnern Sie an die Bedeutung von Gl\u00fcck und Hoffnung im Leben.<\/p>\n<p>Wenn Sie sich f\u00fcr Goldarmb\u00e4nder mit einem Kleeblatt entscheiden, entscheiden Sie sich nicht nur f\u00fcr Eleganz, sondern auch f\u00fcr ein bedeutungsvolles Symbol. Vergessen Sie nicht, dass das vierbl\u00e4ttrige Kleeblatt und seine Symbolik Ihrer Schmucksammlung einen zus\u00e4tzlichen Wert verleihen k\u00f6nnen.<\/p>","protected":false},"excerpt":{"rendered":"<p>Auksin\u0117 Apyrank\u0117 &#8222;5 Juodi dobilai&#8221; \u0160i eleganti\u0161ka dobilo formos auksin\u0117 apyrank\u0117 yra pagaminta i\u0161 tikro 585 prabos aukso ir nat\u016bralaus onikso akmens.&hellip;<\/p>","protected":false},"featured_media":14377,"comment_status":"open","ping_status":"closed","template":"","meta":[],"product_cat":[247,1000,258,989,982,357,404,977,401,738],"product_tag":[],"class_list":{"0":"post-14369","1":"product","2":"type-product","3":"status-publish","4":"has-post-thumbnail","6":"product_cat-apyrankes","7":"product_cat-auksine-apyranke-su-oniksu","8":"product_cat-auksines-apyrankes","9":"product_cat-auksines-apyrankes-dobilas","10":"product_cat-auksines-apyrankes-iki-500-eur","11":"product_cat-kolekcija-dobilas","12":"product_cat-nuolaidos","13":"product_cat-raudono-aukso-apyrankes","14":"product_cat-raudono-aukso-papuosalai","15":"product_cat-sekmes-dobilai","16":"tm-no-options","18":"first","19":"instock","20":"sale","21":"shipping-taxable","22":"purchasable","23":"product-type-variable","24":"has-default-attributes"},"yoast_head":"<!-- This site is optimized with the Yoast SEO plugin v27.4 - https:\/\/yoast.com\/product\/yoast-seo-wordpress\/ -->\n<title>Auksin\u0117 Apyrank\u0117 &quot;5 Juodi dobilai&quot;<\/title>\n<meta name=\"description\" content=\"Auksin\u0117 Apyrank\u0117 &quot;5 Juodi dobilai&quot; \u0160i eleganti\u0161ka dobilo formos auksin\u0117 apyrank\u0117 yra pagaminta i\u0161 tikro 585 prabos aukso ir nat\u016bralaus onikso akmens.\" \/>\n<meta name=\"robots\" content=\"index, follow, max-snippet:-1, max-image-preview:large, max-video-preview:-1\" \/>\n<link rel=\"canonical\" href=\"https:\/\/ares.lt\/de\/im-laden\/goldarmband-5-onyxe\/\" \/>\n<meta property=\"og:locale\" content=\"de_DE\" \/>\n<meta property=\"og:type\" content=\"article\" \/>\n<meta property=\"og:title\" content=\"Auksin\u0117 Apyrank\u0117 &quot;5 Juodi dobilai&quot;\" \/>\n<meta property=\"og:description\" content=\"Auksin\u0117 Apyrank\u0117 &quot;5 Juodi dobilai&quot; \u0160i eleganti\u0161ka dobilo formos auksin\u0117 apyrank\u0117 yra pagaminta i\u0161 tikro 585 prabos aukso ir nat\u016bralaus onikso akmens.\" \/>\n<meta property=\"og:url\" content=\"https:\/\/ares.lt\/de\/im-laden\/goldarmband-5-onyxe\/\" \/>\n<meta property=\"og:site_name\" content=\"ARES Juvelyrika\" \/>\n<meta property=\"article:publisher\" content=\"https:\/\/www.facebook.com\/AresJewellery\" \/>\n<meta property=\"article:modified_time\" content=\"2026-04-03T13:26:06+00:00\" \/>\n<meta property=\"og:image\" content=\"https:\/\/ares.lt\/wp-content\/uploads\/2024\/02\/Mazas-7x7mm-39-1-scaled.jpg\" \/>\n\t<meta property=\"og:image:width\" content=\"3360\" \/>\n\t<meta property=\"og:image:height\" content=\"3360\" \/>\n\t<meta property=\"og:image:type\" content=\"image\/jpeg\" \/>\n<meta name=\"twitter:card\" content=\"summary_large_image\" \/>\n<meta name=\"twitter:label1\" content=\"Gesch\u00e4tzte Lesezeit\" \/>\n\t<meta name=\"twitter:data1\" content=\"1\u00a0Minute\" \/>\n<script type=\"application\/ld+json\" class=\"yoast-schema-graph\">{\"@context\":\"https:\\\/\\\/schema.org\",\"@graph\":[{\"@type\":\"WebPage\",\"@id\":\"https:\\\/\\\/ares.lt\\\/parduotuve\\\/auksine-apyranke-5-oniksai\\\/\",\"url\":\"https:\\\/\\\/ares.lt\\\/parduotuve\\\/auksine-apyranke-5-oniksai\\\/\",\"name\":\"Auksin\u0117 Apyrank\u0117 \\\"5 Juodi dobilai\\\"\",\"isPartOf\":{\"@id\":\"https:\\\/\\\/ares.lt\\\/#website\"},\"primaryImageOfPage\":{\"@id\":\"https:\\\/\\\/ares.lt\\\/parduotuve\\\/auksine-apyranke-5-oniksai\\\/#primaryimage\"},\"image\":{\"@id\":\"https:\\\/\\\/ares.lt\\\/parduotuve\\\/auksine-apyranke-5-oniksai\\\/#primaryimage\"},\"thumbnailUrl\":\"https:\\\/\\\/ares.lt\\\/wp-content\\\/uploads\\\/2024\\\/02\\\/Mazas-7x7mm-39-1-scaled.jpg\",\"datePublished\":\"2024-02-14T16:46:24+00:00\",\"dateModified\":\"2026-04-03T13:26:06+00:00\",\"description\":\"Auksin\u0117 Apyrank\u0117 \\\"5 Juodi dobilai\\\" \u0160i eleganti\u0161ka dobilo formos auksin\u0117 apyrank\u0117 yra pagaminta i\u0161 tikro 585 prabos aukso ir nat\u016bralaus onikso akmens.\",\"breadcrumb\":{\"@id\":\"https:\\\/\\\/ares.lt\\\/parduotuve\\\/auksine-apyranke-5-oniksai\\\/#breadcrumb\"},\"inLanguage\":\"de\",\"potentialAction\":[{\"@type\":\"ReadAction\",\"target\":[\"https:\\\/\\\/ares.lt\\\/parduotuve\\\/auksine-apyranke-5-oniksai\\\/\"]}]},{\"@type\":\"ImageObject\",\"inLanguage\":\"de\",\"@id\":\"https:\\\/\\\/ares.lt\\\/parduotuve\\\/auksine-apyranke-5-oniksai\\\/#primaryimage\",\"url\":\"https:\\\/\\\/ares.lt\\\/wp-content\\\/uploads\\\/2024\\\/02\\\/Mazas-7x7mm-39-1-scaled.jpg\",\"contentUrl\":\"https:\\\/\\\/ares.lt\\\/wp-content\\\/uploads\\\/2024\\\/02\\\/Mazas-7x7mm-39-1-scaled.jpg\",\"width\":3360,\"height\":3360,\"caption\":\"Auksine apyranke dobilas\"},{\"@type\":\"BreadcrumbList\",\"@id\":\"https:\\\/\\\/ares.lt\\\/parduotuve\\\/auksine-apyranke-5-oniksai\\\/#breadcrumb\",\"itemListElement\":[{\"@type\":\"ListItem\",\"position\":1,\"name\":\"Auksiniai papuo\u0161alai\",\"item\":\"https:\\\/\\\/ares.lt\\\/\"},{\"@type\":\"ListItem\",\"position\":2,\"name\":\"Parduotuv\u0117\",\"item\":\"https:\\\/\\\/ares.lt\\\/parduotuve\\\/\"},{\"@type\":\"ListItem\",\"position\":3,\"name\":\"Auksin\u0117 Apyrank\u0117 &#8222;5 Juodi dobilai&#8221;\"}]},{\"@type\":\"WebSite\",\"@id\":\"https:\\\/\\\/ares.lt\\\/#website\",\"url\":\"https:\\\/\\\/ares.lt\\\/\",\"name\":\"ARES Juvelyrika\",\"description\":\"Auksiniai papuo\u0161alai\",\"publisher\":{\"@id\":\"https:\\\/\\\/ares.lt\\\/#organization\"},\"potentialAction\":[{\"@type\":\"SearchAction\",\"target\":{\"@type\":\"EntryPoint\",\"urlTemplate\":\"https:\\\/\\\/ares.lt\\\/?s={search_term_string}\"},\"query-input\":{\"@type\":\"PropertyValueSpecification\",\"valueRequired\":true,\"valueName\":\"search_term_string\"}}],\"inLanguage\":\"de\"},{\"@type\":\"Organization\",\"@id\":\"https:\\\/\\\/ares.lt\\\/#organization\",\"name\":\"Ares Juvelyrika auksiniai papuosalai\",\"url\":\"https:\\\/\\\/ares.lt\\\/\",\"logo\":{\"@type\":\"ImageObject\",\"inLanguage\":\"de\",\"@id\":\"https:\\\/\\\/ares.lt\\\/#\\\/schema\\\/logo\\\/image\\\/\",\"url\":\"https:\\\/\\\/i0.wp.com\\\/ares.lt\\\/wp-content\\\/uploads\\\/2022\\\/03\\\/ares-text-logo-1.png?fit=417%2C122&ssl=1\",\"contentUrl\":\"https:\\\/\\\/i0.wp.com\\\/ares.lt\\\/wp-content\\\/uploads\\\/2022\\\/03\\\/ares-text-logo-1.png?fit=417%2C122&ssl=1\",\"width\":417,\"height\":122,\"caption\":\"Ares Juvelyrika auksiniai papuosalai\"},\"image\":{\"@id\":\"https:\\\/\\\/ares.lt\\\/#\\\/schema\\\/logo\\\/image\\\/\"},\"sameAs\":[\"https:\\\/\\\/www.facebook.com\\\/AresJewellery\",\"https:\\\/\\\/www.instagram.com\\\/ares_juvelyrika\\\/\"]}]}<\/script>\n<!-- \/ Yoast SEO plugin. -->","yoast_head_json":{"title":"Goldarmband \u201e5 schwarze Kleebl\u00e4tter\u201c","description":"Goldarmband \u201e5 Black Clover\u201c Dieses elegante Goldarmband in Kleeblattform ist aus echtem 585er Gold und nat\u00fcrlichem Onyxstein gefertigt.","robots":{"index":"index","follow":"follow","max-snippet":"max-snippet:-1","max-image-preview":"max-image-preview:large","max-video-preview":"max-video-preview:-1"},"canonical":"https:\/\/ares.lt\/de\/im-laden\/goldarmband-5-onyxe\/","og_locale":"de_DE","og_type":"article","og_title":"Auksin\u0117 Apyrank\u0117 \"5 Juodi dobilai\"","og_description":"Auksin\u0117 Apyrank\u0117 \"5 Juodi dobilai\" \u0160i eleganti\u0161ka dobilo formos auksin\u0117 apyrank\u0117 yra pagaminta i\u0161 tikro 585 prabos aukso ir nat\u016bralaus onikso akmens.","og_url":"https:\/\/ares.lt\/de\/im-laden\/goldarmband-5-onyxe\/","og_site_name":"ARES Juvelyrika","article_publisher":"https:\/\/www.facebook.com\/AresJewellery","article_modified_time":"2026-04-03T13:26:06+00:00","og_image":[{"width":3360,"height":3360,"url":"https:\/\/ares.lt\/wp-content\/uploads\/2024\/02\/Mazas-7x7mm-39-1-scaled.jpg","type":"image\/jpeg"}],"twitter_card":"summary_large_image","twitter_misc":{"Gesch\u00e4tzte Lesezeit":"1\u00a0Minute"},"schema":{"@context":"https:\/\/schema.org","@graph":[{"@type":"WebPage","@id":"https:\/\/ares.lt\/parduotuve\/auksine-apyranke-5-oniksai\/","url":"https:\/\/ares.lt\/parduotuve\/auksine-apyranke-5-oniksai\/","name":"Goldarmband \u201e5 schwarze Kleebl\u00e4tter\u201c","isPartOf":{"@id":"https:\/\/ares.lt\/#website"},"primaryImageOfPage":{"@id":"https:\/\/ares.lt\/parduotuve\/auksine-apyranke-5-oniksai\/#primaryimage"},"image":{"@id":"https:\/\/ares.lt\/parduotuve\/auksine-apyranke-5-oniksai\/#primaryimage"},"thumbnailUrl":"https:\/\/ares.lt\/wp-content\/uploads\/2024\/02\/Mazas-7x7mm-39-1-scaled.jpg","datePublished":"2024-02-14T16:46:24+00:00","dateModified":"2026-04-03T13:26:06+00:00","description":"Goldarmband \u201e5 Black Clover\u201c Dieses elegante Goldarmband in Kleeblattform ist aus echtem 585er Gold und nat\u00fcrlichem Onyxstein gefertigt.","breadcrumb":{"@id":"https:\/\/ares.lt\/parduotuve\/auksine-apyranke-5-oniksai\/#breadcrumb"},"inLanguage":"de","potentialAction":[{"@type":"ReadAction","target":["https:\/\/ares.lt\/parduotuve\/auksine-apyranke-5-oniksai\/"]}]},{"@type":"ImageObject","inLanguage":"de","@id":"https:\/\/ares.lt\/parduotuve\/auksine-apyranke-5-oniksai\/#primaryimage","url":"https:\/\/ares.lt\/wp-content\/uploads\/2024\/02\/Mazas-7x7mm-39-1-scaled.jpg","contentUrl":"https:\/\/ares.lt\/wp-content\/uploads\/2024\/02\/Mazas-7x7mm-39-1-scaled.jpg","width":3360,"height":3360,"caption":"Auksine apyranke dobilas"},{"@type":"BreadcrumbList","@id":"https:\/\/ares.lt\/parduotuve\/auksine-apyranke-5-oniksai\/#breadcrumb","itemListElement":[{"@type":"ListItem","position":1,"name":"Auksiniai papuo\u0161alai","item":"https:\/\/ares.lt\/"},{"@type":"ListItem","position":2,"name":"Parduotuv\u0117","item":"https:\/\/ares.lt\/parduotuve\/"},{"@type":"ListItem","position":3,"name":"Auksin\u0117 Apyrank\u0117 &#8222;5 Juodi dobilai&#8221;"}]},{"@type":"WebSite","@id":"https:\/\/ares.lt\/#website","url":"https:\/\/ares.lt\/","name":"ARES Schmuck","description":"Goldschmuck","publisher":{"@id":"https:\/\/ares.lt\/#organization"},"potentialAction":[{"@type":"SearchAction","target":{"@type":"EntryPoint","urlTemplate":"https:\/\/ares.lt\/?s={search_term_string}"},"query-input":{"@type":"PropertyValueSpecification","valueRequired":true,"valueName":"search_term_string"}}],"inLanguage":"de"},{"@type":"Organization","@id":"https:\/\/ares.lt\/#organization","name":"Ares Jewelry Goldschmuck","url":"https:\/\/ares.lt\/","logo":{"@type":"ImageObject","inLanguage":"de","@id":"https:\/\/ares.lt\/#\/schema\/logo\/image\/","url":"https:\/\/i0.wp.com\/ares.lt\/wp-content\/uploads\/2022\/03\/ares-text-logo-1.png?fit=417%2C122&ssl=1","contentUrl":"https:\/\/i0.wp.com\/ares.lt\/wp-content\/uploads\/2022\/03\/ares-text-logo-1.png?fit=417%2C122&ssl=1","width":417,"height":122,"caption":"Ares Juvelyrika auksiniai papuosalai"},"image":{"@id":"https:\/\/ares.lt\/#\/schema\/logo\/image\/"},"sameAs":["https:\/\/www.facebook.com\/AresJewellery","https:\/\/www.instagram.com\/ares_juvelyrika\/"]}]}},"_links":{"self":[{"href":"https:\/\/ares.lt\/de\/wp-json\/wp\/v2\/product\/14369","targetHints":{"allow":["GET"]}}],"collection":[{"href":"https:\/\/ares.lt\/de\/wp-json\/wp\/v2\/product"}],"about":[{"href":"https:\/\/ares.lt\/de\/wp-json\/wp\/v2\/types\/product"}],"replies":[{"embeddable":true,"href":"https:\/\/ares.lt\/de\/wp-json\/wp\/v2\/comments?post=14369"}],"wp:featuredmedia":[{"embeddable":true,"href":"https:\/\/ares.lt\/de\/wp-json\/wp\/v2\/media\/14377"}],"wp:attachment":[{"href":"https:\/\/ares.lt\/de\/wp-json\/wp\/v2\/media?parent=14369"}],"wp:term":[{"taxonomy":"product_cat","embeddable":true,"href":"https:\/\/ares.lt\/de\/wp-json\/wp\/v2\/product_cat?post=14369"},{"taxonomy":"product_tag","embeddable":true,"href":"https:\/\/ares.lt\/de\/wp-json\/wp\/v2\/product_tag?post=14369"}],"curies":[{"name":"wp","href":"https:\/\/api.w.org\/{rel}","templated":true}]}}