{"id":16027,"date":"2024-08-03T17:21:31","date_gmt":"2024-08-03T15:21:31","guid":{"rendered":"https:\/\/ares.lt\/?post_type=product&#038;p=16027"},"modified":"2026-01-28T21:47:39","modified_gmt":"2026-01-28T19:47:39","slug":"sandfadenarmband-mit-diamantplatte","status":"publish","type":"product","link":"https:\/\/ares.lt\/de\/parduotuve\/smelio-siulo-apyranke-su-deimantu-plokstele\/","title":{"rendered":"Sand diamant kordel armband \"Platte\" (Gravur m\u00f6glich)"},"content":{"rendered":"<h4>Sandfadenarmband mit Diamant \u201ePlatte\u201c<\/h4>\n<p>Dieses Sandfadenarmband mit Diamant \u201ePlatte\u201c besteht aus hochwertigem Faden, nat\u00fcrlichem Diamanten und 14 Karat 585 Gold.<\/p>\n<p>Die L\u00e4nge des Armbandes ist verstellbar, sodass dieses Diamantarmband von jedem getragen werden kann. Dar\u00fcber hinaus sind unsere Armb\u00e4nder nicht nur f\u00fcr Frauen geeignet. Beispielsweise kann ein schwarzes Fadenarmband mit einem Diamanten als Herrenarmband eingestuft werden.<\/p>\n<p>&nbsp;<\/p>\n<p>Sie k\u00f6nnen das Armband aus zwei Goldfarben w\u00e4hlen:<\/p>\n<ul>\n<li>Gelbgold<\/li>\n<li>Wei\u00dfgold<\/li>\n<\/ul>\n<p>&nbsp;<\/p>\n<p>Mit folgenden Garnfarben k\u00f6nnen Sie die Goldfarbe Ihres Diamantarmbandes abstimmen:<\/p>\n<ul>\n<li><a href=\"https:\/\/ares.lt\/de\/im-laden\/fadenarmband-mit-diamantplatte\/\">Mit rotem Faden<\/a><\/li>\n<\/ul>\n<p><a href=\"https:\/\/ares.lt\/de\/im-laden\/fadenarmband-mit-diamantplatte\/\"><img fetchpriority=\"high\" decoding=\"async\" class=\"alignnone wp-image-16034 size-medium\" src=\"https:\/\/ares.lt\/wp-content\/uploads\/2024\/05\/redyellowWHITE-1-scaled-e1722698149774-300x200.jpg\" alt=\"Rotes Fadenarmband mit Diamant in Wei\u00dfgold \u201ePlatte\u201c\" width=\"300\" height=\"200\" srcset=\"https:\/\/ares.lt\/wp-content\/uploads\/2024\/05\/redyellowWHITE-1-scaled-e1722698149774-300x200.jpg 300w, https:\/\/ares.lt\/wp-content\/uploads\/2024\/05\/redyellowWHITE-1-scaled-e1722698149774-960x640.jpg 960w, https:\/\/ares.lt\/wp-content\/uploads\/2024\/05\/redyellowWHITE-1-scaled-e1722698149774-600x400.jpg 600w, https:\/\/ares.lt\/wp-content\/uploads\/2024\/05\/redyellowWHITE-1-scaled-e1722698149774-145x97.jpg 145w\" sizes=\"(max-width: 300px) 100vw, 300px\" \/><\/a><\/p>\n<ul>\n<li><a href=\"https:\/\/ares.lt\/de\/im-laden\/schwarzes-fadenarmband-mit-diamantplatte\/\">Schwarzer Faden<\/a><\/li>\n<\/ul>\n<p><a href=\"https:\/\/ares.lt\/de\/im-laden\/schwarzes-fadenarmband-mit-diamantplatte\/\"><img decoding=\"async\" class=\"alignnone wp-image-15881 size-medium\" src=\"https:\/\/ares.lt\/wp-content\/uploads\/2024\/07\/blackyellowWHITE-1-300x200.jpg\" alt=\"Schwarzes Fadenarmband mit Diamant in Wei\u00dfgold \u201ePlatte\u201c\" width=\"300\" height=\"200\" srcset=\"https:\/\/ares.lt\/wp-content\/uploads\/2024\/07\/blackyellowWHITE-1-300x200.jpg 300w, https:\/\/ares.lt\/wp-content\/uploads\/2024\/07\/blackyellowWHITE-1-960x640.jpg 960w, https:\/\/ares.lt\/wp-content\/uploads\/2024\/07\/blackyellowWHITE-1-600x400.jpg 600w, https:\/\/ares.lt\/wp-content\/uploads\/2024\/07\/blackyellowWHITE-1-145x97.jpg 145w\" sizes=\"(max-width: 300px) 100vw, 300px\" \/><\/a><\/p>\n<ul>\n<li><a href=\"https:\/\/ares.lt\/de\/im-laden\/grunes-fadenarmband-mit-diamantplatte\/\">Gr\u00fcner Faden<\/a><\/li>\n<\/ul>\n<p><a href=\"https:\/\/ares.lt\/de\/im-laden\/grunes-fadenarmband-mit-diamantplatte\/\"><img decoding=\"async\" class=\"alignnone wp-image-15891 size-medium\" src=\"https:\/\/ares.lt\/wp-content\/uploads\/2024\/07\/greenyellowWHITE-1-scaled-e1722364836479-300x200.jpg\" alt=\"Gr\u00fcnes Fadenarmband mit Diamant in Wei\u00dfgold \u201ePlatte\u201c\" width=\"300\" height=\"200\" srcset=\"https:\/\/ares.lt\/wp-content\/uploads\/2024\/07\/greenyellowWHITE-1-scaled-e1722364836479-300x200.jpg 300w, https:\/\/ares.lt\/wp-content\/uploads\/2024\/07\/greenyellowWHITE-1-scaled-e1722364836479-960x640.jpg 960w, https:\/\/ares.lt\/wp-content\/uploads\/2024\/07\/greenyellowWHITE-1-scaled-e1722364836479-600x400.jpg 600w, https:\/\/ares.lt\/wp-content\/uploads\/2024\/07\/greenyellowWHITE-1-scaled-e1722364836479-145x97.jpg 145w\" sizes=\"(max-width: 300px) 100vw, 300px\" \/><\/a><\/p>\n<ul>\n<li><a href=\"https:\/\/ares.lt\/de\/im-laden\/blaues-fadenarmband-mit-diamantplatte\/\">Mit blauem Faden<\/a><\/li>\n<\/ul>\n<p><a href=\"https:\/\/ares.lt\/de\/im-laden\/blaues-fadenarmband-mit-diamantplatte\/\"><img loading=\"lazy\" decoding=\"async\" class=\"alignnone wp-image-15885 size-medium\" src=\"https:\/\/ares.lt\/wp-content\/uploads\/2024\/07\/blueyellowWHITE-1-scaled-e1722699591785-300x200.jpg\" alt=\"Blaues Fadenarmband mit Diamant in Wei\u00dfgold \u201ePlatte\u201c\" width=\"300\" height=\"200\" srcset=\"https:\/\/ares.lt\/wp-content\/uploads\/2024\/07\/blueyellowWHITE-1-scaled-e1722699591785-300x200.jpg 300w, https:\/\/ares.lt\/wp-content\/uploads\/2024\/07\/blueyellowWHITE-1-scaled-e1722699591785-960x640.jpg 960w, https:\/\/ares.lt\/wp-content\/uploads\/2024\/07\/blueyellowWHITE-1-scaled-e1722699591785-600x400.jpg 600w, https:\/\/ares.lt\/wp-content\/uploads\/2024\/07\/blueyellowWHITE-1-scaled-e1722699591785-145x97.jpg 145w\" sizes=\"(max-width: 300px) 100vw, 300px\" \/><\/a><\/p>\n<ul>\n<li><a href=\"https:\/\/ares.lt\/de\/im-laden\/weises-fadenarmband-mit-diamantplatte\/\">Mit wei\u00dfem Faden<\/a><\/li>\n<\/ul>\n<p><a href=\"https:\/\/ares.lt\/de\/im-laden\/weises-fadenarmband-mit-diamantplatte\/\"><img loading=\"lazy\" decoding=\"async\" class=\"alignnone wp-image-15905 size-medium\" src=\"https:\/\/ares.lt\/wp-content\/uploads\/2024\/07\/whiteyellowWHITE-1-300x200.jpg\" alt=\"Wei\u00dfes Fadenarmband mit Diamant in Wei\u00dfgold \u201ePlatte\u201c\" width=\"300\" height=\"200\" srcset=\"https:\/\/ares.lt\/wp-content\/uploads\/2024\/07\/whiteyellowWHITE-1-300x200.jpg 300w, https:\/\/ares.lt\/wp-content\/uploads\/2024\/07\/whiteyellowWHITE-1-960x640.jpg 960w, https:\/\/ares.lt\/wp-content\/uploads\/2024\/07\/whiteyellowWHITE-1-600x400.jpg 600w, https:\/\/ares.lt\/wp-content\/uploads\/2024\/07\/whiteyellowWHITE-1-145x97.jpg 145w\" sizes=\"(max-width: 300px) 100vw, 300px\" \/><\/a><\/p>\n<ul>\n<li><a href=\"https:\/\/ares.lt\/de\/im-laden\/kupferdrahtarmband-mit-diamantplatte\/\">Kupferfaden<\/a><\/li>\n<\/ul>\n<p><a href=\"https:\/\/ares.lt\/de\/im-laden\/kupferdrahtarmband-mit-diamantplatte\/\"><img loading=\"lazy\" decoding=\"async\" class=\"alignnone wp-image-15895 size-medium\" src=\"https:\/\/ares.lt\/wp-content\/uploads\/2024\/07\/CopperWHITE-1-300x200.jpg\" alt=\"Kupferfadenarmband mit Diamant in Wei\u00dfgold \u201ePlatte\u201c\" width=\"300\" height=\"200\" srcset=\"https:\/\/ares.lt\/wp-content\/uploads\/2024\/07\/CopperWHITE-1-300x200.jpg 300w, https:\/\/ares.lt\/wp-content\/uploads\/2024\/07\/CopperWHITE-1-960x640.jpg 960w, https:\/\/ares.lt\/wp-content\/uploads\/2024\/07\/CopperWHITE-1-600x400.jpg 600w, https:\/\/ares.lt\/wp-content\/uploads\/2024\/07\/CopperWHITE-1-145x97.jpg 145w\" sizes=\"(max-width: 300px) 100vw, 300px\" \/><\/a><\/p>\n<ul>\n<li><a href=\"https:\/\/ares.lt\/de\/im-laden\/graues-fadenarmband-mit-diamantplatte\/\">Grauer Faden<\/a><\/li>\n<\/ul>\n<p><a href=\"https:\/\/ares.lt\/de\/im-laden\/graues-fadenarmband-mit-diamantplatte\/\"><img loading=\"lazy\" decoding=\"async\" class=\"alignnone wp-image-16021 size-medium\" src=\"https:\/\/ares.lt\/wp-content\/uploads\/2024\/08\/GreysilverWHITE-1-scaled-e1722696759360-300x200.jpg\" alt=\"Graues Fadenarmband mit Diamant in Wei\u00dfgold \u201ePlatte\u201c\" width=\"300\" height=\"200\" srcset=\"https:\/\/ares.lt\/wp-content\/uploads\/2024\/08\/GreysilverWHITE-1-scaled-e1722696759360-300x200.jpg 300w, https:\/\/ares.lt\/wp-content\/uploads\/2024\/08\/GreysilverWHITE-1-scaled-e1722696759360-960x640.jpg 960w, https:\/\/ares.lt\/wp-content\/uploads\/2024\/08\/GreysilverWHITE-1-scaled-e1722696759360-600x400.jpg 600w, https:\/\/ares.lt\/wp-content\/uploads\/2024\/08\/GreysilverWHITE-1-scaled-e1722696759360-145x97.jpg 145w\" sizes=\"(max-width: 300px) 100vw, 300px\" \/><\/a><\/p>\n<ul>\n<li><a href=\"https:\/\/ares.lt\/de\/im-laden\/lachsfadenarmband-mit-diamantplatte\/\">Lachsfilet<\/a><\/li>\n<\/ul>\n<p><a href=\"https:\/\/ares.lt\/de\/im-laden\/lachsfadenarmband-mit-diamantplatte\/\"><img loading=\"lazy\" decoding=\"async\" class=\"alignnone wp-image-16026 size-medium\" src=\"https:\/\/ares.lt\/wp-content\/uploads\/2024\/08\/SalmonWHITE-1-scaled-e1722697088542-300x200.jpg\" alt=\"Lachsfadenarmband mit Diamant in Wei\u00dfgold \u201ePlatte\u201c\" width=\"300\" height=\"200\" srcset=\"https:\/\/ares.lt\/wp-content\/uploads\/2024\/08\/SalmonWHITE-1-scaled-e1722697088542-300x200.jpg 300w, https:\/\/ares.lt\/wp-content\/uploads\/2024\/08\/SalmonWHITE-1-scaled-e1722697088542-960x640.jpg 960w, https:\/\/ares.lt\/wp-content\/uploads\/2024\/08\/SalmonWHITE-1-scaled-e1722697088542-600x400.jpg 600w, https:\/\/ares.lt\/wp-content\/uploads\/2024\/08\/SalmonWHITE-1-scaled-e1722697088542-145x97.jpg 145w\" sizes=\"(max-width: 300px) 100vw, 300px\" \/><\/a><\/p>\n<ul>\n<li><a href=\"https:\/\/ares.lt\/de\/im-laden\/rosa-fadenarmband-mit-diamantplatte\/\">Mit rosa Faden<\/a><\/li>\n<\/ul>\n<p><a href=\"https:\/\/ares.lt\/de\/im-laden\/rosa-fadenarmband-mit-diamantplatte\/\"><img loading=\"lazy\" decoding=\"async\" class=\"alignnone wp-image-15901 size-medium\" src=\"https:\/\/ares.lt\/wp-content\/uploads\/2024\/07\/PinkWHITE-1-1-scaled-e1722365382267-300x200.jpg\" alt=\"Rosenkranzarmband mit Diamant in Wei\u00dfgold \u201ePlatte\u201c\" width=\"300\" height=\"200\" srcset=\"https:\/\/ares.lt\/wp-content\/uploads\/2024\/07\/PinkWHITE-1-1-scaled-e1722365382267-300x200.jpg 300w, https:\/\/ares.lt\/wp-content\/uploads\/2024\/07\/PinkWHITE-1-1-scaled-e1722365382267-960x640.jpg 960w, https:\/\/ares.lt\/wp-content\/uploads\/2024\/07\/PinkWHITE-1-1-scaled-e1722365382267-600x400.jpg 600w, https:\/\/ares.lt\/wp-content\/uploads\/2024\/07\/PinkWHITE-1-1-scaled-e1722365382267-145x97.jpg 145w\" sizes=\"(max-width: 300px) 100vw, 300px\" \/><\/a><\/p>\n<p>Dieses Fadenarmband besteht aus einem 0,01 ct schweren Naturdiamanten.<\/p>\n<p>Die Auswahl ist gro\u00df, Sie k\u00f6nnen sich also f\u00fcr das beliebte rote Fadenarmband mit einem Diamanten entscheiden oder sich von der Masse abheben und ein Fadenarmband in einer anderen Farbe w\u00e4hlen.<\/p>\n<p>&nbsp;<\/p>\n<h4>Gravur<\/h4>\n<p>Sie k\u00f6nnen dieses Armband mit unserem Gravurservice personalisieren. Sie k\u00f6nnen bis zu 4 Zeichen (Buchstaben, Zahlen oder andere Symbole) eingravieren, z. B. Ihre Initialen oder andere Symbole, die Ihnen wichtig sind. Wir verwenden <a href=\"https:\/\/www.1001fonts.com\/nimbus-roman-no9-l-font.html\">Nimbus Roman No9<\/a> Schriftart und Gr\u00f6\u00dfe der Zeichen w\u00e4hlen wir je nach Anzahl aus.<\/p>\n<p>Eine Gravur ist eine tolle M\u00f6glichkeit, einen wichtigen Menschen mit einem besonderen Geschenk zu \u00fcberraschen. Goldschmuck mit Gravur verleiht jedem Anlass eine besondere Bedeutung.<\/p>\n<p>&nbsp;<\/p>\n<h3>Kostenloser Armbandersatz<\/h3>\n<p>Dies ist eine einmalige, unbegrenzte M\u00f6glichkeit, die Farbe des Fadens zu \u00e4ndern (Sie k\u00f6nnen einen Faden derselben oder einer anderen Farbe aus unserem Sortiment w\u00e4hlen), wenn Sie ihn nach einiger Zeit nicht mehr m\u00f6gen. Der Fadenwechselservice ist kostenlos (das Fadenarmband muss in unserem Online-Shop gekauft werden). Sie m\u00fcssen lediglich die Logistikkosten in H\u00f6he von 5 EUR \u00fcbernehmen.<\/p>\n<p>Ablauf des Armbandwechsels:<\/p>\n<ul>\n<li>Kontaktieren Sie uns f\u00fcr den Armbandfaden-Austauschservice (<a href=\"https:\/\/www.facebook.com\/AresJewellery\" target=\"_blank\" rel=\"noopener\">Facebook<\/a>, <a href=\"https:\/\/www.instagram.com\/ares_juvelyrika\/\" target=\"_blank\" rel=\"noopener\">Instagram<\/a>, <a href=\"https:\/\/ares.lt\/de\/kontakte\/\">per E-Mail<\/a> oder auf andere Weise)<\/li>\n<li>Versenden Sie das Fadenarmband mit dem angegebenen Versandcode per Paketautomat<\/li>\n<li>Holen Sie das neu gebundene Armband am n\u00e4chsten Paketautomaten ab (neu gebundenes Armband dauert 1-3 Tage)<\/li>\n<\/ul>\n<h2>Sandfadenarmband mit Diamant &quot;Plokt\u0161tel\u0117&quot;<\/h2>\n<p>Die Geschichte des Diamantarmbands ist mit einer langen und interessanten Vergangenheit verbunden, in der diese Schmuckst\u00fccke nicht nur als bedeutende Accessoires galten, sondern auch verschiedene symbolische, kulturelle und soziale Konnotationen hatten.<\/p>\n<p>Diamanten, kostbare und seltene Steine, werden seit der Antike f\u00fcr ihre Brillanz und Einzigartigkeit gesch\u00e4tzt. Im alten Indien galten Diamanten als heilige und kraftvolle Steine mit magischen Eigenschaften. Sie dienten nicht nur als Schmuck, sondern auch als Symbol des Lebens und des Schutzes vor dem B\u00f6sen.<\/p>","protected":false},"excerpt":{"rendered":"<p>Sm\u0117lio si\u016blo apyrank\u0117 su deimantu &#8222;Plok\u0161tel\u0117&#8221; \u0160i sm\u0117lio si\u016blo apyrank\u0117 su deimantu &#8222;Plok\u0161tel\u0117&#8221; yra pagaminta i\u0161 auk\u0161tos kokyb\u0117s si\u016blo, nat\u016bralaus deimanto ir&hellip;<\/p>","protected":false},"featured_media":19710,"comment_status":"open","ping_status":"closed","template":"","meta":[],"product_cat":[247,981,1003,400,786,402,432,381,360,687],"product_tag":[],"class_list":{"0":"post-16027","1":"product","2":"type-product","3":"status-publish","4":"has-post-thumbnail","6":"product_cat-apyrankes","7":"product_cat-auksines-apyrankes-iki-250-eur","8":"product_cat-auksines-apyrankes-su-deimantais","9":"product_cat-balto-aukso-papuosalai","10":"product_cat-deimantai","11":"product_cat-geltono-aukso-papuosalai","12":"product_cat-nauja","13":"product_cat-papuosalai-su-briliantais","14":"product_cat-apyrankes-su-siulu","15":"product_cat-valentino-diena","16":"tm-has-options","18":"first","19":"instock","20":"sale","21":"shipping-taxable","22":"purchasable","23":"product-type-variable","24":"has-default-attributes"},"yoast_head":"<!-- This site is optimized with the Yoast SEO plugin v27.4 - https:\/\/yoast.com\/product\/yoast-seo-wordpress\/ -->\n<title>Sm\u0117lio si\u016blo apyrank\u0117 su deimantu &quot;Plok\u0161tel\u0117&quot; (Galimas graviravimas)<\/title>\n<meta name=\"description\" content=\"Sm\u0117lio si\u016blo apyrank\u0117 su deimantu &quot;Plok\u0161tel\u0117&quot; \u0160i sm\u0117lio si\u016blo apyrank\u0117 su deimantu &quot;Plok\u0161tel\u0117&quot; yra pagaminta i\u0161 auk\u0161tos kokyb\u0117s si\u016blo, nat\u016bralaus deimanto\" \/>\n<meta name=\"robots\" content=\"index, follow, max-snippet:-1, max-image-preview:large, max-video-preview:-1\" \/>\n<link rel=\"canonical\" href=\"https:\/\/ares.lt\/de\/im-laden\/sandfadenarmband-mit-diamantplatte\/\" \/>\n<meta property=\"og:locale\" content=\"de_DE\" \/>\n<meta property=\"og:type\" content=\"article\" \/>\n<meta property=\"og:title\" content=\"Sm\u0117lio si\u016blo apyrank\u0117 su deimantu &quot;Plok\u0161tel\u0117&quot; (Galimas graviravimas)\" \/>\n<meta property=\"og:description\" content=\"Sm\u0117lio si\u016blo apyrank\u0117 su deimantu &quot;Plok\u0161tel\u0117&quot; \u0160i sm\u0117lio si\u016blo apyrank\u0117 su deimantu &quot;Plok\u0161tel\u0117&quot; yra pagaminta i\u0161 auk\u0161tos kokyb\u0117s si\u016blo, nat\u016bralaus deimanto\" \/>\n<meta property=\"og:url\" content=\"https:\/\/ares.lt\/de\/im-laden\/sandfadenarmband-mit-diamantplatte\/\" \/>\n<meta property=\"og:site_name\" content=\"ARES Juvelyrika\" \/>\n<meta property=\"article:publisher\" content=\"https:\/\/www.facebook.com\/AresJewellery\" \/>\n<meta property=\"article:modified_time\" content=\"2026-01-28T19:47:39+00:00\" \/>\n<meta property=\"og:image\" content=\"https:\/\/ares.lt\/wp-content\/uploads\/2024\/08\/Untitled-design-86-scaled.jpg\" \/>\n\t<meta property=\"og:image:width\" content=\"2560\" \/>\n\t<meta property=\"og:image:height\" content=\"1707\" \/>\n\t<meta property=\"og:image:type\" content=\"image\/jpeg\" \/>\n<meta name=\"twitter:card\" content=\"summary_large_image\" \/>\n<meta name=\"twitter:label1\" content=\"Gesch\u00e4tzte Lesezeit\" \/>\n\t<meta name=\"twitter:data1\" content=\"1\u00a0Minute\" \/>\n<script type=\"application\/ld+json\" class=\"yoast-schema-graph\">{\"@context\":\"https:\\\/\\\/schema.org\",\"@graph\":[{\"@type\":\"WebPage\",\"@id\":\"https:\\\/\\\/ares.lt\\\/parduotuve\\\/smelio-siulo-apyranke-su-deimantu-plokstele\\\/\",\"url\":\"https:\\\/\\\/ares.lt\\\/parduotuve\\\/smelio-siulo-apyranke-su-deimantu-plokstele\\\/\",\"name\":\"Sm\u0117lio si\u016blo apyrank\u0117 su deimantu \\\"Plok\u0161tel\u0117\\\" (Galimas graviravimas)\",\"isPartOf\":{\"@id\":\"https:\\\/\\\/ares.lt\\\/#website\"},\"primaryImageOfPage\":{\"@id\":\"https:\\\/\\\/ares.lt\\\/parduotuve\\\/smelio-siulo-apyranke-su-deimantu-plokstele\\\/#primaryimage\"},\"image\":{\"@id\":\"https:\\\/\\\/ares.lt\\\/parduotuve\\\/smelio-siulo-apyranke-su-deimantu-plokstele\\\/#primaryimage\"},\"thumbnailUrl\":\"https:\\\/\\\/ares.lt\\\/wp-content\\\/uploads\\\/2024\\\/08\\\/Untitled-design-86-scaled.jpg\",\"datePublished\":\"2024-08-03T15:21:31+00:00\",\"dateModified\":\"2026-01-28T19:47:39+00:00\",\"description\":\"Sm\u0117lio si\u016blo apyrank\u0117 su deimantu \\\"Plok\u0161tel\u0117\\\" \u0160i sm\u0117lio si\u016blo apyrank\u0117 su deimantu \\\"Plok\u0161tel\u0117\\\" yra pagaminta i\u0161 auk\u0161tos kokyb\u0117s si\u016blo, nat\u016bralaus deimanto\",\"breadcrumb\":{\"@id\":\"https:\\\/\\\/ares.lt\\\/parduotuve\\\/smelio-siulo-apyranke-su-deimantu-plokstele\\\/#breadcrumb\"},\"inLanguage\":\"de\",\"potentialAction\":[{\"@type\":\"ReadAction\",\"target\":[\"https:\\\/\\\/ares.lt\\\/parduotuve\\\/smelio-siulo-apyranke-su-deimantu-plokstele\\\/\"]}]},{\"@type\":\"ImageObject\",\"inLanguage\":\"de\",\"@id\":\"https:\\\/\\\/ares.lt\\\/parduotuve\\\/smelio-siulo-apyranke-su-deimantu-plokstele\\\/#primaryimage\",\"url\":\"https:\\\/\\\/ares.lt\\\/wp-content\\\/uploads\\\/2024\\\/08\\\/Untitled-design-86-scaled.jpg\",\"contentUrl\":\"https:\\\/\\\/ares.lt\\\/wp-content\\\/uploads\\\/2024\\\/08\\\/Untitled-design-86-scaled.jpg\",\"width\":2560,\"height\":1707,\"caption\":\"Sm\u0117lio si\u016blo apyrank\u0117 su deimantu raudono aukso \\\"Plok\u0161tel\u0117\\\"\"},{\"@type\":\"BreadcrumbList\",\"@id\":\"https:\\\/\\\/ares.lt\\\/parduotuve\\\/smelio-siulo-apyranke-su-deimantu-plokstele\\\/#breadcrumb\",\"itemListElement\":[{\"@type\":\"ListItem\",\"position\":1,\"name\":\"Auksiniai papuo\u0161alai\",\"item\":\"https:\\\/\\\/ares.lt\\\/\"},{\"@type\":\"ListItem\",\"position\":2,\"name\":\"Parduotuv\u0117\",\"item\":\"https:\\\/\\\/ares.lt\\\/parduotuve\\\/\"},{\"@type\":\"ListItem\",\"position\":3,\"name\":\"Sm\u0117lio si\u016blo apyrank\u0117 su deimantu &#8222;Plok\u0161tel\u0117&#8221; (Galimas graviravimas)\"}]},{\"@type\":\"WebSite\",\"@id\":\"https:\\\/\\\/ares.lt\\\/#website\",\"url\":\"https:\\\/\\\/ares.lt\\\/\",\"name\":\"ARES Juvelyrika\",\"description\":\"Auksiniai papuo\u0161alai\",\"publisher\":{\"@id\":\"https:\\\/\\\/ares.lt\\\/#organization\"},\"potentialAction\":[{\"@type\":\"SearchAction\",\"target\":{\"@type\":\"EntryPoint\",\"urlTemplate\":\"https:\\\/\\\/ares.lt\\\/?s={search_term_string}\"},\"query-input\":{\"@type\":\"PropertyValueSpecification\",\"valueRequired\":true,\"valueName\":\"search_term_string\"}}],\"inLanguage\":\"de\"},{\"@type\":\"Organization\",\"@id\":\"https:\\\/\\\/ares.lt\\\/#organization\",\"name\":\"Ares Juvelyrika auksiniai papuosalai\",\"url\":\"https:\\\/\\\/ares.lt\\\/\",\"logo\":{\"@type\":\"ImageObject\",\"inLanguage\":\"de\",\"@id\":\"https:\\\/\\\/ares.lt\\\/#\\\/schema\\\/logo\\\/image\\\/\",\"url\":\"https:\\\/\\\/i0.wp.com\\\/ares.lt\\\/wp-content\\\/uploads\\\/2022\\\/03\\\/ares-text-logo-1.png?fit=417%2C122&ssl=1\",\"contentUrl\":\"https:\\\/\\\/i0.wp.com\\\/ares.lt\\\/wp-content\\\/uploads\\\/2022\\\/03\\\/ares-text-logo-1.png?fit=417%2C122&ssl=1\",\"width\":417,\"height\":122,\"caption\":\"Ares Juvelyrika auksiniai papuosalai\"},\"image\":{\"@id\":\"https:\\\/\\\/ares.lt\\\/#\\\/schema\\\/logo\\\/image\\\/\"},\"sameAs\":[\"https:\\\/\\\/www.facebook.com\\\/AresJewellery\",\"https:\\\/\\\/www.instagram.com\\\/ares_juvelyrika\\\/\"]}]}<\/script>\n<!-- \/ Yoast SEO plugin. -->","yoast_head_json":{"title":"Sandfadenarmband mit Diamant-\u201ePlatte\u201c (Gravur m\u00f6glich)","description":"Sandfadenarmband mit Diamantplatte Dieses Sandfadenarmband mit Diamantplatte besteht aus hochwertigem Faden, nat\u00fcrlichem Diamant","robots":{"index":"index","follow":"follow","max-snippet":"max-snippet:-1","max-image-preview":"max-image-preview:large","max-video-preview":"max-video-preview:-1"},"canonical":"https:\/\/ares.lt\/de\/im-laden\/sandfadenarmband-mit-diamantplatte\/","og_locale":"de_DE","og_type":"article","og_title":"Sm\u0117lio si\u016blo apyrank\u0117 su deimantu \"Plok\u0161tel\u0117\" (Galimas graviravimas)","og_description":"Sm\u0117lio si\u016blo apyrank\u0117 su deimantu \"Plok\u0161tel\u0117\" \u0160i sm\u0117lio si\u016blo apyrank\u0117 su deimantu \"Plok\u0161tel\u0117\" yra pagaminta i\u0161 auk\u0161tos kokyb\u0117s si\u016blo, nat\u016bralaus deimanto","og_url":"https:\/\/ares.lt\/de\/im-laden\/sandfadenarmband-mit-diamantplatte\/","og_site_name":"ARES Juvelyrika","article_publisher":"https:\/\/www.facebook.com\/AresJewellery","article_modified_time":"2026-01-28T19:47:39+00:00","og_image":[{"width":2560,"height":1707,"url":"https:\/\/ares.lt\/wp-content\/uploads\/2024\/08\/Untitled-design-86-scaled.jpg","type":"image\/jpeg"}],"twitter_card":"summary_large_image","twitter_misc":{"Gesch\u00e4tzte Lesezeit":"1\u00a0Minute"},"schema":{"@context":"https:\/\/schema.org","@graph":[{"@type":"WebPage","@id":"https:\/\/ares.lt\/parduotuve\/smelio-siulo-apyranke-su-deimantu-plokstele\/","url":"https:\/\/ares.lt\/parduotuve\/smelio-siulo-apyranke-su-deimantu-plokstele\/","name":"Sandfadenarmband mit Diamant-\u201ePlatte\u201c (Gravur m\u00f6glich)","isPartOf":{"@id":"https:\/\/ares.lt\/#website"},"primaryImageOfPage":{"@id":"https:\/\/ares.lt\/parduotuve\/smelio-siulo-apyranke-su-deimantu-plokstele\/#primaryimage"},"image":{"@id":"https:\/\/ares.lt\/parduotuve\/smelio-siulo-apyranke-su-deimantu-plokstele\/#primaryimage"},"thumbnailUrl":"https:\/\/ares.lt\/wp-content\/uploads\/2024\/08\/Untitled-design-86-scaled.jpg","datePublished":"2024-08-03T15:21:31+00:00","dateModified":"2026-01-28T19:47:39+00:00","description":"Sandfadenarmband mit Diamantplatte Dieses Sandfadenarmband mit Diamantplatte besteht aus hochwertigem Faden, nat\u00fcrlichem Diamant","breadcrumb":{"@id":"https:\/\/ares.lt\/parduotuve\/smelio-siulo-apyranke-su-deimantu-plokstele\/#breadcrumb"},"inLanguage":"de","potentialAction":[{"@type":"ReadAction","target":["https:\/\/ares.lt\/parduotuve\/smelio-siulo-apyranke-su-deimantu-plokstele\/"]}]},{"@type":"ImageObject","inLanguage":"de","@id":"https:\/\/ares.lt\/parduotuve\/smelio-siulo-apyranke-su-deimantu-plokstele\/#primaryimage","url":"https:\/\/ares.lt\/wp-content\/uploads\/2024\/08\/Untitled-design-86-scaled.jpg","contentUrl":"https:\/\/ares.lt\/wp-content\/uploads\/2024\/08\/Untitled-design-86-scaled.jpg","width":2560,"height":1707,"caption":"Sm\u0117lio si\u016blo apyrank\u0117 su deimantu raudono aukso \"Plok\u0161tel\u0117\""},{"@type":"BreadcrumbList","@id":"https:\/\/ares.lt\/parduotuve\/smelio-siulo-apyranke-su-deimantu-plokstele\/#breadcrumb","itemListElement":[{"@type":"ListItem","position":1,"name":"Auksiniai papuo\u0161alai","item":"https:\/\/ares.lt\/"},{"@type":"ListItem","position":2,"name":"Parduotuv\u0117","item":"https:\/\/ares.lt\/parduotuve\/"},{"@type":"ListItem","position":3,"name":"Sm\u0117lio si\u016blo apyrank\u0117 su deimantu &#8222;Plok\u0161tel\u0117&#8221; (Galimas graviravimas)"}]},{"@type":"WebSite","@id":"https:\/\/ares.lt\/#website","url":"https:\/\/ares.lt\/","name":"ARES Schmuck","description":"Goldschmuck","publisher":{"@id":"https:\/\/ares.lt\/#organization"},"potentialAction":[{"@type":"SearchAction","target":{"@type":"EntryPoint","urlTemplate":"https:\/\/ares.lt\/?s={search_term_string}"},"query-input":{"@type":"PropertyValueSpecification","valueRequired":true,"valueName":"search_term_string"}}],"inLanguage":"de"},{"@type":"Organization","@id":"https:\/\/ares.lt\/#organization","name":"Ares Jewelry Goldschmuck","url":"https:\/\/ares.lt\/","logo":{"@type":"ImageObject","inLanguage":"de","@id":"https:\/\/ares.lt\/#\/schema\/logo\/image\/","url":"https:\/\/i0.wp.com\/ares.lt\/wp-content\/uploads\/2022\/03\/ares-text-logo-1.png?fit=417%2C122&ssl=1","contentUrl":"https:\/\/i0.wp.com\/ares.lt\/wp-content\/uploads\/2022\/03\/ares-text-logo-1.png?fit=417%2C122&ssl=1","width":417,"height":122,"caption":"Ares Juvelyrika auksiniai papuosalai"},"image":{"@id":"https:\/\/ares.lt\/#\/schema\/logo\/image\/"},"sameAs":["https:\/\/www.facebook.com\/AresJewellery","https:\/\/www.instagram.com\/ares_juvelyrika\/"]}]}},"_links":{"self":[{"href":"https:\/\/ares.lt\/de\/wp-json\/wp\/v2\/product\/16027","targetHints":{"allow":["GET"]}}],"collection":[{"href":"https:\/\/ares.lt\/de\/wp-json\/wp\/v2\/product"}],"about":[{"href":"https:\/\/ares.lt\/de\/wp-json\/wp\/v2\/types\/product"}],"replies":[{"embeddable":true,"href":"https:\/\/ares.lt\/de\/wp-json\/wp\/v2\/comments?post=16027"}],"wp:featuredmedia":[{"embeddable":true,"href":"https:\/\/ares.lt\/de\/wp-json\/wp\/v2\/media\/19710"}],"wp:attachment":[{"href":"https:\/\/ares.lt\/de\/wp-json\/wp\/v2\/media?parent=16027"}],"wp:term":[{"taxonomy":"product_cat","embeddable":true,"href":"https:\/\/ares.lt\/de\/wp-json\/wp\/v2\/product_cat?post=16027"},{"taxonomy":"product_tag","embeddable":true,"href":"https:\/\/ares.lt\/de\/wp-json\/wp\/v2\/product_tag?post=16027"}],"curies":[{"name":"wp","href":"https:\/\/api.w.org\/{rel}","templated":true}]}}