{"id":16657,"date":"2024-12-05T20:22:33","date_gmt":"2024-12-05T18:22:33","guid":{"rendered":"https:\/\/ares.lt\/?post_type=product&#038;p=16657"},"modified":"2026-01-25T22:02:26","modified_gmt":"2026-01-25T20:02:26","slug":"goldene-ohrringe-minimalistische-ringe","status":"publish","type":"product","link":"https:\/\/ares.lt\/de\/parduotuve\/auksiniai-auskarai-minimalistines-rinkes\/","title":{"rendered":"Goldohrringe \u201eMinimalistische M\u00e4rkte\u201c"},"content":{"rendered":"<p>Entdecken Sie eleganten Minimalismus mit den goldenen Ohrringen der \u201eMinimalist Collection\u201c. Diese zarten und modernen Ohrringe eignen sich perfekt f\u00fcr den Alltag und besondere Anl\u00e4sse und unterstreichen die Einzigartigkeit Ihres Stils.<\/p>\n<p>Die Ohrringe sind aus hochwertigem Gold gefertigt und gew\u00e4hrleisten Langlebigkeit und Tragekomfort. Sie k\u00f6nnen zwischen zwei Goldfarben w\u00e4hlen:<\/p>\n<ul>\n<li><strong>Rotgold<\/strong> \u2013 eine warme und romantische Wahl, die zu jedem Hautton passt.<\/li>\n<li><strong>Wei\u00dfgold<\/strong> \u2013 eine moderne, neutrale Farbe, die einen eleganten Glanz verleiht.<\/li>\n<\/ul>\n<p>Diese <strong>Goldm\u00e4rkte<\/strong> ist klein und f\u00fcgt sich daher dezent in Ihren Alltagslook ein oder erg\u00e4nzt Ihren Abendlook. Dank seines minimalistischen Designs <strong>goldenes Ohrring-Set<\/strong> leicht mit verschiedenen Accessoires und Kleidungsdetails kombinierbar.<\/p>\n<p>Unterscheiden Sie sich mit minimalistischer Eleganz \u2013 die goldenen Ohrringe \u201eMinimalist Collection\u201c werden zu einem unverzichtbaren Teil Ihrer Schmucksammlung.<\/p>","protected":false},"excerpt":{"rendered":"<p>Atraskite eleganti\u0161k\u0105 minimalizm\u0105 su auksiniais auskarais \u201eMinimalistin\u0117s rink\u0117s\u201c. \u0160ie subtil\u016bs ir modern\u016bs auskarai puikiai tiks tiek kasdienai, tiek ypatingoms progoms, pabr\u0117\u017edami J\u016bs\u0173 stiliaus i\u0161skirtinum\u0105. Auskarai pagaminti i\u0161 auk\u0161\u010diausios kokyb\u0117s aukso, tod\u0117l u\u017etikrinamas ilgaam\u017ei\u0161kumas ir komfortas. Galite rinktis i\u0161 dviej\u0173 aukso spalv\u0173: Raudonas auksas \u2013 \u0161iltas ir romanti\u0161kas pasirinkimas, puikiai derantis prie bet kokio odos tono. [&hellip;]<\/p>\n","protected":false},"featured_media":17470,"comment_status":"open","ping_status":"closed","template":"","meta":[],"product_cat":[278,934,279,931,400,930,401],"product_tag":[],"class_list":{"0":"post-16657","1":"product","2":"type-product","3":"status-publish","4":"has-post-thumbnail","6":"product_cat-auskarai","7":"product_cat-auksiniai-auskarai-iki-250-eur","8":"product_cat-auskarai-rinkes","9":"product_cat-balto-aukso-auskarai","10":"product_cat-balto-aukso-papuosalai","11":"product_cat-raudono-aukso-auskarai","12":"product_cat-raudono-aukso-papuosalai","13":"tm-no-options","15":"first","16":"instock","17":"shipping-taxable","18":"purchasable","19":"product-type-variable","20":"has-default-attributes"},"yoast_head":"<!-- This site is optimized with the Yoast SEO plugin v27.4 - https:\/\/yoast.com\/product\/yoast-seo-wordpress\/ -->\n<title>Auksiniai auskarai &quot;Minimalistin\u0117s rink\u0117s&quot;<\/title>\n<meta name=\"description\" content=\"Atraskite eleganti\u0161k\u0105 minimalizm\u0105 su auksiniais auskarais \u201eMinimalistin\u0117s rink\u0117s\u201c. \u0160ie subtil\u016bs ir modern\u016bs auskarai puikiai tiks tiek kasdienai, tiek\" \/>\n<meta name=\"robots\" content=\"index, follow, max-snippet:-1, max-image-preview:large, max-video-preview:-1\" \/>\n<link rel=\"canonical\" href=\"https:\/\/ares.lt\/de\/im-laden\/goldene-ohrringe-minimalistische-ringe\/\" \/>\n<meta property=\"og:locale\" content=\"de_DE\" \/>\n<meta property=\"og:type\" content=\"article\" \/>\n<meta property=\"og:title\" content=\"Auksiniai auskarai &quot;Minimalistin\u0117s rink\u0117s&quot;\" \/>\n<meta property=\"og:description\" content=\"Atraskite eleganti\u0161k\u0105 minimalizm\u0105 su auksiniais auskarais \u201eMinimalistin\u0117s rink\u0117s\u201c. \u0160ie subtil\u016bs ir modern\u016bs auskarai puikiai tiks tiek kasdienai, tiek\" \/>\n<meta property=\"og:url\" content=\"https:\/\/ares.lt\/de\/im-laden\/goldene-ohrringe-minimalistische-ringe\/\" \/>\n<meta property=\"og:site_name\" content=\"ARES Juvelyrika\" \/>\n<meta property=\"article:publisher\" content=\"https:\/\/www.facebook.com\/AresJewellery\" \/>\n<meta property=\"article:modified_time\" content=\"2026-01-25T20:02:26+00:00\" \/>\n<meta property=\"og:image\" content=\"https:\/\/ares.lt\/wp-content\/uploads\/2024\/12\/IMG_5892Rose-Gold-1.jpg\" \/>\n\t<meta property=\"og:image:width\" content=\"3000\" \/>\n\t<meta property=\"og:image:height\" content=\"3000\" \/>\n\t<meta property=\"og:image:type\" content=\"image\/jpeg\" \/>\n<meta name=\"twitter:card\" content=\"summary_large_image\" \/>\n<meta name=\"twitter:label1\" content=\"Gesch\u00e4tzte Lesezeit\" \/>\n\t<meta name=\"twitter:data1\" content=\"1\u00a0Minute\" \/>\n<script type=\"application\/ld+json\" class=\"yoast-schema-graph\">{\"@context\":\"https:\\\/\\\/schema.org\",\"@graph\":[{\"@type\":\"WebPage\",\"@id\":\"https:\\\/\\\/ares.lt\\\/parduotuve\\\/auksiniai-auskarai-minimalistines-rinkes\\\/\",\"url\":\"https:\\\/\\\/ares.lt\\\/parduotuve\\\/auksiniai-auskarai-minimalistines-rinkes\\\/\",\"name\":\"Auksiniai auskarai \\\"Minimalistin\u0117s rink\u0117s\\\"\",\"isPartOf\":{\"@id\":\"https:\\\/\\\/ares.lt\\\/#website\"},\"primaryImageOfPage\":{\"@id\":\"https:\\\/\\\/ares.lt\\\/parduotuve\\\/auksiniai-auskarai-minimalistines-rinkes\\\/#primaryimage\"},\"image\":{\"@id\":\"https:\\\/\\\/ares.lt\\\/parduotuve\\\/auksiniai-auskarai-minimalistines-rinkes\\\/#primaryimage\"},\"thumbnailUrl\":\"https:\\\/\\\/ares.lt\\\/wp-content\\\/uploads\\\/2024\\\/12\\\/IMG_5892Rose-Gold-1.jpg\",\"datePublished\":\"2024-12-05T18:22:33+00:00\",\"dateModified\":\"2026-01-25T20:02:26+00:00\",\"description\":\"Atraskite eleganti\u0161k\u0105 minimalizm\u0105 su auksiniais auskarais \u201eMinimalistin\u0117s rink\u0117s\u201c. \u0160ie subtil\u016bs ir modern\u016bs auskarai puikiai tiks tiek kasdienai, tiek\",\"breadcrumb\":{\"@id\":\"https:\\\/\\\/ares.lt\\\/parduotuve\\\/auksiniai-auskarai-minimalistines-rinkes\\\/#breadcrumb\"},\"inLanguage\":\"de\",\"potentialAction\":[{\"@type\":\"ReadAction\",\"target\":[\"https:\\\/\\\/ares.lt\\\/parduotuve\\\/auksiniai-auskarai-minimalistines-rinkes\\\/\"]}]},{\"@type\":\"ImageObject\",\"inLanguage\":\"de\",\"@id\":\"https:\\\/\\\/ares.lt\\\/parduotuve\\\/auksiniai-auskarai-minimalistines-rinkes\\\/#primaryimage\",\"url\":\"https:\\\/\\\/ares.lt\\\/wp-content\\\/uploads\\\/2024\\\/12\\\/IMG_5892Rose-Gold-1.jpg\",\"contentUrl\":\"https:\\\/\\\/ares.lt\\\/wp-content\\\/uploads\\\/2024\\\/12\\\/IMG_5892Rose-Gold-1.jpg\",\"width\":3000,\"height\":3000,\"caption\":\"Auksiniai auskarai \\\"Minimalistin\u0117s rink\u0117s\\\" raudono aukso\"},{\"@type\":\"BreadcrumbList\",\"@id\":\"https:\\\/\\\/ares.lt\\\/parduotuve\\\/auksiniai-auskarai-minimalistines-rinkes\\\/#breadcrumb\",\"itemListElement\":[{\"@type\":\"ListItem\",\"position\":1,\"name\":\"Auksiniai papuo\u0161alai\",\"item\":\"https:\\\/\\\/ares.lt\\\/\"},{\"@type\":\"ListItem\",\"position\":2,\"name\":\"Parduotuv\u0117\",\"item\":\"https:\\\/\\\/ares.lt\\\/parduotuve\\\/\"},{\"@type\":\"ListItem\",\"position\":3,\"name\":\"Auksiniai auskarai &#8222;Minimalistin\u0117s rink\u0117s&#8221;\"}]},{\"@type\":\"WebSite\",\"@id\":\"https:\\\/\\\/ares.lt\\\/#website\",\"url\":\"https:\\\/\\\/ares.lt\\\/\",\"name\":\"ARES Juvelyrika\",\"description\":\"Auksiniai papuo\u0161alai\",\"publisher\":{\"@id\":\"https:\\\/\\\/ares.lt\\\/#organization\"},\"potentialAction\":[{\"@type\":\"SearchAction\",\"target\":{\"@type\":\"EntryPoint\",\"urlTemplate\":\"https:\\\/\\\/ares.lt\\\/?s={search_term_string}\"},\"query-input\":{\"@type\":\"PropertyValueSpecification\",\"valueRequired\":true,\"valueName\":\"search_term_string\"}}],\"inLanguage\":\"de\"},{\"@type\":\"Organization\",\"@id\":\"https:\\\/\\\/ares.lt\\\/#organization\",\"name\":\"Ares Juvelyrika auksiniai papuosalai\",\"url\":\"https:\\\/\\\/ares.lt\\\/\",\"logo\":{\"@type\":\"ImageObject\",\"inLanguage\":\"de\",\"@id\":\"https:\\\/\\\/ares.lt\\\/#\\\/schema\\\/logo\\\/image\\\/\",\"url\":\"https:\\\/\\\/i0.wp.com\\\/ares.lt\\\/wp-content\\\/uploads\\\/2022\\\/03\\\/ares-text-logo-1.png?fit=417%2C122&ssl=1\",\"contentUrl\":\"https:\\\/\\\/i0.wp.com\\\/ares.lt\\\/wp-content\\\/uploads\\\/2022\\\/03\\\/ares-text-logo-1.png?fit=417%2C122&ssl=1\",\"width\":417,\"height\":122,\"caption\":\"Ares Juvelyrika auksiniai papuosalai\"},\"image\":{\"@id\":\"https:\\\/\\\/ares.lt\\\/#\\\/schema\\\/logo\\\/image\\\/\"},\"sameAs\":[\"https:\\\/\\\/www.facebook.com\\\/AresJewellery\",\"https:\\\/\\\/www.instagram.com\\\/ares_juvelyrika\\\/\"]}]}<\/script>\n<!-- \/ Yoast SEO plugin. -->","yoast_head_json":{"title":"Goldene Ohrringe \u201eMinimalistische Ringe\u201c","description":"Entdecken Sie eleganten Minimalismus mit den goldenen Ohrringen der \u201eMinimalist Collection\u201c. Diese zarten und modernen Ohrringe eignen sich perfekt f\u00fcr den Alltag und formelle Anl\u00e4sse.","robots":{"index":"index","follow":"follow","max-snippet":"max-snippet:-1","max-image-preview":"max-image-preview:large","max-video-preview":"max-video-preview:-1"},"canonical":"https:\/\/ares.lt\/de\/im-laden\/goldene-ohrringe-minimalistische-ringe\/","og_locale":"de_DE","og_type":"article","og_title":"Auksiniai auskarai \"Minimalistin\u0117s rink\u0117s\"","og_description":"Atraskite eleganti\u0161k\u0105 minimalizm\u0105 su auksiniais auskarais \u201eMinimalistin\u0117s rink\u0117s\u201c. \u0160ie subtil\u016bs ir modern\u016bs auskarai puikiai tiks tiek kasdienai, tiek","og_url":"https:\/\/ares.lt\/de\/im-laden\/goldene-ohrringe-minimalistische-ringe\/","og_site_name":"ARES Juvelyrika","article_publisher":"https:\/\/www.facebook.com\/AresJewellery","article_modified_time":"2026-01-25T20:02:26+00:00","og_image":[{"width":3000,"height":3000,"url":"https:\/\/ares.lt\/wp-content\/uploads\/2024\/12\/IMG_5892Rose-Gold-1.jpg","type":"image\/jpeg"}],"twitter_card":"summary_large_image","twitter_misc":{"Gesch\u00e4tzte Lesezeit":"1\u00a0Minute"},"schema":{"@context":"https:\/\/schema.org","@graph":[{"@type":"WebPage","@id":"https:\/\/ares.lt\/parduotuve\/auksiniai-auskarai-minimalistines-rinkes\/","url":"https:\/\/ares.lt\/parduotuve\/auksiniai-auskarai-minimalistines-rinkes\/","name":"Goldene Ohrringe \u201eMinimalistische Ringe\u201c","isPartOf":{"@id":"https:\/\/ares.lt\/#website"},"primaryImageOfPage":{"@id":"https:\/\/ares.lt\/parduotuve\/auksiniai-auskarai-minimalistines-rinkes\/#primaryimage"},"image":{"@id":"https:\/\/ares.lt\/parduotuve\/auksiniai-auskarai-minimalistines-rinkes\/#primaryimage"},"thumbnailUrl":"https:\/\/ares.lt\/wp-content\/uploads\/2024\/12\/IMG_5892Rose-Gold-1.jpg","datePublished":"2024-12-05T18:22:33+00:00","dateModified":"2026-01-25T20:02:26+00:00","description":"Entdecken Sie eleganten Minimalismus mit den goldenen Ohrringen der \u201eMinimalist Collection\u201c. Diese zarten und modernen Ohrringe eignen sich perfekt f\u00fcr den Alltag und formelle Anl\u00e4sse.","breadcrumb":{"@id":"https:\/\/ares.lt\/parduotuve\/auksiniai-auskarai-minimalistines-rinkes\/#breadcrumb"},"inLanguage":"de","potentialAction":[{"@type":"ReadAction","target":["https:\/\/ares.lt\/parduotuve\/auksiniai-auskarai-minimalistines-rinkes\/"]}]},{"@type":"ImageObject","inLanguage":"de","@id":"https:\/\/ares.lt\/parduotuve\/auksiniai-auskarai-minimalistines-rinkes\/#primaryimage","url":"https:\/\/ares.lt\/wp-content\/uploads\/2024\/12\/IMG_5892Rose-Gold-1.jpg","contentUrl":"https:\/\/ares.lt\/wp-content\/uploads\/2024\/12\/IMG_5892Rose-Gold-1.jpg","width":3000,"height":3000,"caption":"Auksiniai auskarai \"Minimalistin\u0117s rink\u0117s\" raudono aukso"},{"@type":"BreadcrumbList","@id":"https:\/\/ares.lt\/parduotuve\/auksiniai-auskarai-minimalistines-rinkes\/#breadcrumb","itemListElement":[{"@type":"ListItem","position":1,"name":"Auksiniai papuo\u0161alai","item":"https:\/\/ares.lt\/"},{"@type":"ListItem","position":2,"name":"Parduotuv\u0117","item":"https:\/\/ares.lt\/parduotuve\/"},{"@type":"ListItem","position":3,"name":"Auksiniai auskarai &#8222;Minimalistin\u0117s rink\u0117s&#8221;"}]},{"@type":"WebSite","@id":"https:\/\/ares.lt\/#website","url":"https:\/\/ares.lt\/","name":"ARES Schmuck","description":"Goldschmuck","publisher":{"@id":"https:\/\/ares.lt\/#organization"},"potentialAction":[{"@type":"SearchAction","target":{"@type":"EntryPoint","urlTemplate":"https:\/\/ares.lt\/?s={search_term_string}"},"query-input":{"@type":"PropertyValueSpecification","valueRequired":true,"valueName":"search_term_string"}}],"inLanguage":"de"},{"@type":"Organization","@id":"https:\/\/ares.lt\/#organization","name":"Ares Jewelry Goldschmuck","url":"https:\/\/ares.lt\/","logo":{"@type":"ImageObject","inLanguage":"de","@id":"https:\/\/ares.lt\/#\/schema\/logo\/image\/","url":"https:\/\/i0.wp.com\/ares.lt\/wp-content\/uploads\/2022\/03\/ares-text-logo-1.png?fit=417%2C122&ssl=1","contentUrl":"https:\/\/i0.wp.com\/ares.lt\/wp-content\/uploads\/2022\/03\/ares-text-logo-1.png?fit=417%2C122&ssl=1","width":417,"height":122,"caption":"Ares Juvelyrika auksiniai papuosalai"},"image":{"@id":"https:\/\/ares.lt\/#\/schema\/logo\/image\/"},"sameAs":["https:\/\/www.facebook.com\/AresJewellery","https:\/\/www.instagram.com\/ares_juvelyrika\/"]}]}},"_links":{"self":[{"href":"https:\/\/ares.lt\/de\/wp-json\/wp\/v2\/product\/16657","targetHints":{"allow":["GET"]}}],"collection":[{"href":"https:\/\/ares.lt\/de\/wp-json\/wp\/v2\/product"}],"about":[{"href":"https:\/\/ares.lt\/de\/wp-json\/wp\/v2\/types\/product"}],"replies":[{"embeddable":true,"href":"https:\/\/ares.lt\/de\/wp-json\/wp\/v2\/comments?post=16657"}],"wp:featuredmedia":[{"embeddable":true,"href":"https:\/\/ares.lt\/de\/wp-json\/wp\/v2\/media\/17470"}],"wp:attachment":[{"href":"https:\/\/ares.lt\/de\/wp-json\/wp\/v2\/media?parent=16657"}],"wp:term":[{"taxonomy":"product_cat","embeddable":true,"href":"https:\/\/ares.lt\/de\/wp-json\/wp\/v2\/product_cat?post=16657"},{"taxonomy":"product_tag","embeddable":true,"href":"https:\/\/ares.lt\/de\/wp-json\/wp\/v2\/product_tag?post=16657"}],"curies":[{"name":"wp","href":"https:\/\/api.w.org\/{rel}","templated":true}]}}