{"id":17772,"date":"2025-04-20T08:49:29","date_gmt":"2025-04-20T06:49:29","guid":{"rendered":"https:\/\/ares.lt\/?post_type=product&#038;p=17772"},"modified":"2026-01-25T22:01:34","modified_gmt":"2026-01-25T20:01:34","slug":"goldanhanger-weisklee","status":"publish","type":"product","link":"https:\/\/ares.lt\/de\/parduotuve\/auksinis-pakabukas-baltas-dobilas\/","title":{"rendered":"Goldanh\u00e4nger &quot;Wei\u00dfklee&quot;"},"content":{"rendered":"<h2 data-start=\"127\" data-end=\"194\"><strong data-start=\"127\" data-end=\"194\">Goldanh\u00e4nger &quot;Wei\u00dfklee&quot; - ein luxuri\u00f6ses Gl\u00fcckssymbol<\/strong><\/h2>\n<p class=\"\" data-start=\"196\" data-end=\"469\">Entdecken Sie Eleganz und bedeutungsvolle Symbolik mit diesem exklusiven Schmuckst\u00fcck \u2013 einer 585er Goldkette und einem kleeblattf\u00f6rmigen Anh\u00e4nger mit nat\u00fcrlichem Perlmutt. Die tiefwei\u00dfe Farbe des Steins harmoniert harmonisch mit der W\u00e4rme des Goldes und verleiht dem Schmuckst\u00fcck Feinheit und Exklusivit\u00e4t.<\/p>\n<p>Sie k\u00f6nnen diesen Goldanh\u00e4nger auch kombinieren mit:<\/p>\n<p><a href=\"https:\/\/ares.lt\/de\/im-laden\/perlmutt-ohrringe\/\" target=\"_blank\" rel=\"noopener\">Goldohrringe &quot;Wei\u00dfklee&quot;<\/a><\/p>\n<p>&nbsp;<\/p>\n<p><a href=\"https:\/\/ares.lt\/de\/im-laden\/perlmutt-ohrringe\/\"><img fetchpriority=\"high\" decoding=\"async\" class=\"alignnone wp-image-15580 size-full\" src=\"https:\/\/ares.lt\/wp-content\/uploads\/2022\/03\/Auksiniai-Auskarai-Anglisku-Uzsegimu-\u201eJuodas-Dobilas-5.png\" alt=\"Goldohrringe &quot;Wei\u00dfklee&quot;\" width=\"500\" height=\"500\" srcset=\"https:\/\/ares.lt\/wp-content\/uploads\/2022\/03\/Auksiniai-Auskarai-Anglisku-Uzsegimu-\u201eJuodas-Dobilas-5.png 500w, https:\/\/ares.lt\/wp-content\/uploads\/2022\/03\/Auksiniai-Auskarai-Anglisku-Uzsegimu-\u201eJuodas-Dobilas-5-300x300.png 300w, https:\/\/ares.lt\/wp-content\/uploads\/2022\/03\/Auksiniai-Auskarai-Anglisku-Uzsegimu-\u201eJuodas-Dobilas-5-100x100.png 100w, https:\/\/ares.lt\/wp-content\/uploads\/2022\/03\/Auksiniai-Auskarai-Anglisku-Uzsegimu-\u201eJuodas-Dobilas-5-200x200.png 200w, https:\/\/ares.lt\/wp-content\/uploads\/2022\/03\/Auksiniai-Auskarai-Anglisku-Uzsegimu-\u201eJuodas-Dobilas-5-145x145.png 145w, https:\/\/ares.lt\/wp-content\/uploads\/2022\/03\/Auksiniai-Auskarai-Anglisku-Uzsegimu-\u201eJuodas-Dobilas-5-50x50.png 50w\" sizes=\"(max-width: 500px) 100vw, 500px\" \/><\/a><\/p>\n<p><a href=\"https:\/\/ares.lt\/de\/im-laden\/ohrringe-englisches-perlmutt\/\" target=\"_blank\" rel=\"noopener\">Goldene Ohrringe mit englischem Verschluss \u201eWei\u00dfklee\u201c<\/a><\/p>\n<p><a href=\"https:\/\/ares.lt\/de\/im-laden\/ohrringe-englisches-perlmutt\/\"><img decoding=\"async\" class=\"alignnone wp-image-15581 size-full\" src=\"https:\/\/ares.lt\/wp-content\/uploads\/2022\/03\/Auksiniai-Auskarai-Anglisku-Uzsegimu-\u201eJuodas-Dobilas-6.png\" alt=\"Goldene Ohrringe mit englischem Verschluss \u201eWei\u00dfklee\u201c\" width=\"500\" height=\"500\" srcset=\"https:\/\/ares.lt\/wp-content\/uploads\/2022\/03\/Auksiniai-Auskarai-Anglisku-Uzsegimu-\u201eJuodas-Dobilas-6.png 500w, https:\/\/ares.lt\/wp-content\/uploads\/2022\/03\/Auksiniai-Auskarai-Anglisku-Uzsegimu-\u201eJuodas-Dobilas-6-300x300.png 300w, https:\/\/ares.lt\/wp-content\/uploads\/2022\/03\/Auksiniai-Auskarai-Anglisku-Uzsegimu-\u201eJuodas-Dobilas-6-100x100.png 100w, https:\/\/ares.lt\/wp-content\/uploads\/2022\/03\/Auksiniai-Auskarai-Anglisku-Uzsegimu-\u201eJuodas-Dobilas-6-200x200.png 200w, https:\/\/ares.lt\/wp-content\/uploads\/2022\/03\/Auksiniai-Auskarai-Anglisku-Uzsegimu-\u201eJuodas-Dobilas-6-145x145.png 145w, https:\/\/ares.lt\/wp-content\/uploads\/2022\/03\/Auksiniai-Auskarai-Anglisku-Uzsegimu-\u201eJuodas-Dobilas-6-50x50.png 50w\" sizes=\"(max-width: 500px) 100vw, 500px\" \/><\/a><\/p>\n<p>&nbsp;<\/p>\n<p><a href=\"https:\/\/ares.lt\/de\/im-laden\/perlmuttarmband\/\" target=\"_blank\" rel=\"noopener\">Goldarmband &quot;Wei\u00dfklee&quot;<\/a><\/p>\n<p><a href=\"https:\/\/ares.lt\/de\/im-laden\/perlmuttarmband\/\"><img decoding=\"async\" class=\"alignnone wp-image-15582 size-full\" src=\"https:\/\/ares.lt\/wp-content\/uploads\/2022\/03\/Auksiniai-Auskarai-Anglisku-Uzsegimu-\u201eJuodas-Dobilas-7.png\" alt=\"Goldarmband &quot;Wei\u00dfklee&quot;\" width=\"500\" height=\"500\" srcset=\"https:\/\/ares.lt\/wp-content\/uploads\/2022\/03\/Auksiniai-Auskarai-Anglisku-Uzsegimu-\u201eJuodas-Dobilas-7.png 500w, https:\/\/ares.lt\/wp-content\/uploads\/2022\/03\/Auksiniai-Auskarai-Anglisku-Uzsegimu-\u201eJuodas-Dobilas-7-300x300.png 300w, https:\/\/ares.lt\/wp-content\/uploads\/2022\/03\/Auksiniai-Auskarai-Anglisku-Uzsegimu-\u201eJuodas-Dobilas-7-100x100.png 100w, https:\/\/ares.lt\/wp-content\/uploads\/2022\/03\/Auksiniai-Auskarai-Anglisku-Uzsegimu-\u201eJuodas-Dobilas-7-200x200.png 200w, https:\/\/ares.lt\/wp-content\/uploads\/2022\/03\/Auksiniai-Auskarai-Anglisku-Uzsegimu-\u201eJuodas-Dobilas-7-145x145.png 145w, https:\/\/ares.lt\/wp-content\/uploads\/2022\/03\/Auksiniai-Auskarai-Anglisku-Uzsegimu-\u201eJuodas-Dobilas-7-50x50.png 50w\" sizes=\"(max-width: 500px) 100vw, 500px\" \/><\/a><\/p>\n<h3 data-start=\"471\" data-end=\"740\"><strong data-start=\"471\" data-end=\"518\">Warum einen Anh\u00e4nger in Kleeblattform w\u00e4hlen?<\/strong><\/h3>\n<p data-start=\"471\" data-end=\"740\">Man sagt, dass jedes Kleeblatt eine besondere Bedeutung verbirgt: Glaube, Hoffnung, Liebe und Gl\u00fcck. Das vierbl\u00e4ttrige Kleeblatt ist ein seltenes Wunder der Natur, daher ist Schmuck mit diesem Symbol nicht nur ein sch\u00f6nes, sondern auch ein sehr bedeutungsvolles Geschenk.<\/p>\n<p class=\"\" data-start=\"742\" data-end=\"962\">Ein goldener Kleeblatt-Anh\u00e4nger ist nicht nur ein modisches Statement, sondern auch ein Talisman, der Sie an die Sch\u00f6nheit des Lebens, den Glauben und die Bedeutung von Gl\u00fcck erinnert. Perfekt als Geschenk oder als besonderes Highlight in Ihrer Schmucksammlung.<\/p>","protected":false},"excerpt":{"rendered":"<p>Auksinis pakabukas \u201eBaltas dobilas\u201c \u2013 prabangus s\u0117km\u0117s simbolis Atraskite elegancij\u0105 ir prasming\u0105 simbolik\u0105 su \u0161iuo i\u0161skirtiniu papuo\u0161alu \u2013 585 prabos auksine grandin\u0117le&hellip;<\/p>","protected":false},"featured_media":17770,"comment_status":"open","ping_status":"closed","template":"","meta":[],"product_cat":[961,962,973,357,969,401,738],"product_tag":[],"class_list":{"0":"post-17772","1":"product","2":"type-product","3":"status-publish","4":"has-post-thumbnail","6":"product_cat-auksiniai-pakabukai","7":"product_cat-auksiniai-pakabukai-dobilas","8":"product_cat-auksiniai-pakabukai-iki-250-eur","9":"product_cat-kolekcija-dobilas","10":"product_cat-raudono-aukso-pakabukai","11":"product_cat-raudono-aukso-papuosalai","12":"product_cat-sekmes-dobilai","13":"tm-no-options","15":"first","16":"instock","17":"sale","18":"featured","19":"shipping-taxable","20":"purchasable","21":"product-type-variable","22":"has-default-attributes"},"yoast_head":"<!-- This site is optimized with the Yoast SEO plugin v27.4 - https:\/\/yoast.com\/product\/yoast-seo-wordpress\/ -->\n<title>Auksinis pakabukas &quot;Baltas dobilas&quot;<\/title>\n<meta name=\"description\" content=\"Auksinis pakabukas \u201eBaltas dobilas\u201c \u2013 prabangus s\u0117km\u0117s simbolis Atraskite elegancij\u0105 ir prasming\u0105 simbolik\u0105 su \u0161iuo i\u0161skirtiniu papuo\u0161alu \u2013 585 prabos\" \/>\n<meta name=\"robots\" content=\"index, follow, max-snippet:-1, max-image-preview:large, max-video-preview:-1\" \/>\n<link rel=\"canonical\" href=\"https:\/\/ares.lt\/de\/im-laden\/goldanhanger-weisklee\/\" \/>\n<meta property=\"og:locale\" content=\"de_DE\" \/>\n<meta property=\"og:type\" content=\"article\" \/>\n<meta property=\"og:title\" content=\"Auksinis pakabukas &quot;Baltas dobilas&quot;\" \/>\n<meta property=\"og:description\" content=\"Auksinis pakabukas \u201eBaltas dobilas\u201c \u2013 prabangus s\u0117km\u0117s simbolis Atraskite elegancij\u0105 ir prasming\u0105 simbolik\u0105 su \u0161iuo i\u0161skirtiniu papuo\u0161alu \u2013 585 prabos\" \/>\n<meta property=\"og:url\" content=\"https:\/\/ares.lt\/de\/im-laden\/goldanhanger-weisklee\/\" \/>\n<meta property=\"og:site_name\" content=\"ARES Juvelyrika\" \/>\n<meta property=\"article:publisher\" content=\"https:\/\/www.facebook.com\/AresJewellery\" \/>\n<meta property=\"article:modified_time\" content=\"2026-01-25T20:01:34+00:00\" \/>\n<meta property=\"og:image\" content=\"https:\/\/ares.lt\/wp-content\/uploads\/2025\/04\/Prevents-spills-12.jpg\" \/>\n\t<meta property=\"og:image:width\" content=\"1000\" \/>\n\t<meta property=\"og:image:height\" content=\"1000\" \/>\n\t<meta property=\"og:image:type\" content=\"image\/jpeg\" \/>\n<meta name=\"twitter:card\" content=\"summary_large_image\" \/>\n<meta name=\"twitter:label1\" content=\"Gesch\u00e4tzte Lesezeit\" \/>\n\t<meta name=\"twitter:data1\" content=\"1\u00a0Minute\" \/>\n<script type=\"application\/ld+json\" class=\"yoast-schema-graph\">{\"@context\":\"https:\\\/\\\/schema.org\",\"@graph\":[{\"@type\":\"WebPage\",\"@id\":\"https:\\\/\\\/ares.lt\\\/parduotuve\\\/auksinis-pakabukas-baltas-dobilas\\\/\",\"url\":\"https:\\\/\\\/ares.lt\\\/parduotuve\\\/auksinis-pakabukas-baltas-dobilas\\\/\",\"name\":\"Auksinis pakabukas \\\"Baltas dobilas\\\"\",\"isPartOf\":{\"@id\":\"https:\\\/\\\/ares.lt\\\/#website\"},\"primaryImageOfPage\":{\"@id\":\"https:\\\/\\\/ares.lt\\\/parduotuve\\\/auksinis-pakabukas-baltas-dobilas\\\/#primaryimage\"},\"image\":{\"@id\":\"https:\\\/\\\/ares.lt\\\/parduotuve\\\/auksinis-pakabukas-baltas-dobilas\\\/#primaryimage\"},\"thumbnailUrl\":\"https:\\\/\\\/ares.lt\\\/wp-content\\\/uploads\\\/2025\\\/04\\\/Prevents-spills-12.jpg\",\"datePublished\":\"2025-04-20T06:49:29+00:00\",\"dateModified\":\"2026-01-25T20:01:34+00:00\",\"description\":\"Auksinis pakabukas \u201eBaltas dobilas\u201c \u2013 prabangus s\u0117km\u0117s simbolis Atraskite elegancij\u0105 ir prasming\u0105 simbolik\u0105 su \u0161iuo i\u0161skirtiniu papuo\u0161alu \u2013 585 prabos\",\"breadcrumb\":{\"@id\":\"https:\\\/\\\/ares.lt\\\/parduotuve\\\/auksinis-pakabukas-baltas-dobilas\\\/#breadcrumb\"},\"inLanguage\":\"de\",\"potentialAction\":[{\"@type\":\"ReadAction\",\"target\":[\"https:\\\/\\\/ares.lt\\\/parduotuve\\\/auksinis-pakabukas-baltas-dobilas\\\/\"]}]},{\"@type\":\"ImageObject\",\"inLanguage\":\"de\",\"@id\":\"https:\\\/\\\/ares.lt\\\/parduotuve\\\/auksinis-pakabukas-baltas-dobilas\\\/#primaryimage\",\"url\":\"https:\\\/\\\/ares.lt\\\/wp-content\\\/uploads\\\/2025\\\/04\\\/Prevents-spills-12.jpg\",\"contentUrl\":\"https:\\\/\\\/ares.lt\\\/wp-content\\\/uploads\\\/2025\\\/04\\\/Prevents-spills-12.jpg\",\"width\":1000,\"height\":1000,\"caption\":\"Auksinis pakabukas \\\"Baltas dobilas\\\"\"},{\"@type\":\"BreadcrumbList\",\"@id\":\"https:\\\/\\\/ares.lt\\\/parduotuve\\\/auksinis-pakabukas-baltas-dobilas\\\/#breadcrumb\",\"itemListElement\":[{\"@type\":\"ListItem\",\"position\":1,\"name\":\"Auksiniai papuo\u0161alai\",\"item\":\"https:\\\/\\\/ares.lt\\\/\"},{\"@type\":\"ListItem\",\"position\":2,\"name\":\"Parduotuv\u0117\",\"item\":\"https:\\\/\\\/ares.lt\\\/parduotuve\\\/\"},{\"@type\":\"ListItem\",\"position\":3,\"name\":\"Auksinis pakabukas &#8222;Baltas dobilas&#8221;\"}]},{\"@type\":\"WebSite\",\"@id\":\"https:\\\/\\\/ares.lt\\\/#website\",\"url\":\"https:\\\/\\\/ares.lt\\\/\",\"name\":\"ARES Juvelyrika\",\"description\":\"Auksiniai papuo\u0161alai\",\"publisher\":{\"@id\":\"https:\\\/\\\/ares.lt\\\/#organization\"},\"potentialAction\":[{\"@type\":\"SearchAction\",\"target\":{\"@type\":\"EntryPoint\",\"urlTemplate\":\"https:\\\/\\\/ares.lt\\\/?s={search_term_string}\"},\"query-input\":{\"@type\":\"PropertyValueSpecification\",\"valueRequired\":true,\"valueName\":\"search_term_string\"}}],\"inLanguage\":\"de\"},{\"@type\":\"Organization\",\"@id\":\"https:\\\/\\\/ares.lt\\\/#organization\",\"name\":\"Ares Juvelyrika auksiniai papuosalai\",\"url\":\"https:\\\/\\\/ares.lt\\\/\",\"logo\":{\"@type\":\"ImageObject\",\"inLanguage\":\"de\",\"@id\":\"https:\\\/\\\/ares.lt\\\/#\\\/schema\\\/logo\\\/image\\\/\",\"url\":\"https:\\\/\\\/i0.wp.com\\\/ares.lt\\\/wp-content\\\/uploads\\\/2022\\\/03\\\/ares-text-logo-1.png?fit=417%2C122&ssl=1\",\"contentUrl\":\"https:\\\/\\\/i0.wp.com\\\/ares.lt\\\/wp-content\\\/uploads\\\/2022\\\/03\\\/ares-text-logo-1.png?fit=417%2C122&ssl=1\",\"width\":417,\"height\":122,\"caption\":\"Ares Juvelyrika auksiniai papuosalai\"},\"image\":{\"@id\":\"https:\\\/\\\/ares.lt\\\/#\\\/schema\\\/logo\\\/image\\\/\"},\"sameAs\":[\"https:\\\/\\\/www.facebook.com\\\/AresJewellery\",\"https:\\\/\\\/www.instagram.com\\\/ares_juvelyrika\\\/\"]}]}<\/script>\n<!-- \/ Yoast SEO plugin. -->","yoast_head_json":{"title":"Goldanh\u00e4nger &quot;Wei\u00dfklee&quot;","description":"Goldanh\u00e4nger &quot;Wei\u00dfklee&quot; - ein luxuri\u00f6ses Symbol f\u00fcr Gl\u00fcck Entdecken Sie Eleganz und bedeutungsvolle Symbolik mit diesem exklusiven Schmuckst\u00fcck - 585 Sterling Silber","robots":{"index":"index","follow":"follow","max-snippet":"max-snippet:-1","max-image-preview":"max-image-preview:large","max-video-preview":"max-video-preview:-1"},"canonical":"https:\/\/ares.lt\/de\/im-laden\/goldanhanger-weisklee\/","og_locale":"de_DE","og_type":"article","og_title":"Auksinis pakabukas \"Baltas dobilas\"","og_description":"Auksinis pakabukas \u201eBaltas dobilas\u201c \u2013 prabangus s\u0117km\u0117s simbolis Atraskite elegancij\u0105 ir prasming\u0105 simbolik\u0105 su \u0161iuo i\u0161skirtiniu papuo\u0161alu \u2013 585 prabos","og_url":"https:\/\/ares.lt\/de\/im-laden\/goldanhanger-weisklee\/","og_site_name":"ARES Juvelyrika","article_publisher":"https:\/\/www.facebook.com\/AresJewellery","article_modified_time":"2026-01-25T20:01:34+00:00","og_image":[{"width":1000,"height":1000,"url":"https:\/\/ares.lt\/wp-content\/uploads\/2025\/04\/Prevents-spills-12.jpg","type":"image\/jpeg"}],"twitter_card":"summary_large_image","twitter_misc":{"Gesch\u00e4tzte Lesezeit":"1\u00a0Minute"},"schema":{"@context":"https:\/\/schema.org","@graph":[{"@type":"WebPage","@id":"https:\/\/ares.lt\/parduotuve\/auksinis-pakabukas-baltas-dobilas\/","url":"https:\/\/ares.lt\/parduotuve\/auksinis-pakabukas-baltas-dobilas\/","name":"Goldanh\u00e4nger &quot;Wei\u00dfklee&quot;","isPartOf":{"@id":"https:\/\/ares.lt\/#website"},"primaryImageOfPage":{"@id":"https:\/\/ares.lt\/parduotuve\/auksinis-pakabukas-baltas-dobilas\/#primaryimage"},"image":{"@id":"https:\/\/ares.lt\/parduotuve\/auksinis-pakabukas-baltas-dobilas\/#primaryimage"},"thumbnailUrl":"https:\/\/ares.lt\/wp-content\/uploads\/2025\/04\/Prevents-spills-12.jpg","datePublished":"2025-04-20T06:49:29+00:00","dateModified":"2026-01-25T20:01:34+00:00","description":"Goldanh\u00e4nger &quot;Wei\u00dfklee&quot; - ein luxuri\u00f6ses Symbol f\u00fcr Gl\u00fcck Entdecken Sie Eleganz und bedeutungsvolle Symbolik mit diesem exklusiven Schmuckst\u00fcck - 585 Sterling Silber","breadcrumb":{"@id":"https:\/\/ares.lt\/parduotuve\/auksinis-pakabukas-baltas-dobilas\/#breadcrumb"},"inLanguage":"de","potentialAction":[{"@type":"ReadAction","target":["https:\/\/ares.lt\/parduotuve\/auksinis-pakabukas-baltas-dobilas\/"]}]},{"@type":"ImageObject","inLanguage":"de","@id":"https:\/\/ares.lt\/parduotuve\/auksinis-pakabukas-baltas-dobilas\/#primaryimage","url":"https:\/\/ares.lt\/wp-content\/uploads\/2025\/04\/Prevents-spills-12.jpg","contentUrl":"https:\/\/ares.lt\/wp-content\/uploads\/2025\/04\/Prevents-spills-12.jpg","width":1000,"height":1000,"caption":"Auksinis pakabukas \"Baltas dobilas\""},{"@type":"BreadcrumbList","@id":"https:\/\/ares.lt\/parduotuve\/auksinis-pakabukas-baltas-dobilas\/#breadcrumb","itemListElement":[{"@type":"ListItem","position":1,"name":"Auksiniai papuo\u0161alai","item":"https:\/\/ares.lt\/"},{"@type":"ListItem","position":2,"name":"Parduotuv\u0117","item":"https:\/\/ares.lt\/parduotuve\/"},{"@type":"ListItem","position":3,"name":"Auksinis pakabukas &#8222;Baltas dobilas&#8221;"}]},{"@type":"WebSite","@id":"https:\/\/ares.lt\/#website","url":"https:\/\/ares.lt\/","name":"ARES Schmuck","description":"Goldschmuck","publisher":{"@id":"https:\/\/ares.lt\/#organization"},"potentialAction":[{"@type":"SearchAction","target":{"@type":"EntryPoint","urlTemplate":"https:\/\/ares.lt\/?s={search_term_string}"},"query-input":{"@type":"PropertyValueSpecification","valueRequired":true,"valueName":"search_term_string"}}],"inLanguage":"de"},{"@type":"Organization","@id":"https:\/\/ares.lt\/#organization","name":"Ares Jewelry Goldschmuck","url":"https:\/\/ares.lt\/","logo":{"@type":"ImageObject","inLanguage":"de","@id":"https:\/\/ares.lt\/#\/schema\/logo\/image\/","url":"https:\/\/i0.wp.com\/ares.lt\/wp-content\/uploads\/2022\/03\/ares-text-logo-1.png?fit=417%2C122&ssl=1","contentUrl":"https:\/\/i0.wp.com\/ares.lt\/wp-content\/uploads\/2022\/03\/ares-text-logo-1.png?fit=417%2C122&ssl=1","width":417,"height":122,"caption":"Ares Juvelyrika auksiniai papuosalai"},"image":{"@id":"https:\/\/ares.lt\/#\/schema\/logo\/image\/"},"sameAs":["https:\/\/www.facebook.com\/AresJewellery","https:\/\/www.instagram.com\/ares_juvelyrika\/"]}]}},"_links":{"self":[{"href":"https:\/\/ares.lt\/de\/wp-json\/wp\/v2\/product\/17772","targetHints":{"allow":["GET"]}}],"collection":[{"href":"https:\/\/ares.lt\/de\/wp-json\/wp\/v2\/product"}],"about":[{"href":"https:\/\/ares.lt\/de\/wp-json\/wp\/v2\/types\/product"}],"replies":[{"embeddable":true,"href":"https:\/\/ares.lt\/de\/wp-json\/wp\/v2\/comments?post=17772"}],"wp:featuredmedia":[{"embeddable":true,"href":"https:\/\/ares.lt\/de\/wp-json\/wp\/v2\/media\/17770"}],"wp:attachment":[{"href":"https:\/\/ares.lt\/de\/wp-json\/wp\/v2\/media?parent=17772"}],"wp:term":[{"taxonomy":"product_cat","embeddable":true,"href":"https:\/\/ares.lt\/de\/wp-json\/wp\/v2\/product_cat?post=17772"},{"taxonomy":"product_tag","embeddable":true,"href":"https:\/\/ares.lt\/de\/wp-json\/wp\/v2\/product_tag?post=17772"}],"curies":[{"name":"wp","href":"https:\/\/api.w.org\/{rel}","templated":true}]}}