{"id":17814,"date":"2025-04-25T10:36:35","date_gmt":"2025-04-25T08:36:35","guid":{"rendered":"https:\/\/ares.lt\/?post_type=product&#038;p=17814"},"modified":"2026-01-25T22:01:24","modified_gmt":"2026-01-25T20:01:24","slug":"goldener-anhanger-glitzernder-klee","status":"publish","type":"product","link":"https:\/\/ares.lt\/de\/parduotuve\/auksinis-pakabukas-zaizaruojantis-dobilas\/","title":{"rendered":"Goldanh\u00e4nger \u201eFunkelndes Kleeblatt\u201c"},"content":{"rendered":"<p class=\"\" data-start=\"55\" data-end=\"157\"><strong data-start=\"55\" data-end=\"157\">Luxus und Eleganz in einem \u2013 ein Anh\u00e4nger in Bl\u00fctenblattform mit vier Bl\u00e4ttern<\/strong><\/p>\n<p class=\"\" data-start=\"159\" data-end=\"444\">Der exquisit gestaltete Anh\u00e4nger aus 585er Rotgold besticht durch seine zarten Formen und luxuri\u00f6s gl\u00e4nzenden Details. Das bl\u00fctenf\u00f6rmige Design \u00e4hnelt einem vierbl\u00e4ttrigen Kleeblatt \u2013 einem Symbol f\u00fcr Gl\u00fcck und Erfolg. Daher schm\u00fcckt dieses Schmuckst\u00fcck nicht nur, sondern tr\u00e4gt auch eine besondere Bedeutung.<\/p>\n<p class=\"\" data-start=\"683\" data-end=\"697\"><strong data-start=\"683\" data-end=\"697\">\u00dcber den Anh\u00e4nger:<\/strong><\/p>\n<ul data-start=\"698\" data-end=\"778\">\n<li class=\"\" data-start=\"698\" data-end=\"728\">\n<p class=\"\" data-start=\"700\" data-end=\"728\">585 Rotgold<\/p>\n<\/li>\n<li class=\"\" data-start=\"754\" data-end=\"778\">\n<p class=\"\" data-start=\"756\" data-end=\"778\">Funkelnder Effekt<\/p>\n<\/li>\n<\/ul>\n<p class=\"\" data-start=\"780\" data-end=\"954\">Dieser Anh\u00e4nger ist eine gro\u00dfartige Wahl f\u00fcr alle, die ein einzigartiges Geschenk oder einen besonderen Akzent in ihrer Schmucksammlung suchen. Kombinieren Sie ihn mit einer Kette und kreieren Sie Ihren eigenen, einzigartigen Look!<\/p>","protected":false},"excerpt":{"rendered":"<p>Luxus und Eleganz in einem - der Vierblatt-Anh\u00e4nger Der Anh\u00e4nger ist ein exklusives Design aus 585er Rotgold und besticht durch seine zarten Formen...<\/p>","protected":false},"featured_media":17816,"comment_status":"open","ping_status":"closed","template":"","meta":[],"product_cat":[961,962,973,357,969,401,738],"product_tag":[],"class_list":{"0":"post-17814","1":"product","2":"type-product","3":"status-publish","4":"has-post-thumbnail","6":"product_cat-auksiniai-pakabukai","7":"product_cat-auksiniai-pakabukai-dobilas","8":"product_cat-auksiniai-pakabukai-iki-250-eur","9":"product_cat-kolekcija-dobilas","10":"product_cat-raudono-aukso-pakabukai","11":"product_cat-raudono-aukso-papuosalai","12":"product_cat-sekmes-dobilai","13":"tm-no-options","15":"first","16":"instock","17":"sale","18":"shipping-taxable","19":"purchasable","20":"product-type-simple"},"yoast_head":"<!-- This site is optimized with the Yoast SEO plugin v27.4 - https:\/\/yoast.com\/product\/yoast-seo-wordpress\/ -->\n<title>Auksinis pakabukas &quot;\u017dai\u017earuojantis dobilas&quot;<\/title>\n<meta name=\"description\" content=\"Prabanga ir elegancija viename \u2013 keturlapis \u017eiedlapio formos pakabukas I\u0161skirtinio dizaino pakabukas pagamintas i\u0161 585 prabos raudono aukso, \u017eavintis savo\" \/>\n<meta name=\"robots\" content=\"index, follow, max-snippet:-1, max-image-preview:large, max-video-preview:-1\" \/>\n<link rel=\"canonical\" href=\"https:\/\/ares.lt\/de\/im-laden\/goldener-anhanger-glitzernder-klee\/\" \/>\n<meta property=\"og:locale\" content=\"de_DE\" \/>\n<meta property=\"og:type\" content=\"article\" \/>\n<meta property=\"og:title\" content=\"Auksinis pakabukas &quot;\u017dai\u017earuojantis dobilas&quot;\" \/>\n<meta property=\"og:description\" content=\"Prabanga ir elegancija viename \u2013 keturlapis \u017eiedlapio formos pakabukas I\u0161skirtinio dizaino pakabukas pagamintas i\u0161 585 prabos raudono aukso, \u017eavintis savo\" \/>\n<meta property=\"og:url\" content=\"https:\/\/ares.lt\/de\/im-laden\/goldener-anhanger-glitzernder-klee\/\" \/>\n<meta property=\"og:site_name\" content=\"ARES Juvelyrika\" \/>\n<meta property=\"article:publisher\" content=\"https:\/\/www.facebook.com\/AresJewellery\" \/>\n<meta property=\"article:modified_time\" content=\"2026-01-25T20:01:24+00:00\" \/>\n<meta property=\"og:image\" content=\"https:\/\/ares.lt\/wp-content\/uploads\/2025\/04\/Add-a-heading-6-1.jpg\" \/>\n\t<meta property=\"og:image:width\" content=\"2000\" \/>\n\t<meta property=\"og:image:height\" content=\"2000\" \/>\n\t<meta property=\"og:image:type\" content=\"image\/jpeg\" \/>\n<meta name=\"twitter:card\" content=\"summary_large_image\" \/>\n<meta name=\"twitter:label1\" content=\"Gesch\u00e4tzte Lesezeit\" \/>\n\t<meta name=\"twitter:data1\" content=\"1\u00a0Minute\" \/>\n<script type=\"application\/ld+json\" class=\"yoast-schema-graph\">{\"@context\":\"https:\\\/\\\/schema.org\",\"@graph\":[{\"@type\":\"WebPage\",\"@id\":\"https:\\\/\\\/ares.lt\\\/parduotuve\\\/auksinis-pakabukas-zaizaruojantis-dobilas\\\/\",\"url\":\"https:\\\/\\\/ares.lt\\\/parduotuve\\\/auksinis-pakabukas-zaizaruojantis-dobilas\\\/\",\"name\":\"Auksinis pakabukas \\\"\u017dai\u017earuojantis dobilas\\\"\",\"isPartOf\":{\"@id\":\"https:\\\/\\\/ares.lt\\\/#website\"},\"primaryImageOfPage\":{\"@id\":\"https:\\\/\\\/ares.lt\\\/parduotuve\\\/auksinis-pakabukas-zaizaruojantis-dobilas\\\/#primaryimage\"},\"image\":{\"@id\":\"https:\\\/\\\/ares.lt\\\/parduotuve\\\/auksinis-pakabukas-zaizaruojantis-dobilas\\\/#primaryimage\"},\"thumbnailUrl\":\"https:\\\/\\\/ares.lt\\\/wp-content\\\/uploads\\\/2025\\\/04\\\/Add-a-heading-6-1.jpg\",\"datePublished\":\"2025-04-25T08:36:35+00:00\",\"dateModified\":\"2026-01-25T20:01:24+00:00\",\"description\":\"Prabanga ir elegancija viename \u2013 keturlapis \u017eiedlapio formos pakabukas I\u0161skirtinio dizaino pakabukas pagamintas i\u0161 585 prabos raudono aukso, \u017eavintis savo\",\"breadcrumb\":{\"@id\":\"https:\\\/\\\/ares.lt\\\/parduotuve\\\/auksinis-pakabukas-zaizaruojantis-dobilas\\\/#breadcrumb\"},\"inLanguage\":\"de\",\"potentialAction\":[{\"@type\":\"ReadAction\",\"target\":[\"https:\\\/\\\/ares.lt\\\/parduotuve\\\/auksinis-pakabukas-zaizaruojantis-dobilas\\\/\"]}]},{\"@type\":\"ImageObject\",\"inLanguage\":\"de\",\"@id\":\"https:\\\/\\\/ares.lt\\\/parduotuve\\\/auksinis-pakabukas-zaizaruojantis-dobilas\\\/#primaryimage\",\"url\":\"https:\\\/\\\/ares.lt\\\/wp-content\\\/uploads\\\/2025\\\/04\\\/Add-a-heading-6-1.jpg\",\"contentUrl\":\"https:\\\/\\\/ares.lt\\\/wp-content\\\/uploads\\\/2025\\\/04\\\/Add-a-heading-6-1.jpg\",\"width\":2000,\"height\":2000,\"caption\":\"Auksinis pakabukas \\\"\u017dai\u017earuojantis dobilas\\\"\"},{\"@type\":\"BreadcrumbList\",\"@id\":\"https:\\\/\\\/ares.lt\\\/parduotuve\\\/auksinis-pakabukas-zaizaruojantis-dobilas\\\/#breadcrumb\",\"itemListElement\":[{\"@type\":\"ListItem\",\"position\":1,\"name\":\"Auksiniai papuo\u0161alai\",\"item\":\"https:\\\/\\\/ares.lt\\\/\"},{\"@type\":\"ListItem\",\"position\":2,\"name\":\"Parduotuv\u0117\",\"item\":\"https:\\\/\\\/ares.lt\\\/parduotuve\\\/\"},{\"@type\":\"ListItem\",\"position\":3,\"name\":\"Auksinis pakabukas &#8222;\u017dai\u017earuojantis dobilas&#8221;\"}]},{\"@type\":\"WebSite\",\"@id\":\"https:\\\/\\\/ares.lt\\\/#website\",\"url\":\"https:\\\/\\\/ares.lt\\\/\",\"name\":\"ARES Juvelyrika\",\"description\":\"Auksiniai papuo\u0161alai\",\"publisher\":{\"@id\":\"https:\\\/\\\/ares.lt\\\/#organization\"},\"potentialAction\":[{\"@type\":\"SearchAction\",\"target\":{\"@type\":\"EntryPoint\",\"urlTemplate\":\"https:\\\/\\\/ares.lt\\\/?s={search_term_string}\"},\"query-input\":{\"@type\":\"PropertyValueSpecification\",\"valueRequired\":true,\"valueName\":\"search_term_string\"}}],\"inLanguage\":\"de\"},{\"@type\":\"Organization\",\"@id\":\"https:\\\/\\\/ares.lt\\\/#organization\",\"name\":\"Ares Juvelyrika auksiniai papuosalai\",\"url\":\"https:\\\/\\\/ares.lt\\\/\",\"logo\":{\"@type\":\"ImageObject\",\"inLanguage\":\"de\",\"@id\":\"https:\\\/\\\/ares.lt\\\/#\\\/schema\\\/logo\\\/image\\\/\",\"url\":\"https:\\\/\\\/i0.wp.com\\\/ares.lt\\\/wp-content\\\/uploads\\\/2022\\\/03\\\/ares-text-logo-1.png?fit=417%2C122&ssl=1\",\"contentUrl\":\"https:\\\/\\\/i0.wp.com\\\/ares.lt\\\/wp-content\\\/uploads\\\/2022\\\/03\\\/ares-text-logo-1.png?fit=417%2C122&ssl=1\",\"width\":417,\"height\":122,\"caption\":\"Ares Juvelyrika auksiniai papuosalai\"},\"image\":{\"@id\":\"https:\\\/\\\/ares.lt\\\/#\\\/schema\\\/logo\\\/image\\\/\"},\"sameAs\":[\"https:\\\/\\\/www.facebook.com\\\/AresJewellery\",\"https:\\\/\\\/www.instagram.com\\\/ares_juvelyrika\\\/\"]}]}<\/script>\n<!-- \/ Yoast SEO plugin. -->","yoast_head_json":{"title":"Goldanh\u00e4nger \u201eFunkelndes Kleeblatt\u201c","description":"Luxus und Eleganz in einem - ein vierbl\u00e4ttriger Anh\u00e4nger in Bl\u00fctenblattform. Ein au\u00dfergew\u00f6hnlich gestalteter Anh\u00e4nger aus 585er Rotgold, der seine","robots":{"index":"index","follow":"follow","max-snippet":"max-snippet:-1","max-image-preview":"max-image-preview:large","max-video-preview":"max-video-preview:-1"},"canonical":"https:\/\/ares.lt\/de\/im-laden\/goldener-anhanger-glitzernder-klee\/","og_locale":"de_DE","og_type":"article","og_title":"Auksinis pakabukas \"\u017dai\u017earuojantis dobilas\"","og_description":"Prabanga ir elegancija viename \u2013 keturlapis \u017eiedlapio formos pakabukas I\u0161skirtinio dizaino pakabukas pagamintas i\u0161 585 prabos raudono aukso, \u017eavintis savo","og_url":"https:\/\/ares.lt\/de\/im-laden\/goldener-anhanger-glitzernder-klee\/","og_site_name":"ARES Juvelyrika","article_publisher":"https:\/\/www.facebook.com\/AresJewellery","article_modified_time":"2026-01-25T20:01:24+00:00","og_image":[{"width":2000,"height":2000,"url":"https:\/\/ares.lt\/wp-content\/uploads\/2025\/04\/Add-a-heading-6-1.jpg","type":"image\/jpeg"}],"twitter_card":"summary_large_image","twitter_misc":{"Gesch\u00e4tzte Lesezeit":"1\u00a0Minute"},"schema":{"@context":"https:\/\/schema.org","@graph":[{"@type":"WebPage","@id":"https:\/\/ares.lt\/parduotuve\/auksinis-pakabukas-zaizaruojantis-dobilas\/","url":"https:\/\/ares.lt\/parduotuve\/auksinis-pakabukas-zaizaruojantis-dobilas\/","name":"Goldanh\u00e4nger \u201eFunkelndes Kleeblatt\u201c","isPartOf":{"@id":"https:\/\/ares.lt\/#website"},"primaryImageOfPage":{"@id":"https:\/\/ares.lt\/parduotuve\/auksinis-pakabukas-zaizaruojantis-dobilas\/#primaryimage"},"image":{"@id":"https:\/\/ares.lt\/parduotuve\/auksinis-pakabukas-zaizaruojantis-dobilas\/#primaryimage"},"thumbnailUrl":"https:\/\/ares.lt\/wp-content\/uploads\/2025\/04\/Add-a-heading-6-1.jpg","datePublished":"2025-04-25T08:36:35+00:00","dateModified":"2026-01-25T20:01:24+00:00","description":"Luxus und Eleganz in einem - ein vierbl\u00e4ttriger Anh\u00e4nger in Bl\u00fctenblattform. Ein au\u00dfergew\u00f6hnlich gestalteter Anh\u00e4nger aus 585er Rotgold, der seine","breadcrumb":{"@id":"https:\/\/ares.lt\/parduotuve\/auksinis-pakabukas-zaizaruojantis-dobilas\/#breadcrumb"},"inLanguage":"de","potentialAction":[{"@type":"ReadAction","target":["https:\/\/ares.lt\/parduotuve\/auksinis-pakabukas-zaizaruojantis-dobilas\/"]}]},{"@type":"ImageObject","inLanguage":"de","@id":"https:\/\/ares.lt\/parduotuve\/auksinis-pakabukas-zaizaruojantis-dobilas\/#primaryimage","url":"https:\/\/ares.lt\/wp-content\/uploads\/2025\/04\/Add-a-heading-6-1.jpg","contentUrl":"https:\/\/ares.lt\/wp-content\/uploads\/2025\/04\/Add-a-heading-6-1.jpg","width":2000,"height":2000,"caption":"Auksinis pakabukas \"\u017dai\u017earuojantis dobilas\""},{"@type":"BreadcrumbList","@id":"https:\/\/ares.lt\/parduotuve\/auksinis-pakabukas-zaizaruojantis-dobilas\/#breadcrumb","itemListElement":[{"@type":"ListItem","position":1,"name":"Auksiniai papuo\u0161alai","item":"https:\/\/ares.lt\/"},{"@type":"ListItem","position":2,"name":"Parduotuv\u0117","item":"https:\/\/ares.lt\/parduotuve\/"},{"@type":"ListItem","position":3,"name":"Auksinis pakabukas &#8222;\u017dai\u017earuojantis dobilas&#8221;"}]},{"@type":"WebSite","@id":"https:\/\/ares.lt\/#website","url":"https:\/\/ares.lt\/","name":"ARES Schmuck","description":"Goldschmuck","publisher":{"@id":"https:\/\/ares.lt\/#organization"},"potentialAction":[{"@type":"SearchAction","target":{"@type":"EntryPoint","urlTemplate":"https:\/\/ares.lt\/?s={search_term_string}"},"query-input":{"@type":"PropertyValueSpecification","valueRequired":true,"valueName":"search_term_string"}}],"inLanguage":"de"},{"@type":"Organization","@id":"https:\/\/ares.lt\/#organization","name":"Ares Jewelry Goldschmuck","url":"https:\/\/ares.lt\/","logo":{"@type":"ImageObject","inLanguage":"de","@id":"https:\/\/ares.lt\/#\/schema\/logo\/image\/","url":"https:\/\/i0.wp.com\/ares.lt\/wp-content\/uploads\/2022\/03\/ares-text-logo-1.png?fit=417%2C122&ssl=1","contentUrl":"https:\/\/i0.wp.com\/ares.lt\/wp-content\/uploads\/2022\/03\/ares-text-logo-1.png?fit=417%2C122&ssl=1","width":417,"height":122,"caption":"Ares Juvelyrika auksiniai papuosalai"},"image":{"@id":"https:\/\/ares.lt\/#\/schema\/logo\/image\/"},"sameAs":["https:\/\/www.facebook.com\/AresJewellery","https:\/\/www.instagram.com\/ares_juvelyrika\/"]}]}},"_links":{"self":[{"href":"https:\/\/ares.lt\/de\/wp-json\/wp\/v2\/product\/17814","targetHints":{"allow":["GET"]}}],"collection":[{"href":"https:\/\/ares.lt\/de\/wp-json\/wp\/v2\/product"}],"about":[{"href":"https:\/\/ares.lt\/de\/wp-json\/wp\/v2\/types\/product"}],"replies":[{"embeddable":true,"href":"https:\/\/ares.lt\/de\/wp-json\/wp\/v2\/comments?post=17814"}],"wp:featuredmedia":[{"embeddable":true,"href":"https:\/\/ares.lt\/de\/wp-json\/wp\/v2\/media\/17816"}],"wp:attachment":[{"href":"https:\/\/ares.lt\/de\/wp-json\/wp\/v2\/media?parent=17814"}],"wp:term":[{"taxonomy":"product_cat","embeddable":true,"href":"https:\/\/ares.lt\/de\/wp-json\/wp\/v2\/product_cat?post=17814"},{"taxonomy":"product_tag","embeddable":true,"href":"https:\/\/ares.lt\/de\/wp-json\/wp\/v2\/product_tag?post=17814"}],"curies":[{"name":"wp","href":"https:\/\/api.w.org\/{rel}","templated":true}]}}