{"id":3890,"date":"2022-03-13T09:35:30","date_gmt":"2022-03-13T09:35:30","guid":{"rendered":"http:\/\/ares2.store\/?post_type=product&#038;p=3890"},"modified":"2026-01-25T22:20:35","modified_gmt":"2026-01-25T20:20:35","slug":"goldohrringe-set-2","status":"publish","type":"product","link":"https:\/\/ares.lt\/de\/parduotuve\/auksiniai-auskarai-rinkes-2\/","title":{"rendered":"Goldene Ohrringe \u201ePicks\u201c"},"content":{"rendered":"<p>Die goldenen Ohrringe \u201eRink\u0117s\u201c sind ein unverzichtbarer Akzent f\u00fcr den Stil jeder Frau und passen zu vielen Outfits. Wir bieten goldene Ohrringe mit minimalistischem, aber dennoch auff\u00e4lligem Design, passend f\u00fcr alle Anl\u00e4sse.<\/p>","protected":false},"excerpt":{"rendered":"<p>Die goldenen Ohrringe \u201eRink\u0117s\u201d sind ein unverzichtbarer Stilakzent f\u00fcr jede Frau und passen zu einer Vielzahl von Outfits. Wir bieten ein minimalistisches und doch auff\u00e4lliges...<\/p>","protected":false},"featured_media":17067,"comment_status":"open","ping_status":"closed","template":"","meta":[],"product_cat":[278,933,934,282,279,404,930,401],"product_tag":[],"class_list":{"0":"post-3890","1":"product","2":"type-product","3":"status-publish","4":"has-post-thumbnail","6":"product_cat-auskarai","7":"product_cat-auksiniai-auskarai-iki-100-eur","8":"product_cat-auksiniai-auskarai-iki-250-eur","9":"product_cat-auskarai-be-akmens","10":"product_cat-auskarai-rinkes","11":"product_cat-nuolaidos","12":"product_cat-raudono-aukso-auskarai","13":"product_cat-raudono-aukso-papuosalai","14":"tm-no-options","16":"first","17":"instock","18":"shipping-taxable","19":"purchasable","20":"product-type-variable","21":"has-default-attributes"},"yoast_head":"<!-- This site is optimized with the Yoast SEO plugin v27.4 - https:\/\/yoast.com\/product\/yoast-seo-wordpress\/ -->\n<title>Auksiniai auskarai &quot;Rink\u0117s&quot;<\/title>\n<meta name=\"description\" content=\"Auksiniai auskarai &quot;Rink\u0117s&quot; - tai b\u016btinas kiekvienos moters stiliaus akcentas, derantis su \u012fvairiausia apranga. Mes si\u016blome minimalistinio, bet tuo pa\u010diu\" \/>\n<meta name=\"robots\" content=\"index, follow, max-snippet:-1, max-image-preview:large, max-video-preview:-1\" \/>\n<link rel=\"canonical\" href=\"https:\/\/ares.lt\/de\/im-laden\/goldohrringe-set-2\/\" \/>\n<meta property=\"og:locale\" content=\"de_DE\" \/>\n<meta property=\"og:type\" content=\"article\" \/>\n<meta property=\"og:title\" content=\"Auksiniai auskarai &quot;Rink\u0117s&quot;\" \/>\n<meta property=\"og:description\" content=\"Auksiniai auskarai &quot;Rink\u0117s&quot; - tai b\u016btinas kiekvienos moters stiliaus akcentas, derantis su \u012fvairiausia apranga. Mes si\u016blome minimalistinio, bet tuo pa\u010diu\" \/>\n<meta property=\"og:url\" content=\"https:\/\/ares.lt\/de\/im-laden\/goldohrringe-set-2\/\" \/>\n<meta property=\"og:site_name\" content=\"ARES Juvelyrika\" \/>\n<meta property=\"article:publisher\" content=\"https:\/\/www.facebook.com\/AresJewellery\" \/>\n<meta property=\"article:modified_time\" content=\"2026-01-25T20:20:35+00:00\" \/>\n<meta property=\"og:image\" content=\"https:\/\/ares.lt\/wp-content\/uploads\/2022\/03\/IMG_5675-1-e1737799679584.jpg\" \/>\n\t<meta property=\"og:image:width\" content=\"2600\" \/>\n\t<meta property=\"og:image:height\" content=\"2600\" \/>\n\t<meta property=\"og:image:type\" content=\"image\/jpeg\" \/>\n<meta name=\"twitter:card\" content=\"summary_large_image\" \/>\n<meta name=\"twitter:label1\" content=\"Gesch\u00e4tzte Lesezeit\" \/>\n\t<meta name=\"twitter:data1\" content=\"1\u00a0Minute\" \/>\n<script type=\"application\/ld+json\" class=\"yoast-schema-graph\">{\"@context\":\"https:\\\/\\\/schema.org\",\"@graph\":[{\"@type\":\"WebPage\",\"@id\":\"https:\\\/\\\/ares.lt\\\/parduotuve\\\/auksiniai-auskarai-rinkes-2\\\/\",\"url\":\"https:\\\/\\\/ares.lt\\\/parduotuve\\\/auksiniai-auskarai-rinkes-2\\\/\",\"name\":\"Auksiniai auskarai \\\"Rink\u0117s\\\"\",\"isPartOf\":{\"@id\":\"https:\\\/\\\/ares.lt\\\/#website\"},\"primaryImageOfPage\":{\"@id\":\"https:\\\/\\\/ares.lt\\\/parduotuve\\\/auksiniai-auskarai-rinkes-2\\\/#primaryimage\"},\"image\":{\"@id\":\"https:\\\/\\\/ares.lt\\\/parduotuve\\\/auksiniai-auskarai-rinkes-2\\\/#primaryimage\"},\"thumbnailUrl\":\"https:\\\/\\\/ares.lt\\\/wp-content\\\/uploads\\\/2022\\\/03\\\/IMG_5675-1-e1737799679584.jpg\",\"datePublished\":\"2022-03-13T09:35:30+00:00\",\"dateModified\":\"2026-01-25T20:20:35+00:00\",\"description\":\"Auksiniai auskarai \\\"Rink\u0117s\\\" - tai b\u016btinas kiekvienos moters stiliaus akcentas, derantis su \u012fvairiausia apranga. Mes si\u016blome minimalistinio, bet tuo pa\u010diu\",\"breadcrumb\":{\"@id\":\"https:\\\/\\\/ares.lt\\\/parduotuve\\\/auksiniai-auskarai-rinkes-2\\\/#breadcrumb\"},\"inLanguage\":\"de\",\"potentialAction\":[{\"@type\":\"ReadAction\",\"target\":[\"https:\\\/\\\/ares.lt\\\/parduotuve\\\/auksiniai-auskarai-rinkes-2\\\/\"]}]},{\"@type\":\"ImageObject\",\"inLanguage\":\"de\",\"@id\":\"https:\\\/\\\/ares.lt\\\/parduotuve\\\/auksiniai-auskarai-rinkes-2\\\/#primaryimage\",\"url\":\"https:\\\/\\\/ares.lt\\\/wp-content\\\/uploads\\\/2022\\\/03\\\/IMG_5675-1-e1737799679584.jpg\",\"contentUrl\":\"https:\\\/\\\/ares.lt\\\/wp-content\\\/uploads\\\/2022\\\/03\\\/IMG_5675-1-e1737799679584.jpg\",\"width\":2600,\"height\":2600,\"caption\":\"Auksiniai auskarai \\\"Rink\u0117s\\\"\"},{\"@type\":\"BreadcrumbList\",\"@id\":\"https:\\\/\\\/ares.lt\\\/parduotuve\\\/auksiniai-auskarai-rinkes-2\\\/#breadcrumb\",\"itemListElement\":[{\"@type\":\"ListItem\",\"position\":1,\"name\":\"Auksiniai papuo\u0161alai\",\"item\":\"https:\\\/\\\/ares.lt\\\/\"},{\"@type\":\"ListItem\",\"position\":2,\"name\":\"Parduotuv\u0117\",\"item\":\"https:\\\/\\\/ares.lt\\\/parduotuve\\\/\"},{\"@type\":\"ListItem\",\"position\":3,\"name\":\"Auksiniai auskarai &#8222;Rink\u0117s&#8221;\"}]},{\"@type\":\"WebSite\",\"@id\":\"https:\\\/\\\/ares.lt\\\/#website\",\"url\":\"https:\\\/\\\/ares.lt\\\/\",\"name\":\"ARES Juvelyrika\",\"description\":\"Auksiniai papuo\u0161alai\",\"publisher\":{\"@id\":\"https:\\\/\\\/ares.lt\\\/#organization\"},\"potentialAction\":[{\"@type\":\"SearchAction\",\"target\":{\"@type\":\"EntryPoint\",\"urlTemplate\":\"https:\\\/\\\/ares.lt\\\/?s={search_term_string}\"},\"query-input\":{\"@type\":\"PropertyValueSpecification\",\"valueRequired\":true,\"valueName\":\"search_term_string\"}}],\"inLanguage\":\"de\"},{\"@type\":\"Organization\",\"@id\":\"https:\\\/\\\/ares.lt\\\/#organization\",\"name\":\"Ares Juvelyrika auksiniai papuosalai\",\"url\":\"https:\\\/\\\/ares.lt\\\/\",\"logo\":{\"@type\":\"ImageObject\",\"inLanguage\":\"de\",\"@id\":\"https:\\\/\\\/ares.lt\\\/#\\\/schema\\\/logo\\\/image\\\/\",\"url\":\"https:\\\/\\\/i0.wp.com\\\/ares.lt\\\/wp-content\\\/uploads\\\/2022\\\/03\\\/ares-text-logo-1.png?fit=417%2C122&ssl=1\",\"contentUrl\":\"https:\\\/\\\/i0.wp.com\\\/ares.lt\\\/wp-content\\\/uploads\\\/2022\\\/03\\\/ares-text-logo-1.png?fit=417%2C122&ssl=1\",\"width\":417,\"height\":122,\"caption\":\"Ares Juvelyrika auksiniai papuosalai\"},\"image\":{\"@id\":\"https:\\\/\\\/ares.lt\\\/#\\\/schema\\\/logo\\\/image\\\/\"},\"sameAs\":[\"https:\\\/\\\/www.facebook.com\\\/AresJewellery\",\"https:\\\/\\\/www.instagram.com\\\/ares_juvelyrika\\\/\"]}]}<\/script>\n<!-- \/ Yoast SEO plugin. -->","yoast_head_json":{"title":"Goldene Ohrringe \u201eRink\u0117s\u201c","description":"Die goldenen Ohrringe \u201eRink\u0117s\u201c sind ein Must-have f\u00fcr den Stil jeder Frau und passen zu einer Vielzahl von Outfits. Wir bieten ein minimalistisches, aber gleichzeitig","robots":{"index":"index","follow":"follow","max-snippet":"max-snippet:-1","max-image-preview":"max-image-preview:large","max-video-preview":"max-video-preview:-1"},"canonical":"https:\/\/ares.lt\/de\/im-laden\/goldohrringe-set-2\/","og_locale":"de_DE","og_type":"article","og_title":"Auksiniai auskarai \"Rink\u0117s\"","og_description":"Auksiniai auskarai \"Rink\u0117s\" - tai b\u016btinas kiekvienos moters stiliaus akcentas, derantis su \u012fvairiausia apranga. Mes si\u016blome minimalistinio, bet tuo pa\u010diu","og_url":"https:\/\/ares.lt\/de\/im-laden\/goldohrringe-set-2\/","og_site_name":"ARES Juvelyrika","article_publisher":"https:\/\/www.facebook.com\/AresJewellery","article_modified_time":"2026-01-25T20:20:35+00:00","og_image":[{"width":2600,"height":2600,"url":"https:\/\/ares.lt\/wp-content\/uploads\/2022\/03\/IMG_5675-1-e1737799679584.jpg","type":"image\/jpeg"}],"twitter_card":"summary_large_image","twitter_misc":{"Gesch\u00e4tzte Lesezeit":"1\u00a0Minute"},"schema":{"@context":"https:\/\/schema.org","@graph":[{"@type":"WebPage","@id":"https:\/\/ares.lt\/parduotuve\/auksiniai-auskarai-rinkes-2\/","url":"https:\/\/ares.lt\/parduotuve\/auksiniai-auskarai-rinkes-2\/","name":"Goldene Ohrringe \u201eRink\u0117s\u201c","isPartOf":{"@id":"https:\/\/ares.lt\/#website"},"primaryImageOfPage":{"@id":"https:\/\/ares.lt\/parduotuve\/auksiniai-auskarai-rinkes-2\/#primaryimage"},"image":{"@id":"https:\/\/ares.lt\/parduotuve\/auksiniai-auskarai-rinkes-2\/#primaryimage"},"thumbnailUrl":"https:\/\/ares.lt\/wp-content\/uploads\/2022\/03\/IMG_5675-1-e1737799679584.jpg","datePublished":"2022-03-13T09:35:30+00:00","dateModified":"2026-01-25T20:20:35+00:00","description":"Die goldenen Ohrringe \u201eRink\u0117s\u201c sind ein Must-have f\u00fcr den Stil jeder Frau und passen zu einer Vielzahl von Outfits. Wir bieten ein minimalistisches, aber gleichzeitig","breadcrumb":{"@id":"https:\/\/ares.lt\/parduotuve\/auksiniai-auskarai-rinkes-2\/#breadcrumb"},"inLanguage":"de","potentialAction":[{"@type":"ReadAction","target":["https:\/\/ares.lt\/parduotuve\/auksiniai-auskarai-rinkes-2\/"]}]},{"@type":"ImageObject","inLanguage":"de","@id":"https:\/\/ares.lt\/parduotuve\/auksiniai-auskarai-rinkes-2\/#primaryimage","url":"https:\/\/ares.lt\/wp-content\/uploads\/2022\/03\/IMG_5675-1-e1737799679584.jpg","contentUrl":"https:\/\/ares.lt\/wp-content\/uploads\/2022\/03\/IMG_5675-1-e1737799679584.jpg","width":2600,"height":2600,"caption":"Auksiniai auskarai \"Rink\u0117s\""},{"@type":"BreadcrumbList","@id":"https:\/\/ares.lt\/parduotuve\/auksiniai-auskarai-rinkes-2\/#breadcrumb","itemListElement":[{"@type":"ListItem","position":1,"name":"Auksiniai papuo\u0161alai","item":"https:\/\/ares.lt\/"},{"@type":"ListItem","position":2,"name":"Parduotuv\u0117","item":"https:\/\/ares.lt\/parduotuve\/"},{"@type":"ListItem","position":3,"name":"Auksiniai auskarai &#8222;Rink\u0117s&#8221;"}]},{"@type":"WebSite","@id":"https:\/\/ares.lt\/#website","url":"https:\/\/ares.lt\/","name":"ARES Schmuck","description":"Goldschmuck","publisher":{"@id":"https:\/\/ares.lt\/#organization"},"potentialAction":[{"@type":"SearchAction","target":{"@type":"EntryPoint","urlTemplate":"https:\/\/ares.lt\/?s={search_term_string}"},"query-input":{"@type":"PropertyValueSpecification","valueRequired":true,"valueName":"search_term_string"}}],"inLanguage":"de"},{"@type":"Organization","@id":"https:\/\/ares.lt\/#organization","name":"Ares Jewelry Goldschmuck","url":"https:\/\/ares.lt\/","logo":{"@type":"ImageObject","inLanguage":"de","@id":"https:\/\/ares.lt\/#\/schema\/logo\/image\/","url":"https:\/\/i0.wp.com\/ares.lt\/wp-content\/uploads\/2022\/03\/ares-text-logo-1.png?fit=417%2C122&ssl=1","contentUrl":"https:\/\/i0.wp.com\/ares.lt\/wp-content\/uploads\/2022\/03\/ares-text-logo-1.png?fit=417%2C122&ssl=1","width":417,"height":122,"caption":"Ares Juvelyrika auksiniai papuosalai"},"image":{"@id":"https:\/\/ares.lt\/#\/schema\/logo\/image\/"},"sameAs":["https:\/\/www.facebook.com\/AresJewellery","https:\/\/www.instagram.com\/ares_juvelyrika\/"]}]}},"_links":{"self":[{"href":"https:\/\/ares.lt\/de\/wp-json\/wp\/v2\/product\/3890","targetHints":{"allow":["GET"]}}],"collection":[{"href":"https:\/\/ares.lt\/de\/wp-json\/wp\/v2\/product"}],"about":[{"href":"https:\/\/ares.lt\/de\/wp-json\/wp\/v2\/types\/product"}],"replies":[{"embeddable":true,"href":"https:\/\/ares.lt\/de\/wp-json\/wp\/v2\/comments?post=3890"}],"wp:featuredmedia":[{"embeddable":true,"href":"https:\/\/ares.lt\/de\/wp-json\/wp\/v2\/media\/17067"}],"wp:attachment":[{"href":"https:\/\/ares.lt\/de\/wp-json\/wp\/v2\/media?parent=3890"}],"wp:term":[{"taxonomy":"product_cat","embeddable":true,"href":"https:\/\/ares.lt\/de\/wp-json\/wp\/v2\/product_cat?post=3890"},{"taxonomy":"product_tag","embeddable":true,"href":"https:\/\/ares.lt\/de\/wp-json\/wp\/v2\/product_tag?post=3890"}],"curies":[{"name":"wp","href":"https:\/\/api.w.org\/{rel}","templated":true}]}}