{"id":10172,"date":"2022-04-15T21:14:39","date_gmt":"2022-04-15T19:14:39","guid":{"rendered":"https:\/\/ares.lt\/?post_type=product&#038;p=10172"},"modified":"2026-04-13T13:57:30","modified_gmt":"2026-04-13T11:57:30","slug":"oonuksparadiisi-kaevoru","status":"publish","type":"product","link":"https:\/\/ares.lt\/et\/parduotuve\/apyranke-oniksu-rojus\/","title":{"rendered":"Kuldk\u00e4ev\u00f5ru &quot;3 musta ristikut&quot;"},"content":{"rendered":"<h2>Kuldk\u00e4ev\u00f5ru &quot;3 musta ristikut&quot;<\/h2>\n<p>See elegantne ristikukujuline <strong>kuldne k\u00e4ev\u00f5ru<\/strong> on valmistatud ehtsast 585 kullast ja naturaalsest oon\u00fcksist. Just see kuldk\u00e4ev\u00f5ru paistab silma oma \u00f5rna disaini ja luksuse poolest, samas kui must oon\u00fcks lisab eksklusiivsust ja peenust.<\/p>\n<p>&nbsp;<\/p>\n<p>Seda kuldk\u00e4ev\u00f5ru saab kombineerida ka j\u00e4rgmiste toodetega:<\/p>\n<p><a href=\"https:\/\/ares.lt\/et\/poes\/oonuksripatsiga-kett\/\" target=\"_blank\" rel=\"noopener\">Kullakett ripatsiga &quot;Must ristik&quot;<\/a><\/p>\n<p><a href=\"https:\/\/ares.lt\/et\/poes\/oonuksripatsiga-kett\/\"><img fetchpriority=\"high\" decoding=\"async\" class=\"alignnone wp-image-15567 size-full\" src=\"https:\/\/ares.lt\/wp-content\/uploads\/2022\/08\/Untitled-design-53.png\" alt=\"Kuldkett ripatsiga &quot;Must ristik&quot;\" width=\"500\" height=\"500\" srcset=\"https:\/\/ares.lt\/wp-content\/uploads\/2022\/08\/Untitled-design-53.png 500w, https:\/\/ares.lt\/wp-content\/uploads\/2022\/08\/Untitled-design-53-300x300.png 300w, https:\/\/ares.lt\/wp-content\/uploads\/2022\/08\/Untitled-design-53-100x100.png 100w, https:\/\/ares.lt\/wp-content\/uploads\/2022\/08\/Untitled-design-53-200x200.png 200w, https:\/\/ares.lt\/wp-content\/uploads\/2022\/08\/Untitled-design-53-145x145.png 145w, https:\/\/ares.lt\/wp-content\/uploads\/2022\/08\/Untitled-design-53-50x50.png 50w\" sizes=\"(max-width: 500px) 100vw, 500px\" \/><\/a><\/p>\n<p><a href=\"https:\/\/ares.lt\/et\/poes\/oonukskorvarongad\/\" target=\"_blank\" rel=\"noopener\">Kullak\u00f5rvar\u00f5ngad &quot;Must ristik&quot;<\/a><\/p>\n<p><a href=\"https:\/\/ares.lt\/et\/poes\/oonukskorvarongad\/\"><img decoding=\"async\" class=\"alignnone wp-image-15572 size-full\" src=\"https:\/\/ares.lt\/wp-content\/uploads\/2022\/03\/Untitled-design-58.png\" alt=\"Kullak\u00f5rvar\u00f5ngad &quot;Must ristik&quot;\" width=\"500\" height=\"500\" srcset=\"https:\/\/ares.lt\/wp-content\/uploads\/2022\/03\/Untitled-design-58.png 500w, https:\/\/ares.lt\/wp-content\/uploads\/2022\/03\/Untitled-design-58-300x300.png 300w, https:\/\/ares.lt\/wp-content\/uploads\/2022\/03\/Untitled-design-58-100x100.png 100w, https:\/\/ares.lt\/wp-content\/uploads\/2022\/03\/Untitled-design-58-200x200.png 200w, https:\/\/ares.lt\/wp-content\/uploads\/2022\/03\/Untitled-design-58-145x145.png 145w, https:\/\/ares.lt\/wp-content\/uploads\/2022\/03\/Untitled-design-58-50x50.png 50w\" sizes=\"(max-width: 500px) 100vw, 500px\" \/><\/a><\/p>\n<p><a href=\"https:\/\/ares.lt\/et\/poes\/korvarongad-inglise-oonuksist\/\" target=\"_blank\" rel=\"noopener\">Kuldsed k\u00f5rvar\u00f5ngad inglise lukuga &quot;Must ristik&quot;<\/a><\/p>\n<p><a href=\"https:\/\/ares.lt\/et\/poes\/korvarongad-inglise-oonuksist\/\"><img decoding=\"async\" class=\"alignnone wp-image-15573 size-full\" src=\"https:\/\/ares.lt\/wp-content\/uploads\/2022\/03\/Untitled-design-59.png\" alt=\"Kullak\u00f5rvar\u00f5ngad inglise lukuga &quot;Must ristik&quot;\" width=\"500\" height=\"500\" srcset=\"https:\/\/ares.lt\/wp-content\/uploads\/2022\/03\/Untitled-design-59.png 500w, https:\/\/ares.lt\/wp-content\/uploads\/2022\/03\/Untitled-design-59-300x300.png 300w, https:\/\/ares.lt\/wp-content\/uploads\/2022\/03\/Untitled-design-59-100x100.png 100w, https:\/\/ares.lt\/wp-content\/uploads\/2022\/03\/Untitled-design-59-200x200.png 200w, https:\/\/ares.lt\/wp-content\/uploads\/2022\/03\/Untitled-design-59-145x145.png 145w, https:\/\/ares.lt\/wp-content\/uploads\/2022\/03\/Untitled-design-59-50x50.png 50w\" sizes=\"(max-width: 500px) 100vw, 500px\" \/><\/a><\/p>\n<h3>Mis on kuldk\u00e4ev\u00f5ru &quot;Clover&quot; juures erilist?<\/h3>\n<p>\u00d6eldakse, et igal ristikulehel on eriline t\u00e4hendus: esimene - usk, teine - lootus, kolmas - armastus ja neljas - \u00f5nn. Seet\u00f5ttu peetakse neljalehelisi ristikuid erilisteks ja haruldasteks looduseimedeks.<\/p>\n<p>Neljaleheline ristik v\u00f5i selle kujuga kuldne ehe v\u00f5ib olla suurep\u00e4rane kingitus, mis toob suurt \u00f5nne. Sellise kingituse s\u00fcmboolika on eriline, mist\u00f5ttu on eriti populaarsed neljalehelise ristiku kujuga ehted, n\u00e4iteks kuldk\u00e4ev\u00f5rud. Need pole mitte ainult ilusad, vaid neil on ka s\u00fcgav t\u00e4hendus, mis toob nende omanikule \u00f5nne.<\/p>\n<p>Kuldse ristikuga k\u00e4ev\u00f5rud on suurep\u00e4rane viis ilu ja s\u00fcmboolika \u00fchendamiseks. Need ehted mitte ainult ei too esile teie stiili, vaid v\u00f5ivad olla ka suurep\u00e4raseks vestluse alustajaks, tuletades teile meelde \u00f5nne ja lootuse olulisust elus.<\/p>\n<p>Kuldk\u00e4ev\u00f5rude valimisel ristikuga ei vali te mitte ainult elegantsi, vaid ka t\u00e4hendusrikka s\u00fcmboli. \u00c4rge unustage, et neljaleheline ristik ja selle s\u00fcmboolika v\u00f5ivad teie ehtekollektsioonile lisav\u00e4\u00e4rtust anda.<\/p>","protected":false},"excerpt":{"rendered":"<p>Auksin\u0117 Apyrank\u0117 &#8222;3 Juodi dobilai&#8221; \u0160i eleganti\u0161ka dobilo formos auksin\u0117 apyrank\u0117 yra pagaminta i\u0161 tikro 585 prabos aukso ir nat\u016bralaus onikso akmens.&hellip;<\/p>","protected":false},"featured_media":14237,"comment_status":"open","ping_status":"closed","template":"","meta":[],"product_cat":[247,1000,258,989,982,357,404,977,401,738],"product_tag":[],"class_list":{"0":"post-10172","1":"product","2":"type-product","3":"status-publish","4":"has-post-thumbnail","6":"product_cat-apyrankes","7":"product_cat-auksine-apyranke-su-oniksu","8":"product_cat-auksines-apyrankes","9":"product_cat-auksines-apyrankes-dobilas","10":"product_cat-auksines-apyrankes-iki-500-eur","11":"product_cat-kolekcija-dobilas","12":"product_cat-nuolaidos","13":"product_cat-raudono-aukso-apyrankes","14":"product_cat-raudono-aukso-papuosalai","15":"product_cat-sekmes-dobilai","16":"tm-no-options","18":"first","19":"instock","20":"sale","21":"featured","22":"shipping-taxable","23":"purchasable","24":"product-type-variable","25":"has-default-attributes"},"yoast_head":"<!-- This site is optimized with the Yoast SEO plugin v27.4 - https:\/\/yoast.com\/product\/yoast-seo-wordpress\/ -->\n<title>Auksin\u0117 Apyrank\u0117 &quot;3 Juodi dobilai&quot;<\/title>\n<meta name=\"description\" content=\"Auksin\u0117 Apyrank\u0117 &quot;3 Juodi dobilai&quot; \u0160i eleganti\u0161ka dobilo formos auksin\u0117 apyrank\u0117 yra pagaminta i\u0161 tikro 585 prabos aukso ir nat\u016bralaus onikso akmens.\" \/>\n<meta name=\"robots\" content=\"index, follow, max-snippet:-1, max-image-preview:large, max-video-preview:-1\" \/>\n<link rel=\"canonical\" href=\"https:\/\/ares.lt\/et\/poes\/oonuksparadiisi-kaevoru\/\" \/>\n<meta property=\"og:locale\" content=\"et_EE\" \/>\n<meta property=\"og:type\" content=\"article\" \/>\n<meta property=\"og:title\" content=\"Auksin\u0117 Apyrank\u0117 &quot;3 Juodi dobilai&quot;\" \/>\n<meta property=\"og:description\" content=\"Auksin\u0117 Apyrank\u0117 &quot;3 Juodi dobilai&quot; \u0160i eleganti\u0161ka dobilo formos auksin\u0117 apyrank\u0117 yra pagaminta i\u0161 tikro 585 prabos aukso ir nat\u016bralaus onikso akmens.\" \/>\n<meta property=\"og:url\" content=\"https:\/\/ares.lt\/et\/poes\/oonuksparadiisi-kaevoru\/\" \/>\n<meta property=\"og:site_name\" content=\"ARES Juvelyrika\" \/>\n<meta property=\"article:publisher\" content=\"https:\/\/www.facebook.com\/AresJewellery\" \/>\n<meta property=\"article:modified_time\" content=\"2026-04-13T11:57:30+00:00\" \/>\n<meta property=\"og:image\" content=\"https:\/\/ares.lt\/wp-content\/uploads\/2022\/04\/Mazas-7x7mm-11-1-scaled.jpg\" \/>\n\t<meta property=\"og:image:width\" content=\"3360\" \/>\n\t<meta property=\"og:image:height\" content=\"3360\" \/>\n\t<meta property=\"og:image:type\" content=\"image\/jpeg\" \/>\n<meta name=\"twitter:card\" content=\"summary_large_image\" \/>\n<meta name=\"twitter:label1\" content=\"Est. reading time\" \/>\n\t<meta name=\"twitter:data1\" content=\"1 minut\" \/>\n<script type=\"application\/ld+json\" class=\"yoast-schema-graph\">{\"@context\":\"https:\\\/\\\/schema.org\",\"@graph\":[{\"@type\":\"WebPage\",\"@id\":\"https:\\\/\\\/ares.lt\\\/parduotuve\\\/apyranke-oniksu-rojus\\\/\",\"url\":\"https:\\\/\\\/ares.lt\\\/parduotuve\\\/apyranke-oniksu-rojus\\\/\",\"name\":\"Auksin\u0117 Apyrank\u0117 \\\"3 Juodi dobilai\\\"\",\"isPartOf\":{\"@id\":\"https:\\\/\\\/ares.lt\\\/#website\"},\"primaryImageOfPage\":{\"@id\":\"https:\\\/\\\/ares.lt\\\/parduotuve\\\/apyranke-oniksu-rojus\\\/#primaryimage\"},\"image\":{\"@id\":\"https:\\\/\\\/ares.lt\\\/parduotuve\\\/apyranke-oniksu-rojus\\\/#primaryimage\"},\"thumbnailUrl\":\"https:\\\/\\\/ares.lt\\\/wp-content\\\/uploads\\\/2022\\\/04\\\/Mazas-7x7mm-11-1-scaled.jpg\",\"datePublished\":\"2022-04-15T19:14:39+00:00\",\"dateModified\":\"2026-04-13T11:57:30+00:00\",\"description\":\"Auksin\u0117 Apyrank\u0117 \\\"3 Juodi dobilai\\\" \u0160i eleganti\u0161ka dobilo formos auksin\u0117 apyrank\u0117 yra pagaminta i\u0161 tikro 585 prabos aukso ir nat\u016bralaus onikso akmens.\",\"breadcrumb\":{\"@id\":\"https:\\\/\\\/ares.lt\\\/parduotuve\\\/apyranke-oniksu-rojus\\\/#breadcrumb\"},\"inLanguage\":\"et\",\"potentialAction\":[{\"@type\":\"ReadAction\",\"target\":[\"https:\\\/\\\/ares.lt\\\/parduotuve\\\/apyranke-oniksu-rojus\\\/\"]}]},{\"@type\":\"ImageObject\",\"inLanguage\":\"et\",\"@id\":\"https:\\\/\\\/ares.lt\\\/parduotuve\\\/apyranke-oniksu-rojus\\\/#primaryimage\",\"url\":\"https:\\\/\\\/ares.lt\\\/wp-content\\\/uploads\\\/2022\\\/04\\\/Mazas-7x7mm-11-1-scaled.jpg\",\"contentUrl\":\"https:\\\/\\\/ares.lt\\\/wp-content\\\/uploads\\\/2022\\\/04\\\/Mazas-7x7mm-11-1-scaled.jpg\",\"width\":3360,\"height\":3360,\"caption\":\"Auksine apyranke dobilas\"},{\"@type\":\"BreadcrumbList\",\"@id\":\"https:\\\/\\\/ares.lt\\\/parduotuve\\\/apyranke-oniksu-rojus\\\/#breadcrumb\",\"itemListElement\":[{\"@type\":\"ListItem\",\"position\":1,\"name\":\"Auksiniai papuo\u0161alai\",\"item\":\"https:\\\/\\\/ares.lt\\\/\"},{\"@type\":\"ListItem\",\"position\":2,\"name\":\"Parduotuv\u0117\",\"item\":\"https:\\\/\\\/ares.lt\\\/parduotuve\\\/\"},{\"@type\":\"ListItem\",\"position\":3,\"name\":\"Auksin\u0117 Apyrank\u0117 &#8222;3 Juodi dobilai&#8221;\"}]},{\"@type\":\"WebSite\",\"@id\":\"https:\\\/\\\/ares.lt\\\/#website\",\"url\":\"https:\\\/\\\/ares.lt\\\/\",\"name\":\"ARES Juvelyrika\",\"description\":\"Auksiniai papuo\u0161alai\",\"publisher\":{\"@id\":\"https:\\\/\\\/ares.lt\\\/#organization\"},\"potentialAction\":[{\"@type\":\"SearchAction\",\"target\":{\"@type\":\"EntryPoint\",\"urlTemplate\":\"https:\\\/\\\/ares.lt\\\/?s={search_term_string}\"},\"query-input\":{\"@type\":\"PropertyValueSpecification\",\"valueRequired\":true,\"valueName\":\"search_term_string\"}}],\"inLanguage\":\"et\"},{\"@type\":\"Organization\",\"@id\":\"https:\\\/\\\/ares.lt\\\/#organization\",\"name\":\"Ares Juvelyrika auksiniai papuosalai\",\"url\":\"https:\\\/\\\/ares.lt\\\/\",\"logo\":{\"@type\":\"ImageObject\",\"inLanguage\":\"et\",\"@id\":\"https:\\\/\\\/ares.lt\\\/#\\\/schema\\\/logo\\\/image\\\/\",\"url\":\"https:\\\/\\\/i0.wp.com\\\/ares.lt\\\/wp-content\\\/uploads\\\/2022\\\/03\\\/ares-text-logo-1.png?fit=417%2C122&ssl=1\",\"contentUrl\":\"https:\\\/\\\/i0.wp.com\\\/ares.lt\\\/wp-content\\\/uploads\\\/2022\\\/03\\\/ares-text-logo-1.png?fit=417%2C122&ssl=1\",\"width\":417,\"height\":122,\"caption\":\"Ares Juvelyrika auksiniai papuosalai\"},\"image\":{\"@id\":\"https:\\\/\\\/ares.lt\\\/#\\\/schema\\\/logo\\\/image\\\/\"},\"sameAs\":[\"https:\\\/\\\/www.facebook.com\\\/AresJewellery\",\"https:\\\/\\\/www.instagram.com\\\/ares_juvelyrika\\\/\"]}]}<\/script>\n<!-- \/ Yoast SEO plugin. -->","yoast_head_json":{"title":"Kuldk\u00e4ev\u00f5ru &quot;3 musta ristikut&quot;","description":"Kullak\u00e4ev\u00f5ru &quot;3 musta ristikut&quot; See elegantne ristikukujuline kuldk\u00e4ev\u00f5ru on valmistatud ehtsast 585 kullast ja naturaalsest oon\u00fcksist.","robots":{"index":"index","follow":"follow","max-snippet":"max-snippet:-1","max-image-preview":"max-image-preview:large","max-video-preview":"max-video-preview:-1"},"canonical":"https:\/\/ares.lt\/et\/poes\/oonuksparadiisi-kaevoru\/","og_locale":"et_EE","og_type":"article","og_title":"Auksin\u0117 Apyrank\u0117 \"3 Juodi dobilai\"","og_description":"Auksin\u0117 Apyrank\u0117 \"3 Juodi dobilai\" \u0160i eleganti\u0161ka dobilo formos auksin\u0117 apyrank\u0117 yra pagaminta i\u0161 tikro 585 prabos aukso ir nat\u016bralaus onikso akmens.","og_url":"https:\/\/ares.lt\/et\/poes\/oonuksparadiisi-kaevoru\/","og_site_name":"ARES Juvelyrika","article_publisher":"https:\/\/www.facebook.com\/AresJewellery","article_modified_time":"2026-04-13T11:57:30+00:00","og_image":[{"width":3360,"height":3360,"url":"https:\/\/ares.lt\/wp-content\/uploads\/2022\/04\/Mazas-7x7mm-11-1-scaled.jpg","type":"image\/jpeg"}],"twitter_card":"summary_large_image","twitter_misc":{"Est. reading time":"1 minut"},"schema":{"@context":"https:\/\/schema.org","@graph":[{"@type":"WebPage","@id":"https:\/\/ares.lt\/parduotuve\/apyranke-oniksu-rojus\/","url":"https:\/\/ares.lt\/parduotuve\/apyranke-oniksu-rojus\/","name":"Kuldk\u00e4ev\u00f5ru &quot;3 musta ristikut&quot;","isPartOf":{"@id":"https:\/\/ares.lt\/#website"},"primaryImageOfPage":{"@id":"https:\/\/ares.lt\/parduotuve\/apyranke-oniksu-rojus\/#primaryimage"},"image":{"@id":"https:\/\/ares.lt\/parduotuve\/apyranke-oniksu-rojus\/#primaryimage"},"thumbnailUrl":"https:\/\/ares.lt\/wp-content\/uploads\/2022\/04\/Mazas-7x7mm-11-1-scaled.jpg","datePublished":"2022-04-15T19:14:39+00:00","dateModified":"2026-04-13T11:57:30+00:00","description":"Kullak\u00e4ev\u00f5ru &quot;3 musta ristikut&quot; See elegantne ristikukujuline kuldk\u00e4ev\u00f5ru on valmistatud ehtsast 585 kullast ja naturaalsest oon\u00fcksist.","breadcrumb":{"@id":"https:\/\/ares.lt\/parduotuve\/apyranke-oniksu-rojus\/#breadcrumb"},"inLanguage":"et","potentialAction":[{"@type":"ReadAction","target":["https:\/\/ares.lt\/parduotuve\/apyranke-oniksu-rojus\/"]}]},{"@type":"ImageObject","inLanguage":"et","@id":"https:\/\/ares.lt\/parduotuve\/apyranke-oniksu-rojus\/#primaryimage","url":"https:\/\/ares.lt\/wp-content\/uploads\/2022\/04\/Mazas-7x7mm-11-1-scaled.jpg","contentUrl":"https:\/\/ares.lt\/wp-content\/uploads\/2022\/04\/Mazas-7x7mm-11-1-scaled.jpg","width":3360,"height":3360,"caption":"Auksine apyranke dobilas"},{"@type":"BreadcrumbList","@id":"https:\/\/ares.lt\/parduotuve\/apyranke-oniksu-rojus\/#breadcrumb","itemListElement":[{"@type":"ListItem","position":1,"name":"Auksiniai papuo\u0161alai","item":"https:\/\/ares.lt\/"},{"@type":"ListItem","position":2,"name":"Parduotuv\u0117","item":"https:\/\/ares.lt\/parduotuve\/"},{"@type":"ListItem","position":3,"name":"Auksin\u0117 Apyrank\u0117 &#8222;3 Juodi dobilai&#8221;"}]},{"@type":"WebSite","@id":"https:\/\/ares.lt\/#website","url":"https:\/\/ares.lt\/","name":"ARES Ehted","description":"Kuldsed ehted","publisher":{"@id":"https:\/\/ares.lt\/#organization"},"potentialAction":[{"@type":"SearchAction","target":{"@type":"EntryPoint","urlTemplate":"https:\/\/ares.lt\/?s={search_term_string}"},"query-input":{"@type":"PropertyValueSpecification","valueRequired":true,"valueName":"search_term_string"}}],"inLanguage":"et"},{"@type":"Organization","@id":"https:\/\/ares.lt\/#organization","name":"Ares Ehted kuldehted","url":"https:\/\/ares.lt\/","logo":{"@type":"ImageObject","inLanguage":"et","@id":"https:\/\/ares.lt\/#\/schema\/logo\/image\/","url":"https:\/\/i0.wp.com\/ares.lt\/wp-content\/uploads\/2022\/03\/ares-text-logo-1.png?fit=417%2C122&ssl=1","contentUrl":"https:\/\/i0.wp.com\/ares.lt\/wp-content\/uploads\/2022\/03\/ares-text-logo-1.png?fit=417%2C122&ssl=1","width":417,"height":122,"caption":"Ares Juvelyrika auksiniai papuosalai"},"image":{"@id":"https:\/\/ares.lt\/#\/schema\/logo\/image\/"},"sameAs":["https:\/\/www.facebook.com\/AresJewellery","https:\/\/www.instagram.com\/ares_juvelyrika\/"]}]}},"_links":{"self":[{"href":"https:\/\/ares.lt\/et\/wp-json\/wp\/v2\/product\/10172","targetHints":{"allow":["GET"]}}],"collection":[{"href":"https:\/\/ares.lt\/et\/wp-json\/wp\/v2\/product"}],"about":[{"href":"https:\/\/ares.lt\/et\/wp-json\/wp\/v2\/types\/product"}],"replies":[{"embeddable":true,"href":"https:\/\/ares.lt\/et\/wp-json\/wp\/v2\/comments?post=10172"}],"wp:featuredmedia":[{"embeddable":true,"href":"https:\/\/ares.lt\/et\/wp-json\/wp\/v2\/media\/14237"}],"wp:attachment":[{"href":"https:\/\/ares.lt\/et\/wp-json\/wp\/v2\/media?parent=10172"}],"wp:term":[{"taxonomy":"product_cat","embeddable":true,"href":"https:\/\/ares.lt\/et\/wp-json\/wp\/v2\/product_cat?post=10172"},{"taxonomy":"product_tag","embeddable":true,"href":"https:\/\/ares.lt\/et\/wp-json\/wp\/v2\/product_tag?post=10172"}],"curies":[{"name":"wp","href":"https:\/\/api.w.org\/{rel}","templated":true}]}}