{"id":10893,"date":"2022-08-24T19:10:33","date_gmt":"2022-08-24T17:10:33","guid":{"rendered":"https:\/\/ares.lt\/?post_type=product&#038;p=10893"},"modified":"2026-04-03T15:30:42","modified_gmt":"2026-04-03T13:30:42","slug":"korvarongad-inglise-oonuksist","status":"publish","type":"product","link":"https:\/\/ares.lt\/et\/parduotuve\/auskarai-angliskas-oniksas\/","title":{"rendered":"Kuldsed k\u00f5rvar\u00f5ngad inglise lukuga &quot;Must ristik&quot;"},"content":{"rendered":"<h2>Kuldsed k\u00f5rvar\u00f5ngad inglise lukuga &quot;Must ristik&quot;<\/h2>\n<p>Need elegantsed ristikukujulised <strong>kuldsed k\u00f5rvar\u00f5ngad naistele<\/strong> on valmistatud ehtsast 585 kullast ja naturaalsest oon\u00fckskivist. Need kuldk\u00f5rvar\u00f5ngad paistavad silma oma \u00f5rna disaini ja luksuse poolest, samas kui must oon\u00fcks annab neile eksklusiivsuse ja elegantsi. K\u00f5rvar\u00f5ngastel on mugav ja kindel inglise pannal, mis tagab nende kindla paigalseisu ja sobivad ideaalselt nii igap\u00e4evaseks kandmiseks kui ka erilisteks s\u00fcndmusteks.<\/p>\n<p>&nbsp;<\/p>\n<p>Neid k\u00f5rvar\u00f5ngaid saab kombineerida ka j\u00e4rgmiste toodetega:<\/p>\n<p><a href=\"https:\/\/ares.lt\/et\/poes\/oonuksripatsiga-kett\/\" target=\"_blank\" rel=\"noopener\">Kullakett ripatsiga &quot;Must ristik&quot;<\/a><\/p>\n<p><a href=\"https:\/\/ares.lt\/et\/poes\/oonuksripatsiga-kett\/\"><img fetchpriority=\"high\" decoding=\"async\" class=\"alignnone wp-image-15567 size-full\" src=\"https:\/\/ares.lt\/wp-content\/uploads\/2022\/08\/Untitled-design-53.png\" alt=\"Kuldkett ripatsiga &quot;Must ristik&quot;\" width=\"500\" height=\"500\" srcset=\"https:\/\/ares.lt\/wp-content\/uploads\/2022\/08\/Untitled-design-53.png 500w, https:\/\/ares.lt\/wp-content\/uploads\/2022\/08\/Untitled-design-53-300x300.png 300w, https:\/\/ares.lt\/wp-content\/uploads\/2022\/08\/Untitled-design-53-100x100.png 100w, https:\/\/ares.lt\/wp-content\/uploads\/2022\/08\/Untitled-design-53-200x200.png 200w, https:\/\/ares.lt\/wp-content\/uploads\/2022\/08\/Untitled-design-53-145x145.png 145w, https:\/\/ares.lt\/wp-content\/uploads\/2022\/08\/Untitled-design-53-50x50.png 50w\" sizes=\"(max-width: 500px) 100vw, 500px\" \/><\/a><\/p>\n<p><a href=\"https:\/\/ares.lt\/et\/poes\/oonuksist-kaevoru\/\" target=\"_blank\" rel=\"noopener\">Kuldk\u00e4ev\u00f5ru &quot;Must ristik&quot;<\/a><\/p>\n<p><a href=\"https:\/\/ares.lt\/et\/poes\/oonuksist-kaevoru\/\"><img decoding=\"async\" class=\"alignnone wp-image-15568 size-full\" src=\"https:\/\/ares.lt\/wp-content\/uploads\/2022\/08\/Untitled-design-54.png\" alt=\"Kuldk\u00e4ev\u00f5ru &quot;Must ristik&quot;\" width=\"500\" height=\"500\" srcset=\"https:\/\/ares.lt\/wp-content\/uploads\/2022\/08\/Untitled-design-54.png 500w, https:\/\/ares.lt\/wp-content\/uploads\/2022\/08\/Untitled-design-54-300x300.png 300w, https:\/\/ares.lt\/wp-content\/uploads\/2022\/08\/Untitled-design-54-100x100.png 100w, https:\/\/ares.lt\/wp-content\/uploads\/2022\/08\/Untitled-design-54-200x200.png 200w, https:\/\/ares.lt\/wp-content\/uploads\/2022\/08\/Untitled-design-54-145x145.png 145w, https:\/\/ares.lt\/wp-content\/uploads\/2022\/08\/Untitled-design-54-50x50.png 50w\" sizes=\"(max-width: 500px) 100vw, 500px\" \/><\/a><\/p>\n<p><a href=\"https:\/\/ares.lt\/et\/poes\/oonuksparadiisi-kaevoru\/\" target=\"_blank\" rel=\"noopener\">Kuldk\u00e4ev\u00f5ru &quot;3 musta ristikut&quot;<\/a><\/p>\n<p><a href=\"https:\/\/ares.lt\/et\/poes\/oonuksparadiisi-kaevoru\/\"><img decoding=\"async\" class=\"alignnone wp-image-15569 size-full\" src=\"https:\/\/ares.lt\/wp-content\/uploads\/2022\/08\/Untitled-design-55.png\" alt=\"Kuldk\u00e4ev\u00f5ru &quot;3 musta ristikut&quot;\" width=\"500\" height=\"500\" srcset=\"https:\/\/ares.lt\/wp-content\/uploads\/2022\/08\/Untitled-design-55.png 500w, https:\/\/ares.lt\/wp-content\/uploads\/2022\/08\/Untitled-design-55-300x300.png 300w, https:\/\/ares.lt\/wp-content\/uploads\/2022\/08\/Untitled-design-55-100x100.png 100w, https:\/\/ares.lt\/wp-content\/uploads\/2022\/08\/Untitled-design-55-200x200.png 200w, https:\/\/ares.lt\/wp-content\/uploads\/2022\/08\/Untitled-design-55-145x145.png 145w, https:\/\/ares.lt\/wp-content\/uploads\/2022\/08\/Untitled-design-55-50x50.png 50w\" sizes=\"(max-width: 500px) 100vw, 500px\" \/><\/a><\/p>\n<p><a href=\"https:\/\/ares.lt\/et\/poes\/kuldne-kaevoru-5-oonuksiga\/\" target=\"_blank\" rel=\"noopener\">Kuldk\u00e4ev\u00f5ru &quot;5 musta ristikut&quot;<\/a><\/p>\n<p><a href=\"https:\/\/ares.lt\/et\/poes\/kuldne-kaevoru-5-oonuksiga\/\" rel=\"https:\/\/ares.lt\/parduotuve\/auksine-apyranke-5-oniksai\/\"><img loading=\"lazy\" decoding=\"async\" class=\"alignnone wp-image-15570 size-full\" src=\"https:\/\/ares.lt\/wp-content\/uploads\/2022\/08\/Untitled-design-56.png\" alt=\"https:\/\/ares.lt\/parduotuve\/auksine-apyranke-5-oniksai\/\" width=\"500\" height=\"500\" srcset=\"https:\/\/ares.lt\/wp-content\/uploads\/2022\/08\/Untitled-design-56.png 500w, https:\/\/ares.lt\/wp-content\/uploads\/2022\/08\/Untitled-design-56-300x300.png 300w, https:\/\/ares.lt\/wp-content\/uploads\/2022\/08\/Untitled-design-56-100x100.png 100w, https:\/\/ares.lt\/wp-content\/uploads\/2022\/08\/Untitled-design-56-200x200.png 200w, https:\/\/ares.lt\/wp-content\/uploads\/2022\/08\/Untitled-design-56-145x145.png 145w, https:\/\/ares.lt\/wp-content\/uploads\/2022\/08\/Untitled-design-56-50x50.png 50w\" sizes=\"(max-width: 500px) 100vw, 500px\" \/><\/a><\/p>\n<p><a href=\"https:\/\/ares.lt\/et\/poes\/oonuksniidist-kaevoru\/\" target=\"_blank\" rel=\"noopener\">K\u00e4ev\u00f5ru &quot;Must ristik&quot;<\/a><\/p>\n<p><a href=\"https:\/\/ares.lt\/et\/poes\/oonuksniidist-kaevoru\/\"><img loading=\"lazy\" decoding=\"async\" class=\"alignnone wp-image-15571 size-full\" src=\"https:\/\/ares.lt\/wp-content\/uploads\/2022\/08\/Untitled-design-57.png\" alt=\"K\u00e4ev\u00f5ru &quot;Must ristik&quot;\" width=\"500\" height=\"500\" srcset=\"https:\/\/ares.lt\/wp-content\/uploads\/2022\/08\/Untitled-design-57.png 500w, https:\/\/ares.lt\/wp-content\/uploads\/2022\/08\/Untitled-design-57-300x300.png 300w, https:\/\/ares.lt\/wp-content\/uploads\/2022\/08\/Untitled-design-57-100x100.png 100w, https:\/\/ares.lt\/wp-content\/uploads\/2022\/08\/Untitled-design-57-200x200.png 200w, https:\/\/ares.lt\/wp-content\/uploads\/2022\/08\/Untitled-design-57-145x145.png 145w, https:\/\/ares.lt\/wp-content\/uploads\/2022\/08\/Untitled-design-57-50x50.png 50w\" sizes=\"(max-width: 500px) 100vw, 500px\" \/><\/a><\/p>\n<h3>Mis on kuldk\u00f5rvar\u00f5ngaste &quot;Clover&quot; juures erilist?<\/h3>\n<p>\u00d6eldakse, et igal ristikulehel on eriline t\u00e4hendus: esimene - usk, teine - lootus, kolmas - armastus ja neljas - \u00f5nn. Seet\u00f5ttu peetakse neljalehelisi ristikuid erilisteks ja haruldasteks looduseimedeks.<\/p>\n<p>Neljaleheline ristik v\u00f5i selle kujuga kuldne ehe v\u00f5ib olla suurep\u00e4rane kingitus, mis toob suurt \u00f5nne. Sellise kingituse s\u00fcmboolika on eriline, mist\u00f5ttu on neljalehelise ristiku kujuga ehted, n\u00e4iteks kuldk\u00f5rvar\u00f5ngad, eriti populaarsed. Need pole mitte ainult ilusad, vaid neil on ka s\u00fcgav t\u00e4hendus, mis toob nende omanikule \u00f5nne.<\/p>\n<p>Kuldse ristikuga k\u00f5rvar\u00f5ngad on suurep\u00e4rane viis ilu ja s\u00fcmboolika \u00fchendamiseks. Need ehted mitte ainult ei t\u00f5sta esile teie stiili, vaid v\u00f5ivad olla ka suurep\u00e4raseks vestluse alustajaks, tuletades teile meelde \u00f5nne ja lootuse olulisust elus.<\/p>\n<p>Kullast ristikheinast k\u00f5rvar\u00f5ngaste valimisel ei vali te mitte ainult elegantsi, vaid ka t\u00e4hendusrikka s\u00fcmboli. \u00c4rge unustage, et neljaleheline ristikhein ja selle s\u00fcmboolika v\u00f5ivad teie ehtekollektsioonile lisav\u00e4\u00e4rtust anda.<\/p>","protected":false},"excerpt":{"rendered":"<p>Auksiniai Auskarai angli\u0161ku u\u017esegimu \u201eJuodas dobilas\u201d \u0160ie eleganti\u0161ki dobilo formos auksiniai auskarai moterims yra pagaminti i\u0161 tikro 585 prabos aukso ir nat\u016bralaus&hellip;<\/p>","protected":false},"featured_media":14234,"comment_status":"open","ping_status":"closed","template":"","meta":[],"product_cat":[278,926,935,924,357,432,404,930,401,738],"product_tag":[],"class_list":{"0":"post-10893","1":"product","2":"type-product","3":"status-publish","4":"has-post-thumbnail","6":"product_cat-auskarai","7":"product_cat-auksiniai-auskarai-dobilas","8":"product_cat-auksiniai-auskarai-iki-500-eur","9":"product_cat-auksiniai-auskarai-su-anglisku-uzsegimu","10":"product_cat-kolekcija-dobilas","11":"product_cat-nauja","12":"product_cat-nuolaidos","13":"product_cat-raudono-aukso-auskarai","14":"product_cat-raudono-aukso-papuosalai","15":"product_cat-sekmes-dobilai","16":"tm-no-options","18":"first","19":"instock","20":"sale","21":"shipping-taxable","22":"purchasable","23":"product-type-variable","24":"has-default-attributes"},"yoast_head":"<!-- This site is optimized with the Yoast SEO plugin v27.4 - https:\/\/yoast.com\/product\/yoast-seo-wordpress\/ -->\n<title>Auksiniai Auskarai angli\u0161ku u\u017esegimu &quot;Juodas dobilas&quot;<\/title>\n<meta name=\"description\" content=\"Auksiniai Auskarai angli\u0161ku u\u017esegimu \u201eJuodas dobilas\u201d \u0160ie eleganti\u0161ki dobilo formos auksiniai auskarai moterims yra pagaminti i\u0161 tikro 585 prabos aukso ir\" \/>\n<meta name=\"robots\" content=\"index, follow, max-snippet:-1, max-image-preview:large, max-video-preview:-1\" \/>\n<link rel=\"canonical\" href=\"https:\/\/ares.lt\/et\/poes\/korvarongad-inglise-oonuksist\/\" \/>\n<meta property=\"og:locale\" content=\"et_EE\" \/>\n<meta property=\"og:type\" content=\"article\" \/>\n<meta property=\"og:title\" content=\"Auksiniai Auskarai angli\u0161ku u\u017esegimu &quot;Juodas dobilas&quot;\" \/>\n<meta property=\"og:description\" content=\"Auksiniai Auskarai angli\u0161ku u\u017esegimu \u201eJuodas dobilas\u201d \u0160ie eleganti\u0161ki dobilo formos auksiniai auskarai moterims yra pagaminti i\u0161 tikro 585 prabos aukso ir\" \/>\n<meta property=\"og:url\" content=\"https:\/\/ares.lt\/et\/poes\/korvarongad-inglise-oonuksist\/\" \/>\n<meta property=\"og:site_name\" content=\"ARES Juvelyrika\" \/>\n<meta property=\"article:publisher\" content=\"https:\/\/www.facebook.com\/AresJewellery\" \/>\n<meta property=\"article:modified_time\" content=\"2026-04-03T13:30:42+00:00\" \/>\n<meta property=\"og:image\" content=\"https:\/\/ares.lt\/wp-content\/uploads\/2022\/08\/IMG_3471-1.jpg\" \/>\n\t<meta property=\"og:image:width\" content=\"3000\" \/>\n\t<meta property=\"og:image:height\" content=\"3000\" \/>\n\t<meta property=\"og:image:type\" content=\"image\/jpeg\" \/>\n<meta name=\"twitter:card\" content=\"summary_large_image\" \/>\n<meta name=\"twitter:label1\" content=\"Est. reading time\" \/>\n\t<meta name=\"twitter:data1\" content=\"1 minut\" \/>\n<script type=\"application\/ld+json\" class=\"yoast-schema-graph\">{\"@context\":\"https:\\\/\\\/schema.org\",\"@graph\":[{\"@type\":\"WebPage\",\"@id\":\"https:\\\/\\\/ares.lt\\\/parduotuve\\\/auskarai-angliskas-oniksas\\\/\",\"url\":\"https:\\\/\\\/ares.lt\\\/parduotuve\\\/auskarai-angliskas-oniksas\\\/\",\"name\":\"Auksiniai Auskarai angli\u0161ku u\u017esegimu \\\"Juodas dobilas\\\"\",\"isPartOf\":{\"@id\":\"https:\\\/\\\/ares.lt\\\/#website\"},\"primaryImageOfPage\":{\"@id\":\"https:\\\/\\\/ares.lt\\\/parduotuve\\\/auskarai-angliskas-oniksas\\\/#primaryimage\"},\"image\":{\"@id\":\"https:\\\/\\\/ares.lt\\\/parduotuve\\\/auskarai-angliskas-oniksas\\\/#primaryimage\"},\"thumbnailUrl\":\"https:\\\/\\\/ares.lt\\\/wp-content\\\/uploads\\\/2022\\\/08\\\/IMG_3471-1.jpg\",\"datePublished\":\"2022-08-24T17:10:33+00:00\",\"dateModified\":\"2026-04-03T13:30:42+00:00\",\"description\":\"Auksiniai Auskarai angli\u0161ku u\u017esegimu \u201eJuodas dobilas\u201d \u0160ie eleganti\u0161ki dobilo formos auksiniai auskarai moterims yra pagaminti i\u0161 tikro 585 prabos aukso ir\",\"breadcrumb\":{\"@id\":\"https:\\\/\\\/ares.lt\\\/parduotuve\\\/auskarai-angliskas-oniksas\\\/#breadcrumb\"},\"inLanguage\":\"et\",\"potentialAction\":[{\"@type\":\"ReadAction\",\"target\":[\"https:\\\/\\\/ares.lt\\\/parduotuve\\\/auskarai-angliskas-oniksas\\\/\"]}]},{\"@type\":\"ImageObject\",\"inLanguage\":\"et\",\"@id\":\"https:\\\/\\\/ares.lt\\\/parduotuve\\\/auskarai-angliskas-oniksas\\\/#primaryimage\",\"url\":\"https:\\\/\\\/ares.lt\\\/wp-content\\\/uploads\\\/2022\\\/08\\\/IMG_3471-1.jpg\",\"contentUrl\":\"https:\\\/\\\/ares.lt\\\/wp-content\\\/uploads\\\/2022\\\/08\\\/IMG_3471-1.jpg\",\"width\":3000,\"height\":3000,\"caption\":\"Auksiniai auskarai dobilas\"},{\"@type\":\"BreadcrumbList\",\"@id\":\"https:\\\/\\\/ares.lt\\\/parduotuve\\\/auskarai-angliskas-oniksas\\\/#breadcrumb\",\"itemListElement\":[{\"@type\":\"ListItem\",\"position\":1,\"name\":\"Auksiniai papuo\u0161alai\",\"item\":\"https:\\\/\\\/ares.lt\\\/\"},{\"@type\":\"ListItem\",\"position\":2,\"name\":\"Parduotuv\u0117\",\"item\":\"https:\\\/\\\/ares.lt\\\/parduotuve\\\/\"},{\"@type\":\"ListItem\",\"position\":3,\"name\":\"Auksiniai Auskarai angli\u0161ku u\u017esegimu &#8222;Juodas dobilas&#8221;\"}]},{\"@type\":\"WebSite\",\"@id\":\"https:\\\/\\\/ares.lt\\\/#website\",\"url\":\"https:\\\/\\\/ares.lt\\\/\",\"name\":\"ARES Juvelyrika\",\"description\":\"Auksiniai papuo\u0161alai\",\"publisher\":{\"@id\":\"https:\\\/\\\/ares.lt\\\/#organization\"},\"potentialAction\":[{\"@type\":\"SearchAction\",\"target\":{\"@type\":\"EntryPoint\",\"urlTemplate\":\"https:\\\/\\\/ares.lt\\\/?s={search_term_string}\"},\"query-input\":{\"@type\":\"PropertyValueSpecification\",\"valueRequired\":true,\"valueName\":\"search_term_string\"}}],\"inLanguage\":\"et\"},{\"@type\":\"Organization\",\"@id\":\"https:\\\/\\\/ares.lt\\\/#organization\",\"name\":\"Ares Juvelyrika auksiniai papuosalai\",\"url\":\"https:\\\/\\\/ares.lt\\\/\",\"logo\":{\"@type\":\"ImageObject\",\"inLanguage\":\"et\",\"@id\":\"https:\\\/\\\/ares.lt\\\/#\\\/schema\\\/logo\\\/image\\\/\",\"url\":\"https:\\\/\\\/i0.wp.com\\\/ares.lt\\\/wp-content\\\/uploads\\\/2022\\\/03\\\/ares-text-logo-1.png?fit=417%2C122&ssl=1\",\"contentUrl\":\"https:\\\/\\\/i0.wp.com\\\/ares.lt\\\/wp-content\\\/uploads\\\/2022\\\/03\\\/ares-text-logo-1.png?fit=417%2C122&ssl=1\",\"width\":417,\"height\":122,\"caption\":\"Ares Juvelyrika auksiniai papuosalai\"},\"image\":{\"@id\":\"https:\\\/\\\/ares.lt\\\/#\\\/schema\\\/logo\\\/image\\\/\"},\"sameAs\":[\"https:\\\/\\\/www.facebook.com\\\/AresJewellery\",\"https:\\\/\\\/www.instagram.com\\\/ares_juvelyrika\\\/\"]}]}<\/script>\n<!-- \/ Yoast SEO plugin. -->","yoast_head_json":{"title":"Kuldsed k\u00f5rvar\u00f5ngad inglise lukuga &quot;Must ristik&quot;","description":"Kullak\u00f5rvar\u00f5ngad inglise lukuga &quot;Must ristik&quot; Need elegantsed ristikukujulised kuldk\u00f5rvar\u00f5ngad naistele on valmistatud ehtsast 585 kullast ja","robots":{"index":"index","follow":"follow","max-snippet":"max-snippet:-1","max-image-preview":"max-image-preview:large","max-video-preview":"max-video-preview:-1"},"canonical":"https:\/\/ares.lt\/et\/poes\/korvarongad-inglise-oonuksist\/","og_locale":"et_EE","og_type":"article","og_title":"Auksiniai Auskarai angli\u0161ku u\u017esegimu \"Juodas dobilas\"","og_description":"Auksiniai Auskarai angli\u0161ku u\u017esegimu \u201eJuodas dobilas\u201d \u0160ie eleganti\u0161ki dobilo formos auksiniai auskarai moterims yra pagaminti i\u0161 tikro 585 prabos aukso ir","og_url":"https:\/\/ares.lt\/et\/poes\/korvarongad-inglise-oonuksist\/","og_site_name":"ARES Juvelyrika","article_publisher":"https:\/\/www.facebook.com\/AresJewellery","article_modified_time":"2026-04-03T13:30:42+00:00","og_image":[{"width":3000,"height":3000,"url":"https:\/\/ares.lt\/wp-content\/uploads\/2022\/08\/IMG_3471-1.jpg","type":"image\/jpeg"}],"twitter_card":"summary_large_image","twitter_misc":{"Est. reading time":"1 minut"},"schema":{"@context":"https:\/\/schema.org","@graph":[{"@type":"WebPage","@id":"https:\/\/ares.lt\/parduotuve\/auskarai-angliskas-oniksas\/","url":"https:\/\/ares.lt\/parduotuve\/auskarai-angliskas-oniksas\/","name":"Kuldsed k\u00f5rvar\u00f5ngad inglise lukuga &quot;Must ristik&quot;","isPartOf":{"@id":"https:\/\/ares.lt\/#website"},"primaryImageOfPage":{"@id":"https:\/\/ares.lt\/parduotuve\/auskarai-angliskas-oniksas\/#primaryimage"},"image":{"@id":"https:\/\/ares.lt\/parduotuve\/auskarai-angliskas-oniksas\/#primaryimage"},"thumbnailUrl":"https:\/\/ares.lt\/wp-content\/uploads\/2022\/08\/IMG_3471-1.jpg","datePublished":"2022-08-24T17:10:33+00:00","dateModified":"2026-04-03T13:30:42+00:00","description":"Kullak\u00f5rvar\u00f5ngad inglise lukuga &quot;Must ristik&quot; Need elegantsed ristikukujulised kuldk\u00f5rvar\u00f5ngad naistele on valmistatud ehtsast 585 kullast ja","breadcrumb":{"@id":"https:\/\/ares.lt\/parduotuve\/auskarai-angliskas-oniksas\/#breadcrumb"},"inLanguage":"et","potentialAction":[{"@type":"ReadAction","target":["https:\/\/ares.lt\/parduotuve\/auskarai-angliskas-oniksas\/"]}]},{"@type":"ImageObject","inLanguage":"et","@id":"https:\/\/ares.lt\/parduotuve\/auskarai-angliskas-oniksas\/#primaryimage","url":"https:\/\/ares.lt\/wp-content\/uploads\/2022\/08\/IMG_3471-1.jpg","contentUrl":"https:\/\/ares.lt\/wp-content\/uploads\/2022\/08\/IMG_3471-1.jpg","width":3000,"height":3000,"caption":"Auksiniai auskarai dobilas"},{"@type":"BreadcrumbList","@id":"https:\/\/ares.lt\/parduotuve\/auskarai-angliskas-oniksas\/#breadcrumb","itemListElement":[{"@type":"ListItem","position":1,"name":"Auksiniai papuo\u0161alai","item":"https:\/\/ares.lt\/"},{"@type":"ListItem","position":2,"name":"Parduotuv\u0117","item":"https:\/\/ares.lt\/parduotuve\/"},{"@type":"ListItem","position":3,"name":"Auksiniai Auskarai angli\u0161ku u\u017esegimu &#8222;Juodas dobilas&#8221;"}]},{"@type":"WebSite","@id":"https:\/\/ares.lt\/#website","url":"https:\/\/ares.lt\/","name":"ARES Ehted","description":"Kuldsed ehted","publisher":{"@id":"https:\/\/ares.lt\/#organization"},"potentialAction":[{"@type":"SearchAction","target":{"@type":"EntryPoint","urlTemplate":"https:\/\/ares.lt\/?s={search_term_string}"},"query-input":{"@type":"PropertyValueSpecification","valueRequired":true,"valueName":"search_term_string"}}],"inLanguage":"et"},{"@type":"Organization","@id":"https:\/\/ares.lt\/#organization","name":"Ares Ehted kuldehted","url":"https:\/\/ares.lt\/","logo":{"@type":"ImageObject","inLanguage":"et","@id":"https:\/\/ares.lt\/#\/schema\/logo\/image\/","url":"https:\/\/i0.wp.com\/ares.lt\/wp-content\/uploads\/2022\/03\/ares-text-logo-1.png?fit=417%2C122&ssl=1","contentUrl":"https:\/\/i0.wp.com\/ares.lt\/wp-content\/uploads\/2022\/03\/ares-text-logo-1.png?fit=417%2C122&ssl=1","width":417,"height":122,"caption":"Ares Juvelyrika auksiniai papuosalai"},"image":{"@id":"https:\/\/ares.lt\/#\/schema\/logo\/image\/"},"sameAs":["https:\/\/www.facebook.com\/AresJewellery","https:\/\/www.instagram.com\/ares_juvelyrika\/"]}]}},"_links":{"self":[{"href":"https:\/\/ares.lt\/et\/wp-json\/wp\/v2\/product\/10893","targetHints":{"allow":["GET"]}}],"collection":[{"href":"https:\/\/ares.lt\/et\/wp-json\/wp\/v2\/product"}],"about":[{"href":"https:\/\/ares.lt\/et\/wp-json\/wp\/v2\/types\/product"}],"replies":[{"embeddable":true,"href":"https:\/\/ares.lt\/et\/wp-json\/wp\/v2\/comments?post=10893"}],"wp:featuredmedia":[{"embeddable":true,"href":"https:\/\/ares.lt\/et\/wp-json\/wp\/v2\/media\/14234"}],"wp:attachment":[{"href":"https:\/\/ares.lt\/et\/wp-json\/wp\/v2\/media?parent=10893"}],"wp:term":[{"taxonomy":"product_cat","embeddable":true,"href":"https:\/\/ares.lt\/et\/wp-json\/wp\/v2\/product_cat?post=10893"},{"taxonomy":"product_tag","embeddable":true,"href":"https:\/\/ares.lt\/et\/wp-json\/wp\/v2\/product_tag?post=10893"}],"curies":[{"name":"wp","href":"https:\/\/api.w.org\/{rel}","templated":true}]}}