{"id":10901,"date":"2022-08-24T19:27:14","date_gmt":"2022-08-24T17:27:14","guid":{"rendered":"https:\/\/ares.lt\/?post_type=product&#038;p=10901"},"modified":"2026-01-25T22:06:21","modified_gmt":"2026-01-25T20:06:21","slug":"korvarongad-inglise-malahhiidist","status":"publish","type":"product","link":"https:\/\/ares.lt\/et\/parduotuve\/auskarai-angliskas-malachitas\/","title":{"rendered":"Kullak\u00f5rvar\u00f5ngad inglise lukuga &quot;Roheline ristik&quot;"},"content":{"rendered":"<h2>Kullak\u00f5rvar\u00f5ngad inglise lukuga &quot;Roheline ristik&quot;<\/h2>\n<p>Need elegantsed ristikukujulised <strong>kuldsed k\u00f5rvar\u00f5ngad naistele<\/strong> on valmistatud ehtsast 585 kullast ja naturaalsest malahhiidist. Need kuldk\u00f5rvar\u00f5ngad paistavad silma oma \u00f5rna disaini ja luksuse poolest ning roheline malahhiit annab neile eksklusiivsuse ja peenuse. K\u00f5rvar\u00f5ngastel on mugav inglise pannal, mis tagab nende kindla paigalp\u00fcsimise ja sobivad ideaalselt nii igap\u00e4evaseks kandmiseks kui ka erilisteks s\u00fcndmusteks.<\/p>\n<p>&nbsp;<\/p>\n<p>Neid k\u00f5rvar\u00f5ngaid saab kombineerida ka j\u00e4rgmiste toodetega:<\/p>\n<p><a href=\"https:\/\/ares.lt\/et\/poes\/malahhiidist-ripatsiga-kett\/\" target=\"_blank\" rel=\"noopener\">Kullakett ripatsiga &quot;Roheline ristik&quot;<\/a><\/p>\n<p><a href=\"https:\/\/ares.lt\/et\/poes\/malahhiidist-ripatsiga-kett\/\"><img fetchpriority=\"high\" decoding=\"async\" class=\"alignnone wp-image-15575 size-full\" src=\"https:\/\/ares.lt\/wp-content\/uploads\/2022\/04\/Auksiniai-Auskarai-Anglisku-Uzsegimu-\u201eJuodas-Dobilas.png\" alt=\"Kullakett ripatsiga &quot;Roheline ristik&quot;\" width=\"500\" height=\"500\" srcset=\"https:\/\/ares.lt\/wp-content\/uploads\/2022\/04\/Auksiniai-Auskarai-Anglisku-Uzsegimu-\u201eJuodas-Dobilas.png 500w, https:\/\/ares.lt\/wp-content\/uploads\/2022\/04\/Auksiniai-Auskarai-Anglisku-Uzsegimu-\u201eJuodas-Dobilas-300x300.png 300w, https:\/\/ares.lt\/wp-content\/uploads\/2022\/04\/Auksiniai-Auskarai-Anglisku-Uzsegimu-\u201eJuodas-Dobilas-100x100.png 100w, https:\/\/ares.lt\/wp-content\/uploads\/2022\/04\/Auksiniai-Auskarai-Anglisku-Uzsegimu-\u201eJuodas-Dobilas-200x200.png 200w, https:\/\/ares.lt\/wp-content\/uploads\/2022\/04\/Auksiniai-Auskarai-Anglisku-Uzsegimu-\u201eJuodas-Dobilas-145x145.png 145w, https:\/\/ares.lt\/wp-content\/uploads\/2022\/04\/Auksiniai-Auskarai-Anglisku-Uzsegimu-\u201eJuodas-Dobilas-50x50.png 50w\" sizes=\"(max-width: 500px) 100vw, 500px\" \/><\/a><\/p>\n<p><a href=\"https:\/\/ares.lt\/et\/poes\/malahhiidist-kaevoru\/\" target=\"_blank\" rel=\"noopener\">Kuldk\u00e4ev\u00f5ru &quot;Roheline ristik&quot;<\/a><\/p>\n<p><a href=\"https:\/\/ares.lt\/et\/poes\/malahhiidist-kaevoru\/\"><img decoding=\"async\" class=\"alignnone wp-image-15578 size-full\" src=\"https:\/\/ares.lt\/wp-content\/uploads\/2022\/03\/Auksiniai-Auskarai-Anglisku-Uzsegimu-\u201eJuodas-Dobilas-3.png\" alt=\"Kuldk\u00e4ev\u00f5ru &quot;Roheline ristik&quot;\" width=\"500\" height=\"500\" srcset=\"https:\/\/ares.lt\/wp-content\/uploads\/2022\/03\/Auksiniai-Auskarai-Anglisku-Uzsegimu-\u201eJuodas-Dobilas-3.png 500w, https:\/\/ares.lt\/wp-content\/uploads\/2022\/03\/Auksiniai-Auskarai-Anglisku-Uzsegimu-\u201eJuodas-Dobilas-3-300x300.png 300w, https:\/\/ares.lt\/wp-content\/uploads\/2022\/03\/Auksiniai-Auskarai-Anglisku-Uzsegimu-\u201eJuodas-Dobilas-3-100x100.png 100w, https:\/\/ares.lt\/wp-content\/uploads\/2022\/03\/Auksiniai-Auskarai-Anglisku-Uzsegimu-\u201eJuodas-Dobilas-3-200x200.png 200w, https:\/\/ares.lt\/wp-content\/uploads\/2022\/03\/Auksiniai-Auskarai-Anglisku-Uzsegimu-\u201eJuodas-Dobilas-3-145x145.png 145w, https:\/\/ares.lt\/wp-content\/uploads\/2022\/03\/Auksiniai-Auskarai-Anglisku-Uzsegimu-\u201eJuodas-Dobilas-3-50x50.png 50w\" sizes=\"(max-width: 500px) 100vw, 500px\" \/><\/a><\/p>\n<p><a href=\"https:\/\/ares.lt\/et\/poes\/malahhiidist-paradiisi-kaevoru\/\" target=\"_blank\" rel=\"noopener\">Kuldk\u00e4ev\u00f5ru &quot;3 rohelist ristikut&quot;<\/a><\/p>\n<p><a href=\"https:\/\/ares.lt\/et\/poes\/malahhiidist-paradiisi-kaevoru\/\"><img decoding=\"async\" class=\"alignnone wp-image-15579 size-full\" src=\"https:\/\/ares.lt\/wp-content\/uploads\/2022\/03\/Auksiniai-Auskarai-Anglisku-Uzsegimu-\u201eJuodas-Dobilas-4.png\" alt=\"Kuldk\u00e4ev\u00f5ru &quot;3 rohelist ristikut&quot;\" width=\"500\" height=\"500\" srcset=\"https:\/\/ares.lt\/wp-content\/uploads\/2022\/03\/Auksiniai-Auskarai-Anglisku-Uzsegimu-\u201eJuodas-Dobilas-4.png 500w, https:\/\/ares.lt\/wp-content\/uploads\/2022\/03\/Auksiniai-Auskarai-Anglisku-Uzsegimu-\u201eJuodas-Dobilas-4-300x300.png 300w, https:\/\/ares.lt\/wp-content\/uploads\/2022\/03\/Auksiniai-Auskarai-Anglisku-Uzsegimu-\u201eJuodas-Dobilas-4-100x100.png 100w, https:\/\/ares.lt\/wp-content\/uploads\/2022\/03\/Auksiniai-Auskarai-Anglisku-Uzsegimu-\u201eJuodas-Dobilas-4-200x200.png 200w, https:\/\/ares.lt\/wp-content\/uploads\/2022\/03\/Auksiniai-Auskarai-Anglisku-Uzsegimu-\u201eJuodas-Dobilas-4-145x145.png 145w, https:\/\/ares.lt\/wp-content\/uploads\/2022\/03\/Auksiniai-Auskarai-Anglisku-Uzsegimu-\u201eJuodas-Dobilas-4-50x50.png 50w\" sizes=\"(max-width: 500px) 100vw, 500px\" \/><\/a><\/p>\n<h3>Mis on kuldk\u00f5rvar\u00f5ngaste &quot;Clover&quot; juures erilist?<\/h3>\n<p>\u00d6eldakse, et igal ristikulehel on eriline t\u00e4hendus: esimene - usk, teine - lootus, kolmas - armastus ja neljas - \u00f5nn. Seet\u00f5ttu peetakse neljalehelisi ristikuid erilisteks ja haruldasteks looduseimedeks.<\/p>\n<p>Neljaleheline ristik v\u00f5i selle kujuga kuldne ehe v\u00f5ib olla suurep\u00e4rane kingitus, mis toob suurt \u00f5nne. Sellise kingituse s\u00fcmboolika on eriline, mist\u00f5ttu on neljalehelise ristiku kujuga ehted, n\u00e4iteks kuldk\u00f5rvar\u00f5ngad, eriti populaarsed. Need pole mitte ainult ilusad, vaid neil on ka s\u00fcgav t\u00e4hendus, mis toob nende omanikule \u00f5nne.<\/p>\n<p>Kuldse ristikuga k\u00f5rvar\u00f5ngad on suurep\u00e4rane viis ilu ja s\u00fcmboolika \u00fchendamiseks. Need ehted mitte ainult ei t\u00f5sta esile teie stiili, vaid v\u00f5ivad olla ka suurep\u00e4raseks vestluse alustajaks, tuletades teile meelde \u00f5nne ja lootuse olulisust elus.<\/p>\n<p>Kullast ristikheinast k\u00f5rvar\u00f5ngaste valimisel ei vali te mitte ainult elegantsi, vaid ka t\u00e4hendusrikka s\u00fcmboli. \u00c4rge unustage, et neljaleheline ristikhein ja selle s\u00fcmboolika v\u00f5ivad teie ehtekollektsioonile lisav\u00e4\u00e4rtust anda.<\/p>","protected":false},"excerpt":{"rendered":"<p>Auksiniai auskarai angli\u0161ku u\u017esegimu \u201e\u017dalias dobilas\u201d \u0160ie eleganti\u0161ki dobilo formos auksiniai auskarai moterims yra pagaminti i\u0161 tikro 585 prabos aukso ir nat\u016bralaus&hellip;<\/p>","protected":false},"featured_media":14233,"comment_status":"open","ping_status":"closed","template":"","meta":[],"product_cat":[278,926,935,924,357,432,404,930,401,738],"product_tag":[],"class_list":{"0":"post-10901","1":"product","2":"type-product","3":"status-publish","4":"has-post-thumbnail","6":"product_cat-auskarai","7":"product_cat-auksiniai-auskarai-dobilas","8":"product_cat-auksiniai-auskarai-iki-500-eur","9":"product_cat-auksiniai-auskarai-su-anglisku-uzsegimu","10":"product_cat-kolekcija-dobilas","11":"product_cat-nauja","12":"product_cat-nuolaidos","13":"product_cat-raudono-aukso-auskarai","14":"product_cat-raudono-aukso-papuosalai","15":"product_cat-sekmes-dobilai","16":"tm-no-options","18":"first","19":"instock","20":"sale","21":"shipping-taxable","22":"purchasable","23":"product-type-variable","24":"has-default-attributes"},"yoast_head":"<!-- This site is optimized with the Yoast SEO plugin v27.4 - https:\/\/yoast.com\/product\/yoast-seo-wordpress\/ -->\n<title>Auksiniai auskarai angli\u0161ku u\u017esegimu \u201e\u017dalias dobilas\u201d<\/title>\n<meta name=\"description\" content=\"Auksiniai auskarai angli\u0161ku u\u017esegimu \u201e\u017dalias dobilas\u201d \u0160ie eleganti\u0161ki dobilo formos auksiniai auskarai moterims yra pagaminti i\u0161 tikro 585 prabos aukso ir\" \/>\n<meta name=\"robots\" content=\"index, follow, max-snippet:-1, max-image-preview:large, max-video-preview:-1\" \/>\n<link rel=\"canonical\" href=\"https:\/\/ares.lt\/et\/poes\/korvarongad-inglise-malahhiidist\/\" \/>\n<meta property=\"og:locale\" content=\"et_EE\" \/>\n<meta property=\"og:type\" content=\"article\" \/>\n<meta property=\"og:title\" content=\"Auksiniai auskarai angli\u0161ku u\u017esegimu \u201e\u017dalias dobilas\u201d\" \/>\n<meta property=\"og:description\" content=\"Auksiniai auskarai angli\u0161ku u\u017esegimu \u201e\u017dalias dobilas\u201d \u0160ie eleganti\u0161ki dobilo formos auksiniai auskarai moterims yra pagaminti i\u0161 tikro 585 prabos aukso ir\" \/>\n<meta property=\"og:url\" content=\"https:\/\/ares.lt\/et\/poes\/korvarongad-inglise-malahhiidist\/\" \/>\n<meta property=\"og:site_name\" content=\"ARES Juvelyrika\" \/>\n<meta property=\"article:publisher\" content=\"https:\/\/www.facebook.com\/AresJewellery\" \/>\n<meta property=\"article:modified_time\" content=\"2026-01-25T20:06:21+00:00\" \/>\n<meta property=\"og:image\" content=\"https:\/\/ares.lt\/wp-content\/uploads\/2022\/08\/IMG_3480-1.jpg\" \/>\n\t<meta property=\"og:image:width\" content=\"3000\" \/>\n\t<meta property=\"og:image:height\" content=\"3000\" \/>\n\t<meta property=\"og:image:type\" content=\"image\/jpeg\" \/>\n<meta name=\"twitter:card\" content=\"summary_large_image\" \/>\n<meta name=\"twitter:label1\" content=\"Est. reading time\" \/>\n\t<meta name=\"twitter:data1\" content=\"1 minut\" \/>\n<script type=\"application\/ld+json\" class=\"yoast-schema-graph\">{\"@context\":\"https:\\\/\\\/schema.org\",\"@graph\":[{\"@type\":\"WebPage\",\"@id\":\"https:\\\/\\\/ares.lt\\\/de\\\/im-laden\\\/ohrringe-englisch-malachit\\\/\",\"url\":\"https:\\\/\\\/ares.lt\\\/de\\\/im-laden\\\/ohrringe-englisch-malachit\\\/\",\"name\":\"Auksiniai auskarai angli\u0161ku u\u017esegimu \u201e\u017dalias dobilas\u201d\",\"isPartOf\":{\"@id\":\"https:\\\/\\\/ares.lt\\\/#website\"},\"primaryImageOfPage\":{\"@id\":\"https:\\\/\\\/ares.lt\\\/de\\\/im-laden\\\/ohrringe-englisch-malachit\\\/#primaryimage\"},\"image\":{\"@id\":\"https:\\\/\\\/ares.lt\\\/de\\\/im-laden\\\/ohrringe-englisch-malachit\\\/#primaryimage\"},\"thumbnailUrl\":\"https:\\\/\\\/ares.lt\\\/wp-content\\\/uploads\\\/2022\\\/08\\\/IMG_3480-1.jpg\",\"datePublished\":\"2022-08-24T17:27:14+00:00\",\"dateModified\":\"2026-01-25T20:06:21+00:00\",\"description\":\"Auksiniai auskarai angli\u0161ku u\u017esegimu \u201e\u017dalias dobilas\u201d \u0160ie eleganti\u0161ki dobilo formos auksiniai auskarai moterims yra pagaminti i\u0161 tikro 585 prabos aukso ir\",\"breadcrumb\":{\"@id\":\"https:\\\/\\\/ares.lt\\\/de\\\/im-laden\\\/ohrringe-englisch-malachit\\\/#breadcrumb\"},\"inLanguage\":\"et\",\"potentialAction\":[{\"@type\":\"ReadAction\",\"target\":[\"https:\\\/\\\/ares.lt\\\/de\\\/im-laden\\\/ohrringe-englisch-malachit\\\/\"]}]},{\"@type\":\"ImageObject\",\"inLanguage\":\"et\",\"@id\":\"https:\\\/\\\/ares.lt\\\/de\\\/im-laden\\\/ohrringe-englisch-malachit\\\/#primaryimage\",\"url\":\"https:\\\/\\\/ares.lt\\\/wp-content\\\/uploads\\\/2022\\\/08\\\/IMG_3480-1.jpg\",\"contentUrl\":\"https:\\\/\\\/ares.lt\\\/wp-content\\\/uploads\\\/2022\\\/08\\\/IMG_3480-1.jpg\",\"width\":3000,\"height\":3000,\"caption\":\"Auskiniai auskarai dobilas\"},{\"@type\":\"BreadcrumbList\",\"@id\":\"https:\\\/\\\/ares.lt\\\/de\\\/im-laden\\\/ohrringe-englisch-malachit\\\/#breadcrumb\",\"itemListElement\":[{\"@type\":\"ListItem\",\"position\":1,\"name\":\"Auksiniai papuo\u0161alai\",\"item\":\"https:\\\/\\\/ares.lt\\\/\"},{\"@type\":\"ListItem\",\"position\":2,\"name\":\"Parduotuv\u0117\",\"item\":\"https:\\\/\\\/ares.lt\\\/parduotuve\\\/\"},{\"@type\":\"ListItem\",\"position\":3,\"name\":\"Auksiniai auskarai angli\u0161ku u\u017esegimu \u201e\u017dalias dobilas\u201d\"}]},{\"@type\":\"WebSite\",\"@id\":\"https:\\\/\\\/ares.lt\\\/#website\",\"url\":\"https:\\\/\\\/ares.lt\\\/\",\"name\":\"ARES Juvelyrika\",\"description\":\"Auksiniai papuo\u0161alai\",\"publisher\":{\"@id\":\"https:\\\/\\\/ares.lt\\\/#organization\"},\"potentialAction\":[{\"@type\":\"SearchAction\",\"target\":{\"@type\":\"EntryPoint\",\"urlTemplate\":\"https:\\\/\\\/ares.lt\\\/?s={search_term_string}\"},\"query-input\":{\"@type\":\"PropertyValueSpecification\",\"valueRequired\":true,\"valueName\":\"search_term_string\"}}],\"inLanguage\":\"et\"},{\"@type\":\"Organization\",\"@id\":\"https:\\\/\\\/ares.lt\\\/#organization\",\"name\":\"Ares Juvelyrika auksiniai papuosalai\",\"url\":\"https:\\\/\\\/ares.lt\\\/\",\"logo\":{\"@type\":\"ImageObject\",\"inLanguage\":\"et\",\"@id\":\"https:\\\/\\\/ares.lt\\\/#\\\/schema\\\/logo\\\/image\\\/\",\"url\":\"https:\\\/\\\/i0.wp.com\\\/ares.lt\\\/wp-content\\\/uploads\\\/2022\\\/03\\\/ares-text-logo-1.png?fit=417%2C122&ssl=1\",\"contentUrl\":\"https:\\\/\\\/i0.wp.com\\\/ares.lt\\\/wp-content\\\/uploads\\\/2022\\\/03\\\/ares-text-logo-1.png?fit=417%2C122&ssl=1\",\"width\":417,\"height\":122,\"caption\":\"Ares Juvelyrika auksiniai papuosalai\"},\"image\":{\"@id\":\"https:\\\/\\\/ares.lt\\\/#\\\/schema\\\/logo\\\/image\\\/\"},\"sameAs\":[\"https:\\\/\\\/www.facebook.com\\\/AresJewellery\",\"https:\\\/\\\/www.instagram.com\\\/ares_juvelyrika\\\/\"]}]}<\/script>\n<!-- \/ Yoast SEO plugin. -->","yoast_head_json":{"title":"Kullak\u00f5rvar\u00f5ngad inglise lukuga &quot;Roheline ristik&quot;","description":"Kullak\u00f5rvar\u00f5ngad inglise lukuga &quot;Roheline ristik&quot; Need elegantsed ristikukujulised kuldk\u00f5rvar\u00f5ngad naistele on valmistatud ehtsast 585 kullast ja","robots":{"index":"index","follow":"follow","max-snippet":"max-snippet:-1","max-image-preview":"max-image-preview:large","max-video-preview":"max-video-preview:-1"},"canonical":"https:\/\/ares.lt\/et\/poes\/korvarongad-inglise-malahhiidist\/","og_locale":"et_EE","og_type":"article","og_title":"Auksiniai auskarai angli\u0161ku u\u017esegimu \u201e\u017dalias dobilas\u201d","og_description":"Auksiniai auskarai angli\u0161ku u\u017esegimu \u201e\u017dalias dobilas\u201d \u0160ie eleganti\u0161ki dobilo formos auksiniai auskarai moterims yra pagaminti i\u0161 tikro 585 prabos aukso ir","og_url":"https:\/\/ares.lt\/et\/poes\/korvarongad-inglise-malahhiidist\/","og_site_name":"ARES Juvelyrika","article_publisher":"https:\/\/www.facebook.com\/AresJewellery","article_modified_time":"2026-01-25T20:06:21+00:00","og_image":[{"width":3000,"height":3000,"url":"https:\/\/ares.lt\/wp-content\/uploads\/2022\/08\/IMG_3480-1.jpg","type":"image\/jpeg"}],"twitter_card":"summary_large_image","twitter_misc":{"Est. reading time":"1 minut"},"schema":{"@context":"https:\/\/schema.org","@graph":[{"@type":"WebPage","@id":"https:\/\/ares.lt\/de\/im-laden\/ohrringe-englisch-malachit\/","url":"https:\/\/ares.lt\/de\/im-laden\/ohrringe-englisch-malachit\/","name":"Kullak\u00f5rvar\u00f5ngad inglise lukuga &quot;Roheline ristik&quot;","isPartOf":{"@id":"https:\/\/ares.lt\/#website"},"primaryImageOfPage":{"@id":"https:\/\/ares.lt\/de\/im-laden\/ohrringe-englisch-malachit\/#primaryimage"},"image":{"@id":"https:\/\/ares.lt\/de\/im-laden\/ohrringe-englisch-malachit\/#primaryimage"},"thumbnailUrl":"https:\/\/ares.lt\/wp-content\/uploads\/2022\/08\/IMG_3480-1.jpg","datePublished":"2022-08-24T17:27:14+00:00","dateModified":"2026-01-25T20:06:21+00:00","description":"Kullak\u00f5rvar\u00f5ngad inglise lukuga &quot;Roheline ristik&quot; Need elegantsed ristikukujulised kuldk\u00f5rvar\u00f5ngad naistele on valmistatud ehtsast 585 kullast ja","breadcrumb":{"@id":"https:\/\/ares.lt\/de\/im-laden\/ohrringe-englisch-malachit\/#breadcrumb"},"inLanguage":"et","potentialAction":[{"@type":"ReadAction","target":["https:\/\/ares.lt\/de\/im-laden\/ohrringe-englisch-malachit\/"]}]},{"@type":"ImageObject","inLanguage":"et","@id":"https:\/\/ares.lt\/de\/im-laden\/ohrringe-englisch-malachit\/#primaryimage","url":"https:\/\/ares.lt\/wp-content\/uploads\/2022\/08\/IMG_3480-1.jpg","contentUrl":"https:\/\/ares.lt\/wp-content\/uploads\/2022\/08\/IMG_3480-1.jpg","width":3000,"height":3000,"caption":"Auskiniai auskarai dobilas"},{"@type":"BreadcrumbList","@id":"https:\/\/ares.lt\/de\/im-laden\/ohrringe-englisch-malachit\/#breadcrumb","itemListElement":[{"@type":"ListItem","position":1,"name":"Auksiniai papuo\u0161alai","item":"https:\/\/ares.lt\/"},{"@type":"ListItem","position":2,"name":"Parduotuv\u0117","item":"https:\/\/ares.lt\/parduotuve\/"},{"@type":"ListItem","position":3,"name":"Auksiniai auskarai angli\u0161ku u\u017esegimu \u201e\u017dalias dobilas\u201d"}]},{"@type":"WebSite","@id":"https:\/\/ares.lt\/#website","url":"https:\/\/ares.lt\/","name":"ARES Ehted","description":"Kuldsed ehted","publisher":{"@id":"https:\/\/ares.lt\/#organization"},"potentialAction":[{"@type":"SearchAction","target":{"@type":"EntryPoint","urlTemplate":"https:\/\/ares.lt\/?s={search_term_string}"},"query-input":{"@type":"PropertyValueSpecification","valueRequired":true,"valueName":"search_term_string"}}],"inLanguage":"et"},{"@type":"Organization","@id":"https:\/\/ares.lt\/#organization","name":"Ares Ehted kuldehted","url":"https:\/\/ares.lt\/","logo":{"@type":"ImageObject","inLanguage":"et","@id":"https:\/\/ares.lt\/#\/schema\/logo\/image\/","url":"https:\/\/i0.wp.com\/ares.lt\/wp-content\/uploads\/2022\/03\/ares-text-logo-1.png?fit=417%2C122&ssl=1","contentUrl":"https:\/\/i0.wp.com\/ares.lt\/wp-content\/uploads\/2022\/03\/ares-text-logo-1.png?fit=417%2C122&ssl=1","width":417,"height":122,"caption":"Ares Juvelyrika auksiniai papuosalai"},"image":{"@id":"https:\/\/ares.lt\/#\/schema\/logo\/image\/"},"sameAs":["https:\/\/www.facebook.com\/AresJewellery","https:\/\/www.instagram.com\/ares_juvelyrika\/"]}]}},"_links":{"self":[{"href":"https:\/\/ares.lt\/et\/wp-json\/wp\/v2\/product\/10901","targetHints":{"allow":["GET"]}}],"collection":[{"href":"https:\/\/ares.lt\/et\/wp-json\/wp\/v2\/product"}],"about":[{"href":"https:\/\/ares.lt\/et\/wp-json\/wp\/v2\/types\/product"}],"replies":[{"embeddable":true,"href":"https:\/\/ares.lt\/et\/wp-json\/wp\/v2\/comments?post=10901"}],"wp:featuredmedia":[{"embeddable":true,"href":"https:\/\/ares.lt\/et\/wp-json\/wp\/v2\/media\/14233"}],"wp:attachment":[{"href":"https:\/\/ares.lt\/et\/wp-json\/wp\/v2\/media?parent=10901"}],"wp:term":[{"taxonomy":"product_cat","embeddable":true,"href":"https:\/\/ares.lt\/et\/wp-json\/wp\/v2\/product_cat?post=10901"},{"taxonomy":"product_tag","embeddable":true,"href":"https:\/\/ares.lt\/et\/wp-json\/wp\/v2\/product_tag?post=10901"}],"curies":[{"name":"wp","href":"https:\/\/api.w.org\/{rel}","templated":true}]}}