{"id":13008,"date":"2023-09-02T23:47:22","date_gmt":"2023-09-02T21:47:22","guid":{"rendered":"https:\/\/ares.lt\/?post_type=product&#038;p=13008"},"modified":"2026-03-20T16:06:08","modified_gmt":"2026-03-20T14:06:08","slug":"oonuksniidist-kaevoru","status":"publish","type":"product","link":"https:\/\/ares.lt\/et\/parduotuve\/siulo-apyranke-oniksas\/","title":{"rendered":"Pakub K\u00e4ev\u00f5ru &quot;Must Ristik&quot;"},"content":{"rendered":"<h2>K\u00e4ev\u00f5ru &quot;Must ristik&quot;<\/h2>\n<p>See elegantne ristikukujuline <strong>niidi k\u00e4ev\u00f5ru<\/strong> on valmistatud ehtsast 585 kullast ja naturaalsest oon\u00fcksist. Just see niitk\u00e4ev\u00f5ru paistab silma oma \u00f5rna disaini ja luksuse poolest ning must oon\u00fcks lisab eksklusiivsust ja peenust.<\/p>\n<p>&nbsp;<\/p>\n<p>Seda niidist k\u00e4ev\u00f5ru saab kombineerida ka j\u00e4rgmiste toodetega:<\/p>\n<p><a href=\"https:\/\/ares.lt\/et\/poes\/oonuksripatsiga-kett\/\" target=\"_blank\" rel=\"noopener\">Kullakett ripatsiga &quot;Must ristik&quot;<\/a><\/p>\n<p><a href=\"https:\/\/ares.lt\/et\/poes\/oonuksripatsiga-kett\/\"><img fetchpriority=\"high\" decoding=\"async\" class=\"alignnone wp-image-15567 size-full\" src=\"https:\/\/ares.lt\/wp-content\/uploads\/2022\/08\/Untitled-design-53.png\" alt=\"Kuldkett ripatsiga &quot;Must ristik&quot;\" width=\"500\" height=\"500\" srcset=\"https:\/\/ares.lt\/wp-content\/uploads\/2022\/08\/Untitled-design-53.png 500w, https:\/\/ares.lt\/wp-content\/uploads\/2022\/08\/Untitled-design-53-300x300.png 300w, https:\/\/ares.lt\/wp-content\/uploads\/2022\/08\/Untitled-design-53-100x100.png 100w, https:\/\/ares.lt\/wp-content\/uploads\/2022\/08\/Untitled-design-53-200x200.png 200w, https:\/\/ares.lt\/wp-content\/uploads\/2022\/08\/Untitled-design-53-145x145.png 145w, https:\/\/ares.lt\/wp-content\/uploads\/2022\/08\/Untitled-design-53-50x50.png 50w\" sizes=\"(max-width: 500px) 100vw, 500px\" \/><\/a><\/p>\n<p><a href=\"https:\/\/ares.lt\/et\/poes\/oonukskorvarongad\/\" target=\"_blank\" rel=\"noopener\">Kullak\u00f5rvar\u00f5ngad &quot;Must ristik&quot;<\/a><\/p>\n<p><a href=\"https:\/\/ares.lt\/et\/poes\/oonukskorvarongad\/\"><img decoding=\"async\" class=\"alignnone wp-image-15572 size-full\" src=\"https:\/\/ares.lt\/wp-content\/uploads\/2022\/03\/Untitled-design-58.png\" alt=\"Kullak\u00f5rvar\u00f5ngad &quot;Must ristik&quot;\" width=\"500\" height=\"500\" srcset=\"https:\/\/ares.lt\/wp-content\/uploads\/2022\/03\/Untitled-design-58.png 500w, https:\/\/ares.lt\/wp-content\/uploads\/2022\/03\/Untitled-design-58-300x300.png 300w, https:\/\/ares.lt\/wp-content\/uploads\/2022\/03\/Untitled-design-58-100x100.png 100w, https:\/\/ares.lt\/wp-content\/uploads\/2022\/03\/Untitled-design-58-200x200.png 200w, https:\/\/ares.lt\/wp-content\/uploads\/2022\/03\/Untitled-design-58-145x145.png 145w, https:\/\/ares.lt\/wp-content\/uploads\/2022\/03\/Untitled-design-58-50x50.png 50w\" sizes=\"(max-width: 500px) 100vw, 500px\" \/><\/a><\/p>\n<p><a href=\"https:\/\/ares.lt\/et\/poes\/korvarongad-inglise-oonuksist\/\" target=\"_blank\" rel=\"noopener\">Kuldsed k\u00f5rvar\u00f5ngad inglise lukuga &quot;Must ristik&quot;<\/a><\/p>\n<p><a href=\"https:\/\/ares.lt\/et\/poes\/korvarongad-inglise-oonuksist\/\"><img decoding=\"async\" class=\"alignnone wp-image-15573 size-full\" src=\"https:\/\/ares.lt\/wp-content\/uploads\/2022\/03\/Untitled-design-59.png\" alt=\"Kullak\u00f5rvar\u00f5ngad inglise lukuga &quot;Must ristik&quot;\" width=\"500\" height=\"500\" srcset=\"https:\/\/ares.lt\/wp-content\/uploads\/2022\/03\/Untitled-design-59.png 500w, https:\/\/ares.lt\/wp-content\/uploads\/2022\/03\/Untitled-design-59-300x300.png 300w, https:\/\/ares.lt\/wp-content\/uploads\/2022\/03\/Untitled-design-59-100x100.png 100w, https:\/\/ares.lt\/wp-content\/uploads\/2022\/03\/Untitled-design-59-200x200.png 200w, https:\/\/ares.lt\/wp-content\/uploads\/2022\/03\/Untitled-design-59-145x145.png 145w, https:\/\/ares.lt\/wp-content\/uploads\/2022\/03\/Untitled-design-59-50x50.png 50w\" sizes=\"(max-width: 500px) 100vw, 500px\" \/><\/a><\/p>\n<h3>Mis on k\u00e4ev\u00f5ru \u201eRistik\u201c juures erilist?<\/h3>\n<p>\u00d6eldakse, et igal ristikulehel on eriline t\u00e4hendus: esimene - usk, teine - lootus, kolmas - armastus ja neljas - \u00f5nn. Seet\u00f5ttu peetakse neljalehelisi ristikuid erilisteks ja haruldasteks looduseimedeks.<\/p>\n<p>Neljaleheline ristik v\u00f5i selle kujuga kuldne ehe v\u00f5ib olla suurep\u00e4rane kingitus, mis toob suurt \u00f5nne. Sellise kingituse s\u00fcmboolika on eriline, mist\u00f5ttu on eriti populaarsed neljalehelise ristiku kujuga ehted, n\u00e4iteks kuldk\u00e4ev\u00f5rud. Need pole mitte ainult ilusad, vaid neil on ka s\u00fcgav t\u00e4hendus, mis toob nende omanikule \u00f5nne.<\/p>\n<p>Kuldse ristikuga k\u00e4ev\u00f5rud on suurep\u00e4rane viis ilu ja s\u00fcmboolika \u00fchendamiseks. Need ehted mitte ainult ei too esile teie stiili, vaid v\u00f5ivad olla ka suurep\u00e4raseks vestluse alustajaks, tuletades teile meelde \u00f5nne ja lootuse olulisust elus.<\/p>\n<p>Kuldk\u00e4ev\u00f5rude valimisel ristikuga ei vali te mitte ainult elegantsi, vaid ka t\u00e4hendusrikka s\u00fcmboli. \u00c4rge unustage, et neljaleheline ristik ja selle s\u00fcmboolika v\u00f5ivad teie ehtekollektsioonile lisav\u00e4\u00e4rtust anda.<\/p>","protected":false},"excerpt":{"rendered":"<p>Si\u016blo apyrank\u0117 &#8222;Juodas dobilas&#8221; \u0160i eleganti\u0161ka dobilo formos si\u016blo apyrank\u0117 yra pagaminta i\u0161 tikro 585 prabos aukso ir nat\u016bralaus onikso akmens. B\u016btent&hellip;<\/p>","protected":false},"featured_media":17016,"comment_status":"open","ping_status":"closed","template":"","meta":[],"product_cat":[247,1000,989,981,357,432,977,401,991,738,360],"product_tag":[],"class_list":{"0":"post-13008","1":"product","2":"type-product","3":"status-publish","4":"has-post-thumbnail","6":"product_cat-apyrankes","7":"product_cat-auksine-apyranke-su-oniksu","8":"product_cat-auksines-apyrankes-dobilas","9":"product_cat-auksines-apyrankes-iki-250-eur","10":"product_cat-kolekcija-dobilas","11":"product_cat-nauja","12":"product_cat-raudono-aukso-apyrankes","13":"product_cat-raudono-aukso-papuosalai","14":"product_cat-reguliuojamos-auksines-apyrankes","15":"product_cat-sekmes-dobilai","16":"product_cat-apyrankes-su-siulu","17":"tm-no-options","19":"first","20":"instock","21":"sale","22":"featured","23":"shipping-taxable","24":"purchasable","25":"product-type-variable","26":"has-default-attributes"},"yoast_head":"<!-- This site is optimized with the Yoast SEO plugin v27.4 - https:\/\/yoast.com\/product\/yoast-seo-wordpress\/ -->\n<title>Si\u016blo Apyrank\u0117 &quot;Juodas dobilas&quot;<\/title>\n<meta name=\"description\" content=\"Si\u016blo apyrank\u0117 &quot;Juodas dobilas&quot; \u0160i eleganti\u0161ka dobilo formos si\u016blo apyrank\u0117 yra pagaminta i\u0161 tikro 585 prabos aukso ir nat\u016bralaus onikso akmens. B\u016btent \u0161i\" \/>\n<meta name=\"robots\" content=\"index, follow, max-snippet:-1, max-image-preview:large, max-video-preview:-1\" \/>\n<link rel=\"canonical\" href=\"https:\/\/ares.lt\/et\/poes\/oonuksniidist-kaevoru\/\" \/>\n<meta property=\"og:locale\" content=\"et_EE\" \/>\n<meta property=\"og:type\" content=\"article\" \/>\n<meta property=\"og:title\" content=\"Si\u016blo Apyrank\u0117 &quot;Juodas dobilas&quot;\" \/>\n<meta property=\"og:description\" content=\"Si\u016blo apyrank\u0117 &quot;Juodas dobilas&quot; \u0160i eleganti\u0161ka dobilo formos si\u016blo apyrank\u0117 yra pagaminta i\u0161 tikro 585 prabos aukso ir nat\u016bralaus onikso akmens. B\u016btent \u0161i\" \/>\n<meta property=\"og:url\" content=\"https:\/\/ares.lt\/et\/poes\/oonuksniidist-kaevoru\/\" \/>\n<meta property=\"og:site_name\" content=\"ARES Juvelyrika\" \/>\n<meta property=\"article:publisher\" content=\"https:\/\/www.facebook.com\/AresJewellery\" \/>\n<meta property=\"article:modified_time\" content=\"2026-03-20T14:06:08+00:00\" \/>\n<meta property=\"og:image\" content=\"https:\/\/ares.lt\/wp-content\/uploads\/2023\/09\/apyr10.jpg\" \/>\n\t<meta property=\"og:image:width\" content=\"1500\" \/>\n\t<meta property=\"og:image:height\" content=\"1500\" \/>\n\t<meta property=\"og:image:type\" content=\"image\/jpeg\" \/>\n<meta name=\"twitter:card\" content=\"summary_large_image\" \/>\n<meta name=\"twitter:label1\" content=\"Est. reading time\" \/>\n\t<meta name=\"twitter:data1\" content=\"1 minut\" \/>\n<script type=\"application\/ld+json\" class=\"yoast-schema-graph\">{\"@context\":\"https:\\\/\\\/schema.org\",\"@graph\":[{\"@type\":\"WebPage\",\"@id\":\"https:\\\/\\\/ares.lt\\\/et\\\/poes\\\/oonuksniidist-kaevoru\\\/\",\"url\":\"https:\\\/\\\/ares.lt\\\/et\\\/poes\\\/oonuksniidist-kaevoru\\\/\",\"name\":\"Si\u016blo Apyrank\u0117 \\\"Juodas dobilas\\\"\",\"isPartOf\":{\"@id\":\"https:\\\/\\\/ares.lt\\\/#website\"},\"primaryImageOfPage\":{\"@id\":\"https:\\\/\\\/ares.lt\\\/et\\\/poes\\\/oonuksniidist-kaevoru\\\/#primaryimage\"},\"image\":{\"@id\":\"https:\\\/\\\/ares.lt\\\/et\\\/poes\\\/oonuksniidist-kaevoru\\\/#primaryimage\"},\"thumbnailUrl\":\"https:\\\/\\\/ares.lt\\\/wp-content\\\/uploads\\\/2023\\\/09\\\/apyr10.jpg\",\"datePublished\":\"2023-09-02T21:47:22+00:00\",\"dateModified\":\"2026-03-20T14:06:08+00:00\",\"description\":\"Si\u016blo apyrank\u0117 \\\"Juodas dobilas\\\" \u0160i eleganti\u0161ka dobilo formos si\u016blo apyrank\u0117 yra pagaminta i\u0161 tikro 585 prabos aukso ir nat\u016bralaus onikso akmens. B\u016btent \u0161i\",\"breadcrumb\":{\"@id\":\"https:\\\/\\\/ares.lt\\\/et\\\/poes\\\/oonuksniidist-kaevoru\\\/#breadcrumb\"},\"inLanguage\":\"et\",\"potentialAction\":[{\"@type\":\"ReadAction\",\"target\":[\"https:\\\/\\\/ares.lt\\\/et\\\/poes\\\/oonuksniidist-kaevoru\\\/\"]}]},{\"@type\":\"ImageObject\",\"inLanguage\":\"et\",\"@id\":\"https:\\\/\\\/ares.lt\\\/et\\\/poes\\\/oonuksniidist-kaevoru\\\/#primaryimage\",\"url\":\"https:\\\/\\\/ares.lt\\\/wp-content\\\/uploads\\\/2023\\\/09\\\/apyr10.jpg\",\"contentUrl\":\"https:\\\/\\\/ares.lt\\\/wp-content\\\/uploads\\\/2023\\\/09\\\/apyr10.jpg\",\"width\":1500,\"height\":1500,\"caption\":\"Si\u016blo apyrank\u0117 didelis 11mm dobilas ant rie\u0161o\"},{\"@type\":\"BreadcrumbList\",\"@id\":\"https:\\\/\\\/ares.lt\\\/et\\\/poes\\\/oonuksniidist-kaevoru\\\/#breadcrumb\",\"itemListElement\":[{\"@type\":\"ListItem\",\"position\":1,\"name\":\"Auksiniai papuo\u0161alai\",\"item\":\"https:\\\/\\\/ares.lt\\\/\"},{\"@type\":\"ListItem\",\"position\":2,\"name\":\"Parduotuv\u0117\",\"item\":\"https:\\\/\\\/ares.lt\\\/parduotuve\\\/\"},{\"@type\":\"ListItem\",\"position\":3,\"name\":\"Si\u016blo Apyrank\u0117 &#8222;Juodas dobilas&#8221;\"}]},{\"@type\":\"WebSite\",\"@id\":\"https:\\\/\\\/ares.lt\\\/#website\",\"url\":\"https:\\\/\\\/ares.lt\\\/\",\"name\":\"ARES Juvelyrika\",\"description\":\"Auksiniai papuo\u0161alai\",\"publisher\":{\"@id\":\"https:\\\/\\\/ares.lt\\\/#organization\"},\"potentialAction\":[{\"@type\":\"SearchAction\",\"target\":{\"@type\":\"EntryPoint\",\"urlTemplate\":\"https:\\\/\\\/ares.lt\\\/?s={search_term_string}\"},\"query-input\":{\"@type\":\"PropertyValueSpecification\",\"valueRequired\":true,\"valueName\":\"search_term_string\"}}],\"inLanguage\":\"et\"},{\"@type\":\"Organization\",\"@id\":\"https:\\\/\\\/ares.lt\\\/#organization\",\"name\":\"Ares Juvelyrika auksiniai papuosalai\",\"url\":\"https:\\\/\\\/ares.lt\\\/\",\"logo\":{\"@type\":\"ImageObject\",\"inLanguage\":\"et\",\"@id\":\"https:\\\/\\\/ares.lt\\\/#\\\/schema\\\/logo\\\/image\\\/\",\"url\":\"https:\\\/\\\/i0.wp.com\\\/ares.lt\\\/wp-content\\\/uploads\\\/2022\\\/03\\\/ares-text-logo-1.png?fit=417%2C122&ssl=1\",\"contentUrl\":\"https:\\\/\\\/i0.wp.com\\\/ares.lt\\\/wp-content\\\/uploads\\\/2022\\\/03\\\/ares-text-logo-1.png?fit=417%2C122&ssl=1\",\"width\":417,\"height\":122,\"caption\":\"Ares Juvelyrika auksiniai papuosalai\"},\"image\":{\"@id\":\"https:\\\/\\\/ares.lt\\\/#\\\/schema\\\/logo\\\/image\\\/\"},\"sameAs\":[\"https:\\\/\\\/www.facebook.com\\\/AresJewellery\",\"https:\\\/\\\/www.instagram.com\\\/ares_juvelyrika\\\/\"]}]}<\/script>\n<!-- \/ Yoast SEO plugin. -->","yoast_head_json":{"title":"Pakutav k\u00e4ev\u00f5ru &quot;Must ristik&quot;","description":"Niitk\u00e4ev\u00f5ru &quot;Must ristik&quot; See elegantne ristikukujuline niitk\u00e4ev\u00f5ru on valmistatud ehtsast 585 kullast ja naturaalsest oon\u00fcksist. See on see","robots":{"index":"index","follow":"follow","max-snippet":"max-snippet:-1","max-image-preview":"max-image-preview:large","max-video-preview":"max-video-preview:-1"},"canonical":"https:\/\/ares.lt\/et\/poes\/oonuksniidist-kaevoru\/","og_locale":"et_EE","og_type":"article","og_title":"Si\u016blo Apyrank\u0117 \"Juodas dobilas\"","og_description":"Si\u016blo apyrank\u0117 \"Juodas dobilas\" \u0160i eleganti\u0161ka dobilo formos si\u016blo apyrank\u0117 yra pagaminta i\u0161 tikro 585 prabos aukso ir nat\u016bralaus onikso akmens. B\u016btent \u0161i","og_url":"https:\/\/ares.lt\/et\/poes\/oonuksniidist-kaevoru\/","og_site_name":"ARES Juvelyrika","article_publisher":"https:\/\/www.facebook.com\/AresJewellery","article_modified_time":"2026-03-20T14:06:08+00:00","og_image":[{"width":1500,"height":1500,"url":"https:\/\/ares.lt\/wp-content\/uploads\/2023\/09\/apyr10.jpg","type":"image\/jpeg"}],"twitter_card":"summary_large_image","twitter_misc":{"Est. reading time":"1 minut"},"schema":{"@context":"https:\/\/schema.org","@graph":[{"@type":"WebPage","@id":"https:\/\/ares.lt\/et\/poes\/oonuksniidist-kaevoru\/","url":"https:\/\/ares.lt\/et\/poes\/oonuksniidist-kaevoru\/","name":"Pakutav k\u00e4ev\u00f5ru &quot;Must ristik&quot;","isPartOf":{"@id":"https:\/\/ares.lt\/#website"},"primaryImageOfPage":{"@id":"https:\/\/ares.lt\/et\/poes\/oonuksniidist-kaevoru\/#primaryimage"},"image":{"@id":"https:\/\/ares.lt\/et\/poes\/oonuksniidist-kaevoru\/#primaryimage"},"thumbnailUrl":"https:\/\/ares.lt\/wp-content\/uploads\/2023\/09\/apyr10.jpg","datePublished":"2023-09-02T21:47:22+00:00","dateModified":"2026-03-20T14:06:08+00:00","description":"Niitk\u00e4ev\u00f5ru &quot;Must ristik&quot; See elegantne ristikukujuline niitk\u00e4ev\u00f5ru on valmistatud ehtsast 585 kullast ja naturaalsest oon\u00fcksist. See on see","breadcrumb":{"@id":"https:\/\/ares.lt\/et\/poes\/oonuksniidist-kaevoru\/#breadcrumb"},"inLanguage":"et","potentialAction":[{"@type":"ReadAction","target":["https:\/\/ares.lt\/et\/poes\/oonuksniidist-kaevoru\/"]}]},{"@type":"ImageObject","inLanguage":"et","@id":"https:\/\/ares.lt\/et\/poes\/oonuksniidist-kaevoru\/#primaryimage","url":"https:\/\/ares.lt\/wp-content\/uploads\/2023\/09\/apyr10.jpg","contentUrl":"https:\/\/ares.lt\/wp-content\/uploads\/2023\/09\/apyr10.jpg","width":1500,"height":1500,"caption":"Si\u016blo apyrank\u0117 didelis 11mm dobilas ant rie\u0161o"},{"@type":"BreadcrumbList","@id":"https:\/\/ares.lt\/et\/poes\/oonuksniidist-kaevoru\/#breadcrumb","itemListElement":[{"@type":"ListItem","position":1,"name":"Auksiniai papuo\u0161alai","item":"https:\/\/ares.lt\/"},{"@type":"ListItem","position":2,"name":"Parduotuv\u0117","item":"https:\/\/ares.lt\/parduotuve\/"},{"@type":"ListItem","position":3,"name":"Si\u016blo Apyrank\u0117 &#8222;Juodas dobilas&#8221;"}]},{"@type":"WebSite","@id":"https:\/\/ares.lt\/#website","url":"https:\/\/ares.lt\/","name":"ARES Ehted","description":"Kuldsed ehted","publisher":{"@id":"https:\/\/ares.lt\/#organization"},"potentialAction":[{"@type":"SearchAction","target":{"@type":"EntryPoint","urlTemplate":"https:\/\/ares.lt\/?s={search_term_string}"},"query-input":{"@type":"PropertyValueSpecification","valueRequired":true,"valueName":"search_term_string"}}],"inLanguage":"et"},{"@type":"Organization","@id":"https:\/\/ares.lt\/#organization","name":"Ares Ehted kuldehted","url":"https:\/\/ares.lt\/","logo":{"@type":"ImageObject","inLanguage":"et","@id":"https:\/\/ares.lt\/#\/schema\/logo\/image\/","url":"https:\/\/i0.wp.com\/ares.lt\/wp-content\/uploads\/2022\/03\/ares-text-logo-1.png?fit=417%2C122&ssl=1","contentUrl":"https:\/\/i0.wp.com\/ares.lt\/wp-content\/uploads\/2022\/03\/ares-text-logo-1.png?fit=417%2C122&ssl=1","width":417,"height":122,"caption":"Ares Juvelyrika auksiniai papuosalai"},"image":{"@id":"https:\/\/ares.lt\/#\/schema\/logo\/image\/"},"sameAs":["https:\/\/www.facebook.com\/AresJewellery","https:\/\/www.instagram.com\/ares_juvelyrika\/"]}]}},"_links":{"self":[{"href":"https:\/\/ares.lt\/et\/wp-json\/wp\/v2\/product\/13008","targetHints":{"allow":["GET"]}}],"collection":[{"href":"https:\/\/ares.lt\/et\/wp-json\/wp\/v2\/product"}],"about":[{"href":"https:\/\/ares.lt\/et\/wp-json\/wp\/v2\/types\/product"}],"replies":[{"embeddable":true,"href":"https:\/\/ares.lt\/et\/wp-json\/wp\/v2\/comments?post=13008"}],"wp:featuredmedia":[{"embeddable":true,"href":"https:\/\/ares.lt\/et\/wp-json\/wp\/v2\/media\/17016"}],"wp:attachment":[{"href":"https:\/\/ares.lt\/et\/wp-json\/wp\/v2\/media?parent=13008"}],"wp:term":[{"taxonomy":"product_cat","embeddable":true,"href":"https:\/\/ares.lt\/et\/wp-json\/wp\/v2\/product_cat?post=13008"},{"taxonomy":"product_tag","embeddable":true,"href":"https:\/\/ares.lt\/et\/wp-json\/wp\/v2\/product_tag?post=13008"}],"curies":[{"name":"wp","href":"https:\/\/api.w.org\/{rel}","templated":true}]}}