{"id":13044,"date":"2023-09-19T15:58:59","date_gmt":"2023-09-19T13:58:59","guid":{"rendered":"https:\/\/ares.lt\/?post_type=product&#038;p=13044"},"modified":"2026-01-25T22:05:12","modified_gmt":"2026-01-25T20:05:12","slug":"kuldse-niidiga-kaevoru","status":"publish","type":"product","link":"https:\/\/ares.lt\/et\/parduotuve\/apyranke-su-siulu-goldish\/","title":{"rendered":"K\u00e4ev\u00f5ru niidiga &quot;Kuldne&quot;"},"content":{"rendered":"<p>Kuldse niidiga k\u00e4ev\u00f5ru on \u00f5rn detail, mis r\u00f5hutab teie randmet ja lisab teie v\u00e4limusele elegantsi. Meie kullast ehted on ajatu disainiga ja laitmatu kvaliteedi etalon.<\/p>","protected":false},"excerpt":{"rendered":"<p>Apyrank\u0117 su si\u016blu &#8222;Goldish&#8221; \u2013 tai subtili detal\u0117, i\u0161yr\u0161kinanti rie\u0161\u0105 bei pridedanti eleganti\u0161kumo j\u016bs\u0173 \u012fvaizd\u017eiui. M\u016bs\u0173 auksiniai papuo\u0161alai yra nesenstan\u010dio dizaino k\u016briniai&hellip;<\/p>","protected":false},"featured_media":13053,"comment_status":"open","ping_status":"closed","template":"","meta":[],"product_cat":[247,980,432,977,401,991,360],"product_tag":[],"class_list":{"0":"post-13044","1":"product","2":"type-product","3":"status-publish","4":"has-post-thumbnail","6":"product_cat-apyrankes","7":"product_cat-auksines-apyrankes-iki-100-eur","8":"product_cat-nauja","9":"product_cat-raudono-aukso-apyrankes","10":"product_cat-raudono-aukso-papuosalai","11":"product_cat-reguliuojamos-auksines-apyrankes","12":"product_cat-apyrankes-su-siulu","13":"tm-no-options","15":"first","16":"instock","17":"shipping-taxable","18":"purchasable","19":"product-type-variable","20":"has-default-attributes"},"yoast_head":"<!-- This site is optimized with the Yoast SEO plugin v27.4 - https:\/\/yoast.com\/product\/yoast-seo-wordpress\/ -->\n<title>Apyrank\u0117 su si\u016blu &quot;Goldish&quot;<\/title>\n<meta name=\"description\" content=\"Apyrank\u0117 su si\u016blu &quot;Goldish&quot; \u2013 tai subtili detal\u0117, i\u0161yr\u0161kinanti rie\u0161\u0105 bei pridedanti eleganti\u0161kumo j\u016bs\u0173 \u012fvaizd\u017eiui. M\u016bs\u0173 auksiniai papuo\u0161alai yra\" \/>\n<meta name=\"robots\" content=\"index, follow, max-snippet:-1, max-image-preview:large, max-video-preview:-1\" \/>\n<link rel=\"canonical\" href=\"https:\/\/ares.lt\/et\/poes\/kuldse-niidiga-kaevoru\/\" \/>\n<meta property=\"og:locale\" content=\"et_EE\" \/>\n<meta property=\"og:type\" content=\"article\" \/>\n<meta property=\"og:title\" content=\"Apyrank\u0117 su si\u016blu &quot;Goldish&quot;\" \/>\n<meta property=\"og:description\" content=\"Apyrank\u0117 su si\u016blu &quot;Goldish&quot; \u2013 tai subtili detal\u0117, i\u0161yr\u0161kinanti rie\u0161\u0105 bei pridedanti eleganti\u0161kumo j\u016bs\u0173 \u012fvaizd\u017eiui. M\u016bs\u0173 auksiniai papuo\u0161alai yra\" \/>\n<meta property=\"og:url\" content=\"https:\/\/ares.lt\/et\/poes\/kuldse-niidiga-kaevoru\/\" \/>\n<meta property=\"og:site_name\" content=\"ARES Juvelyrika\" \/>\n<meta property=\"article:publisher\" content=\"https:\/\/www.facebook.com\/AresJewellery\" \/>\n<meta property=\"article:modified_time\" content=\"2026-01-25T20:05:12+00:00\" \/>\n<meta property=\"og:image\" content=\"https:\/\/ares.lt\/wp-content\/uploads\/2023\/09\/IMG_1934-scaled-scaled.jpg\" \/>\n\t<meta property=\"og:image:width\" content=\"3360\" \/>\n\t<meta property=\"og:image:height\" content=\"2240\" \/>\n\t<meta property=\"og:image:type\" content=\"image\/jpeg\" \/>\n<meta name=\"twitter:card\" content=\"summary_large_image\" \/>\n<meta name=\"twitter:label1\" content=\"Est. reading time\" \/>\n\t<meta name=\"twitter:data1\" content=\"1 minut\" \/>\n<script type=\"application\/ld+json\" class=\"yoast-schema-graph\">{\"@context\":\"https:\\\/\\\/schema.org\",\"@graph\":[{\"@type\":\"WebPage\",\"@id\":\"https:\\\/\\\/ares.lt\\\/parduotuve\\\/apyranke-su-siulu-goldish\\\/\",\"url\":\"https:\\\/\\\/ares.lt\\\/parduotuve\\\/apyranke-su-siulu-goldish\\\/\",\"name\":\"Apyrank\u0117 su si\u016blu \\\"Goldish\\\"\",\"isPartOf\":{\"@id\":\"https:\\\/\\\/ares.lt\\\/#website\"},\"primaryImageOfPage\":{\"@id\":\"https:\\\/\\\/ares.lt\\\/parduotuve\\\/apyranke-su-siulu-goldish\\\/#primaryimage\"},\"image\":{\"@id\":\"https:\\\/\\\/ares.lt\\\/parduotuve\\\/apyranke-su-siulu-goldish\\\/#primaryimage\"},\"thumbnailUrl\":\"https:\\\/\\\/ares.lt\\\/wp-content\\\/uploads\\\/2023\\\/09\\\/IMG_1934-scaled-scaled.jpg\",\"datePublished\":\"2023-09-19T13:58:59+00:00\",\"dateModified\":\"2026-01-25T20:05:12+00:00\",\"description\":\"Apyrank\u0117 su si\u016blu \\\"Goldish\\\" \u2013 tai subtili detal\u0117, i\u0161yr\u0161kinanti rie\u0161\u0105 bei pridedanti eleganti\u0161kumo j\u016bs\u0173 \u012fvaizd\u017eiui. M\u016bs\u0173 auksiniai papuo\u0161alai yra\",\"breadcrumb\":{\"@id\":\"https:\\\/\\\/ares.lt\\\/parduotuve\\\/apyranke-su-siulu-goldish\\\/#breadcrumb\"},\"inLanguage\":\"et\",\"potentialAction\":[{\"@type\":\"ReadAction\",\"target\":[\"https:\\\/\\\/ares.lt\\\/parduotuve\\\/apyranke-su-siulu-goldish\\\/\"]}]},{\"@type\":\"ImageObject\",\"inLanguage\":\"et\",\"@id\":\"https:\\\/\\\/ares.lt\\\/parduotuve\\\/apyranke-su-siulu-goldish\\\/#primaryimage\",\"url\":\"https:\\\/\\\/ares.lt\\\/wp-content\\\/uploads\\\/2023\\\/09\\\/IMG_1934-scaled-scaled.jpg\",\"contentUrl\":\"https:\\\/\\\/ares.lt\\\/wp-content\\\/uploads\\\/2023\\\/09\\\/IMG_1934-scaled-scaled.jpg\",\"width\":3360,\"height\":2240,\"caption\":\"Apyrank\u0117 Su Si\u016blu \u201eGoldish\u201d\"},{\"@type\":\"BreadcrumbList\",\"@id\":\"https:\\\/\\\/ares.lt\\\/parduotuve\\\/apyranke-su-siulu-goldish\\\/#breadcrumb\",\"itemListElement\":[{\"@type\":\"ListItem\",\"position\":1,\"name\":\"Auksiniai papuo\u0161alai\",\"item\":\"https:\\\/\\\/ares.lt\\\/\"},{\"@type\":\"ListItem\",\"position\":2,\"name\":\"Parduotuv\u0117\",\"item\":\"https:\\\/\\\/ares.lt\\\/parduotuve\\\/\"},{\"@type\":\"ListItem\",\"position\":3,\"name\":\"Apyrank\u0117 su si\u016blu &#8222;Goldish&#8221;\"}]},{\"@type\":\"WebSite\",\"@id\":\"https:\\\/\\\/ares.lt\\\/#website\",\"url\":\"https:\\\/\\\/ares.lt\\\/\",\"name\":\"ARES Juvelyrika\",\"description\":\"Auksiniai papuo\u0161alai\",\"publisher\":{\"@id\":\"https:\\\/\\\/ares.lt\\\/#organization\"},\"potentialAction\":[{\"@type\":\"SearchAction\",\"target\":{\"@type\":\"EntryPoint\",\"urlTemplate\":\"https:\\\/\\\/ares.lt\\\/?s={search_term_string}\"},\"query-input\":{\"@type\":\"PropertyValueSpecification\",\"valueRequired\":true,\"valueName\":\"search_term_string\"}}],\"inLanguage\":\"et\"},{\"@type\":\"Organization\",\"@id\":\"https:\\\/\\\/ares.lt\\\/#organization\",\"name\":\"Ares Juvelyrika auksiniai papuosalai\",\"url\":\"https:\\\/\\\/ares.lt\\\/\",\"logo\":{\"@type\":\"ImageObject\",\"inLanguage\":\"et\",\"@id\":\"https:\\\/\\\/ares.lt\\\/#\\\/schema\\\/logo\\\/image\\\/\",\"url\":\"https:\\\/\\\/i0.wp.com\\\/ares.lt\\\/wp-content\\\/uploads\\\/2022\\\/03\\\/ares-text-logo-1.png?fit=417%2C122&ssl=1\",\"contentUrl\":\"https:\\\/\\\/i0.wp.com\\\/ares.lt\\\/wp-content\\\/uploads\\\/2022\\\/03\\\/ares-text-logo-1.png?fit=417%2C122&ssl=1\",\"width\":417,\"height\":122,\"caption\":\"Ares Juvelyrika auksiniai papuosalai\"},\"image\":{\"@id\":\"https:\\\/\\\/ares.lt\\\/#\\\/schema\\\/logo\\\/image\\\/\"},\"sameAs\":[\"https:\\\/\\\/www.facebook.com\\\/AresJewellery\",\"https:\\\/\\\/www.instagram.com\\\/ares_juvelyrika\\\/\"]}]}<\/script>\n<!-- \/ Yoast SEO plugin. -->","yoast_head_json":{"title":"K\u00e4ev\u00f5ru niidiga &quot;Kuldne&quot;","description":"Kuldse niidiga k\u00e4ev\u00f5ru on \u00f5rn detail, mis r\u00f5hutab teie randmet ja lisab teie v\u00e4limusele elegantsi. Meie kullast ehted on","robots":{"index":"index","follow":"follow","max-snippet":"max-snippet:-1","max-image-preview":"max-image-preview:large","max-video-preview":"max-video-preview:-1"},"canonical":"https:\/\/ares.lt\/et\/poes\/kuldse-niidiga-kaevoru\/","og_locale":"et_EE","og_type":"article","og_title":"Apyrank\u0117 su si\u016blu \"Goldish\"","og_description":"Apyrank\u0117 su si\u016blu \"Goldish\" \u2013 tai subtili detal\u0117, i\u0161yr\u0161kinanti rie\u0161\u0105 bei pridedanti eleganti\u0161kumo j\u016bs\u0173 \u012fvaizd\u017eiui. M\u016bs\u0173 auksiniai papuo\u0161alai yra","og_url":"https:\/\/ares.lt\/et\/poes\/kuldse-niidiga-kaevoru\/","og_site_name":"ARES Juvelyrika","article_publisher":"https:\/\/www.facebook.com\/AresJewellery","article_modified_time":"2026-01-25T20:05:12+00:00","og_image":[{"width":3360,"height":2240,"url":"https:\/\/ares.lt\/wp-content\/uploads\/2023\/09\/IMG_1934-scaled-scaled.jpg","type":"image\/jpeg"}],"twitter_card":"summary_large_image","twitter_misc":{"Est. reading time":"1 minut"},"schema":{"@context":"https:\/\/schema.org","@graph":[{"@type":"WebPage","@id":"https:\/\/ares.lt\/parduotuve\/apyranke-su-siulu-goldish\/","url":"https:\/\/ares.lt\/parduotuve\/apyranke-su-siulu-goldish\/","name":"K\u00e4ev\u00f5ru niidiga &quot;Kuldne&quot;","isPartOf":{"@id":"https:\/\/ares.lt\/#website"},"primaryImageOfPage":{"@id":"https:\/\/ares.lt\/parduotuve\/apyranke-su-siulu-goldish\/#primaryimage"},"image":{"@id":"https:\/\/ares.lt\/parduotuve\/apyranke-su-siulu-goldish\/#primaryimage"},"thumbnailUrl":"https:\/\/ares.lt\/wp-content\/uploads\/2023\/09\/IMG_1934-scaled-scaled.jpg","datePublished":"2023-09-19T13:58:59+00:00","dateModified":"2026-01-25T20:05:12+00:00","description":"Kuldse niidiga k\u00e4ev\u00f5ru on \u00f5rn detail, mis r\u00f5hutab teie randmet ja lisab teie v\u00e4limusele elegantsi. Meie kullast ehted on","breadcrumb":{"@id":"https:\/\/ares.lt\/parduotuve\/apyranke-su-siulu-goldish\/#breadcrumb"},"inLanguage":"et","potentialAction":[{"@type":"ReadAction","target":["https:\/\/ares.lt\/parduotuve\/apyranke-su-siulu-goldish\/"]}]},{"@type":"ImageObject","inLanguage":"et","@id":"https:\/\/ares.lt\/parduotuve\/apyranke-su-siulu-goldish\/#primaryimage","url":"https:\/\/ares.lt\/wp-content\/uploads\/2023\/09\/IMG_1934-scaled-scaled.jpg","contentUrl":"https:\/\/ares.lt\/wp-content\/uploads\/2023\/09\/IMG_1934-scaled-scaled.jpg","width":3360,"height":2240,"caption":"Apyrank\u0117 Su Si\u016blu \u201eGoldish\u201d"},{"@type":"BreadcrumbList","@id":"https:\/\/ares.lt\/parduotuve\/apyranke-su-siulu-goldish\/#breadcrumb","itemListElement":[{"@type":"ListItem","position":1,"name":"Auksiniai papuo\u0161alai","item":"https:\/\/ares.lt\/"},{"@type":"ListItem","position":2,"name":"Parduotuv\u0117","item":"https:\/\/ares.lt\/parduotuve\/"},{"@type":"ListItem","position":3,"name":"Apyrank\u0117 su si\u016blu &#8222;Goldish&#8221;"}]},{"@type":"WebSite","@id":"https:\/\/ares.lt\/#website","url":"https:\/\/ares.lt\/","name":"ARES Ehted","description":"Kuldsed ehted","publisher":{"@id":"https:\/\/ares.lt\/#organization"},"potentialAction":[{"@type":"SearchAction","target":{"@type":"EntryPoint","urlTemplate":"https:\/\/ares.lt\/?s={search_term_string}"},"query-input":{"@type":"PropertyValueSpecification","valueRequired":true,"valueName":"search_term_string"}}],"inLanguage":"et"},{"@type":"Organization","@id":"https:\/\/ares.lt\/#organization","name":"Ares Ehted kuldehted","url":"https:\/\/ares.lt\/","logo":{"@type":"ImageObject","inLanguage":"et","@id":"https:\/\/ares.lt\/#\/schema\/logo\/image\/","url":"https:\/\/i0.wp.com\/ares.lt\/wp-content\/uploads\/2022\/03\/ares-text-logo-1.png?fit=417%2C122&ssl=1","contentUrl":"https:\/\/i0.wp.com\/ares.lt\/wp-content\/uploads\/2022\/03\/ares-text-logo-1.png?fit=417%2C122&ssl=1","width":417,"height":122,"caption":"Ares Juvelyrika auksiniai papuosalai"},"image":{"@id":"https:\/\/ares.lt\/#\/schema\/logo\/image\/"},"sameAs":["https:\/\/www.facebook.com\/AresJewellery","https:\/\/www.instagram.com\/ares_juvelyrika\/"]}]}},"_links":{"self":[{"href":"https:\/\/ares.lt\/et\/wp-json\/wp\/v2\/product\/13044","targetHints":{"allow":["GET"]}}],"collection":[{"href":"https:\/\/ares.lt\/et\/wp-json\/wp\/v2\/product"}],"about":[{"href":"https:\/\/ares.lt\/et\/wp-json\/wp\/v2\/types\/product"}],"replies":[{"embeddable":true,"href":"https:\/\/ares.lt\/et\/wp-json\/wp\/v2\/comments?post=13044"}],"wp:featuredmedia":[{"embeddable":true,"href":"https:\/\/ares.lt\/et\/wp-json\/wp\/v2\/media\/13053"}],"wp:attachment":[{"href":"https:\/\/ares.lt\/et\/wp-json\/wp\/v2\/media?parent=13044"}],"wp:term":[{"taxonomy":"product_cat","embeddable":true,"href":"https:\/\/ares.lt\/et\/wp-json\/wp\/v2\/product_cat?post=13044"},{"taxonomy":"product_tag","embeddable":true,"href":"https:\/\/ares.lt\/et\/wp-json\/wp\/v2\/product_tag?post=13044"}],"curies":[{"name":"wp","href":"https:\/\/api.w.org\/{rel}","templated":true}]}}