{"id":14419,"date":"2024-02-20T11:51:01","date_gmt":"2024-02-20T09:51:01","guid":{"rendered":"https:\/\/ares.lt\/?post_type=product&#038;p=14419"},"modified":"2026-04-21T08:29:09","modified_gmt":"2026-04-21T06:29:09","slug":"001ct-teemantidega-niitkaevoru","status":"publish","type":"product","link":"https:\/\/ares.lt\/et\/parduotuve\/siulo-apyranke-su-deimantu-001ct\/","title":{"rendered":"Punase niidiga k\u00e4ev\u00f5ru teemantidega"},"content":{"rendered":"<h2>Punase niidiga k\u00e4ev\u00f5ru teemantidega<\/h2>\n<p>See punane v\u00f5i muust niidist teemandiga k\u00e4ev\u00f5ru on valmistatud kvaliteetsest niidist, naturaalsest teemandist ja 14k 585 kullast.<\/p>\n<p>K\u00e4ev\u00f5ru pikkus on reguleeritav, seega saavad seda teemantk\u00e4ev\u00f5ru kanda k\u00f5ik. Lisaks ei ole meie k\u00e4ev\u00f5rud m\u00f5eldud ainult naistele, n\u00e4iteks musta niidiga k\u00e4ev\u00f5ru teemandiga v\u00f5ib liigitada meeste k\u00e4ev\u00f5ruks.<\/p>\n<p>K\u00e4ev\u00f5ru saab valida kolme kuldse v\u00e4rvi vahel:<\/p>\n<ul>\n<li>Punane kuld<\/li>\n<li>Kollane kuld<\/li>\n<li>Valge kuld<\/li>\n<\/ul>\n<p>Teemantk\u00e4ev\u00f5ru jaoks saate valida j\u00e4rgmiste niidiv\u00e4rvide vahel:<\/p>\n<ul>\n<li><a href=\"https:\/\/ares.lt\/et\/poes\/must-niitkaevoru-teemantidega\/\">Must<\/a><\/li>\n<\/ul>\n<p><a href=\"https:\/\/ares.lt\/et\/poes\/must-niitkaevoru-teemantidega\/\"><img fetchpriority=\"high\" decoding=\"async\" class=\"alignnone wp-image-15920 size-medium\" src=\"https:\/\/ares.lt\/wp-content\/uploads\/2024\/07\/blackyellowROSE_1-1-scaled-e1722442046468-300x200.jpg\" alt=\"Musta niidiga punasest kullast k\u00e4ev\u00f5ru teemantidega\" width=\"300\" height=\"200\" srcset=\"https:\/\/ares.lt\/wp-content\/uploads\/2024\/07\/blackyellowROSE_1-1-scaled-e1722442046468-300x200.jpg 300w, https:\/\/ares.lt\/wp-content\/uploads\/2024\/07\/blackyellowROSE_1-1-scaled-e1722442046468-960x640.jpg 960w, https:\/\/ares.lt\/wp-content\/uploads\/2024\/07\/blackyellowROSE_1-1-scaled-e1722442046468-600x400.jpg 600w, https:\/\/ares.lt\/wp-content\/uploads\/2024\/07\/blackyellowROSE_1-1-scaled-e1722442046468-145x97.jpg 145w\" sizes=\"(max-width: 300px) 100vw, 300px\" \/><\/a><\/p>\n<ul>\n<li><a href=\"https:\/\/ares.lt\/et\/poes\/valge-niidiga-kaevoru-teemantidega\/\">Valge<\/a><\/li>\n<\/ul>\n<p><a href=\"https:\/\/ares.lt\/et\/poes\/valge-niidiga-kaevoru-teemantidega\/\"><img decoding=\"async\" class=\"alignnone wp-image-15951 size-medium\" src=\"https:\/\/ares.lt\/wp-content\/uploads\/2024\/08\/whiteyellowROSE_1-1-scaled-e1722690627538-300x200.jpg\" alt=\"Valge niidiga valgepunane k\u00e4ev\u00f5ru teemantidega\" width=\"300\" height=\"200\" srcset=\"https:\/\/ares.lt\/wp-content\/uploads\/2024\/08\/whiteyellowROSE_1-1-scaled-e1722690627538-300x200.jpg 300w, https:\/\/ares.lt\/wp-content\/uploads\/2024\/08\/whiteyellowROSE_1-1-scaled-e1722690627538-960x640.jpg 960w, https:\/\/ares.lt\/wp-content\/uploads\/2024\/08\/whiteyellowROSE_1-1-scaled-e1722690627538-600x400.jpg 600w, https:\/\/ares.lt\/wp-content\/uploads\/2024\/08\/whiteyellowROSE_1-1-scaled-e1722690627538-145x97.jpg 145w\" sizes=\"(max-width: 300px) 100vw, 300px\" \/><\/a><\/p>\n<ul>\n<li><a href=\"https:\/\/ares.lt\/et\/poes\/sinise-niidiga-kaevoru-teemantidega\/\">Sinine<\/a><\/li>\n<\/ul>\n<p><a href=\"https:\/\/ares.lt\/et\/poes\/sinise-niidiga-kaevoru-teemantidega\/\"><img decoding=\"async\" class=\"alignnone wp-image-15939 size-medium\" src=\"https:\/\/ares.lt\/wp-content\/uploads\/2024\/07\/blueyellowROSE_1-1-scaled-e1722444411747-300x200.jpg\" alt=\"Sinise niidiga punasest kullast k\u00e4ev\u00f5ru teemantidega\" width=\"300\" height=\"200\" srcset=\"https:\/\/ares.lt\/wp-content\/uploads\/2024\/07\/blueyellowROSE_1-1-scaled-e1722444411747-300x200.jpg 300w, https:\/\/ares.lt\/wp-content\/uploads\/2024\/07\/blueyellowROSE_1-1-scaled-e1722444411747-960x640.jpg 960w, https:\/\/ares.lt\/wp-content\/uploads\/2024\/07\/blueyellowROSE_1-1-scaled-e1722444411747-600x400.jpg 600w, https:\/\/ares.lt\/wp-content\/uploads\/2024\/07\/blueyellowROSE_1-1-scaled-e1722444411747-145x97.jpg 145w\" sizes=\"(max-width: 300px) 100vw, 300px\" \/><\/a><\/p>\n<ul>\n<li><a href=\"https:\/\/ares.lt\/et\/poes\/rohelise-niidiga-kaevoru-teemantidega\/\">Roheline<\/a><\/li>\n<\/ul>\n<p><a href=\"https:\/\/ares.lt\/et\/poes\/rohelise-niidiga-kaevoru-teemantidega\/\"><img loading=\"lazy\" decoding=\"async\" class=\"alignnone wp-image-16003 size-medium\" src=\"https:\/\/ares.lt\/wp-content\/uploads\/2024\/08\/greenyellowROSE_1-1-scaled-e1722695140442-300x200.jpg\" alt=\"Rohelise niidiga punasest kullast k\u00e4ev\u00f5ru teemantidega\" width=\"300\" height=\"200\" srcset=\"https:\/\/ares.lt\/wp-content\/uploads\/2024\/08\/greenyellowROSE_1-1-scaled-e1722695140442-300x200.jpg 300w, https:\/\/ares.lt\/wp-content\/uploads\/2024\/08\/greenyellowROSE_1-1-scaled-e1722695140442-960x640.jpg 960w, https:\/\/ares.lt\/wp-content\/uploads\/2024\/08\/greenyellowROSE_1-1-scaled-e1722695140442-600x400.jpg 600w, https:\/\/ares.lt\/wp-content\/uploads\/2024\/08\/greenyellowROSE_1-1-scaled-e1722695140442-145x97.jpg 145w\" sizes=\"(max-width: 300px) 100vw, 300px\" \/><\/a><\/p>\n<ul>\n<li><a href=\"https:\/\/ares.lt\/et\/poes\/002ct-teemantidega-niitkaevoru\/\">Vask<\/a><\/li>\n<\/ul>\n<p><a href=\"https:\/\/ares.lt\/et\/poes\/002ct-teemantidega-niitkaevoru\/\"><img loading=\"lazy\" decoding=\"async\" class=\"alignnone wp-image-16016 size-medium\" src=\"https:\/\/ares.lt\/wp-content\/uploads\/2024\/02\/CopperROSE_1-1-scaled-e1722696276209-300x200.jpg\" alt=\"Vaskniidist punasest kullast k\u00e4ev\u00f5ru teemantidega\" width=\"300\" height=\"200\" srcset=\"https:\/\/ares.lt\/wp-content\/uploads\/2024\/02\/CopperROSE_1-1-scaled-e1722696276209-300x200.jpg 300w, https:\/\/ares.lt\/wp-content\/uploads\/2024\/02\/CopperROSE_1-1-scaled-e1722696276209-960x640.jpg 960w, https:\/\/ares.lt\/wp-content\/uploads\/2024\/02\/CopperROSE_1-1-scaled-e1722696276209-600x400.jpg 600w, https:\/\/ares.lt\/wp-content\/uploads\/2024\/02\/CopperROSE_1-1-scaled-e1722696276209-145x97.jpg 145w\" sizes=\"(max-width: 300px) 100vw, 300px\" \/><\/a><\/p>\n<ul>\n<li><a href=\"https:\/\/ares.lt\/et\/poes\/liivane-niit-kaevoru-teemantidega\/\">Liivane<\/a><\/li>\n<\/ul>\n<p><a href=\"https:\/\/ares.lt\/et\/poes\/liivane-niit-kaevoru-teemantidega\/\"><img loading=\"lazy\" decoding=\"async\" class=\"alignnone wp-image-15963 size-medium\" src=\"https:\/\/ares.lt\/wp-content\/uploads\/2024\/08\/Sandskin-colorROSE_1-1-scaled-e1722691056488-300x200.jpg\" alt=\"Liivase niidiga punasest kullast k\u00e4ev\u00f5ru teemantidega\" width=\"300\" height=\"200\" srcset=\"https:\/\/ares.lt\/wp-content\/uploads\/2024\/08\/Sandskin-colorROSE_1-1-scaled-e1722691056488-300x200.jpg 300w, https:\/\/ares.lt\/wp-content\/uploads\/2024\/08\/Sandskin-colorROSE_1-1-scaled-e1722691056488-960x640.jpg 960w, https:\/\/ares.lt\/wp-content\/uploads\/2024\/08\/Sandskin-colorROSE_1-1-scaled-e1722691056488-600x400.jpg 600w, https:\/\/ares.lt\/wp-content\/uploads\/2024\/08\/Sandskin-colorROSE_1-1-scaled-e1722691056488-145x97.jpg 145w\" sizes=\"(max-width: 300px) 100vw, 300px\" \/><\/a><\/p>\n<ul>\n<li><a href=\"https:\/\/ares.lt\/et\/poes\/halli-niidiga-kaevoru-teemantidega\/\">Hall<\/a><\/li>\n<\/ul>\n<p><a href=\"https:\/\/ares.lt\/et\/poes\/halli-niidiga-kaevoru-teemantidega\/\"><img loading=\"lazy\" decoding=\"async\" class=\"alignnone wp-image-15993 size-medium\" src=\"https:\/\/ares.lt\/wp-content\/uploads\/2024\/08\/GreysilverROSE_1-1-scaled-e1722694789241-300x200.jpg\" alt=\"Halli niidiga punasest kullast k\u00e4ev\u00f5ru teemantidega\" width=\"300\" height=\"200\" srcset=\"https:\/\/ares.lt\/wp-content\/uploads\/2024\/08\/GreysilverROSE_1-1-scaled-e1722694789241-300x200.jpg 300w, https:\/\/ares.lt\/wp-content\/uploads\/2024\/08\/GreysilverROSE_1-1-scaled-e1722694789241-960x640.jpg 960w, https:\/\/ares.lt\/wp-content\/uploads\/2024\/08\/GreysilverROSE_1-1-scaled-e1722694789241-600x400.jpg 600w, https:\/\/ares.lt\/wp-content\/uploads\/2024\/08\/GreysilverROSE_1-1-scaled-e1722694789241-145x97.jpg 145w\" sizes=\"(max-width: 300px) 100vw, 300px\" \/><\/a><\/p>\n<ul>\n<li><a href=\"https:\/\/ares.lt\/et\/poes\/lohelongast-kaevoru-teemantidega\/\">L\u00f5he<\/a><\/li>\n<\/ul>\n<p><a href=\"https:\/\/ares.lt\/et\/poes\/lohelongast-kaevoru-teemantidega\/\"><img loading=\"lazy\" decoding=\"async\" class=\"alignnone wp-image-15972 size-medium\" src=\"https:\/\/ares.lt\/wp-content\/uploads\/2024\/08\/SalmonROSE_1-1-scaled-e1722691985683-300x200.jpg\" alt=\"L\u00f5heniidist punasest kullast k\u00e4ev\u00f5ru teemantidega\" width=\"300\" height=\"200\" srcset=\"https:\/\/ares.lt\/wp-content\/uploads\/2024\/08\/SalmonROSE_1-1-scaled-e1722691985683-300x200.jpg 300w, https:\/\/ares.lt\/wp-content\/uploads\/2024\/08\/SalmonROSE_1-1-scaled-e1722691985683-960x640.jpg 960w, https:\/\/ares.lt\/wp-content\/uploads\/2024\/08\/SalmonROSE_1-1-scaled-e1722691985683-600x400.jpg 600w, https:\/\/ares.lt\/wp-content\/uploads\/2024\/08\/SalmonROSE_1-1-scaled-e1722691985683-145x97.jpg 145w\" sizes=\"(max-width: 300px) 100vw, 300px\" \/><\/a><\/p>\n<ul>\n<li><a href=\"https:\/\/ares.lt\/et\/poes\/roosa-niidiga-kaevoru-teemantidega\/\">Roosip\u00e4rg<\/a><\/li>\n<\/ul>\n<p><a href=\"https:\/\/ares.lt\/et\/poes\/roosa-niidiga-kaevoru-teemantidega\/\"><img loading=\"lazy\" decoding=\"async\" class=\"alignnone wp-image-15983 size-medium\" src=\"https:\/\/ares.lt\/wp-content\/uploads\/2024\/08\/PinkROSE_1-1-scaled-e1722692456122-300x200.jpg\" alt=\"Roosast kullast k\u00e4ev\u00f5ru teemantidega\" width=\"300\" height=\"200\" srcset=\"https:\/\/ares.lt\/wp-content\/uploads\/2024\/08\/PinkROSE_1-1-scaled-e1722692456122-300x200.jpg 300w, https:\/\/ares.lt\/wp-content\/uploads\/2024\/08\/PinkROSE_1-1-scaled-e1722692456122-960x640.jpg 960w, https:\/\/ares.lt\/wp-content\/uploads\/2024\/08\/PinkROSE_1-1-scaled-e1722692456122-600x400.jpg 600w, https:\/\/ares.lt\/wp-content\/uploads\/2024\/08\/PinkROSE_1-1-scaled-e1722692456122-145x97.jpg 145w\" sizes=\"(max-width: 300px) 100vw, 300px\" \/><\/a><\/p>\n<p>Viimane samm on teemandi suuruse valimine:<\/p>\n<ul>\n<li>0,01 karaati<\/li>\n<li>0,02 karaati<\/li>\n<\/ul>\n<p>Valik on lai, seega v\u00f5id valida populaarse punase niidiga k\u00e4ev\u00f5ru teemandiga v\u00f5i eristuda massist ja valida teistsuguses v\u00e4rvitoonis niidiga k\u00e4ev\u00f5ru.<\/p>\n<p>&nbsp;<\/p>\n<h3>Tasuta k\u00e4ev\u00f5ru vahetus<\/h3>\n<p>See on \u00fchekordne ja piiramatu v\u00f5imalus niidi v\u00e4rvi muuta (v\u00f5ite valida meie sortimendist sama v\u00f5i erinevat v\u00e4rvi niidi), kui see teil m\u00f5ne aja p\u00e4rast \u00e4ra t\u00fcdineb. Niidivahetusteenus on tasuta (niidist k\u00e4ev\u00f5ru tuleb osta meie e-poest), katta tuleb vaid logistikakulud - 5 EUR.<\/p>\n<p>K\u00e4ev\u00f5ru vahetamise protsess:<\/p>\n<ul>\n<li>K\u00e4ev\u00f5ru niidivahetusteenuse saamiseks v\u00f5tke meiega \u00fchendust (<a href=\"https:\/\/www.facebook.com\/AresJewellery\" target=\"_blank\" rel=\"noopener\">Facebook<\/a>, <a href=\"https:\/\/www.instagram.com\/ares_juvelyrika\/\" target=\"_blank\" rel=\"noopener\">Instagram<\/a>, <a href=\"https:\/\/ares.lt\/et\/kontaktid\/\">e-posti teel<\/a> v\u00f5i muul viisil)<\/li>\n<li>Saada niidist k\u00e4ev\u00f5ru koos m\u00e4\u00e4ratud saatmiskoodiga pakiautomaadi kaudu<\/li>\n<li>V\u00f5ta \u00fcmber seotud k\u00e4ev\u00f5ru l\u00e4himast pakiautomaadist (k\u00e4ev\u00f5ru \u00fcmber seotuse aeg on 1-3 p\u00e4eva)<\/li>\n<\/ul>\n<h3>Punase v\u00e4rvi s\u00fcmboolika<\/h3>\n<p>Punasel v\u00e4rvil on olnud erinevates kultuurides tugev s\u00fcmboolne t\u00e4hendus juba iidsetest aegadest. Seda seostatakse sageli kire, armastuse, energia ja eluj\u00f5uga. M\u00f5nes kultuuris peetakse punast ka kaitsvaks, halva energia eemale peletavaks ja \u00f5nne toovaks.<\/p>\n<h3>K\u00e4ev\u00f5rude s\u00fcmboolika<\/h3>\n<p>K\u00e4ev\u00f5rudel on pikk ajalugu ehetena, mida kantakse nende esteetilise v\u00e4\u00e4rtuse ja s\u00fcmboolika t\u00f5ttu. Iidsetes tsivilisatsioonides kasutati k\u00e4ev\u00f5rusid sageli staatuses\u00fcmbolitena v\u00f5i talismanidena kaitse ja \u00f5itsengu tagamiseks. See traditsioon on s\u00e4ilinud t\u00e4nap\u00e4evani ja v\u00e4\u00e4riskividega k\u00e4ev\u00f5rusid peetakse elegantseteks ja t\u00e4hendusrikasteks aksessuaarideks.<\/p>\n<h3>Teemants\u00fcmboolika<\/h3>\n<p>Teemante peetakse nende ilu, harulduse ja vastupidavuse t\u00f5ttu \u00fcheks k\u00f5ige v\u00e4\u00e4rtuslikumaks v\u00e4\u00e4riskiviks. Need s\u00fcmboliseerivad igavest armastust, j\u00f5udu ja laitmatut kvaliteeti. Teemante kasutatakse sageli kihlas\u00f5rmustes, aga need sobivad h\u00e4sti ka paljudes teistes ehetes, sealhulgas k\u00e4ev\u00f5rudes.<\/p>\n<h2>Miks valida punane k\u00e4ev\u00f5ru teemantidega?<\/h2>\n<h3>Esteetiline ilu<\/h3>\n<p>Punased teemantidega k\u00e4ev\u00f5rud pole mitte ainult stiilsed, vaid ka v\u00e4ga v\u00e4ljendusrikkad. Punase ja teemantide kombinatsioon loob kontrastse ja elegantse v\u00e4limuse, mis k\u00f6idab t\u00e4helepanu ja r\u00f5hutab kandja individuaalsust.<\/p>\n<h3>Ainulaadsus<\/h3>\n<p>Punane teemantk\u00e4ev\u00f5ru on ainulaadne ehe, mida saab kanda nii iga p\u00e4ev kui ka erilistel puhkudel. See v\u00f5ib olla suurep\u00e4rane valik neile, kes soovivad silma paista ja oma stiili r\u00f5hutada.<\/p>\n<h3>S\u00fcmboolne t\u00e4hendus<\/h3>\n<p>Sellisel k\u00e4ev\u00f5rul v\u00f5ib olla s\u00fcgav isiklik v\u00f5i kultuuriline t\u00e4hendus. Punane v\u00e4rv v\u00f5ib s\u00fcmboliseerida armastust v\u00f5i kirge, teemant aga igavest j\u00f5udu ja v\u00e4\u00e4rtust. See on suurep\u00e4rane viis eriliste tunnete v\u00f5i elufilosoofia v\u00e4ljendamiseks.<\/p>\n<h3>Kvaliteet ja vastupidavus<\/h3>\n<p>Teemandid on tuntud oma tugevuse ja vastupidavuse poolest. Teemantk\u00e4ev\u00f5ru on vastupidav ja s\u00e4ilitab oma ilu aastaid, mist\u00f5ttu on see suurep\u00e4rane investeering pikaajalise v\u00e4\u00e4rtuse saavutamiseks.<\/p>\n<h3>Suurep\u00e4rane kingitus<\/h3>\n<p>Punane teemantk\u00e4ev\u00f5ru on suurep\u00e4rane kingitus kellelegi erilisele. See sobib erinevateks s\u00fcndmusteks, n\u00e4iteks aastap\u00e4evaks, s\u00fcnnip\u00e4evaks, s\u00f5brap\u00e4evaks v\u00f5i muuks eriliseks t\u00e4htp\u00e4evaks. Sellised ehted v\u00f5ivad saada hinnaliseks m\u00e4lestusesemeks, mis s\u00fcmboliseerib armastust ja t\u00e4helepanu.<\/p>\n<p>Punane teemantk\u00e4ev\u00f5ru on elegantne ja t\u00e4hendusrikas ehe, mis \u00fchendab punase v\u00e4rvi erksuse ja kire teemandi j\u00f5u ja iluga. See v\u00f5ib olla suurep\u00e4rane valik neile, kes hindavad kvaliteeti, stiili ja s\u00fcmboolikat. See ehe mitte ainult ei kaunista teie k\u00e4tt, vaid saab ka eriliseks aktsendiks teie isiklikus stiilis.<\/p>","protected":false},"excerpt":{"rendered":"<p>Raudono si\u016blo apyrank\u0117 su deimantu \u0160i raudono ar kito si\u016blo apyrank\u0117 su deimantu yra pagaminta i\u0161 auk\u0161tos kokyb\u0117s si\u016blo, nat\u016bralaus deimanto ir&hellip;<\/p>","protected":false},"featured_media":16013,"comment_status":"open","ping_status":"closed","template":"","meta":[],"product_cat":[247,980,1003,400,786,402,432,381,401,360,687],"product_tag":[],"class_list":{"0":"post-14419","1":"product","2":"type-product","3":"status-publish","4":"has-post-thumbnail","6":"product_cat-apyrankes","7":"product_cat-auksines-apyrankes-iki-100-eur","8":"product_cat-auksines-apyrankes-su-deimantais","9":"product_cat-balto-aukso-papuosalai","10":"product_cat-deimantai","11":"product_cat-geltono-aukso-papuosalai","12":"product_cat-nauja","13":"product_cat-papuosalai-su-briliantais","14":"product_cat-raudono-aukso-papuosalai","15":"product_cat-apyrankes-su-siulu","16":"product_cat-valentino-diena","17":"tm-has-options","19":"first","20":"instock","21":"sale","22":"featured","23":"shipping-taxable","24":"purchasable","25":"product-type-variable","26":"has-default-attributes"},"yoast_head":"<!-- This site is optimized with the Yoast SEO plugin v27.4 - https:\/\/yoast.com\/product\/yoast-seo-wordpress\/ -->\n<title>Raudono si\u016blo apyrank\u0117 su deimantu<\/title>\n<meta name=\"description\" content=\"Raudono si\u016blo apyrank\u0117 su deimantu \u0160i raudono ar kito si\u016blo apyrank\u0117 su deimantu yra pagaminta i\u0161 auk\u0161tos kokyb\u0117s si\u016blo, nat\u016bralaus deimanto ir 14k 585\" \/>\n<meta name=\"robots\" content=\"index, follow, max-snippet:-1, max-image-preview:large, max-video-preview:-1\" \/>\n<link rel=\"canonical\" href=\"https:\/\/ares.lt\/et\/poes\/001ct-teemantidega-niitkaevoru\/\" \/>\n<meta property=\"og:locale\" content=\"et_EE\" \/>\n<meta property=\"og:type\" content=\"article\" \/>\n<meta property=\"og:title\" content=\"Raudono si\u016blo apyrank\u0117 su deimantu\" \/>\n<meta property=\"og:description\" content=\"Raudono si\u016blo apyrank\u0117 su deimantu \u0160i raudono ar kito si\u016blo apyrank\u0117 su deimantu yra pagaminta i\u0161 auk\u0161tos kokyb\u0117s si\u016blo, nat\u016bralaus deimanto ir 14k 585\" \/>\n<meta property=\"og:url\" content=\"https:\/\/ares.lt\/et\/poes\/001ct-teemantidega-niitkaevoru\/\" \/>\n<meta property=\"og:site_name\" content=\"ARES Juvelyrika\" \/>\n<meta property=\"article:publisher\" content=\"https:\/\/www.facebook.com\/AresJewellery\" \/>\n<meta property=\"article:modified_time\" content=\"2026-04-21T06:29:09+00:00\" \/>\n<meta property=\"og:image\" content=\"https:\/\/ares.lt\/wp-content\/uploads\/2024\/02\/redyellowROSE_1-1-scaled-e1722695772196.jpg\" \/>\n\t<meta property=\"og:image:width\" content=\"3360\" \/>\n\t<meta property=\"og:image:height\" content=\"2240\" \/>\n\t<meta property=\"og:image:type\" content=\"image\/jpeg\" \/>\n<meta name=\"twitter:card\" content=\"summary_large_image\" \/>\n<meta name=\"twitter:label1\" content=\"Est. reading time\" \/>\n\t<meta name=\"twitter:data1\" content=\"1 minut\" \/>\n<script type=\"application\/ld+json\" class=\"yoast-schema-graph\">{\"@context\":\"https:\\\/\\\/schema.org\",\"@graph\":[{\"@type\":\"WebPage\",\"@id\":\"https:\\\/\\\/ares.lt\\\/parduotuve\\\/siulo-apyranke-su-deimantu-001ct\\\/\",\"url\":\"https:\\\/\\\/ares.lt\\\/parduotuve\\\/siulo-apyranke-su-deimantu-001ct\\\/\",\"name\":\"Raudono si\u016blo apyrank\u0117 su deimantu\",\"isPartOf\":{\"@id\":\"https:\\\/\\\/ares.lt\\\/#website\"},\"primaryImageOfPage\":{\"@id\":\"https:\\\/\\\/ares.lt\\\/parduotuve\\\/siulo-apyranke-su-deimantu-001ct\\\/#primaryimage\"},\"image\":{\"@id\":\"https:\\\/\\\/ares.lt\\\/parduotuve\\\/siulo-apyranke-su-deimantu-001ct\\\/#primaryimage\"},\"thumbnailUrl\":\"https:\\\/\\\/ares.lt\\\/wp-content\\\/uploads\\\/2024\\\/02\\\/redyellowROSE_1-1-scaled-e1722695772196-scaled.jpg\",\"datePublished\":\"2024-02-20T09:51:01+00:00\",\"dateModified\":\"2026-04-21T06:29:09+00:00\",\"description\":\"Raudono si\u016blo apyrank\u0117 su deimantu \u0160i raudono ar kito si\u016blo apyrank\u0117 su deimantu yra pagaminta i\u0161 auk\u0161tos kokyb\u0117s si\u016blo, nat\u016bralaus deimanto ir 14k 585\",\"breadcrumb\":{\"@id\":\"https:\\\/\\\/ares.lt\\\/parduotuve\\\/siulo-apyranke-su-deimantu-001ct\\\/#breadcrumb\"},\"inLanguage\":\"et\",\"potentialAction\":[{\"@type\":\"ReadAction\",\"target\":[\"https:\\\/\\\/ares.lt\\\/parduotuve\\\/siulo-apyranke-su-deimantu-001ct\\\/\"]}]},{\"@type\":\"ImageObject\",\"inLanguage\":\"et\",\"@id\":\"https:\\\/\\\/ares.lt\\\/parduotuve\\\/siulo-apyranke-su-deimantu-001ct\\\/#primaryimage\",\"url\":\"https:\\\/\\\/ares.lt\\\/wp-content\\\/uploads\\\/2024\\\/02\\\/redyellowROSE_1-1-scaled-e1722695772196-scaled.jpg\",\"contentUrl\":\"https:\\\/\\\/ares.lt\\\/wp-content\\\/uploads\\\/2024\\\/02\\\/redyellowROSE_1-1-scaled-e1722695772196-scaled.jpg\",\"width\":3360,\"height\":2240,\"caption\":\"Raudono si\u016blo raudono aukso apyrank\u0117 su deimantu\"},{\"@type\":\"BreadcrumbList\",\"@id\":\"https:\\\/\\\/ares.lt\\\/parduotuve\\\/siulo-apyranke-su-deimantu-001ct\\\/#breadcrumb\",\"itemListElement\":[{\"@type\":\"ListItem\",\"position\":1,\"name\":\"Auksiniai papuo\u0161alai\",\"item\":\"https:\\\/\\\/ares.lt\\\/\"},{\"@type\":\"ListItem\",\"position\":2,\"name\":\"Parduotuv\u0117\",\"item\":\"https:\\\/\\\/ares.lt\\\/parduotuve\\\/\"},{\"@type\":\"ListItem\",\"position\":3,\"name\":\"Raudono si\u016blo apyrank\u0117 su deimantu\"}]},{\"@type\":\"WebSite\",\"@id\":\"https:\\\/\\\/ares.lt\\\/#website\",\"url\":\"https:\\\/\\\/ares.lt\\\/\",\"name\":\"ARES Juvelyrika\",\"description\":\"Auksiniai papuo\u0161alai\",\"publisher\":{\"@id\":\"https:\\\/\\\/ares.lt\\\/#organization\"},\"potentialAction\":[{\"@type\":\"SearchAction\",\"target\":{\"@type\":\"EntryPoint\",\"urlTemplate\":\"https:\\\/\\\/ares.lt\\\/?s={search_term_string}\"},\"query-input\":{\"@type\":\"PropertyValueSpecification\",\"valueRequired\":true,\"valueName\":\"search_term_string\"}}],\"inLanguage\":\"et\"},{\"@type\":\"Organization\",\"@id\":\"https:\\\/\\\/ares.lt\\\/#organization\",\"name\":\"Ares Juvelyrika auksiniai papuosalai\",\"url\":\"https:\\\/\\\/ares.lt\\\/\",\"logo\":{\"@type\":\"ImageObject\",\"inLanguage\":\"et\",\"@id\":\"https:\\\/\\\/ares.lt\\\/#\\\/schema\\\/logo\\\/image\\\/\",\"url\":\"https:\\\/\\\/i0.wp.com\\\/ares.lt\\\/wp-content\\\/uploads\\\/2022\\\/03\\\/ares-text-logo-1.png?fit=417%2C122&ssl=1\",\"contentUrl\":\"https:\\\/\\\/i0.wp.com\\\/ares.lt\\\/wp-content\\\/uploads\\\/2022\\\/03\\\/ares-text-logo-1.png?fit=417%2C122&ssl=1\",\"width\":417,\"height\":122,\"caption\":\"Ares Juvelyrika auksiniai papuosalai\"},\"image\":{\"@id\":\"https:\\\/\\\/ares.lt\\\/#\\\/schema\\\/logo\\\/image\\\/\"},\"sameAs\":[\"https:\\\/\\\/www.facebook.com\\\/AresJewellery\",\"https:\\\/\\\/www.instagram.com\\\/ares_juvelyrika\\\/\"]}]}<\/script>\n<!-- \/ Yoast SEO plugin. -->","yoast_head_json":{"title":"Punase niidiga k\u00e4ev\u00f5ru teemantidega","description":"Punane niitk\u00e4ev\u00f5ru teemantidega See punane v\u00f5i muu niitk\u00e4ev\u00f5ru teemantidega on valmistatud kvaliteetsest niidist, naturaalsest teemandist ja 14k 585 proovist.","robots":{"index":"index","follow":"follow","max-snippet":"max-snippet:-1","max-image-preview":"max-image-preview:large","max-video-preview":"max-video-preview:-1"},"canonical":"https:\/\/ares.lt\/et\/poes\/001ct-teemantidega-niitkaevoru\/","og_locale":"et_EE","og_type":"article","og_title":"Raudono si\u016blo apyrank\u0117 su deimantu","og_description":"Raudono si\u016blo apyrank\u0117 su deimantu \u0160i raudono ar kito si\u016blo apyrank\u0117 su deimantu yra pagaminta i\u0161 auk\u0161tos kokyb\u0117s si\u016blo, nat\u016bralaus deimanto ir 14k 585","og_url":"https:\/\/ares.lt\/et\/poes\/001ct-teemantidega-niitkaevoru\/","og_site_name":"ARES Juvelyrika","article_publisher":"https:\/\/www.facebook.com\/AresJewellery","article_modified_time":"2026-04-21T06:29:09+00:00","og_image":[{"width":3360,"height":2240,"url":"https:\/\/ares.lt\/wp-content\/uploads\/2024\/02\/redyellowROSE_1-1-scaled-e1722695772196.jpg","type":"image\/jpeg"}],"twitter_card":"summary_large_image","twitter_misc":{"Est. reading time":"1 minut"},"schema":{"@context":"https:\/\/schema.org","@graph":[{"@type":"WebPage","@id":"https:\/\/ares.lt\/parduotuve\/siulo-apyranke-su-deimantu-001ct\/","url":"https:\/\/ares.lt\/parduotuve\/siulo-apyranke-su-deimantu-001ct\/","name":"Punase niidiga k\u00e4ev\u00f5ru teemantidega","isPartOf":{"@id":"https:\/\/ares.lt\/#website"},"primaryImageOfPage":{"@id":"https:\/\/ares.lt\/parduotuve\/siulo-apyranke-su-deimantu-001ct\/#primaryimage"},"image":{"@id":"https:\/\/ares.lt\/parduotuve\/siulo-apyranke-su-deimantu-001ct\/#primaryimage"},"thumbnailUrl":"https:\/\/ares.lt\/wp-content\/uploads\/2024\/02\/redyellowROSE_1-1-scaled-e1722695772196-scaled.jpg","datePublished":"2024-02-20T09:51:01+00:00","dateModified":"2026-04-21T06:29:09+00:00","description":"Punane niitk\u00e4ev\u00f5ru teemantidega See punane v\u00f5i muu niitk\u00e4ev\u00f5ru teemantidega on valmistatud kvaliteetsest niidist, naturaalsest teemandist ja 14k 585 proovist.","breadcrumb":{"@id":"https:\/\/ares.lt\/parduotuve\/siulo-apyranke-su-deimantu-001ct\/#breadcrumb"},"inLanguage":"et","potentialAction":[{"@type":"ReadAction","target":["https:\/\/ares.lt\/parduotuve\/siulo-apyranke-su-deimantu-001ct\/"]}]},{"@type":"ImageObject","inLanguage":"et","@id":"https:\/\/ares.lt\/parduotuve\/siulo-apyranke-su-deimantu-001ct\/#primaryimage","url":"https:\/\/ares.lt\/wp-content\/uploads\/2024\/02\/redyellowROSE_1-1-scaled-e1722695772196-scaled.jpg","contentUrl":"https:\/\/ares.lt\/wp-content\/uploads\/2024\/02\/redyellowROSE_1-1-scaled-e1722695772196-scaled.jpg","width":3360,"height":2240,"caption":"Raudono si\u016blo raudono aukso apyrank\u0117 su deimantu"},{"@type":"BreadcrumbList","@id":"https:\/\/ares.lt\/parduotuve\/siulo-apyranke-su-deimantu-001ct\/#breadcrumb","itemListElement":[{"@type":"ListItem","position":1,"name":"Auksiniai papuo\u0161alai","item":"https:\/\/ares.lt\/"},{"@type":"ListItem","position":2,"name":"Parduotuv\u0117","item":"https:\/\/ares.lt\/parduotuve\/"},{"@type":"ListItem","position":3,"name":"Raudono si\u016blo apyrank\u0117 su deimantu"}]},{"@type":"WebSite","@id":"https:\/\/ares.lt\/#website","url":"https:\/\/ares.lt\/","name":"ARES Ehted","description":"Kuldsed ehted","publisher":{"@id":"https:\/\/ares.lt\/#organization"},"potentialAction":[{"@type":"SearchAction","target":{"@type":"EntryPoint","urlTemplate":"https:\/\/ares.lt\/?s={search_term_string}"},"query-input":{"@type":"PropertyValueSpecification","valueRequired":true,"valueName":"search_term_string"}}],"inLanguage":"et"},{"@type":"Organization","@id":"https:\/\/ares.lt\/#organization","name":"Ares Ehted kuldehted","url":"https:\/\/ares.lt\/","logo":{"@type":"ImageObject","inLanguage":"et","@id":"https:\/\/ares.lt\/#\/schema\/logo\/image\/","url":"https:\/\/i0.wp.com\/ares.lt\/wp-content\/uploads\/2022\/03\/ares-text-logo-1.png?fit=417%2C122&ssl=1","contentUrl":"https:\/\/i0.wp.com\/ares.lt\/wp-content\/uploads\/2022\/03\/ares-text-logo-1.png?fit=417%2C122&ssl=1","width":417,"height":122,"caption":"Ares Juvelyrika auksiniai papuosalai"},"image":{"@id":"https:\/\/ares.lt\/#\/schema\/logo\/image\/"},"sameAs":["https:\/\/www.facebook.com\/AresJewellery","https:\/\/www.instagram.com\/ares_juvelyrika\/"]}]}},"_links":{"self":[{"href":"https:\/\/ares.lt\/et\/wp-json\/wp\/v2\/product\/14419","targetHints":{"allow":["GET"]}}],"collection":[{"href":"https:\/\/ares.lt\/et\/wp-json\/wp\/v2\/product"}],"about":[{"href":"https:\/\/ares.lt\/et\/wp-json\/wp\/v2\/types\/product"}],"replies":[{"embeddable":true,"href":"https:\/\/ares.lt\/et\/wp-json\/wp\/v2\/comments?post=14419"}],"wp:featuredmedia":[{"embeddable":true,"href":"https:\/\/ares.lt\/et\/wp-json\/wp\/v2\/media\/16013"}],"wp:attachment":[{"href":"https:\/\/ares.lt\/et\/wp-json\/wp\/v2\/media?parent=14419"}],"wp:term":[{"taxonomy":"product_cat","embeddable":true,"href":"https:\/\/ares.lt\/et\/wp-json\/wp\/v2\/product_cat?post=14419"},{"taxonomy":"product_tag","embeddable":true,"href":"https:\/\/ares.lt\/et\/wp-json\/wp\/v2\/product_tag?post=14419"}],"curies":[{"name":"wp","href":"https:\/\/api.w.org\/{rel}","templated":true}]}}