{"id":14445,"date":"2024-02-20T12:22:49","date_gmt":"2024-02-20T10:22:49","guid":{"rendered":"https:\/\/ares.lt\/?post_type=product&#038;p=14445"},"modified":"2026-03-16T11:16:39","modified_gmt":"2026-03-16T09:16:39","slug":"002ct-teemantidega-niitkaevoru","status":"publish","type":"product","link":"https:\/\/ares.lt\/et\/parduotuve\/siulo-apyranke-su-deimantu-002ct\/","title":{"rendered":"Vaskniidist k\u00e4ev\u00f5ru teemantidega"},"content":{"rendered":"<h2>Vaskniidist k\u00e4ev\u00f5ru teemantidega<\/h2>\n<p>See vasest v\u00f5i muust niidist k\u00e4ev\u00f5ru teemantidega on valmistatud kvaliteetsest niidist, naturaalsest teemandist ja 14k 585 kullast.<\/p>\n<p>K\u00e4ev\u00f5ru pikkus on reguleeritav, seega saavad seda teemantk\u00e4ev\u00f5ru kanda k\u00f5ik. Lisaks ei ole meie k\u00e4ev\u00f5rud m\u00f5eldud ainult naistele, n\u00e4iteks musta niidiga k\u00e4ev\u00f5ru teemandiga v\u00f5ib liigitada meeste k\u00e4ev\u00f5ruks.<\/p>\n<p>K\u00e4ev\u00f5ru saab valida kolme kuldse v\u00e4rvi vahel:<\/p>\n<ul>\n<li>Punane kuld<\/li>\n<li>Kollane kuld<\/li>\n<li>Valge kuld<\/li>\n<\/ul>\n<p>Teemantk\u00e4ev\u00f5ru jaoks saate valida j\u00e4rgmiste niidiv\u00e4rvide vahel:<\/p>\n<ul>\n<li><a href=\"https:\/\/ares.lt\/et\/poes\/001ct-teemantidega-niitkaevoru\/\">Punane<\/a><\/li>\n<\/ul>\n<p><a href=\"https:\/\/ares.lt\/et\/poes\/001ct-teemantidega-niitkaevoru\/\"><img fetchpriority=\"high\" decoding=\"async\" class=\"alignnone wp-image-16013 size-medium\" src=\"https:\/\/ares.lt\/wp-content\/uploads\/2024\/02\/redyellowROSE_1-1-scaled-e1722695772196-300x200.jpg\" alt=\"Punase niidiga punasest kullast k\u00e4ev\u00f5ru teemantidega\" width=\"300\" height=\"200\" srcset=\"https:\/\/ares.lt\/wp-content\/uploads\/2024\/02\/redyellowROSE_1-1-scaled-e1722695772196-300x200.jpg 300w, https:\/\/ares.lt\/wp-content\/uploads\/2024\/02\/redyellowROSE_1-1-scaled-e1722695772196-960x640.jpg 960w, https:\/\/ares.lt\/wp-content\/uploads\/2024\/02\/redyellowROSE_1-1-scaled-e1722695772196-600x400.jpg 600w, https:\/\/ares.lt\/wp-content\/uploads\/2024\/02\/redyellowROSE_1-1-scaled-e1722695772196-145x97.jpg 145w\" sizes=\"(max-width: 300px) 100vw, 300px\" \/><\/a><\/p>\n<ul>\n<li><a href=\"https:\/\/ares.lt\/et\/poes\/must-niitkaevoru-teemantidega\/\">Must<\/a><\/li>\n<\/ul>\n<p><a href=\"https:\/\/ares.lt\/et\/poes\/must-niitkaevoru-teemantidega\/\"><img decoding=\"async\" class=\"alignnone wp-image-15920 size-medium\" src=\"https:\/\/ares.lt\/wp-content\/uploads\/2024\/07\/blackyellowROSE_1-1-scaled-e1722442046468-300x200.jpg\" alt=\"Musta niidiga punasest kullast k\u00e4ev\u00f5ru teemantidega\" width=\"300\" height=\"200\" srcset=\"https:\/\/ares.lt\/wp-content\/uploads\/2024\/07\/blackyellowROSE_1-1-scaled-e1722442046468-300x200.jpg 300w, https:\/\/ares.lt\/wp-content\/uploads\/2024\/07\/blackyellowROSE_1-1-scaled-e1722442046468-960x640.jpg 960w, https:\/\/ares.lt\/wp-content\/uploads\/2024\/07\/blackyellowROSE_1-1-scaled-e1722442046468-600x400.jpg 600w, https:\/\/ares.lt\/wp-content\/uploads\/2024\/07\/blackyellowROSE_1-1-scaled-e1722442046468-145x97.jpg 145w\" sizes=\"(max-width: 300px) 100vw, 300px\" \/><\/a><\/p>\n<ul>\n<li><a href=\"https:\/\/ares.lt\/et\/poes\/valge-niidiga-kaevoru-teemantidega\/\">Valge<\/a><\/li>\n<\/ul>\n<p><a href=\"https:\/\/ares.lt\/et\/poes\/valge-niidiga-kaevoru-teemantidega\/\"><img decoding=\"async\" class=\"alignnone wp-image-15951 size-medium\" src=\"https:\/\/ares.lt\/wp-content\/uploads\/2024\/08\/whiteyellowROSE_1-1-scaled-e1722690627538-300x200.jpg\" alt=\"Valge niidiga valgepunane k\u00e4ev\u00f5ru teemantidega\" width=\"300\" height=\"200\" srcset=\"https:\/\/ares.lt\/wp-content\/uploads\/2024\/08\/whiteyellowROSE_1-1-scaled-e1722690627538-300x200.jpg 300w, https:\/\/ares.lt\/wp-content\/uploads\/2024\/08\/whiteyellowROSE_1-1-scaled-e1722690627538-960x640.jpg 960w, https:\/\/ares.lt\/wp-content\/uploads\/2024\/08\/whiteyellowROSE_1-1-scaled-e1722690627538-600x400.jpg 600w, https:\/\/ares.lt\/wp-content\/uploads\/2024\/08\/whiteyellowROSE_1-1-scaled-e1722690627538-145x97.jpg 145w\" sizes=\"(max-width: 300px) 100vw, 300px\" \/><\/a><\/p>\n<ul>\n<li><a href=\"https:\/\/ares.lt\/et\/poes\/sinise-niidiga-kaevoru-teemantidega\/\">Sinine<\/a><\/li>\n<\/ul>\n<p><a href=\"https:\/\/ares.lt\/et\/poes\/sinise-niidiga-kaevoru-teemantidega\/\"><img loading=\"lazy\" decoding=\"async\" class=\"alignnone wp-image-15939 size-medium\" src=\"https:\/\/ares.lt\/wp-content\/uploads\/2024\/07\/blueyellowROSE_1-1-scaled-e1722444411747-300x200.jpg\" alt=\"Sinise niidiga punasest kullast k\u00e4ev\u00f5ru teemantidega\" width=\"300\" height=\"200\" srcset=\"https:\/\/ares.lt\/wp-content\/uploads\/2024\/07\/blueyellowROSE_1-1-scaled-e1722444411747-300x200.jpg 300w, https:\/\/ares.lt\/wp-content\/uploads\/2024\/07\/blueyellowROSE_1-1-scaled-e1722444411747-960x640.jpg 960w, https:\/\/ares.lt\/wp-content\/uploads\/2024\/07\/blueyellowROSE_1-1-scaled-e1722444411747-600x400.jpg 600w, https:\/\/ares.lt\/wp-content\/uploads\/2024\/07\/blueyellowROSE_1-1-scaled-e1722444411747-145x97.jpg 145w\" sizes=\"(max-width: 300px) 100vw, 300px\" \/><\/a><\/p>\n<ul>\n<li><a href=\"https:\/\/ares.lt\/et\/poes\/rohelise-niidiga-kaevoru-teemantidega\/\">Roheline<\/a><\/li>\n<\/ul>\n<p><a href=\"https:\/\/ares.lt\/et\/poes\/rohelise-niidiga-kaevoru-teemantidega\/\"><img loading=\"lazy\" decoding=\"async\" class=\"alignnone wp-image-16003 size-medium\" src=\"https:\/\/ares.lt\/wp-content\/uploads\/2024\/08\/greenyellowROSE_1-1-scaled-e1722695140442-300x200.jpg\" alt=\"Rohelise niidiga punasest kullast k\u00e4ev\u00f5ru teemantidega\" width=\"300\" height=\"200\" srcset=\"https:\/\/ares.lt\/wp-content\/uploads\/2024\/08\/greenyellowROSE_1-1-scaled-e1722695140442-300x200.jpg 300w, https:\/\/ares.lt\/wp-content\/uploads\/2024\/08\/greenyellowROSE_1-1-scaled-e1722695140442-960x640.jpg 960w, https:\/\/ares.lt\/wp-content\/uploads\/2024\/08\/greenyellowROSE_1-1-scaled-e1722695140442-600x400.jpg 600w, https:\/\/ares.lt\/wp-content\/uploads\/2024\/08\/greenyellowROSE_1-1-scaled-e1722695140442-145x97.jpg 145w\" sizes=\"(max-width: 300px) 100vw, 300px\" \/><\/a><\/p>\n<ul>\n<li><a href=\"https:\/\/ares.lt\/et\/poes\/liivane-niit-kaevoru-teemantidega\/\">Liivane<\/a><\/li>\n<\/ul>\n<p><a href=\"https:\/\/ares.lt\/et\/poes\/liivane-niit-kaevoru-teemantidega\/\"><img loading=\"lazy\" decoding=\"async\" class=\"alignnone wp-image-15963 size-medium\" src=\"https:\/\/ares.lt\/wp-content\/uploads\/2024\/08\/Sandskin-colorROSE_1-1-scaled-e1722691056488-300x200.jpg\" alt=\"Liivase niidiga punasest kullast k\u00e4ev\u00f5ru teemantidega\" width=\"300\" height=\"200\" srcset=\"https:\/\/ares.lt\/wp-content\/uploads\/2024\/08\/Sandskin-colorROSE_1-1-scaled-e1722691056488-300x200.jpg 300w, https:\/\/ares.lt\/wp-content\/uploads\/2024\/08\/Sandskin-colorROSE_1-1-scaled-e1722691056488-960x640.jpg 960w, https:\/\/ares.lt\/wp-content\/uploads\/2024\/08\/Sandskin-colorROSE_1-1-scaled-e1722691056488-600x400.jpg 600w, https:\/\/ares.lt\/wp-content\/uploads\/2024\/08\/Sandskin-colorROSE_1-1-scaled-e1722691056488-145x97.jpg 145w\" sizes=\"(max-width: 300px) 100vw, 300px\" \/><\/a><\/p>\n<ul>\n<li><a href=\"https:\/\/ares.lt\/et\/poes\/halli-niidiga-kaevoru-teemantidega\/\">Hall<\/a><\/li>\n<\/ul>\n<p><a href=\"https:\/\/ares.lt\/et\/poes\/halli-niidiga-kaevoru-teemantidega\/\"><img loading=\"lazy\" decoding=\"async\" class=\"alignnone wp-image-15993 size-medium\" src=\"https:\/\/ares.lt\/wp-content\/uploads\/2024\/08\/GreysilverROSE_1-1-scaled-e1722694789241-300x200.jpg\" alt=\"Halli niidiga punasest kullast k\u00e4ev\u00f5ru teemantidega\" width=\"300\" height=\"200\" srcset=\"https:\/\/ares.lt\/wp-content\/uploads\/2024\/08\/GreysilverROSE_1-1-scaled-e1722694789241-300x200.jpg 300w, https:\/\/ares.lt\/wp-content\/uploads\/2024\/08\/GreysilverROSE_1-1-scaled-e1722694789241-960x640.jpg 960w, https:\/\/ares.lt\/wp-content\/uploads\/2024\/08\/GreysilverROSE_1-1-scaled-e1722694789241-600x400.jpg 600w, https:\/\/ares.lt\/wp-content\/uploads\/2024\/08\/GreysilverROSE_1-1-scaled-e1722694789241-145x97.jpg 145w\" sizes=\"(max-width: 300px) 100vw, 300px\" \/><\/a><\/p>\n<ul>\n<li><a href=\"https:\/\/ares.lt\/et\/poes\/lohelongast-kaevoru-teemantidega\/\">L\u00f5he<\/a><\/li>\n<\/ul>\n<p><a href=\"https:\/\/ares.lt\/et\/poes\/lohelongast-kaevoru-teemantidega\/\"><img loading=\"lazy\" decoding=\"async\" class=\"alignnone wp-image-15972 size-medium\" src=\"https:\/\/ares.lt\/wp-content\/uploads\/2024\/08\/SalmonROSE_1-1-scaled-e1722691985683-300x200.jpg\" alt=\"L\u00f5heniidist punasest kullast k\u00e4ev\u00f5ru teemantidega\" width=\"300\" height=\"200\" srcset=\"https:\/\/ares.lt\/wp-content\/uploads\/2024\/08\/SalmonROSE_1-1-scaled-e1722691985683-300x200.jpg 300w, https:\/\/ares.lt\/wp-content\/uploads\/2024\/08\/SalmonROSE_1-1-scaled-e1722691985683-960x640.jpg 960w, https:\/\/ares.lt\/wp-content\/uploads\/2024\/08\/SalmonROSE_1-1-scaled-e1722691985683-600x400.jpg 600w, https:\/\/ares.lt\/wp-content\/uploads\/2024\/08\/SalmonROSE_1-1-scaled-e1722691985683-145x97.jpg 145w\" sizes=\"(max-width: 300px) 100vw, 300px\" \/><\/a><\/p>\n<ul>\n<li><a href=\"https:\/\/ares.lt\/et\/poes\/roosa-niidiga-kaevoru-teemantidega\/\">Roosip\u00e4rg<\/a><\/li>\n<\/ul>\n<p><a href=\"https:\/\/ares.lt\/et\/poes\/roosa-niidiga-kaevoru-teemantidega\/\"><img loading=\"lazy\" decoding=\"async\" class=\"alignnone wp-image-15983 size-medium\" src=\"https:\/\/ares.lt\/wp-content\/uploads\/2024\/08\/PinkROSE_1-1-scaled-e1722692456122-300x200.jpg\" alt=\"Roosast kullast k\u00e4ev\u00f5ru teemantidega\" width=\"300\" height=\"200\" srcset=\"https:\/\/ares.lt\/wp-content\/uploads\/2024\/08\/PinkROSE_1-1-scaled-e1722692456122-300x200.jpg 300w, https:\/\/ares.lt\/wp-content\/uploads\/2024\/08\/PinkROSE_1-1-scaled-e1722692456122-960x640.jpg 960w, https:\/\/ares.lt\/wp-content\/uploads\/2024\/08\/PinkROSE_1-1-scaled-e1722692456122-600x400.jpg 600w, https:\/\/ares.lt\/wp-content\/uploads\/2024\/08\/PinkROSE_1-1-scaled-e1722692456122-145x97.jpg 145w\" sizes=\"(max-width: 300px) 100vw, 300px\" \/><\/a><\/p>\n<p>Viimane samm on teemandi suuruse valimine:<\/p>\n<ul>\n<li>0,01 karaati<\/li>\n<li>0,02 karaati<\/li>\n<\/ul>\n<p>Valik on lai, seega v\u00f5id valida populaarse punase niidiga k\u00e4ev\u00f5ru teemandiga v\u00f5i eristuda massist ja valida teistsuguses v\u00e4rvitoonis niidiga k\u00e4ev\u00f5ru.<\/p>\n<p>&nbsp;<\/p>\n<h3>Tasuta k\u00e4ev\u00f5ru vahetus<\/h3>\n<p>See on \u00fchekordne ja piiramatu v\u00f5imalus niidi v\u00e4rvi muuta (v\u00f5ite valida meie sortimendist sama v\u00f5i erinevat v\u00e4rvi niidi), kui see teil m\u00f5ne aja p\u00e4rast \u00e4ra t\u00fcdineb. Niidivahetusteenus on tasuta (niidist k\u00e4ev\u00f5ru tuleb osta meie e-poest), katta tuleb vaid logistikakulud - 5 EUR.<\/p>\n<p>K\u00e4ev\u00f5ru vahetamise protsess:<\/p>\n<ul>\n<li>K\u00e4ev\u00f5ru niidivahetusteenuse saamiseks v\u00f5tke meiega \u00fchendust (<a href=\"https:\/\/www.facebook.com\/AresJewellery\" target=\"_blank\" rel=\"noopener\">Facebook<\/a>, <a href=\"https:\/\/www.instagram.com\/ares_juvelyrika\/\" target=\"_blank\" rel=\"noopener\">Instagram<\/a>, <a href=\"https:\/\/ares.lt\/et\/kontaktid\/\">e-posti teel<\/a> v\u00f5i muul viisil)<\/li>\n<li>Saada niidist k\u00e4ev\u00f5ru koos m\u00e4\u00e4ratud saatmiskoodiga pakiautomaadi kaudu<\/li>\n<li>V\u00f5ta \u00fcmber seotud k\u00e4ev\u00f5ru l\u00e4himast pakiautomaadist (k\u00e4ev\u00f5ru \u00fcmber seotuse aeg on 1-3 p\u00e4eva)<\/li>\n<\/ul>","protected":false},"excerpt":{"rendered":"<p>Vario si\u016blo apyrank\u0117 su deimantu \u0160i vario ar kito si\u016blo apyrank\u0117 su deimantu yra pagaminta i\u0161 auk\u0161tos kokyb\u0117s si\u016blo, nat\u016bralaus deimanto ir&hellip;<\/p>","protected":false},"featured_media":16016,"comment_status":"open","ping_status":"closed","template":"","meta":[],"product_cat":[247,980,1003,400,786,402,432,381,401,360,687],"product_tag":[],"class_list":{"0":"post-14445","1":"product","2":"type-product","3":"status-publish","4":"has-post-thumbnail","6":"product_cat-apyrankes","7":"product_cat-auksines-apyrankes-iki-100-eur","8":"product_cat-auksines-apyrankes-su-deimantais","9":"product_cat-balto-aukso-papuosalai","10":"product_cat-deimantai","11":"product_cat-geltono-aukso-papuosalai","12":"product_cat-nauja","13":"product_cat-papuosalai-su-briliantais","14":"product_cat-raudono-aukso-papuosalai","15":"product_cat-apyrankes-su-siulu","16":"product_cat-valentino-diena","17":"tm-has-options","19":"first","20":"instock","21":"sale","22":"shipping-taxable","23":"purchasable","24":"product-type-variable","25":"has-default-attributes"},"yoast_head":"<!-- This site is optimized with the Yoast SEO plugin v27.4 - https:\/\/yoast.com\/product\/yoast-seo-wordpress\/ -->\n<title>Vario si\u016blo apyrank\u0117 su deimantu<\/title>\n<meta name=\"description\" content=\"Vario si\u016blo apyrank\u0117 su deimantu \u0160i vario ar kito si\u016blo apyrank\u0117 su deimantu yra pagaminta i\u0161 auk\u0161tos kokyb\u0117s si\u016blo, nat\u016bralaus deimanto ir 14k 585 prabos\" \/>\n<meta name=\"robots\" content=\"index, follow, max-snippet:-1, max-image-preview:large, max-video-preview:-1\" \/>\n<link rel=\"canonical\" href=\"https:\/\/ares.lt\/et\/poes\/002ct-teemantidega-niitkaevoru\/\" \/>\n<meta property=\"og:locale\" content=\"et_EE\" \/>\n<meta property=\"og:type\" content=\"article\" \/>\n<meta property=\"og:title\" content=\"Vario si\u016blo apyrank\u0117 su deimantu\" \/>\n<meta property=\"og:description\" content=\"Vario si\u016blo apyrank\u0117 su deimantu \u0160i vario ar kito si\u016blo apyrank\u0117 su deimantu yra pagaminta i\u0161 auk\u0161tos kokyb\u0117s si\u016blo, nat\u016bralaus deimanto ir 14k 585 prabos\" \/>\n<meta property=\"og:url\" content=\"https:\/\/ares.lt\/et\/poes\/002ct-teemantidega-niitkaevoru\/\" \/>\n<meta property=\"og:site_name\" content=\"ARES Juvelyrika\" \/>\n<meta property=\"article:publisher\" content=\"https:\/\/www.facebook.com\/AresJewellery\" \/>\n<meta property=\"article:modified_time\" content=\"2026-03-16T09:16:39+00:00\" \/>\n<meta property=\"og:image\" content=\"https:\/\/ares.lt\/wp-content\/uploads\/2024\/02\/CopperROSE_1-1-scaled-e1722696276209-scaled.jpg\" \/>\n\t<meta property=\"og:image:width\" content=\"3360\" \/>\n\t<meta property=\"og:image:height\" content=\"2240\" \/>\n\t<meta property=\"og:image:type\" content=\"image\/jpeg\" \/>\n<meta name=\"twitter:card\" content=\"summary_large_image\" \/>\n<meta name=\"twitter:label1\" content=\"Est. reading time\" \/>\n\t<meta name=\"twitter:data1\" content=\"1 minut\" \/>\n<script type=\"application\/ld+json\" class=\"yoast-schema-graph\">{\"@context\":\"https:\\\/\\\/schema.org\",\"@graph\":[{\"@type\":\"WebPage\",\"@id\":\"https:\\\/\\\/ares.lt\\\/parduotuve\\\/siulo-apyranke-su-deimantu-002ct\\\/\",\"url\":\"https:\\\/\\\/ares.lt\\\/parduotuve\\\/siulo-apyranke-su-deimantu-002ct\\\/\",\"name\":\"Vario si\u016blo apyrank\u0117 su deimantu\",\"isPartOf\":{\"@id\":\"https:\\\/\\\/ares.lt\\\/#website\"},\"primaryImageOfPage\":{\"@id\":\"https:\\\/\\\/ares.lt\\\/parduotuve\\\/siulo-apyranke-su-deimantu-002ct\\\/#primaryimage\"},\"image\":{\"@id\":\"https:\\\/\\\/ares.lt\\\/parduotuve\\\/siulo-apyranke-su-deimantu-002ct\\\/#primaryimage\"},\"thumbnailUrl\":\"https:\\\/\\\/ares.lt\\\/wp-content\\\/uploads\\\/2024\\\/02\\\/CopperROSE_1-1-scaled-e1722696276209-scaled.jpg\",\"datePublished\":\"2024-02-20T10:22:49+00:00\",\"dateModified\":\"2026-03-16T09:16:39+00:00\",\"description\":\"Vario si\u016blo apyrank\u0117 su deimantu \u0160i vario ar kito si\u016blo apyrank\u0117 su deimantu yra pagaminta i\u0161 auk\u0161tos kokyb\u0117s si\u016blo, nat\u016bralaus deimanto ir 14k 585 prabos\",\"breadcrumb\":{\"@id\":\"https:\\\/\\\/ares.lt\\\/parduotuve\\\/siulo-apyranke-su-deimantu-002ct\\\/#breadcrumb\"},\"inLanguage\":\"et\",\"potentialAction\":[{\"@type\":\"ReadAction\",\"target\":[\"https:\\\/\\\/ares.lt\\\/parduotuve\\\/siulo-apyranke-su-deimantu-002ct\\\/\"]}]},{\"@type\":\"ImageObject\",\"inLanguage\":\"et\",\"@id\":\"https:\\\/\\\/ares.lt\\\/parduotuve\\\/siulo-apyranke-su-deimantu-002ct\\\/#primaryimage\",\"url\":\"https:\\\/\\\/ares.lt\\\/wp-content\\\/uploads\\\/2024\\\/02\\\/CopperROSE_1-1-scaled-e1722696276209-scaled.jpg\",\"contentUrl\":\"https:\\\/\\\/ares.lt\\\/wp-content\\\/uploads\\\/2024\\\/02\\\/CopperROSE_1-1-scaled-e1722696276209-scaled.jpg\",\"width\":3360,\"height\":2240,\"caption\":\"Vario si\u016blo raudono aukso apyrank\u0117 su deimantu\"},{\"@type\":\"BreadcrumbList\",\"@id\":\"https:\\\/\\\/ares.lt\\\/parduotuve\\\/siulo-apyranke-su-deimantu-002ct\\\/#breadcrumb\",\"itemListElement\":[{\"@type\":\"ListItem\",\"position\":1,\"name\":\"Auksiniai papuo\u0161alai\",\"item\":\"https:\\\/\\\/ares.lt\\\/\"},{\"@type\":\"ListItem\",\"position\":2,\"name\":\"Parduotuv\u0117\",\"item\":\"https:\\\/\\\/ares.lt\\\/parduotuve\\\/\"},{\"@type\":\"ListItem\",\"position\":3,\"name\":\"Vario si\u016blo apyrank\u0117 su deimantu\"}]},{\"@type\":\"WebSite\",\"@id\":\"https:\\\/\\\/ares.lt\\\/#website\",\"url\":\"https:\\\/\\\/ares.lt\\\/\",\"name\":\"ARES Juvelyrika\",\"description\":\"Auksiniai papuo\u0161alai\",\"publisher\":{\"@id\":\"https:\\\/\\\/ares.lt\\\/#organization\"},\"potentialAction\":[{\"@type\":\"SearchAction\",\"target\":{\"@type\":\"EntryPoint\",\"urlTemplate\":\"https:\\\/\\\/ares.lt\\\/?s={search_term_string}\"},\"query-input\":{\"@type\":\"PropertyValueSpecification\",\"valueRequired\":true,\"valueName\":\"search_term_string\"}}],\"inLanguage\":\"et\"},{\"@type\":\"Organization\",\"@id\":\"https:\\\/\\\/ares.lt\\\/#organization\",\"name\":\"Ares Juvelyrika auksiniai papuosalai\",\"url\":\"https:\\\/\\\/ares.lt\\\/\",\"logo\":{\"@type\":\"ImageObject\",\"inLanguage\":\"et\",\"@id\":\"https:\\\/\\\/ares.lt\\\/#\\\/schema\\\/logo\\\/image\\\/\",\"url\":\"https:\\\/\\\/i0.wp.com\\\/ares.lt\\\/wp-content\\\/uploads\\\/2022\\\/03\\\/ares-text-logo-1.png?fit=417%2C122&ssl=1\",\"contentUrl\":\"https:\\\/\\\/i0.wp.com\\\/ares.lt\\\/wp-content\\\/uploads\\\/2022\\\/03\\\/ares-text-logo-1.png?fit=417%2C122&ssl=1\",\"width\":417,\"height\":122,\"caption\":\"Ares Juvelyrika auksiniai papuosalai\"},\"image\":{\"@id\":\"https:\\\/\\\/ares.lt\\\/#\\\/schema\\\/logo\\\/image\\\/\"},\"sameAs\":[\"https:\\\/\\\/www.facebook.com\\\/AresJewellery\",\"https:\\\/\\\/www.instagram.com\\\/ares_juvelyrika\\\/\"]}]}<\/script>\n<!-- \/ Yoast SEO plugin. -->","yoast_head_json":{"title":"Vaskniidist k\u00e4ev\u00f5ru teemantidega","description":"Vaskniidist k\u00e4ev\u00f5ru teemantidega See vask- v\u00f5i muust niidist k\u00e4ev\u00f5ru teemantidega on valmistatud kvaliteetsest niidist, naturaalsest teemandist ja 14k 585 kullast.","robots":{"index":"index","follow":"follow","max-snippet":"max-snippet:-1","max-image-preview":"max-image-preview:large","max-video-preview":"max-video-preview:-1"},"canonical":"https:\/\/ares.lt\/et\/poes\/002ct-teemantidega-niitkaevoru\/","og_locale":"et_EE","og_type":"article","og_title":"Vario si\u016blo apyrank\u0117 su deimantu","og_description":"Vario si\u016blo apyrank\u0117 su deimantu \u0160i vario ar kito si\u016blo apyrank\u0117 su deimantu yra pagaminta i\u0161 auk\u0161tos kokyb\u0117s si\u016blo, nat\u016bralaus deimanto ir 14k 585 prabos","og_url":"https:\/\/ares.lt\/et\/poes\/002ct-teemantidega-niitkaevoru\/","og_site_name":"ARES Juvelyrika","article_publisher":"https:\/\/www.facebook.com\/AresJewellery","article_modified_time":"2026-03-16T09:16:39+00:00","og_image":[{"width":3360,"height":2240,"url":"https:\/\/ares.lt\/wp-content\/uploads\/2024\/02\/CopperROSE_1-1-scaled-e1722696276209-scaled.jpg","type":"image\/jpeg"}],"twitter_card":"summary_large_image","twitter_misc":{"Est. reading time":"1 minut"},"schema":{"@context":"https:\/\/schema.org","@graph":[{"@type":"WebPage","@id":"https:\/\/ares.lt\/parduotuve\/siulo-apyranke-su-deimantu-002ct\/","url":"https:\/\/ares.lt\/parduotuve\/siulo-apyranke-su-deimantu-002ct\/","name":"Vaskniidist k\u00e4ev\u00f5ru teemantidega","isPartOf":{"@id":"https:\/\/ares.lt\/#website"},"primaryImageOfPage":{"@id":"https:\/\/ares.lt\/parduotuve\/siulo-apyranke-su-deimantu-002ct\/#primaryimage"},"image":{"@id":"https:\/\/ares.lt\/parduotuve\/siulo-apyranke-su-deimantu-002ct\/#primaryimage"},"thumbnailUrl":"https:\/\/ares.lt\/wp-content\/uploads\/2024\/02\/CopperROSE_1-1-scaled-e1722696276209-scaled.jpg","datePublished":"2024-02-20T10:22:49+00:00","dateModified":"2026-03-16T09:16:39+00:00","description":"Vaskniidist k\u00e4ev\u00f5ru teemantidega See vask- v\u00f5i muust niidist k\u00e4ev\u00f5ru teemantidega on valmistatud kvaliteetsest niidist, naturaalsest teemandist ja 14k 585 kullast.","breadcrumb":{"@id":"https:\/\/ares.lt\/parduotuve\/siulo-apyranke-su-deimantu-002ct\/#breadcrumb"},"inLanguage":"et","potentialAction":[{"@type":"ReadAction","target":["https:\/\/ares.lt\/parduotuve\/siulo-apyranke-su-deimantu-002ct\/"]}]},{"@type":"ImageObject","inLanguage":"et","@id":"https:\/\/ares.lt\/parduotuve\/siulo-apyranke-su-deimantu-002ct\/#primaryimage","url":"https:\/\/ares.lt\/wp-content\/uploads\/2024\/02\/CopperROSE_1-1-scaled-e1722696276209-scaled.jpg","contentUrl":"https:\/\/ares.lt\/wp-content\/uploads\/2024\/02\/CopperROSE_1-1-scaled-e1722696276209-scaled.jpg","width":3360,"height":2240,"caption":"Vario si\u016blo raudono aukso apyrank\u0117 su deimantu"},{"@type":"BreadcrumbList","@id":"https:\/\/ares.lt\/parduotuve\/siulo-apyranke-su-deimantu-002ct\/#breadcrumb","itemListElement":[{"@type":"ListItem","position":1,"name":"Auksiniai papuo\u0161alai","item":"https:\/\/ares.lt\/"},{"@type":"ListItem","position":2,"name":"Parduotuv\u0117","item":"https:\/\/ares.lt\/parduotuve\/"},{"@type":"ListItem","position":3,"name":"Vario si\u016blo apyrank\u0117 su deimantu"}]},{"@type":"WebSite","@id":"https:\/\/ares.lt\/#website","url":"https:\/\/ares.lt\/","name":"ARES Ehted","description":"Kuldsed ehted","publisher":{"@id":"https:\/\/ares.lt\/#organization"},"potentialAction":[{"@type":"SearchAction","target":{"@type":"EntryPoint","urlTemplate":"https:\/\/ares.lt\/?s={search_term_string}"},"query-input":{"@type":"PropertyValueSpecification","valueRequired":true,"valueName":"search_term_string"}}],"inLanguage":"et"},{"@type":"Organization","@id":"https:\/\/ares.lt\/#organization","name":"Ares Ehted kuldehted","url":"https:\/\/ares.lt\/","logo":{"@type":"ImageObject","inLanguage":"et","@id":"https:\/\/ares.lt\/#\/schema\/logo\/image\/","url":"https:\/\/i0.wp.com\/ares.lt\/wp-content\/uploads\/2022\/03\/ares-text-logo-1.png?fit=417%2C122&ssl=1","contentUrl":"https:\/\/i0.wp.com\/ares.lt\/wp-content\/uploads\/2022\/03\/ares-text-logo-1.png?fit=417%2C122&ssl=1","width":417,"height":122,"caption":"Ares Juvelyrika auksiniai papuosalai"},"image":{"@id":"https:\/\/ares.lt\/#\/schema\/logo\/image\/"},"sameAs":["https:\/\/www.facebook.com\/AresJewellery","https:\/\/www.instagram.com\/ares_juvelyrika\/"]}]}},"_links":{"self":[{"href":"https:\/\/ares.lt\/et\/wp-json\/wp\/v2\/product\/14445","targetHints":{"allow":["GET"]}}],"collection":[{"href":"https:\/\/ares.lt\/et\/wp-json\/wp\/v2\/product"}],"about":[{"href":"https:\/\/ares.lt\/et\/wp-json\/wp\/v2\/types\/product"}],"replies":[{"embeddable":true,"href":"https:\/\/ares.lt\/et\/wp-json\/wp\/v2\/comments?post=14445"}],"wp:featuredmedia":[{"embeddable":true,"href":"https:\/\/ares.lt\/et\/wp-json\/wp\/v2\/media\/16016"}],"wp:attachment":[{"href":"https:\/\/ares.lt\/et\/wp-json\/wp\/v2\/media?parent=14445"}],"wp:term":[{"taxonomy":"product_cat","embeddable":true,"href":"https:\/\/ares.lt\/et\/wp-json\/wp\/v2\/product_cat?post=14445"},{"taxonomy":"product_tag","embeddable":true,"href":"https:\/\/ares.lt\/et\/wp-json\/wp\/v2\/product_tag?post=14445"}],"curies":[{"name":"wp","href":"https:\/\/api.w.org\/{rel}","templated":true}]}}