{"id":16022,"date":"2024-08-03T17:21:32","date_gmt":"2024-08-03T15:21:32","guid":{"rendered":"https:\/\/ares.lt\/?post_type=product&#038;p=16022"},"modified":"2026-01-28T21:47:27","modified_gmt":"2026-01-28T19:47:27","slug":"loheniitkaevoru-teemantplaadiga","status":"publish","type":"product","link":"https:\/\/ares.lt\/et\/parduotuve\/lasisos-siulo-apyranke-su-deimantu-plokstele\/","title":{"rendered":"L\u00f5heniidist k\u00e4ev\u00f5ru teemantidega &quot;Plate&quot; (graveerimine saadaval)"},"content":{"rendered":"<h4>L\u00f5heniidist k\u00e4ev\u00f5ru teemantidega &quot;Plate&quot;<\/h4>\n<p>See l\u00f5heniitk\u00e4ev\u00f5ru teemantidega &quot;Plate&quot; on valmistatud kvaliteetsest niidist, naturaalsest teemandist ja 14k 585 kullast.<\/p>\n<p>K\u00e4ev\u00f5ru pikkus on reguleeritav, seega saavad seda teemantk\u00e4ev\u00f5ru kanda k\u00f5ik. Lisaks ei ole meie k\u00e4ev\u00f5rud m\u00f5eldud ainult naistele, n\u00e4iteks musta niidiga k\u00e4ev\u00f5ru teemandiga v\u00f5ib liigitada meeste k\u00e4ev\u00f5ruks.<\/p>\n<p>&nbsp;<\/p>\n<p>K\u00e4ev\u00f5ru saab valida kahe kuldse v\u00e4rvi vahel:<\/p>\n<ul>\n<li>Kollane kuld<\/li>\n<li>Valge kuld<\/li>\n<\/ul>\n<p>&nbsp;<\/p>\n<p>Teemantk\u00e4ev\u00f5ru kuldse v\u00e4rvi saate sobitada j\u00e4rgmiste niidiv\u00e4rvidega:<\/p>\n<ul>\n<li><a href=\"https:\/\/ares.lt\/et\/poes\/teemantplaadiga-niitkaevoru\/\">Punase niidiga<\/a><\/li>\n<\/ul>\n<p><a href=\"https:\/\/ares.lt\/et\/poes\/teemantplaadiga-niitkaevoru\/\"><img fetchpriority=\"high\" decoding=\"async\" class=\"alignnone wp-image-16034 size-medium\" src=\"https:\/\/ares.lt\/wp-content\/uploads\/2024\/05\/redyellowWHITE-1-scaled-e1722698149774-300x200.jpg\" alt=\"Punase niidiga k\u00e4ev\u00f5ru teemantidega valgest kullast &quot;Plate&quot;\" width=\"300\" height=\"200\" srcset=\"https:\/\/ares.lt\/wp-content\/uploads\/2024\/05\/redyellowWHITE-1-scaled-e1722698149774-300x200.jpg 300w, https:\/\/ares.lt\/wp-content\/uploads\/2024\/05\/redyellowWHITE-1-scaled-e1722698149774-960x640.jpg 960w, https:\/\/ares.lt\/wp-content\/uploads\/2024\/05\/redyellowWHITE-1-scaled-e1722698149774-600x400.jpg 600w, https:\/\/ares.lt\/wp-content\/uploads\/2024\/05\/redyellowWHITE-1-scaled-e1722698149774-145x97.jpg 145w\" sizes=\"(max-width: 300px) 100vw, 300px\" \/><\/a><\/p>\n<ul>\n<li><a href=\"https:\/\/ares.lt\/et\/poes\/must-niitkaevoru-teemantplaadiga\/\">Must niit<\/a><\/li>\n<\/ul>\n<p><a href=\"https:\/\/ares.lt\/et\/poes\/must-niitkaevoru-teemantplaadiga\/\"><img decoding=\"async\" class=\"alignnone wp-image-15881 size-medium\" src=\"https:\/\/ares.lt\/wp-content\/uploads\/2024\/07\/blackyellowWHITE-1-300x200.jpg\" alt=\"Mustast niidist k\u00e4ev\u00f5ru teemantidega valgest kullast &quot;Plate&quot;\" width=\"300\" height=\"200\" srcset=\"https:\/\/ares.lt\/wp-content\/uploads\/2024\/07\/blackyellowWHITE-1-300x200.jpg 300w, https:\/\/ares.lt\/wp-content\/uploads\/2024\/07\/blackyellowWHITE-1-960x640.jpg 960w, https:\/\/ares.lt\/wp-content\/uploads\/2024\/07\/blackyellowWHITE-1-600x400.jpg 600w, https:\/\/ares.lt\/wp-content\/uploads\/2024\/07\/blackyellowWHITE-1-145x97.jpg 145w\" sizes=\"(max-width: 300px) 100vw, 300px\" \/><\/a><\/p>\n<ul>\n<li><a href=\"https:\/\/ares.lt\/et\/poes\/rohelise-niidiga-kaevoru-teemantplaadiga\/\">Roheline niit<\/a><\/li>\n<\/ul>\n<p><a href=\"https:\/\/ares.lt\/et\/poes\/rohelise-niidiga-kaevoru-teemantplaadiga\/\"><img decoding=\"async\" class=\"alignnone wp-image-15891 size-medium\" src=\"https:\/\/ares.lt\/wp-content\/uploads\/2024\/07\/greenyellowWHITE-1-scaled-e1722364836479-300x200.jpg\" alt=\"Rohelise niidiga k\u00e4ev\u00f5ru teemantidega valgest kullast &quot;Plate&quot;\" width=\"300\" height=\"200\" srcset=\"https:\/\/ares.lt\/wp-content\/uploads\/2024\/07\/greenyellowWHITE-1-scaled-e1722364836479-300x200.jpg 300w, https:\/\/ares.lt\/wp-content\/uploads\/2024\/07\/greenyellowWHITE-1-scaled-e1722364836479-960x640.jpg 960w, https:\/\/ares.lt\/wp-content\/uploads\/2024\/07\/greenyellowWHITE-1-scaled-e1722364836479-600x400.jpg 600w, https:\/\/ares.lt\/wp-content\/uploads\/2024\/07\/greenyellowWHITE-1-scaled-e1722364836479-145x97.jpg 145w\" sizes=\"(max-width: 300px) 100vw, 300px\" \/><\/a><\/p>\n<ul>\n<li><a href=\"https:\/\/ares.lt\/et\/poes\/sinise-niidiga-kaevoru-teemantplaadiga\/\">Sinise niidiga<\/a><\/li>\n<\/ul>\n<p><a href=\"https:\/\/ares.lt\/et\/poes\/sinise-niidiga-kaevoru-teemantplaadiga\/\"><img loading=\"lazy\" decoding=\"async\" class=\"alignnone wp-image-15885 size-medium\" src=\"https:\/\/ares.lt\/wp-content\/uploads\/2024\/07\/blueyellowWHITE-1-scaled-e1722699591785-300x200.jpg\" alt=\"Sinise niidiga k\u00e4ev\u00f5ru teemantidega valgest kullast &quot;Plate&quot;\" width=\"300\" height=\"200\" srcset=\"https:\/\/ares.lt\/wp-content\/uploads\/2024\/07\/blueyellowWHITE-1-scaled-e1722699591785-300x200.jpg 300w, https:\/\/ares.lt\/wp-content\/uploads\/2024\/07\/blueyellowWHITE-1-scaled-e1722699591785-960x640.jpg 960w, https:\/\/ares.lt\/wp-content\/uploads\/2024\/07\/blueyellowWHITE-1-scaled-e1722699591785-600x400.jpg 600w, https:\/\/ares.lt\/wp-content\/uploads\/2024\/07\/blueyellowWHITE-1-scaled-e1722699591785-145x97.jpg 145w\" sizes=\"(max-width: 300px) 100vw, 300px\" \/><\/a><\/p>\n<ul>\n<li><a href=\"https:\/\/ares.lt\/et\/poes\/valge-niidiga-kaevoru-teemantplaadiga\/\">Valge niidiga<\/a><\/li>\n<\/ul>\n<p><a href=\"https:\/\/ares.lt\/et\/poes\/valge-niidiga-kaevoru-teemantplaadiga\/\"><img loading=\"lazy\" decoding=\"async\" class=\"alignnone wp-image-15905 size-medium\" src=\"https:\/\/ares.lt\/wp-content\/uploads\/2024\/07\/whiteyellowWHITE-1-300x200.jpg\" alt=\"Valge kullaga valge niidiga k\u00e4ev\u00f5ru teemantidega &quot;Plate&quot;\" width=\"300\" height=\"200\" srcset=\"https:\/\/ares.lt\/wp-content\/uploads\/2024\/07\/whiteyellowWHITE-1-300x200.jpg 300w, https:\/\/ares.lt\/wp-content\/uploads\/2024\/07\/whiteyellowWHITE-1-960x640.jpg 960w, https:\/\/ares.lt\/wp-content\/uploads\/2024\/07\/whiteyellowWHITE-1-600x400.jpg 600w, https:\/\/ares.lt\/wp-content\/uploads\/2024\/07\/whiteyellowWHITE-1-145x97.jpg 145w\" sizes=\"(max-width: 300px) 100vw, 300px\" \/><\/a><\/p>\n<ul>\n<li><a href=\"https:\/\/ares.lt\/et\/poes\/vasktraadist-kaevoru-teemantplaadiga\/\">Vaskniit<\/a><\/li>\n<\/ul>\n<p><a href=\"https:\/\/ares.lt\/et\/poes\/vasktraadist-kaevoru-teemantplaadiga\/\"><img loading=\"lazy\" decoding=\"async\" class=\"alignnone wp-image-15895 size-medium\" src=\"https:\/\/ares.lt\/wp-content\/uploads\/2024\/07\/CopperWHITE-1-300x200.jpg\" alt=\"Vaskniidist k\u00e4ev\u00f5ru teemantidega valgest kullast &quot;Plate&quot;\" width=\"300\" height=\"200\" srcset=\"https:\/\/ares.lt\/wp-content\/uploads\/2024\/07\/CopperWHITE-1-300x200.jpg 300w, https:\/\/ares.lt\/wp-content\/uploads\/2024\/07\/CopperWHITE-1-960x640.jpg 960w, https:\/\/ares.lt\/wp-content\/uploads\/2024\/07\/CopperWHITE-1-600x400.jpg 600w, https:\/\/ares.lt\/wp-content\/uploads\/2024\/07\/CopperWHITE-1-145x97.jpg 145w\" sizes=\"(max-width: 300px) 100vw, 300px\" \/><\/a><\/p>\n<ul>\n<li><a href=\"https:\/\/ares.lt\/et\/poes\/liivaniidist-kaevoru-teemantplaadiga\/\">Liiva niit<\/a><\/li>\n<\/ul>\n<p><a href=\"https:\/\/ares.lt\/et\/poes\/liivaniidist-kaevoru-teemantplaadiga\/\"><img loading=\"lazy\" decoding=\"async\" class=\"alignnone wp-image-16030 size-medium\" src=\"https:\/\/ares.lt\/wp-content\/uploads\/2024\/08\/Sandskin-colorWHITE-1-scaled-e1722697396568-300x200.jpg\" alt=\"Liivakivist k\u00e4ev\u00f5ru teemantidega valgest kullast &quot;Plate&quot;\" width=\"300\" height=\"200\" srcset=\"https:\/\/ares.lt\/wp-content\/uploads\/2024\/08\/Sandskin-colorWHITE-1-scaled-e1722697396568-300x200.jpg 300w, https:\/\/ares.lt\/wp-content\/uploads\/2024\/08\/Sandskin-colorWHITE-1-scaled-e1722697396568-960x640.jpg 960w, https:\/\/ares.lt\/wp-content\/uploads\/2024\/08\/Sandskin-colorWHITE-1-scaled-e1722697396568-600x400.jpg 600w, https:\/\/ares.lt\/wp-content\/uploads\/2024\/08\/Sandskin-colorWHITE-1-scaled-e1722697396568-145x97.jpg 145w\" sizes=\"(max-width: 300px) 100vw, 300px\" \/><\/a><\/p>\n<ul>\n<li><a href=\"https:\/\/ares.lt\/et\/poes\/halli-niidiga-kaevoru-teemantplaadiga\/\">Hall niit<\/a><\/li>\n<\/ul>\n<p><a href=\"https:\/\/ares.lt\/et\/poes\/halli-niidiga-kaevoru-teemantplaadiga\/\"><img loading=\"lazy\" decoding=\"async\" class=\"alignnone wp-image-16021 size-medium\" src=\"https:\/\/ares.lt\/wp-content\/uploads\/2024\/08\/GreysilverWHITE-1-scaled-e1722696759360-300x200.jpg\" alt=\"Halli niidiga k\u00e4ev\u00f5ru teemantidega valgest kullast &quot;Plate&quot;\" width=\"300\" height=\"200\" srcset=\"https:\/\/ares.lt\/wp-content\/uploads\/2024\/08\/GreysilverWHITE-1-scaled-e1722696759360-300x200.jpg 300w, https:\/\/ares.lt\/wp-content\/uploads\/2024\/08\/GreysilverWHITE-1-scaled-e1722696759360-960x640.jpg 960w, https:\/\/ares.lt\/wp-content\/uploads\/2024\/08\/GreysilverWHITE-1-scaled-e1722696759360-600x400.jpg 600w, https:\/\/ares.lt\/wp-content\/uploads\/2024\/08\/GreysilverWHITE-1-scaled-e1722696759360-145x97.jpg 145w\" sizes=\"(max-width: 300px) 100vw, 300px\" \/><\/a><\/p>\n<ul>\n<li><a href=\"https:\/\/ares.lt\/et\/poes\/roosa-niidiga-kaevoru-teemantplaadiga\/\">Roosa niidiga<\/a><\/li>\n<\/ul>\n<p><a href=\"https:\/\/ares.lt\/et\/poes\/roosa-niidiga-kaevoru-teemantplaadiga\/\"><img loading=\"lazy\" decoding=\"async\" class=\"alignnone wp-image-15901 size-medium\" src=\"https:\/\/ares.lt\/wp-content\/uploads\/2024\/07\/PinkWHITE-1-1-scaled-e1722365382267-300x200.jpg\" alt=\"Valgest kullast roosikrantsi k\u00e4ev\u00f5ru teemantidega &quot;Plate&quot;\" width=\"300\" height=\"200\" srcset=\"https:\/\/ares.lt\/wp-content\/uploads\/2024\/07\/PinkWHITE-1-1-scaled-e1722365382267-300x200.jpg 300w, https:\/\/ares.lt\/wp-content\/uploads\/2024\/07\/PinkWHITE-1-1-scaled-e1722365382267-960x640.jpg 960w, https:\/\/ares.lt\/wp-content\/uploads\/2024\/07\/PinkWHITE-1-1-scaled-e1722365382267-600x400.jpg 600w, https:\/\/ares.lt\/wp-content\/uploads\/2024\/07\/PinkWHITE-1-1-scaled-e1722365382267-145x97.jpg 145w\" sizes=\"(max-width: 300px) 100vw, 300px\" \/><\/a><\/p>\n<p>See niidist k\u00e4ev\u00f5ru on valmistatud 0,01 karaadisest looduslikust teemandist.<\/p>\n<p>Valik on lai, seega v\u00f5id valida populaarse punase niidiga k\u00e4ev\u00f5ru teemandiga v\u00f5i eristuda massist ja valida teistsuguses v\u00e4rvitoonis niidiga k\u00e4ev\u00f5ru.<\/p>\n<p>&nbsp;<\/p>\n<h4>Graveerimine<\/h4>\n<p>Saate seda k\u00e4ev\u00f5ru isikup\u00e4rastada meie graveerimisteenusega. Saate graveerida kuni 4 t\u00e4hem\u00e4rki (t\u00e4hti, numbreid v\u00f5i muid s\u00fcmboleid), n\u00e4iteks oma initsiaale v\u00f5i muid teile olulisi s\u00fcmboleid. Me kasutame <a href=\"https:\/\/www.1001fonts.com\/nimbus-roman-no9-l-font.html\">Nimbus Rooma nr 9<\/a> Valime t\u00e4htede fondi ja suuruse s\u00f5ltuvalt nende kogusest.<\/p>\n<p>Graveerimine on suurep\u00e4rane viis \u00fcllatada kedagi teile olulist erilise kingitusega, mis on valmistatud just tema jaoks. Graveeringuga kullast ehted lisavad igale s\u00fcndmusele erilise t\u00e4henduse.<\/p>\n<p>&nbsp;<\/p>\n<h3>Tasuta k\u00e4ev\u00f5ru vahetus<\/h3>\n<p>See on \u00fchekordne ja piiramatu v\u00f5imalus niidi v\u00e4rvi muuta (v\u00f5ite valida meie sortimendist sama v\u00f5i erinevat v\u00e4rvi niidi), kui see teil m\u00f5ne aja p\u00e4rast \u00e4ra t\u00fcdineb. Niidivahetusteenus on tasuta (niidist k\u00e4ev\u00f5ru tuleb osta meie e-poest), katta tuleb vaid logistikakulud - 5 EUR.<\/p>\n<p>K\u00e4ev\u00f5ru vahetamise protsess:<\/p>\n<ul>\n<li>K\u00e4ev\u00f5ru niidivahetusteenuse saamiseks v\u00f5tke meiega \u00fchendust (<a href=\"https:\/\/www.facebook.com\/AresJewellery\" target=\"_blank\" rel=\"noopener\">Facebook<\/a>, <a href=\"https:\/\/www.instagram.com\/ares_juvelyrika\/\" target=\"_blank\" rel=\"noopener\">Instagram<\/a>, <a href=\"https:\/\/ares.lt\/et\/kontaktid\/\">e-posti teel<\/a> v\u00f5i muul viisil)<\/li>\n<li>Saada niidist k\u00e4ev\u00f5ru koos m\u00e4\u00e4ratud saatmiskoodiga pakiautomaadi kaudu<\/li>\n<li>V\u00f5ta \u00fcmber seotud k\u00e4ev\u00f5ru l\u00e4himast pakiautomaadist (k\u00e4ev\u00f5ru \u00fcmber seotuse aeg on 1-3 p\u00e4eva)<\/li>\n<\/ul>\n<h2>L\u00f5heniidist k\u00e4ev\u00f5ru teemantidega &quot;Plokt\u0161tel\u0117&quot;<\/h2>\n<p>Teemantk\u00e4ev\u00f5ru ajalugu on seotud pika ja huvitava minevikuga, kus neid ehteid ei peetud mitte ainult olulisteks aksessuaarideks, vaid neil oli ka mitmesuguseid s\u00fcmboolseid, kultuurilisi ja sotsiaalseid t\u00e4hendusi.<\/p>\n<p>Teemante kui v\u00e4\u00e4ris- ja haruldasi kive on nende s\u00e4ra ja ainulaadsuse poolest hinnatud juba iidsetest aegadest. Muistses Indias peeti teemante p\u00fchadeks ja v\u00f5imsateks kivideks, millel olid maagilised omadused. Neid ei kasutatud mitte ainult ehetena, vaid ka elu s\u00fcmbolina ja kaitsena kurja eest.<\/p>","protected":false},"excerpt":{"rendered":"<p>La\u0161i\u0161os si\u016blo apyrank\u0117 su deimantu &#8222;Plok\u0161tel\u0117&#8221; \u0160i la\u0161i\u0161os si\u016blo apyrank\u0117 su deimantu &#8222;Plok\u0161tel\u0117&#8221; yra pagaminta i\u0161 auk\u0161tos kokyb\u0117s si\u016blo, nat\u016bralaus deimanto ir&hellip;<\/p>","protected":false},"featured_media":19714,"comment_status":"open","ping_status":"closed","template":"","meta":[],"product_cat":[247,981,1003,400,786,402,432,381,360,687],"product_tag":[],"class_list":{"0":"post-16022","1":"product","2":"type-product","3":"status-publish","4":"has-post-thumbnail","6":"product_cat-apyrankes","7":"product_cat-auksines-apyrankes-iki-250-eur","8":"product_cat-auksines-apyrankes-su-deimantais","9":"product_cat-balto-aukso-papuosalai","10":"product_cat-deimantai","11":"product_cat-geltono-aukso-papuosalai","12":"product_cat-nauja","13":"product_cat-papuosalai-su-briliantais","14":"product_cat-apyrankes-su-siulu","15":"product_cat-valentino-diena","16":"tm-has-options","18":"first","19":"instock","20":"sale","21":"shipping-taxable","22":"purchasable","23":"product-type-variable","24":"has-default-attributes"},"yoast_head":"<!-- This site is optimized with the Yoast SEO plugin v27.4 - https:\/\/yoast.com\/product\/yoast-seo-wordpress\/ -->\n<title>La\u0161i\u0161os si\u016blo apyrank\u0117 su deimantu &quot;Plok\u0161tel\u0117&quot; (Galimas graviravimas)<\/title>\n<meta name=\"description\" content=\"La\u0161i\u0161os si\u016blo apyrank\u0117 su deimantu &quot;Plok\u0161tel\u0117&quot; \u0160i la\u0161i\u0161os si\u016blo apyrank\u0117 su deimantu &quot;Plok\u0161tel\u0117&quot; yra pagaminta i\u0161 auk\u0161tos kokyb\u0117s si\u016blo, nat\u016bralaus\" \/>\n<meta name=\"robots\" content=\"index, follow, max-snippet:-1, max-image-preview:large, max-video-preview:-1\" \/>\n<link rel=\"canonical\" href=\"https:\/\/ares.lt\/et\/poes\/loheniitkaevoru-teemantplaadiga\/\" \/>\n<meta property=\"og:locale\" content=\"et_EE\" \/>\n<meta property=\"og:type\" content=\"article\" \/>\n<meta property=\"og:title\" content=\"La\u0161i\u0161os si\u016blo apyrank\u0117 su deimantu &quot;Plok\u0161tel\u0117&quot; (Galimas graviravimas)\" \/>\n<meta property=\"og:description\" content=\"La\u0161i\u0161os si\u016blo apyrank\u0117 su deimantu &quot;Plok\u0161tel\u0117&quot; \u0160i la\u0161i\u0161os si\u016blo apyrank\u0117 su deimantu &quot;Plok\u0161tel\u0117&quot; yra pagaminta i\u0161 auk\u0161tos kokyb\u0117s si\u016blo, nat\u016bralaus\" \/>\n<meta property=\"og:url\" content=\"https:\/\/ares.lt\/et\/poes\/loheniitkaevoru-teemantplaadiga\/\" \/>\n<meta property=\"og:site_name\" content=\"ARES Juvelyrika\" \/>\n<meta property=\"article:publisher\" content=\"https:\/\/www.facebook.com\/AresJewellery\" \/>\n<meta property=\"article:modified_time\" content=\"2026-01-28T19:47:27+00:00\" \/>\n<meta property=\"og:image\" content=\"https:\/\/ares.lt\/wp-content\/uploads\/2024\/08\/Untitled-design-88-scaled.jpg\" \/>\n\t<meta property=\"og:image:width\" content=\"2560\" \/>\n\t<meta property=\"og:image:height\" content=\"1707\" \/>\n\t<meta property=\"og:image:type\" content=\"image\/jpeg\" \/>\n<meta name=\"twitter:card\" content=\"summary_large_image\" \/>\n<meta name=\"twitter:label1\" content=\"Est. reading time\" \/>\n\t<meta name=\"twitter:data1\" content=\"1 minut\" \/>\n<script type=\"application\/ld+json\" class=\"yoast-schema-graph\">{\"@context\":\"https:\\\/\\\/schema.org\",\"@graph\":[{\"@type\":\"WebPage\",\"@id\":\"https:\\\/\\\/ares.lt\\\/parduotuve\\\/lasisos-siulo-apyranke-su-deimantu-plokstele\\\/\",\"url\":\"https:\\\/\\\/ares.lt\\\/parduotuve\\\/lasisos-siulo-apyranke-su-deimantu-plokstele\\\/\",\"name\":\"La\u0161i\u0161os si\u016blo apyrank\u0117 su deimantu \\\"Plok\u0161tel\u0117\\\" (Galimas graviravimas)\",\"isPartOf\":{\"@id\":\"https:\\\/\\\/ares.lt\\\/#website\"},\"primaryImageOfPage\":{\"@id\":\"https:\\\/\\\/ares.lt\\\/parduotuve\\\/lasisos-siulo-apyranke-su-deimantu-plokstele\\\/#primaryimage\"},\"image\":{\"@id\":\"https:\\\/\\\/ares.lt\\\/parduotuve\\\/lasisos-siulo-apyranke-su-deimantu-plokstele\\\/#primaryimage\"},\"thumbnailUrl\":\"https:\\\/\\\/ares.lt\\\/wp-content\\\/uploads\\\/2024\\\/08\\\/Untitled-design-88-scaled.jpg\",\"datePublished\":\"2024-08-03T15:21:32+00:00\",\"dateModified\":\"2026-01-28T19:47:27+00:00\",\"description\":\"La\u0161i\u0161os si\u016blo apyrank\u0117 su deimantu \\\"Plok\u0161tel\u0117\\\" \u0160i la\u0161i\u0161os si\u016blo apyrank\u0117 su deimantu \\\"Plok\u0161tel\u0117\\\" yra pagaminta i\u0161 auk\u0161tos kokyb\u0117s si\u016blo, nat\u016bralaus\",\"breadcrumb\":{\"@id\":\"https:\\\/\\\/ares.lt\\\/parduotuve\\\/lasisos-siulo-apyranke-su-deimantu-plokstele\\\/#breadcrumb\"},\"inLanguage\":\"et\",\"potentialAction\":[{\"@type\":\"ReadAction\",\"target\":[\"https:\\\/\\\/ares.lt\\\/parduotuve\\\/lasisos-siulo-apyranke-su-deimantu-plokstele\\\/\"]}]},{\"@type\":\"ImageObject\",\"inLanguage\":\"et\",\"@id\":\"https:\\\/\\\/ares.lt\\\/parduotuve\\\/lasisos-siulo-apyranke-su-deimantu-plokstele\\\/#primaryimage\",\"url\":\"https:\\\/\\\/ares.lt\\\/wp-content\\\/uploads\\\/2024\\\/08\\\/Untitled-design-88-scaled.jpg\",\"contentUrl\":\"https:\\\/\\\/ares.lt\\\/wp-content\\\/uploads\\\/2024\\\/08\\\/Untitled-design-88-scaled.jpg\",\"width\":2560,\"height\":1707,\"caption\":\"La\u0161i\u0161os si\u016blo apyrank\u0117 su deimantu raudono aukso \\\"Plok\u0161tel\u0117\\\"\"},{\"@type\":\"BreadcrumbList\",\"@id\":\"https:\\\/\\\/ares.lt\\\/parduotuve\\\/lasisos-siulo-apyranke-su-deimantu-plokstele\\\/#breadcrumb\",\"itemListElement\":[{\"@type\":\"ListItem\",\"position\":1,\"name\":\"Auksiniai papuo\u0161alai\",\"item\":\"https:\\\/\\\/ares.lt\\\/\"},{\"@type\":\"ListItem\",\"position\":2,\"name\":\"Parduotuv\u0117\",\"item\":\"https:\\\/\\\/ares.lt\\\/parduotuve\\\/\"},{\"@type\":\"ListItem\",\"position\":3,\"name\":\"La\u0161i\u0161os si\u016blo apyrank\u0117 su deimantu &#8222;Plok\u0161tel\u0117&#8221; (Galimas graviravimas)\"}]},{\"@type\":\"WebSite\",\"@id\":\"https:\\\/\\\/ares.lt\\\/#website\",\"url\":\"https:\\\/\\\/ares.lt\\\/\",\"name\":\"ARES Juvelyrika\",\"description\":\"Auksiniai papuo\u0161alai\",\"publisher\":{\"@id\":\"https:\\\/\\\/ares.lt\\\/#organization\"},\"potentialAction\":[{\"@type\":\"SearchAction\",\"target\":{\"@type\":\"EntryPoint\",\"urlTemplate\":\"https:\\\/\\\/ares.lt\\\/?s={search_term_string}\"},\"query-input\":{\"@type\":\"PropertyValueSpecification\",\"valueRequired\":true,\"valueName\":\"search_term_string\"}}],\"inLanguage\":\"et\"},{\"@type\":\"Organization\",\"@id\":\"https:\\\/\\\/ares.lt\\\/#organization\",\"name\":\"Ares Juvelyrika auksiniai papuosalai\",\"url\":\"https:\\\/\\\/ares.lt\\\/\",\"logo\":{\"@type\":\"ImageObject\",\"inLanguage\":\"et\",\"@id\":\"https:\\\/\\\/ares.lt\\\/#\\\/schema\\\/logo\\\/image\\\/\",\"url\":\"https:\\\/\\\/i0.wp.com\\\/ares.lt\\\/wp-content\\\/uploads\\\/2022\\\/03\\\/ares-text-logo-1.png?fit=417%2C122&ssl=1\",\"contentUrl\":\"https:\\\/\\\/i0.wp.com\\\/ares.lt\\\/wp-content\\\/uploads\\\/2022\\\/03\\\/ares-text-logo-1.png?fit=417%2C122&ssl=1\",\"width\":417,\"height\":122,\"caption\":\"Ares Juvelyrika auksiniai papuosalai\"},\"image\":{\"@id\":\"https:\\\/\\\/ares.lt\\\/#\\\/schema\\\/logo\\\/image\\\/\"},\"sameAs\":[\"https:\\\/\\\/www.facebook.com\\\/AresJewellery\",\"https:\\\/\\\/www.instagram.com\\\/ares_juvelyrika\\\/\"]}]}<\/script>\n<!-- \/ Yoast SEO plugin. -->","yoast_head_json":{"title":"L\u00f5heniidist k\u00e4ev\u00f5ru teemantidega &quot;Plate&quot; (graveerimine saadaval)","description":"L\u00f5heniidist k\u00e4ev\u00f5ru teemantidega &quot;Flat&quot; See l\u00f5heniidist k\u00e4ev\u00f5ru teemantidega &quot;Flat&quot; on valmistatud kvaliteetsest naturaalsest niidist.","robots":{"index":"index","follow":"follow","max-snippet":"max-snippet:-1","max-image-preview":"max-image-preview:large","max-video-preview":"max-video-preview:-1"},"canonical":"https:\/\/ares.lt\/et\/poes\/loheniitkaevoru-teemantplaadiga\/","og_locale":"et_EE","og_type":"article","og_title":"La\u0161i\u0161os si\u016blo apyrank\u0117 su deimantu \"Plok\u0161tel\u0117\" (Galimas graviravimas)","og_description":"La\u0161i\u0161os si\u016blo apyrank\u0117 su deimantu \"Plok\u0161tel\u0117\" \u0160i la\u0161i\u0161os si\u016blo apyrank\u0117 su deimantu \"Plok\u0161tel\u0117\" yra pagaminta i\u0161 auk\u0161tos kokyb\u0117s si\u016blo, nat\u016bralaus","og_url":"https:\/\/ares.lt\/et\/poes\/loheniitkaevoru-teemantplaadiga\/","og_site_name":"ARES Juvelyrika","article_publisher":"https:\/\/www.facebook.com\/AresJewellery","article_modified_time":"2026-01-28T19:47:27+00:00","og_image":[{"width":2560,"height":1707,"url":"https:\/\/ares.lt\/wp-content\/uploads\/2024\/08\/Untitled-design-88-scaled.jpg","type":"image\/jpeg"}],"twitter_card":"summary_large_image","twitter_misc":{"Est. reading time":"1 minut"},"schema":{"@context":"https:\/\/schema.org","@graph":[{"@type":"WebPage","@id":"https:\/\/ares.lt\/parduotuve\/lasisos-siulo-apyranke-su-deimantu-plokstele\/","url":"https:\/\/ares.lt\/parduotuve\/lasisos-siulo-apyranke-su-deimantu-plokstele\/","name":"L\u00f5heniidist k\u00e4ev\u00f5ru teemantidega &quot;Plate&quot; (graveerimine saadaval)","isPartOf":{"@id":"https:\/\/ares.lt\/#website"},"primaryImageOfPage":{"@id":"https:\/\/ares.lt\/parduotuve\/lasisos-siulo-apyranke-su-deimantu-plokstele\/#primaryimage"},"image":{"@id":"https:\/\/ares.lt\/parduotuve\/lasisos-siulo-apyranke-su-deimantu-plokstele\/#primaryimage"},"thumbnailUrl":"https:\/\/ares.lt\/wp-content\/uploads\/2024\/08\/Untitled-design-88-scaled.jpg","datePublished":"2024-08-03T15:21:32+00:00","dateModified":"2026-01-28T19:47:27+00:00","description":"L\u00f5heniidist k\u00e4ev\u00f5ru teemantidega &quot;Flat&quot; See l\u00f5heniidist k\u00e4ev\u00f5ru teemantidega &quot;Flat&quot; on valmistatud kvaliteetsest naturaalsest niidist.","breadcrumb":{"@id":"https:\/\/ares.lt\/parduotuve\/lasisos-siulo-apyranke-su-deimantu-plokstele\/#breadcrumb"},"inLanguage":"et","potentialAction":[{"@type":"ReadAction","target":["https:\/\/ares.lt\/parduotuve\/lasisos-siulo-apyranke-su-deimantu-plokstele\/"]}]},{"@type":"ImageObject","inLanguage":"et","@id":"https:\/\/ares.lt\/parduotuve\/lasisos-siulo-apyranke-su-deimantu-plokstele\/#primaryimage","url":"https:\/\/ares.lt\/wp-content\/uploads\/2024\/08\/Untitled-design-88-scaled.jpg","contentUrl":"https:\/\/ares.lt\/wp-content\/uploads\/2024\/08\/Untitled-design-88-scaled.jpg","width":2560,"height":1707,"caption":"La\u0161i\u0161os si\u016blo apyrank\u0117 su deimantu raudono aukso \"Plok\u0161tel\u0117\""},{"@type":"BreadcrumbList","@id":"https:\/\/ares.lt\/parduotuve\/lasisos-siulo-apyranke-su-deimantu-plokstele\/#breadcrumb","itemListElement":[{"@type":"ListItem","position":1,"name":"Auksiniai papuo\u0161alai","item":"https:\/\/ares.lt\/"},{"@type":"ListItem","position":2,"name":"Parduotuv\u0117","item":"https:\/\/ares.lt\/parduotuve\/"},{"@type":"ListItem","position":3,"name":"La\u0161i\u0161os si\u016blo apyrank\u0117 su deimantu &#8222;Plok\u0161tel\u0117&#8221; (Galimas graviravimas)"}]},{"@type":"WebSite","@id":"https:\/\/ares.lt\/#website","url":"https:\/\/ares.lt\/","name":"ARES Ehted","description":"Kuldsed ehted","publisher":{"@id":"https:\/\/ares.lt\/#organization"},"potentialAction":[{"@type":"SearchAction","target":{"@type":"EntryPoint","urlTemplate":"https:\/\/ares.lt\/?s={search_term_string}"},"query-input":{"@type":"PropertyValueSpecification","valueRequired":true,"valueName":"search_term_string"}}],"inLanguage":"et"},{"@type":"Organization","@id":"https:\/\/ares.lt\/#organization","name":"Ares Ehted kuldehted","url":"https:\/\/ares.lt\/","logo":{"@type":"ImageObject","inLanguage":"et","@id":"https:\/\/ares.lt\/#\/schema\/logo\/image\/","url":"https:\/\/i0.wp.com\/ares.lt\/wp-content\/uploads\/2022\/03\/ares-text-logo-1.png?fit=417%2C122&ssl=1","contentUrl":"https:\/\/i0.wp.com\/ares.lt\/wp-content\/uploads\/2022\/03\/ares-text-logo-1.png?fit=417%2C122&ssl=1","width":417,"height":122,"caption":"Ares Juvelyrika auksiniai papuosalai"},"image":{"@id":"https:\/\/ares.lt\/#\/schema\/logo\/image\/"},"sameAs":["https:\/\/www.facebook.com\/AresJewellery","https:\/\/www.instagram.com\/ares_juvelyrika\/"]}]}},"_links":{"self":[{"href":"https:\/\/ares.lt\/et\/wp-json\/wp\/v2\/product\/16022","targetHints":{"allow":["GET"]}}],"collection":[{"href":"https:\/\/ares.lt\/et\/wp-json\/wp\/v2\/product"}],"about":[{"href":"https:\/\/ares.lt\/et\/wp-json\/wp\/v2\/types\/product"}],"replies":[{"embeddable":true,"href":"https:\/\/ares.lt\/et\/wp-json\/wp\/v2\/comments?post=16022"}],"wp:featuredmedia":[{"embeddable":true,"href":"https:\/\/ares.lt\/et\/wp-json\/wp\/v2\/media\/19714"}],"wp:attachment":[{"href":"https:\/\/ares.lt\/et\/wp-json\/wp\/v2\/media?parent=16022"}],"wp:term":[{"taxonomy":"product_cat","embeddable":true,"href":"https:\/\/ares.lt\/et\/wp-json\/wp\/v2\/product_cat?post=16022"},{"taxonomy":"product_tag","embeddable":true,"href":"https:\/\/ares.lt\/et\/wp-json\/wp\/v2\/product_tag?post=16022"}],"curies":[{"name":"wp","href":"https:\/\/api.w.org\/{rel}","templated":true}]}}