{"id":17162,"date":"2025-02-12T19:51:04","date_gmt":"2025-02-12T17:51:04","guid":{"rendered":"https:\/\/ares.lt\/?post_type=product&#038;p=17162"},"modified":"2026-01-25T22:02:08","modified_gmt":"2026-01-25T20:02:08","slug":"kuldne-ripats-i-tahega","status":"publish","type":"product","link":"https:\/\/ares.lt\/et\/parduotuve\/auksinis-pakabukas-su-raide-i\/","title":{"rendered":"Kuldne ripats t\u00e4hega &quot;I&quot;"},"content":{"rendered":"<h3 data-start=\"0\" data-end=\"51\">Kuldne ripats t\u00e4hega &quot;I&quot; tsirkoonidega<\/h3>\n<p data-start=\"53\" data-end=\"321\">See elegantne 18-karaadine kullast ripats t\u00e4hega &quot;I&quot; on \u00f5rn, kuid samas oman\u00e4oline ehe, mis s\u00e4rab inkrusteeritud tsirkoonidega. See annab elegantsi ja luksust, muutes selle mitte ainult isiklikuks s\u00fcmboliks, vaid ka v\u00f5luvaks aktsendiks teie v\u00e4limusele.<\/p>\n<p data-start=\"323\" data-end=\"569\">Initsiaalidega kullast ripatsid on suurep\u00e4rane viis individuaalsuse v\u00e4ljendamiseks v\u00f5i erilise sideme s\u00fcmboliseerimiseks kallimaga. Personaliseeritud ehted on \u00e4\u00e4rmiselt populaarsed ja pakuvad t\u00e4hendusrikkaid kingitusi, mis j\u00e4\u00e4vad v\u00e4\u00e4rtuslikuks paljudeks aastateks.<\/p>\n<p data-start=\"571\" data-end=\"820\">Minimalistlik, kuid elegantne disain muudab selle ripatsi h\u00f5lpsasti kombineeritavaks erinevate kettide ja muude ehetega. See sobib ideaalselt nii igap\u00e4evaseks kandmiseks kui ka erilisteks s\u00fcndmusteks, andes sellele peene, kuid samas silmatorkava aktsendi.<\/p>\n<p data-start=\"822\" data-end=\"1079\" data-is-last-node=\"\">Initsiaalide ja tsirkoonidega kullast ehted on ideaalne kingitus s\u00fcnnip\u00e4evaks, aastap\u00e4evaks v\u00f5i muuks eriliseks s\u00fcndmuseks. 585 kuld tagab laitmatu kvaliteedi ja vastupidavuse, mist\u00f5ttu j\u00e4\u00e4b see ehe v\u00e4\u00e4rtuslikuks ja stiilseks veel paljudeks aastateks.<\/p>","protected":false},"excerpt":{"rendered":"<p>Auksinis pakabukas su raide \u201eI\u201d su cirkoniais \u0160is eleganti\u0161kas 585 prabos auksinis pakabukas su raide \u201eI\u201c \u2013 tai subtilus, ta\u010diau i\u0161skirtinis papuo\u0161alas,&hellip;<\/p>","protected":false},"featured_media":17163,"comment_status":"open","ping_status":"closed","template":"","meta":[],"product_cat":[961,972,968,966,870,969],"product_tag":[],"class_list":{"0":"post-17162","1":"product","2":"type-product","3":"status-publish","4":"has-post-thumbnail","6":"product_cat-auksiniai-pakabukai","7":"product_cat-auksiniai-pakabukai-iki-100-eur","8":"product_cat-auksiniai-pakabukai-raides","9":"product_cat-auksiniai-pakabukai-su-cirkoniais","10":"product_cat-pakabukai-su-raide","11":"product_cat-raudono-aukso-pakabukai","12":"tm-no-options","14":"first","15":"instock","16":"shipping-taxable","17":"purchasable","18":"product-type-simple"},"yoast_head":"<!-- This site is optimized with the Yoast SEO plugin v27.4 - https:\/\/yoast.com\/product\/yoast-seo-wordpress\/ -->\n<title>Auksinis pakabukas su raide \u201eI\u201d<\/title>\n<meta name=\"description\" content=\"Auksinis pakabukas su raide \u201eI\u201d su cirkoniais \u0160is eleganti\u0161kas 585 prabos auksinis pakabukas su raide \u201eI\u201c \u2013 tai subtilus, ta\u010diau i\u0161skirtinis papuo\u0161alas,\" \/>\n<meta name=\"robots\" content=\"index, follow, max-snippet:-1, max-image-preview:large, max-video-preview:-1\" \/>\n<link rel=\"canonical\" href=\"https:\/\/ares.lt\/et\/poes\/kuldne-ripats-i-tahega\/\" \/>\n<meta property=\"og:locale\" content=\"et_EE\" \/>\n<meta property=\"og:type\" content=\"article\" \/>\n<meta property=\"og:title\" content=\"Auksinis pakabukas su raide \u201eI\u201d\" \/>\n<meta property=\"og:description\" content=\"Auksinis pakabukas su raide \u201eI\u201d su cirkoniais \u0160is eleganti\u0161kas 585 prabos auksinis pakabukas su raide \u201eI\u201c \u2013 tai subtilus, ta\u010diau i\u0161skirtinis papuo\u0161alas,\" \/>\n<meta property=\"og:url\" content=\"https:\/\/ares.lt\/et\/poes\/kuldne-ripats-i-tahega\/\" \/>\n<meta property=\"og:site_name\" content=\"ARES Juvelyrika\" \/>\n<meta property=\"article:publisher\" content=\"https:\/\/www.facebook.com\/AresJewellery\" \/>\n<meta property=\"article:modified_time\" content=\"2026-01-25T20:02:08+00:00\" \/>\n<meta property=\"og:image\" content=\"https:\/\/ares.lt\/wp-content\/uploads\/2025\/02\/APR_I.jpg\" \/>\n\t<meta property=\"og:image:width\" content=\"3000\" \/>\n\t<meta property=\"og:image:height\" content=\"3000\" \/>\n\t<meta property=\"og:image:type\" content=\"image\/jpeg\" \/>\n<meta name=\"twitter:card\" content=\"summary_large_image\" \/>\n<meta name=\"twitter:label1\" content=\"Est. reading time\" \/>\n\t<meta name=\"twitter:data1\" content=\"1 minut\" \/>\n<script type=\"application\/ld+json\" class=\"yoast-schema-graph\">{\"@context\":\"https:\\\/\\\/schema.org\",\"@graph\":[{\"@type\":\"WebPage\",\"@id\":\"https:\\\/\\\/ares.lt\\\/parduotuve\\\/auksinis-pakabukas-su-raide-i\\\/\",\"url\":\"https:\\\/\\\/ares.lt\\\/parduotuve\\\/auksinis-pakabukas-su-raide-i\\\/\",\"name\":\"Auksinis pakabukas su raide \u201eI\u201d\",\"isPartOf\":{\"@id\":\"https:\\\/\\\/ares.lt\\\/#website\"},\"primaryImageOfPage\":{\"@id\":\"https:\\\/\\\/ares.lt\\\/parduotuve\\\/auksinis-pakabukas-su-raide-i\\\/#primaryimage\"},\"image\":{\"@id\":\"https:\\\/\\\/ares.lt\\\/parduotuve\\\/auksinis-pakabukas-su-raide-i\\\/#primaryimage\"},\"thumbnailUrl\":\"https:\\\/\\\/ares.lt\\\/wp-content\\\/uploads\\\/2025\\\/02\\\/APR_I.jpg\",\"datePublished\":\"2025-02-12T17:51:04+00:00\",\"dateModified\":\"2026-01-25T20:02:08+00:00\",\"description\":\"Auksinis pakabukas su raide \u201eI\u201d su cirkoniais \u0160is eleganti\u0161kas 585 prabos auksinis pakabukas su raide \u201eI\u201c \u2013 tai subtilus, ta\u010diau i\u0161skirtinis papuo\u0161alas,\",\"breadcrumb\":{\"@id\":\"https:\\\/\\\/ares.lt\\\/parduotuve\\\/auksinis-pakabukas-su-raide-i\\\/#breadcrumb\"},\"inLanguage\":\"et\",\"potentialAction\":[{\"@type\":\"ReadAction\",\"target\":[\"https:\\\/\\\/ares.lt\\\/parduotuve\\\/auksinis-pakabukas-su-raide-i\\\/\"]}]},{\"@type\":\"ImageObject\",\"inLanguage\":\"et\",\"@id\":\"https:\\\/\\\/ares.lt\\\/parduotuve\\\/auksinis-pakabukas-su-raide-i\\\/#primaryimage\",\"url\":\"https:\\\/\\\/ares.lt\\\/wp-content\\\/uploads\\\/2025\\\/02\\\/APR_I.jpg\",\"contentUrl\":\"https:\\\/\\\/ares.lt\\\/wp-content\\\/uploads\\\/2025\\\/02\\\/APR_I.jpg\",\"width\":3000,\"height\":3000,\"caption\":\"Auksinis pakabukas su raide \u201eI\u201d\"},{\"@type\":\"BreadcrumbList\",\"@id\":\"https:\\\/\\\/ares.lt\\\/parduotuve\\\/auksinis-pakabukas-su-raide-i\\\/#breadcrumb\",\"itemListElement\":[{\"@type\":\"ListItem\",\"position\":1,\"name\":\"Auksiniai papuo\u0161alai\",\"item\":\"https:\\\/\\\/ares.lt\\\/\"},{\"@type\":\"ListItem\",\"position\":2,\"name\":\"Parduotuv\u0117\",\"item\":\"https:\\\/\\\/ares.lt\\\/parduotuve\\\/\"},{\"@type\":\"ListItem\",\"position\":3,\"name\":\"Auksinis pakabukas su raide \u201eI\u201d\"}]},{\"@type\":\"WebSite\",\"@id\":\"https:\\\/\\\/ares.lt\\\/#website\",\"url\":\"https:\\\/\\\/ares.lt\\\/\",\"name\":\"ARES Juvelyrika\",\"description\":\"Auksiniai papuo\u0161alai\",\"publisher\":{\"@id\":\"https:\\\/\\\/ares.lt\\\/#organization\"},\"potentialAction\":[{\"@type\":\"SearchAction\",\"target\":{\"@type\":\"EntryPoint\",\"urlTemplate\":\"https:\\\/\\\/ares.lt\\\/?s={search_term_string}\"},\"query-input\":{\"@type\":\"PropertyValueSpecification\",\"valueRequired\":true,\"valueName\":\"search_term_string\"}}],\"inLanguage\":\"et\"},{\"@type\":\"Organization\",\"@id\":\"https:\\\/\\\/ares.lt\\\/#organization\",\"name\":\"Ares Juvelyrika auksiniai papuosalai\",\"url\":\"https:\\\/\\\/ares.lt\\\/\",\"logo\":{\"@type\":\"ImageObject\",\"inLanguage\":\"et\",\"@id\":\"https:\\\/\\\/ares.lt\\\/#\\\/schema\\\/logo\\\/image\\\/\",\"url\":\"https:\\\/\\\/i0.wp.com\\\/ares.lt\\\/wp-content\\\/uploads\\\/2022\\\/03\\\/ares-text-logo-1.png?fit=417%2C122&ssl=1\",\"contentUrl\":\"https:\\\/\\\/i0.wp.com\\\/ares.lt\\\/wp-content\\\/uploads\\\/2022\\\/03\\\/ares-text-logo-1.png?fit=417%2C122&ssl=1\",\"width\":417,\"height\":122,\"caption\":\"Ares Juvelyrika auksiniai papuosalai\"},\"image\":{\"@id\":\"https:\\\/\\\/ares.lt\\\/#\\\/schema\\\/logo\\\/image\\\/\"},\"sameAs\":[\"https:\\\/\\\/www.facebook.com\\\/AresJewellery\",\"https:\\\/\\\/www.instagram.com\\\/ares_juvelyrika\\\/\"]}]}<\/script>\n<!-- \/ Yoast SEO plugin. -->","yoast_head_json":{"title":"Kuldne ripats t\u00e4hega &quot;I&quot;","description":"Kullast ripats t\u00e4hega &quot;I&quot; tsirkoonidega See elegantne 585 kullast ripats t\u00e4hega &quot;I&quot; on \u00f5rn, kuid eksklusiivne ehe,","robots":{"index":"index","follow":"follow","max-snippet":"max-snippet:-1","max-image-preview":"max-image-preview:large","max-video-preview":"max-video-preview:-1"},"canonical":"https:\/\/ares.lt\/et\/poes\/kuldne-ripats-i-tahega\/","og_locale":"et_EE","og_type":"article","og_title":"Auksinis pakabukas su raide \u201eI\u201d","og_description":"Auksinis pakabukas su raide \u201eI\u201d su cirkoniais \u0160is eleganti\u0161kas 585 prabos auksinis pakabukas su raide \u201eI\u201c \u2013 tai subtilus, ta\u010diau i\u0161skirtinis papuo\u0161alas,","og_url":"https:\/\/ares.lt\/et\/poes\/kuldne-ripats-i-tahega\/","og_site_name":"ARES Juvelyrika","article_publisher":"https:\/\/www.facebook.com\/AresJewellery","article_modified_time":"2026-01-25T20:02:08+00:00","og_image":[{"width":3000,"height":3000,"url":"https:\/\/ares.lt\/wp-content\/uploads\/2025\/02\/APR_I.jpg","type":"image\/jpeg"}],"twitter_card":"summary_large_image","twitter_misc":{"Est. reading time":"1 minut"},"schema":{"@context":"https:\/\/schema.org","@graph":[{"@type":"WebPage","@id":"https:\/\/ares.lt\/parduotuve\/auksinis-pakabukas-su-raide-i\/","url":"https:\/\/ares.lt\/parduotuve\/auksinis-pakabukas-su-raide-i\/","name":"Kuldne ripats t\u00e4hega &quot;I&quot;","isPartOf":{"@id":"https:\/\/ares.lt\/#website"},"primaryImageOfPage":{"@id":"https:\/\/ares.lt\/parduotuve\/auksinis-pakabukas-su-raide-i\/#primaryimage"},"image":{"@id":"https:\/\/ares.lt\/parduotuve\/auksinis-pakabukas-su-raide-i\/#primaryimage"},"thumbnailUrl":"https:\/\/ares.lt\/wp-content\/uploads\/2025\/02\/APR_I.jpg","datePublished":"2025-02-12T17:51:04+00:00","dateModified":"2026-01-25T20:02:08+00:00","description":"Kullast ripats t\u00e4hega &quot;I&quot; tsirkoonidega See elegantne 585 kullast ripats t\u00e4hega &quot;I&quot; on \u00f5rn, kuid eksklusiivne ehe,","breadcrumb":{"@id":"https:\/\/ares.lt\/parduotuve\/auksinis-pakabukas-su-raide-i\/#breadcrumb"},"inLanguage":"et","potentialAction":[{"@type":"ReadAction","target":["https:\/\/ares.lt\/parduotuve\/auksinis-pakabukas-su-raide-i\/"]}]},{"@type":"ImageObject","inLanguage":"et","@id":"https:\/\/ares.lt\/parduotuve\/auksinis-pakabukas-su-raide-i\/#primaryimage","url":"https:\/\/ares.lt\/wp-content\/uploads\/2025\/02\/APR_I.jpg","contentUrl":"https:\/\/ares.lt\/wp-content\/uploads\/2025\/02\/APR_I.jpg","width":3000,"height":3000,"caption":"Auksinis pakabukas su raide \u201eI\u201d"},{"@type":"BreadcrumbList","@id":"https:\/\/ares.lt\/parduotuve\/auksinis-pakabukas-su-raide-i\/#breadcrumb","itemListElement":[{"@type":"ListItem","position":1,"name":"Auksiniai papuo\u0161alai","item":"https:\/\/ares.lt\/"},{"@type":"ListItem","position":2,"name":"Parduotuv\u0117","item":"https:\/\/ares.lt\/parduotuve\/"},{"@type":"ListItem","position":3,"name":"Auksinis pakabukas su raide \u201eI\u201d"}]},{"@type":"WebSite","@id":"https:\/\/ares.lt\/#website","url":"https:\/\/ares.lt\/","name":"ARES Ehted","description":"Kuldsed ehted","publisher":{"@id":"https:\/\/ares.lt\/#organization"},"potentialAction":[{"@type":"SearchAction","target":{"@type":"EntryPoint","urlTemplate":"https:\/\/ares.lt\/?s={search_term_string}"},"query-input":{"@type":"PropertyValueSpecification","valueRequired":true,"valueName":"search_term_string"}}],"inLanguage":"et"},{"@type":"Organization","@id":"https:\/\/ares.lt\/#organization","name":"Ares Ehted kuldehted","url":"https:\/\/ares.lt\/","logo":{"@type":"ImageObject","inLanguage":"et","@id":"https:\/\/ares.lt\/#\/schema\/logo\/image\/","url":"https:\/\/i0.wp.com\/ares.lt\/wp-content\/uploads\/2022\/03\/ares-text-logo-1.png?fit=417%2C122&ssl=1","contentUrl":"https:\/\/i0.wp.com\/ares.lt\/wp-content\/uploads\/2022\/03\/ares-text-logo-1.png?fit=417%2C122&ssl=1","width":417,"height":122,"caption":"Ares Juvelyrika auksiniai papuosalai"},"image":{"@id":"https:\/\/ares.lt\/#\/schema\/logo\/image\/"},"sameAs":["https:\/\/www.facebook.com\/AresJewellery","https:\/\/www.instagram.com\/ares_juvelyrika\/"]}]}},"_links":{"self":[{"href":"https:\/\/ares.lt\/et\/wp-json\/wp\/v2\/product\/17162","targetHints":{"allow":["GET"]}}],"collection":[{"href":"https:\/\/ares.lt\/et\/wp-json\/wp\/v2\/product"}],"about":[{"href":"https:\/\/ares.lt\/et\/wp-json\/wp\/v2\/types\/product"}],"replies":[{"embeddable":true,"href":"https:\/\/ares.lt\/et\/wp-json\/wp\/v2\/comments?post=17162"}],"wp:featuredmedia":[{"embeddable":true,"href":"https:\/\/ares.lt\/et\/wp-json\/wp\/v2\/media\/17163"}],"wp:attachment":[{"href":"https:\/\/ares.lt\/et\/wp-json\/wp\/v2\/media?parent=17162"}],"wp:term":[{"taxonomy":"product_cat","embeddable":true,"href":"https:\/\/ares.lt\/et\/wp-json\/wp\/v2\/product_cat?post=17162"},{"taxonomy":"product_tag","embeddable":true,"href":"https:\/\/ares.lt\/et\/wp-json\/wp\/v2\/product_tag?post=17162"}],"curies":[{"name":"wp","href":"https:\/\/api.w.org\/{rel}","templated":true}]}}