{"id":19642,"date":"2025-10-29T15:32:30","date_gmt":"2025-10-29T13:32:30","guid":{"rendered":"https:\/\/ares.lt\/?post_type=product&#038;p=19642"},"modified":"2026-01-28T21:48:32","modified_gmt":"2026-01-28T19:48:32","slug":"punane-siidist-kaevoru-ristiku-ja-teemantidega","status":"publish","type":"product","link":"https:\/\/ares.lt\/et\/parduotuve\/raudono-siulo-apyranke-su-dobilu-ir-deimantu\/","title":{"rendered":"Punasest niidist k\u00e4ev\u00f5ru ristiku ja teemandiga"},"content":{"rendered":"<h2 data-start=\"332\" data-end=\"380\">Punasest niidist k\u00e4ev\u00f5ru ristiku ja teemandiga<\/h2>\n<p data-start=\"382\" data-end=\"675\">Peenike, kuid v\u00e4ljendusrikas punane niidist k\u00e4ev\u00f5ru, mis s\u00fcmboliseerib \u00f5nne, armastust ja sisemist j\u00f5udu. See on valmistatud kvaliteetsest niidist, looduslikust teemandist ja 14k (585 trahvi) kullast - nende materjalide kombinatsioon tagab vastupidavuse ja laitmatu esteetika.<\/p>\n<p data-start=\"677\" data-end=\"958\">K\u00e4ev\u00f5ru reguleeritava pikkuse t\u00f5ttu sobib see mugavalt igale k\u00e4ele, mist\u00f5ttu sobib see nii naistele kui ka meestele. Ristikhein kui iidne \u00f5nne ja hea \u00f5nne s\u00fcmbol t\u00e4iendab peenelt teemantide s\u00e4ra, luues harmoonilise tasakaalu lihtsuse ja luksuse vahel.<\/p>\n<h3 data-start=\"1154\" data-end=\"1187\">Punase v\u00e4rvi s\u00fcmboolika<\/h3>\n<p data-start=\"1188\" data-end=\"1446\">Punast v\u00e4rvi on alati peetud elu, armastuse ja kaitse s\u00fcmboliks. Arvatakse, et punane niit kaitseb halva energia eest, annab julgust ja tuletab meelde meie sisemist j\u00f5udu. Selle k\u00e4ev\u00f5ru kandmine muudab selle mitte ainult stiilseks aksessuaariks, vaid ka isiklikuks talismaniks.<\/p>\n<h3 data-start=\"1448\" data-end=\"1470\">Teemandi t\u00e4hendus<\/h3>\n<p data-start=\"1471\" data-end=\"1628\">Teemant on tugevuse, igavese armastuse ja valguse s\u00fcmbol. Selle loomulik s\u00e4ra lisab k\u00e4ev\u00f5rule luksusliku puudutuse, s\u00e4ilitades samas peene ja juhusliku v\u00f5lu.<\/p>\n<h3 data-start=\"1630\" data-end=\"1661\">Vaba niidimuutus<\/h3>\n<p data-start=\"1662\" data-end=\"1890\">Kui soovite m\u00f5ne aja p\u00e4rast uuendada, saate l\u00f5nga v\u00e4rvi tasuta vahetada - tasute vaid saatmiskulud (5 eurot). Nii j\u00e4\u00e4b k\u00e4ev\u00f5ru paindlikuks ja peegeldab alati teie meeleolu v\u00f5i stiilimuutusi.<\/p>\n<p>K\u00e4ev\u00f5ru vahetamise protsess:<\/p>\n<ul>\n<li>K\u00e4ev\u00f5ru niidivahetusteenuse saamiseks v\u00f5tke meiega \u00fchendust (<a href=\"https:\/\/www.facebook.com\/AresJewellery\" target=\"_blank\" rel=\"noopener\">Facebook<\/a>, <a href=\"https:\/\/www.instagram.com\/ares_juvelyrika\/\" target=\"_blank\" rel=\"noopener\">Instagram<\/a>, <a href=\"https:\/\/ares.lt\/et\/kontaktid\/\">e-posti teel<\/a> v\u00f5i muul viisil)<\/li>\n<li>Saada niidist k\u00e4ev\u00f5ru koos m\u00e4\u00e4ratud saatmiskoodiga pakiautomaadi kaudu<\/li>\n<li>V\u00f5ta \u00fcmber seotud k\u00e4ev\u00f5ru l\u00e4himast pakiautomaadist (k\u00e4ev\u00f5ru \u00fcmber seotuse aeg on 1-3 p\u00e4eva)<\/li>\n<\/ul>\n<h3 data-start=\"1892\" data-end=\"1911\">Ideaalne kingitus<\/h3>\n<p data-start=\"1912\" data-end=\"2105\">Punase ristiku ja teemantidega k\u00e4ev\u00f5ru on midagi enamat kui vaid ehe. See on t\u00e4hendusrikas kingitus l\u00e4hedasele v\u00f5i iseendale, mis meenutab edu, armastust ja valgust, mida me endas kanname.<\/p>","protected":false},"excerpt":{"rendered":"<p>Raudono si\u016blo apyrank\u0117 su dobilu ir deimantu Subtili, ta\u010diau i\u0161rai\u0161kinga \u2013 raudono si\u016blo apyrank\u0117 su dobilu ir nat\u016braliu deimantu simbolizuoja s\u0117km\u0119, meil\u0119&hellip;<\/p>","protected":false},"featured_media":19649,"comment_status":"open","ping_status":"closed","template":"","meta":[],"product_cat":[247,1003,786,402,381,360,1184,687],"product_tag":[],"class_list":{"0":"post-19642","1":"product","2":"type-product","3":"status-publish","4":"has-post-thumbnail","6":"product_cat-apyrankes","7":"product_cat-auksines-apyrankes-su-deimantais","8":"product_cat-deimantai","9":"product_cat-geltono-aukso-papuosalai","10":"product_cat-papuosalai-su-briliantais","11":"product_cat-apyrankes-su-siulu","12":"product_cat-siulo-apyrankes-su-dobilu","13":"product_cat-valentino-diena","14":"tm-has-options","16":"first","17":"instock","18":"sale","19":"shipping-taxable","20":"purchasable","21":"product-type-variable","22":"has-default-attributes"},"yoast_head":"<!-- This site is optimized with the Yoast SEO plugin v27.4 - https:\/\/yoast.com\/product\/yoast-seo-wordpress\/ -->\n<title>Raudono si\u016blo apyrank\u0117 su dobilu ir deimantu<\/title>\n<meta name=\"description\" content=\"Raudono si\u016blo apyrank\u0117 su dobilu ir deimantu Subtili, ta\u010diau i\u0161rai\u0161kinga \u2013 raudono si\u016blo apyrank\u0117 su dobilu ir nat\u016braliu deimantu simbolizuoja s\u0117km\u0119,\" \/>\n<meta name=\"robots\" content=\"index, follow, max-snippet:-1, max-image-preview:large, max-video-preview:-1\" \/>\n<link rel=\"canonical\" href=\"https:\/\/ares.lt\/et\/poes\/punane-siidist-kaevoru-ristiku-ja-teemantidega\/\" \/>\n<meta property=\"og:locale\" content=\"et_EE\" \/>\n<meta property=\"og:type\" content=\"article\" \/>\n<meta property=\"og:title\" content=\"Raudono si\u016blo apyrank\u0117 su dobilu ir deimantu\" \/>\n<meta property=\"og:description\" content=\"Raudono si\u016blo apyrank\u0117 su dobilu ir deimantu Subtili, ta\u010diau i\u0161rai\u0161kinga \u2013 raudono si\u016blo apyrank\u0117 su dobilu ir nat\u016braliu deimantu simbolizuoja s\u0117km\u0119,\" \/>\n<meta property=\"og:url\" content=\"https:\/\/ares.lt\/et\/poes\/punane-siidist-kaevoru-ristiku-ja-teemantidega\/\" \/>\n<meta property=\"og:site_name\" content=\"ARES Juvelyrika\" \/>\n<meta property=\"article:publisher\" content=\"https:\/\/www.facebook.com\/AresJewellery\" \/>\n<meta property=\"article:modified_time\" content=\"2026-01-28T19:48:32+00:00\" \/>\n<meta property=\"og:image\" content=\"https:\/\/ares.lt\/wp-content\/uploads\/2025\/10\/Untitled-design-65.jpg\" \/>\n\t<meta property=\"og:image:width\" content=\"2000\" \/>\n\t<meta property=\"og:image:height\" content=\"2000\" \/>\n\t<meta property=\"og:image:type\" content=\"image\/jpeg\" \/>\n<meta name=\"twitter:card\" content=\"summary_large_image\" \/>\n<meta name=\"twitter:label1\" content=\"Est. reading time\" \/>\n\t<meta name=\"twitter:data1\" content=\"1 minut\" \/>\n<script type=\"application\/ld+json\" class=\"yoast-schema-graph\">{\"@context\":\"https:\\\/\\\/schema.org\",\"@graph\":[{\"@type\":\"WebPage\",\"@id\":\"https:\\\/\\\/ares.lt\\\/parduotuve\\\/raudono-siulo-apyranke-su-dobilu-ir-deimantu\\\/\",\"url\":\"https:\\\/\\\/ares.lt\\\/parduotuve\\\/raudono-siulo-apyranke-su-dobilu-ir-deimantu\\\/\",\"name\":\"Raudono si\u016blo apyrank\u0117 su dobilu ir deimantu\",\"isPartOf\":{\"@id\":\"https:\\\/\\\/ares.lt\\\/#website\"},\"primaryImageOfPage\":{\"@id\":\"https:\\\/\\\/ares.lt\\\/parduotuve\\\/raudono-siulo-apyranke-su-dobilu-ir-deimantu\\\/#primaryimage\"},\"image\":{\"@id\":\"https:\\\/\\\/ares.lt\\\/parduotuve\\\/raudono-siulo-apyranke-su-dobilu-ir-deimantu\\\/#primaryimage\"},\"thumbnailUrl\":\"https:\\\/\\\/ares.lt\\\/wp-content\\\/uploads\\\/2025\\\/10\\\/Untitled-design-65.jpg\",\"datePublished\":\"2025-10-29T13:32:30+00:00\",\"dateModified\":\"2026-01-28T19:48:32+00:00\",\"description\":\"Raudono si\u016blo apyrank\u0117 su dobilu ir deimantu Subtili, ta\u010diau i\u0161rai\u0161kinga \u2013 raudono si\u016blo apyrank\u0117 su dobilu ir nat\u016braliu deimantu simbolizuoja s\u0117km\u0119,\",\"breadcrumb\":{\"@id\":\"https:\\\/\\\/ares.lt\\\/parduotuve\\\/raudono-siulo-apyranke-su-dobilu-ir-deimantu\\\/#breadcrumb\"},\"inLanguage\":\"et\",\"potentialAction\":[{\"@type\":\"ReadAction\",\"target\":[\"https:\\\/\\\/ares.lt\\\/parduotuve\\\/raudono-siulo-apyranke-su-dobilu-ir-deimantu\\\/\"]}]},{\"@type\":\"ImageObject\",\"inLanguage\":\"et\",\"@id\":\"https:\\\/\\\/ares.lt\\\/parduotuve\\\/raudono-siulo-apyranke-su-dobilu-ir-deimantu\\\/#primaryimage\",\"url\":\"https:\\\/\\\/ares.lt\\\/wp-content\\\/uploads\\\/2025\\\/10\\\/Untitled-design-65.jpg\",\"contentUrl\":\"https:\\\/\\\/ares.lt\\\/wp-content\\\/uploads\\\/2025\\\/10\\\/Untitled-design-65.jpg\",\"width\":2000,\"height\":2000,\"caption\":\"Raudono si\u016blo apyrank\u0117 su dobilu ir deimantu\"},{\"@type\":\"BreadcrumbList\",\"@id\":\"https:\\\/\\\/ares.lt\\\/parduotuve\\\/raudono-siulo-apyranke-su-dobilu-ir-deimantu\\\/#breadcrumb\",\"itemListElement\":[{\"@type\":\"ListItem\",\"position\":1,\"name\":\"Auksiniai papuo\u0161alai\",\"item\":\"https:\\\/\\\/ares.lt\\\/\"},{\"@type\":\"ListItem\",\"position\":2,\"name\":\"Parduotuv\u0117\",\"item\":\"https:\\\/\\\/ares.lt\\\/parduotuve\\\/\"},{\"@type\":\"ListItem\",\"position\":3,\"name\":\"Raudono si\u016blo apyrank\u0117 su dobilu ir deimantu\"}]},{\"@type\":\"WebSite\",\"@id\":\"https:\\\/\\\/ares.lt\\\/#website\",\"url\":\"https:\\\/\\\/ares.lt\\\/\",\"name\":\"ARES Juvelyrika\",\"description\":\"Auksiniai papuo\u0161alai\",\"publisher\":{\"@id\":\"https:\\\/\\\/ares.lt\\\/#organization\"},\"potentialAction\":[{\"@type\":\"SearchAction\",\"target\":{\"@type\":\"EntryPoint\",\"urlTemplate\":\"https:\\\/\\\/ares.lt\\\/?s={search_term_string}\"},\"query-input\":{\"@type\":\"PropertyValueSpecification\",\"valueRequired\":true,\"valueName\":\"search_term_string\"}}],\"inLanguage\":\"et\"},{\"@type\":\"Organization\",\"@id\":\"https:\\\/\\\/ares.lt\\\/#organization\",\"name\":\"Ares Juvelyrika auksiniai papuosalai\",\"url\":\"https:\\\/\\\/ares.lt\\\/\",\"logo\":{\"@type\":\"ImageObject\",\"inLanguage\":\"et\",\"@id\":\"https:\\\/\\\/ares.lt\\\/#\\\/schema\\\/logo\\\/image\\\/\",\"url\":\"https:\\\/\\\/i0.wp.com\\\/ares.lt\\\/wp-content\\\/uploads\\\/2022\\\/03\\\/ares-text-logo-1.png?fit=417%2C122&ssl=1\",\"contentUrl\":\"https:\\\/\\\/i0.wp.com\\\/ares.lt\\\/wp-content\\\/uploads\\\/2022\\\/03\\\/ares-text-logo-1.png?fit=417%2C122&ssl=1\",\"width\":417,\"height\":122,\"caption\":\"Ares Juvelyrika auksiniai papuosalai\"},\"image\":{\"@id\":\"https:\\\/\\\/ares.lt\\\/#\\\/schema\\\/logo\\\/image\\\/\"},\"sameAs\":[\"https:\\\/\\\/www.facebook.com\\\/AresJewellery\",\"https:\\\/\\\/www.instagram.com\\\/ares_juvelyrika\\\/\"]}]}<\/script>\n<!-- \/ Yoast SEO plugin. -->","yoast_head_json":{"title":"Punasest niidist k\u00e4ev\u00f5ru ristiku ja teemandiga","description":"Punasest niidist k\u00e4ev\u00f5ru ristiku ja teemandiga See punane niidist k\u00e4ev\u00f5ru ristiku ja loodusliku teemandiga s\u00fcmboliseerib head \u00f5nne,","robots":{"index":"index","follow":"follow","max-snippet":"max-snippet:-1","max-image-preview":"max-image-preview:large","max-video-preview":"max-video-preview:-1"},"canonical":"https:\/\/ares.lt\/et\/poes\/punane-siidist-kaevoru-ristiku-ja-teemantidega\/","og_locale":"et_EE","og_type":"article","og_title":"Raudono si\u016blo apyrank\u0117 su dobilu ir deimantu","og_description":"Raudono si\u016blo apyrank\u0117 su dobilu ir deimantu Subtili, ta\u010diau i\u0161rai\u0161kinga \u2013 raudono si\u016blo apyrank\u0117 su dobilu ir nat\u016braliu deimantu simbolizuoja s\u0117km\u0119,","og_url":"https:\/\/ares.lt\/et\/poes\/punane-siidist-kaevoru-ristiku-ja-teemantidega\/","og_site_name":"ARES Juvelyrika","article_publisher":"https:\/\/www.facebook.com\/AresJewellery","article_modified_time":"2026-01-28T19:48:32+00:00","og_image":[{"width":2000,"height":2000,"url":"https:\/\/ares.lt\/wp-content\/uploads\/2025\/10\/Untitled-design-65.jpg","type":"image\/jpeg"}],"twitter_card":"summary_large_image","twitter_misc":{"Est. reading time":"1 minut"},"schema":{"@context":"https:\/\/schema.org","@graph":[{"@type":"WebPage","@id":"https:\/\/ares.lt\/parduotuve\/raudono-siulo-apyranke-su-dobilu-ir-deimantu\/","url":"https:\/\/ares.lt\/parduotuve\/raudono-siulo-apyranke-su-dobilu-ir-deimantu\/","name":"Punasest niidist k\u00e4ev\u00f5ru ristiku ja teemandiga","isPartOf":{"@id":"https:\/\/ares.lt\/#website"},"primaryImageOfPage":{"@id":"https:\/\/ares.lt\/parduotuve\/raudono-siulo-apyranke-su-dobilu-ir-deimantu\/#primaryimage"},"image":{"@id":"https:\/\/ares.lt\/parduotuve\/raudono-siulo-apyranke-su-dobilu-ir-deimantu\/#primaryimage"},"thumbnailUrl":"https:\/\/ares.lt\/wp-content\/uploads\/2025\/10\/Untitled-design-65.jpg","datePublished":"2025-10-29T13:32:30+00:00","dateModified":"2026-01-28T19:48:32+00:00","description":"Punasest niidist k\u00e4ev\u00f5ru ristiku ja teemandiga See punane niidist k\u00e4ev\u00f5ru ristiku ja loodusliku teemandiga s\u00fcmboliseerib head \u00f5nne,","breadcrumb":{"@id":"https:\/\/ares.lt\/parduotuve\/raudono-siulo-apyranke-su-dobilu-ir-deimantu\/#breadcrumb"},"inLanguage":"et","potentialAction":[{"@type":"ReadAction","target":["https:\/\/ares.lt\/parduotuve\/raudono-siulo-apyranke-su-dobilu-ir-deimantu\/"]}]},{"@type":"ImageObject","inLanguage":"et","@id":"https:\/\/ares.lt\/parduotuve\/raudono-siulo-apyranke-su-dobilu-ir-deimantu\/#primaryimage","url":"https:\/\/ares.lt\/wp-content\/uploads\/2025\/10\/Untitled-design-65.jpg","contentUrl":"https:\/\/ares.lt\/wp-content\/uploads\/2025\/10\/Untitled-design-65.jpg","width":2000,"height":2000,"caption":"Raudono si\u016blo apyrank\u0117 su dobilu ir deimantu"},{"@type":"BreadcrumbList","@id":"https:\/\/ares.lt\/parduotuve\/raudono-siulo-apyranke-su-dobilu-ir-deimantu\/#breadcrumb","itemListElement":[{"@type":"ListItem","position":1,"name":"Auksiniai papuo\u0161alai","item":"https:\/\/ares.lt\/"},{"@type":"ListItem","position":2,"name":"Parduotuv\u0117","item":"https:\/\/ares.lt\/parduotuve\/"},{"@type":"ListItem","position":3,"name":"Raudono si\u016blo apyrank\u0117 su dobilu ir deimantu"}]},{"@type":"WebSite","@id":"https:\/\/ares.lt\/#website","url":"https:\/\/ares.lt\/","name":"ARES Ehted","description":"Kuldsed ehted","publisher":{"@id":"https:\/\/ares.lt\/#organization"},"potentialAction":[{"@type":"SearchAction","target":{"@type":"EntryPoint","urlTemplate":"https:\/\/ares.lt\/?s={search_term_string}"},"query-input":{"@type":"PropertyValueSpecification","valueRequired":true,"valueName":"search_term_string"}}],"inLanguage":"et"},{"@type":"Organization","@id":"https:\/\/ares.lt\/#organization","name":"Ares Ehted kuldehted","url":"https:\/\/ares.lt\/","logo":{"@type":"ImageObject","inLanguage":"et","@id":"https:\/\/ares.lt\/#\/schema\/logo\/image\/","url":"https:\/\/i0.wp.com\/ares.lt\/wp-content\/uploads\/2022\/03\/ares-text-logo-1.png?fit=417%2C122&ssl=1","contentUrl":"https:\/\/i0.wp.com\/ares.lt\/wp-content\/uploads\/2022\/03\/ares-text-logo-1.png?fit=417%2C122&ssl=1","width":417,"height":122,"caption":"Ares Juvelyrika auksiniai papuosalai"},"image":{"@id":"https:\/\/ares.lt\/#\/schema\/logo\/image\/"},"sameAs":["https:\/\/www.facebook.com\/AresJewellery","https:\/\/www.instagram.com\/ares_juvelyrika\/"]}]}},"_links":{"self":[{"href":"https:\/\/ares.lt\/et\/wp-json\/wp\/v2\/product\/19642","targetHints":{"allow":["GET"]}}],"collection":[{"href":"https:\/\/ares.lt\/et\/wp-json\/wp\/v2\/product"}],"about":[{"href":"https:\/\/ares.lt\/et\/wp-json\/wp\/v2\/types\/product"}],"replies":[{"embeddable":true,"href":"https:\/\/ares.lt\/et\/wp-json\/wp\/v2\/comments?post=19642"}],"wp:featuredmedia":[{"embeddable":true,"href":"https:\/\/ares.lt\/et\/wp-json\/wp\/v2\/media\/19649"}],"wp:attachment":[{"href":"https:\/\/ares.lt\/et\/wp-json\/wp\/v2\/media?parent=19642"}],"wp:term":[{"taxonomy":"product_cat","embeddable":true,"href":"https:\/\/ares.lt\/et\/wp-json\/wp\/v2\/product_cat?post=19642"},{"taxonomy":"product_tag","embeddable":true,"href":"https:\/\/ares.lt\/et\/wp-json\/wp\/v2\/product_tag?post=19642"}],"curies":[{"name":"wp","href":"https:\/\/api.w.org\/{rel}","templated":true}]}}