{"id":17778,"date":"2025-04-20T08:56:57","date_gmt":"2025-04-20T06:56:57","guid":{"rendered":"https:\/\/ares.lt\/?post_type=product&#038;p=17778"},"modified":"2026-04-03T15:26:35","modified_gmt":"2026-04-03T13:26:35","slug":"zelta-kulons-melnais-abolins","status":"publish","type":"product","link":"https:\/\/ares.lt\/lv\/parduotuve\/auksinis-pakabukas-juodas-dobilas\/","title":{"rendered":"Zelta kulons &quot;Melnais \u0101boli\u0146\u0161&quot;"},"content":{"rendered":"<h2 data-start=\"127\" data-end=\"194\"><strong data-start=\"127\" data-end=\"194\">Zelta kulons &quot;Melnais \u0101boli\u0146\u0161&quot; - grezns veiksmes simbols<\/strong><\/h2>\n<p class=\"\" data-start=\"196\" data-end=\"469\">Atkl\u0101jiet eleganci un noz\u012bm\u012bgu simboliku ar \u0161o ekskluz\u012bvo rotaslietu \u2013 585. proves zelta \u0137\u0113d\u012bti un \u0101boli\u0146a formas kulonu, kas inkrust\u0113ts ar dab\u012bgu oniksu. Akmens dzi\u013ci meln\u0101 kr\u0101sa harmoniski sapl\u016bst ar zelta siltumu, pie\u0161\u0137irot rotaslietai smalkumu un ekskluzivit\u0101ti.<\/p>\n<p>\u0160o zelta kulonu var kombin\u0113t ar\u012b ar:<\/p>\n<p><a href=\"https:\/\/ares.lt\/lv\/veikala\/oniksa-auskari\/\" target=\"_blank\" rel=\"noopener\">Zelta auskari &quot;Melnais \u0101boli\u0146\u0161&quot;<\/a><\/p>\n<p><a href=\"https:\/\/ares.lt\/lv\/veikala\/oniksa-auskari\/\"><img fetchpriority=\"high\" decoding=\"async\" class=\"alignnone wp-image-15572 size-full\" src=\"https:\/\/ares.lt\/wp-content\/uploads\/2022\/03\/Untitled-design-58.png\" alt=\"Zelta auskari &quot;Melnais \u0101boli\u0146\u0161&quot;\" width=\"500\" height=\"500\" srcset=\"https:\/\/ares.lt\/wp-content\/uploads\/2022\/03\/Untitled-design-58.png 500w, https:\/\/ares.lt\/wp-content\/uploads\/2022\/03\/Untitled-design-58-300x300.png 300w, https:\/\/ares.lt\/wp-content\/uploads\/2022\/03\/Untitled-design-58-100x100.png 100w, https:\/\/ares.lt\/wp-content\/uploads\/2022\/03\/Untitled-design-58-200x200.png 200w, https:\/\/ares.lt\/wp-content\/uploads\/2022\/03\/Untitled-design-58-145x145.png 145w, https:\/\/ares.lt\/wp-content\/uploads\/2022\/03\/Untitled-design-58-50x50.png 50w\" sizes=\"(max-width: 500px) 100vw, 500px\" \/><\/a><\/p>\n<p><a href=\"https:\/\/ares.lt\/lv\/veikala\/auskari-anglu-onikss\/\" target=\"_blank\" rel=\"noopener\">Zelta auskari ar ang\u013cu aizdari &quot;Melnais \u0101boli\u0146\u0161&quot;<\/a><\/p>\n<p><a href=\"https:\/\/ares.lt\/lv\/veikala\/auskari-anglu-onikss\/\"><img decoding=\"async\" class=\"alignnone wp-image-15573 size-full\" src=\"https:\/\/ares.lt\/wp-content\/uploads\/2022\/03\/Untitled-design-59.png\" alt=\"Zelta auskari ar ang\u013cu aizdari &quot;Melnais \u0101boli\u0146\u0161&quot;\" width=\"500\" height=\"500\" srcset=\"https:\/\/ares.lt\/wp-content\/uploads\/2022\/03\/Untitled-design-59.png 500w, https:\/\/ares.lt\/wp-content\/uploads\/2022\/03\/Untitled-design-59-300x300.png 300w, https:\/\/ares.lt\/wp-content\/uploads\/2022\/03\/Untitled-design-59-100x100.png 100w, https:\/\/ares.lt\/wp-content\/uploads\/2022\/03\/Untitled-design-59-200x200.png 200w, https:\/\/ares.lt\/wp-content\/uploads\/2022\/03\/Untitled-design-59-145x145.png 145w, https:\/\/ares.lt\/wp-content\/uploads\/2022\/03\/Untitled-design-59-50x50.png 50w\" sizes=\"(max-width: 500px) 100vw, 500px\" \/><\/a><\/p>\n<p><a href=\"https:\/\/ares.lt\/lv\/veikala\/oniksa-aproce\/\" target=\"_blank\" rel=\"noopener\">Zelta rokasspr\u0101dze &quot;Melnais \u0101boli\u0146\u0161&quot;<\/a><\/p>\n<p><a href=\"https:\/\/ares.lt\/lv\/veikala\/oniksa-aproce\/\"><img decoding=\"async\" class=\"alignnone wp-image-15568 size-full\" src=\"https:\/\/ares.lt\/wp-content\/uploads\/2022\/08\/Untitled-design-54.png\" alt=\"Zelta rokasspr\u0101dze &quot;Melnais \u0101boli\u0146\u0161&quot;\" width=\"500\" height=\"500\" srcset=\"https:\/\/ares.lt\/wp-content\/uploads\/2022\/08\/Untitled-design-54.png 500w, https:\/\/ares.lt\/wp-content\/uploads\/2022\/08\/Untitled-design-54-300x300.png 300w, https:\/\/ares.lt\/wp-content\/uploads\/2022\/08\/Untitled-design-54-100x100.png 100w, https:\/\/ares.lt\/wp-content\/uploads\/2022\/08\/Untitled-design-54-200x200.png 200w, https:\/\/ares.lt\/wp-content\/uploads\/2022\/08\/Untitled-design-54-145x145.png 145w, https:\/\/ares.lt\/wp-content\/uploads\/2022\/08\/Untitled-design-54-50x50.png 50w\" sizes=\"(max-width: 500px) 100vw, 500px\" \/><\/a><\/p>\n<p><a href=\"https:\/\/ares.lt\/lv\/veikala\/oniksa-paradizes-rokasspradze\/\" target=\"_blank\" rel=\"noopener\">Zelta rokasspr\u0101dze &quot;3 melnie \u0101boli\u0146i&quot;<\/a><\/p>\n<p><a href=\"https:\/\/ares.lt\/lv\/veikala\/oniksa-paradizes-rokasspradze\/\"><img loading=\"lazy\" decoding=\"async\" class=\"alignnone wp-image-15569 size-full\" src=\"https:\/\/ares.lt\/wp-content\/uploads\/2022\/08\/Untitled-design-55.png\" alt=\"Zelta rokasspr\u0101dze &quot;3 melnie \u0101boli\u0146i&quot;\" width=\"500\" height=\"500\" srcset=\"https:\/\/ares.lt\/wp-content\/uploads\/2022\/08\/Untitled-design-55.png 500w, https:\/\/ares.lt\/wp-content\/uploads\/2022\/08\/Untitled-design-55-300x300.png 300w, https:\/\/ares.lt\/wp-content\/uploads\/2022\/08\/Untitled-design-55-100x100.png 100w, https:\/\/ares.lt\/wp-content\/uploads\/2022\/08\/Untitled-design-55-200x200.png 200w, https:\/\/ares.lt\/wp-content\/uploads\/2022\/08\/Untitled-design-55-145x145.png 145w, https:\/\/ares.lt\/wp-content\/uploads\/2022\/08\/Untitled-design-55-50x50.png 50w\" sizes=\"(max-width: 500px) 100vw, 500px\" \/><\/a><\/p>\n<p><a href=\"https:\/\/ares.lt\/lv\/veikala\/zelta-rokasspradze-ar-5-oniksiem\/\" target=\"_blank\" rel=\"noopener\">Zelta rokasspr\u0101dze &quot;5 melnie \u0101boli\u0146i&quot;<\/a><\/p>\n<p><a href=\"https:\/\/ares.lt\/lv\/veikala\/zelta-rokasspradze-ar-5-oniksiem\/\" rel=\"https:\/\/ares.lt\/parduotuve\/auksine-apyranke-5-oniksai\/\"><img loading=\"lazy\" decoding=\"async\" class=\"alignnone wp-image-15570 size-full\" src=\"https:\/\/ares.lt\/wp-content\/uploads\/2022\/08\/Untitled-design-56.png\" alt=\"https:\/\/ares.lt\/parduotuve\/auksine-apyranke-5-oniksai\/\" width=\"500\" height=\"500\" srcset=\"https:\/\/ares.lt\/wp-content\/uploads\/2022\/08\/Untitled-design-56.png 500w, https:\/\/ares.lt\/wp-content\/uploads\/2022\/08\/Untitled-design-56-300x300.png 300w, https:\/\/ares.lt\/wp-content\/uploads\/2022\/08\/Untitled-design-56-100x100.png 100w, https:\/\/ares.lt\/wp-content\/uploads\/2022\/08\/Untitled-design-56-200x200.png 200w, https:\/\/ares.lt\/wp-content\/uploads\/2022\/08\/Untitled-design-56-145x145.png 145w, https:\/\/ares.lt\/wp-content\/uploads\/2022\/08\/Untitled-design-56-50x50.png 50w\" sizes=\"(max-width: 500px) 100vw, 500px\" \/><\/a><\/p>\n<p><a href=\"https:\/\/ares.lt\/lv\/veikala\/oniksa-diegu-aproce\/\" target=\"_blank\" rel=\"noopener\">Aproce &quot;Melnais \u0101boli\u0146\u0161&quot;<\/a><\/p>\n<p><a href=\"https:\/\/ares.lt\/lv\/veikala\/oniksa-diegu-aproce\/\"><img loading=\"lazy\" decoding=\"async\" class=\"alignnone wp-image-15571 size-full\" src=\"https:\/\/ares.lt\/wp-content\/uploads\/2022\/08\/Untitled-design-57.png\" alt=\"Aproce &quot;Melnais \u0101boli\u0146\u0161&quot;\" width=\"500\" height=\"500\" srcset=\"https:\/\/ares.lt\/wp-content\/uploads\/2022\/08\/Untitled-design-57.png 500w, https:\/\/ares.lt\/wp-content\/uploads\/2022\/08\/Untitled-design-57-300x300.png 300w, https:\/\/ares.lt\/wp-content\/uploads\/2022\/08\/Untitled-design-57-100x100.png 100w, https:\/\/ares.lt\/wp-content\/uploads\/2022\/08\/Untitled-design-57-200x200.png 200w, https:\/\/ares.lt\/wp-content\/uploads\/2022\/08\/Untitled-design-57-145x145.png 145w, https:\/\/ares.lt\/wp-content\/uploads\/2022\/08\/Untitled-design-57-50x50.png 50w\" sizes=\"(max-width: 500px) 100vw, 500px\" \/><\/a><\/p>\n<h3 data-start=\"471\" data-end=\"740\"><strong data-start=\"471\" data-end=\"518\">K\u0101p\u0113c izv\u0113l\u0113ties \u0101boli\u0146a formas kulonu?<\/strong><\/h3>\n<p data-start=\"471\" data-end=\"740\">Tiek uzskat\u012bts, ka katra \u0101boli\u0146a lapa sl\u0113pj \u012bpa\u0161u noz\u012bmi: tic\u012bbu, cer\u012bbu, m\u012blest\u012bbu un veiksmi. \u010cetrlapu \u0101boli\u0146\u0161 ir rets dabas br\u012bnums, t\u0101p\u0113c rotaslietas ar \u0161o simbolu k\u013c\u016bst ne tikai par skaistu, bet ar\u012b \u013coti noz\u012bm\u012bgu d\u0101vanu.<\/p>\n<p class=\"\" data-start=\"742\" data-end=\"962\">Zelta \u0101boli\u0146a kulons ir ne tikai stila apliecin\u0101jums, bet ar\u012b talismans, kas var atg\u0101din\u0101t par dz\u012bves skaistumu, tic\u012bbu un veiksmes noz\u012bmi. Lieliski piem\u0113rots k\u0101 d\u0101vana vai k\u0101 \u012bpa\u0161s akcents j\u016bsu rotaslietu kolekcij\u0101.<\/p>","protected":false},"excerpt":{"rendered":"<p>Auksinis pakabukas \u201eJuodas dobilas\u201c \u2013 prabangus s\u0117km\u0117s simbolis Atraskite elegancij\u0105 ir prasming\u0105 simbolik\u0105 su \u0161iuo i\u0161skirtiniu papuo\u0161alu \u2013 585 prabos auksine grandin\u0117le ir dobilo formos pakabuku, inkrustuotu nat\u016braliu oniksu. Gili juoda akmens spalva harmoningai dera su aukso \u0161iluma, suteikdama papuo\u0161alui subtilumo ir i\u0161skirtinumo. Prie \u0161io auksinio pakabuko taip pat galite derinti: Auksiniai auskarai &#8222;Juodas dobilas&#8221; [&hellip;]<\/p>\n","protected":false},"featured_media":17771,"comment_status":"open","ping_status":"closed","template":"","meta":[],"product_cat":[961,962,973,974,357,969,401,738],"product_tag":[],"class_list":{"0":"post-17778","1":"product","2":"type-product","3":"status-publish","4":"has-post-thumbnail","6":"product_cat-auksiniai-pakabukai","7":"product_cat-auksiniai-pakabukai-dobilas","8":"product_cat-auksiniai-pakabukai-iki-250-eur","9":"product_cat-auksiniai-pakabukai-iki-500-eur","10":"product_cat-kolekcija-dobilas","11":"product_cat-raudono-aukso-pakabukai","12":"product_cat-raudono-aukso-papuosalai","13":"product_cat-sekmes-dobilai","14":"tm-no-options","16":"first","17":"instock","18":"sale","19":"featured","20":"shipping-taxable","21":"purchasable","22":"product-type-variable","23":"has-default-attributes"},"yoast_head":"<!-- This site is optimized with the Yoast SEO plugin v27.4 - https:\/\/yoast.com\/product\/yoast-seo-wordpress\/ -->\n<title>Auksinis pakabukas &quot;Juodas dobilas&quot;<\/title>\n<meta name=\"description\" content=\"Auksinis pakabukas \u201eJuodas dobilas\u201c \u2013 prabangus s\u0117km\u0117s simbolis Atraskite elegancij\u0105 ir prasming\u0105 simbolik\u0105 su \u0161iuo i\u0161skirtiniu papuo\u0161alu \u2013 585 prabos\" \/>\n<meta name=\"robots\" content=\"index, follow, max-snippet:-1, max-image-preview:large, max-video-preview:-1\" \/>\n<link rel=\"canonical\" href=\"https:\/\/ares.lt\/lv\/veikala\/zelta-kulons-melnais-abolins\/\" \/>\n<meta property=\"og:locale\" content=\"lv_LV\" \/>\n<meta property=\"og:type\" content=\"article\" \/>\n<meta property=\"og:title\" content=\"Auksinis pakabukas &quot;Juodas dobilas&quot;\" \/>\n<meta property=\"og:description\" content=\"Auksinis pakabukas \u201eJuodas dobilas\u201c \u2013 prabangus s\u0117km\u0117s simbolis Atraskite elegancij\u0105 ir prasming\u0105 simbolik\u0105 su \u0161iuo i\u0161skirtiniu papuo\u0161alu \u2013 585 prabos\" \/>\n<meta property=\"og:url\" content=\"https:\/\/ares.lt\/lv\/veikala\/zelta-kulons-melnais-abolins\/\" \/>\n<meta property=\"og:site_name\" content=\"ARES Juvelyrika\" \/>\n<meta property=\"article:publisher\" content=\"https:\/\/www.facebook.com\/AresJewellery\" \/>\n<meta property=\"article:modified_time\" content=\"2026-04-03T13:26:35+00:00\" \/>\n<meta property=\"og:image\" content=\"https:\/\/ares.lt\/wp-content\/uploads\/2025\/04\/Prevents-spills-10.jpg\" \/>\n\t<meta property=\"og:image:width\" content=\"1000\" \/>\n\t<meta property=\"og:image:height\" content=\"1000\" \/>\n\t<meta property=\"og:image:type\" content=\"image\/jpeg\" \/>\n<meta name=\"twitter:card\" content=\"summary_large_image\" \/>\n<meta name=\"twitter:label1\" content=\"Est. reading time\" \/>\n\t<meta name=\"twitter:data1\" content=\"1 min\u016bte\" \/>\n<script type=\"application\/ld+json\" class=\"yoast-schema-graph\">{\"@context\":\"https:\\\/\\\/schema.org\",\"@graph\":[{\"@type\":\"WebPage\",\"@id\":\"https:\\\/\\\/ares.lt\\\/parduotuve\\\/auksinis-pakabukas-juodas-dobilas\\\/\",\"url\":\"https:\\\/\\\/ares.lt\\\/parduotuve\\\/auksinis-pakabukas-juodas-dobilas\\\/\",\"name\":\"Auksinis pakabukas \\\"Juodas dobilas\\\"\",\"isPartOf\":{\"@id\":\"https:\\\/\\\/ares.lt\\\/#website\"},\"primaryImageOfPage\":{\"@id\":\"https:\\\/\\\/ares.lt\\\/parduotuve\\\/auksinis-pakabukas-juodas-dobilas\\\/#primaryimage\"},\"image\":{\"@id\":\"https:\\\/\\\/ares.lt\\\/parduotuve\\\/auksinis-pakabukas-juodas-dobilas\\\/#primaryimage\"},\"thumbnailUrl\":\"https:\\\/\\\/ares.lt\\\/wp-content\\\/uploads\\\/2025\\\/04\\\/Prevents-spills-10.jpg\",\"datePublished\":\"2025-04-20T06:56:57+00:00\",\"dateModified\":\"2026-04-03T13:26:35+00:00\",\"description\":\"Auksinis pakabukas \u201eJuodas dobilas\u201c \u2013 prabangus s\u0117km\u0117s simbolis Atraskite elegancij\u0105 ir prasming\u0105 simbolik\u0105 su \u0161iuo i\u0161skirtiniu papuo\u0161alu \u2013 585 prabos\",\"breadcrumb\":{\"@id\":\"https:\\\/\\\/ares.lt\\\/parduotuve\\\/auksinis-pakabukas-juodas-dobilas\\\/#breadcrumb\"},\"inLanguage\":\"lv-LV\",\"potentialAction\":[{\"@type\":\"ReadAction\",\"target\":[\"https:\\\/\\\/ares.lt\\\/parduotuve\\\/auksinis-pakabukas-juodas-dobilas\\\/\"]}]},{\"@type\":\"ImageObject\",\"inLanguage\":\"lv-LV\",\"@id\":\"https:\\\/\\\/ares.lt\\\/parduotuve\\\/auksinis-pakabukas-juodas-dobilas\\\/#primaryimage\",\"url\":\"https:\\\/\\\/ares.lt\\\/wp-content\\\/uploads\\\/2025\\\/04\\\/Prevents-spills-10.jpg\",\"contentUrl\":\"https:\\\/\\\/ares.lt\\\/wp-content\\\/uploads\\\/2025\\\/04\\\/Prevents-spills-10.jpg\",\"width\":1000,\"height\":1000,\"caption\":\"Auksinis pakabukas \\\"Juodas dobilas\\\"\"},{\"@type\":\"BreadcrumbList\",\"@id\":\"https:\\\/\\\/ares.lt\\\/parduotuve\\\/auksinis-pakabukas-juodas-dobilas\\\/#breadcrumb\",\"itemListElement\":[{\"@type\":\"ListItem\",\"position\":1,\"name\":\"Auksiniai papuo\u0161alai\",\"item\":\"https:\\\/\\\/ares.lt\\\/\"},{\"@type\":\"ListItem\",\"position\":2,\"name\":\"Parduotuv\u0117\",\"item\":\"https:\\\/\\\/ares.lt\\\/parduotuve\\\/\"},{\"@type\":\"ListItem\",\"position\":3,\"name\":\"Auksinis pakabukas &#8222;Juodas dobilas&#8221;\"}]},{\"@type\":\"WebSite\",\"@id\":\"https:\\\/\\\/ares.lt\\\/#website\",\"url\":\"https:\\\/\\\/ares.lt\\\/\",\"name\":\"ARES Juvelyrika\",\"description\":\"Auksiniai papuo\u0161alai\",\"publisher\":{\"@id\":\"https:\\\/\\\/ares.lt\\\/#organization\"},\"potentialAction\":[{\"@type\":\"SearchAction\",\"target\":{\"@type\":\"EntryPoint\",\"urlTemplate\":\"https:\\\/\\\/ares.lt\\\/?s={search_term_string}\"},\"query-input\":{\"@type\":\"PropertyValueSpecification\",\"valueRequired\":true,\"valueName\":\"search_term_string\"}}],\"inLanguage\":\"lv-LV\"},{\"@type\":\"Organization\",\"@id\":\"https:\\\/\\\/ares.lt\\\/#organization\",\"name\":\"Ares Juvelyrika auksiniai papuosalai\",\"url\":\"https:\\\/\\\/ares.lt\\\/\",\"logo\":{\"@type\":\"ImageObject\",\"inLanguage\":\"lv-LV\",\"@id\":\"https:\\\/\\\/ares.lt\\\/#\\\/schema\\\/logo\\\/image\\\/\",\"url\":\"https:\\\/\\\/i0.wp.com\\\/ares.lt\\\/wp-content\\\/uploads\\\/2022\\\/03\\\/ares-text-logo-1.png?fit=417%2C122&ssl=1\",\"contentUrl\":\"https:\\\/\\\/i0.wp.com\\\/ares.lt\\\/wp-content\\\/uploads\\\/2022\\\/03\\\/ares-text-logo-1.png?fit=417%2C122&ssl=1\",\"width\":417,\"height\":122,\"caption\":\"Ares Juvelyrika auksiniai papuosalai\"},\"image\":{\"@id\":\"https:\\\/\\\/ares.lt\\\/#\\\/schema\\\/logo\\\/image\\\/\"},\"sameAs\":[\"https:\\\/\\\/www.facebook.com\\\/AresJewellery\",\"https:\\\/\\\/www.instagram.com\\\/ares_juvelyrika\\\/\"]}]}<\/script>\n<!-- \/ Yoast SEO plugin. -->","yoast_head_json":{"title":"Zelta kulons &quot;Melnais \u0101boli\u0146\u0161&quot;","description":"Zelta kulons &quot;Melnais \u0101boli\u0146\u0161&quot; - grezns veiksmes simbols. Atkl\u0101jiet eleganci un noz\u012bm\u012bgu simboliku ar \u0161o ekskluz\u012bvo rotaslietu - 585 proves sudrabs.","robots":{"index":"index","follow":"follow","max-snippet":"max-snippet:-1","max-image-preview":"max-image-preview:large","max-video-preview":"max-video-preview:-1"},"canonical":"https:\/\/ares.lt\/lv\/veikala\/zelta-kulons-melnais-abolins\/","og_locale":"lv_LV","og_type":"article","og_title":"Auksinis pakabukas \"Juodas dobilas\"","og_description":"Auksinis pakabukas \u201eJuodas dobilas\u201c \u2013 prabangus s\u0117km\u0117s simbolis Atraskite elegancij\u0105 ir prasming\u0105 simbolik\u0105 su \u0161iuo i\u0161skirtiniu papuo\u0161alu \u2013 585 prabos","og_url":"https:\/\/ares.lt\/lv\/veikala\/zelta-kulons-melnais-abolins\/","og_site_name":"ARES Juvelyrika","article_publisher":"https:\/\/www.facebook.com\/AresJewellery","article_modified_time":"2026-04-03T13:26:35+00:00","og_image":[{"width":1000,"height":1000,"url":"https:\/\/ares.lt\/wp-content\/uploads\/2025\/04\/Prevents-spills-10.jpg","type":"image\/jpeg"}],"twitter_card":"summary_large_image","twitter_misc":{"Est. reading time":"1 min\u016bte"},"schema":{"@context":"https:\/\/schema.org","@graph":[{"@type":"WebPage","@id":"https:\/\/ares.lt\/parduotuve\/auksinis-pakabukas-juodas-dobilas\/","url":"https:\/\/ares.lt\/parduotuve\/auksinis-pakabukas-juodas-dobilas\/","name":"Zelta kulons &quot;Melnais \u0101boli\u0146\u0161&quot;","isPartOf":{"@id":"https:\/\/ares.lt\/#website"},"primaryImageOfPage":{"@id":"https:\/\/ares.lt\/parduotuve\/auksinis-pakabukas-juodas-dobilas\/#primaryimage"},"image":{"@id":"https:\/\/ares.lt\/parduotuve\/auksinis-pakabukas-juodas-dobilas\/#primaryimage"},"thumbnailUrl":"https:\/\/ares.lt\/wp-content\/uploads\/2025\/04\/Prevents-spills-10.jpg","datePublished":"2025-04-20T06:56:57+00:00","dateModified":"2026-04-03T13:26:35+00:00","description":"Zelta kulons &quot;Melnais \u0101boli\u0146\u0161&quot; - grezns veiksmes simbols. Atkl\u0101jiet eleganci un noz\u012bm\u012bgu simboliku ar \u0161o ekskluz\u012bvo rotaslietu - 585 proves sudrabs.","breadcrumb":{"@id":"https:\/\/ares.lt\/parduotuve\/auksinis-pakabukas-juodas-dobilas\/#breadcrumb"},"inLanguage":"lv-LV","potentialAction":[{"@type":"ReadAction","target":["https:\/\/ares.lt\/parduotuve\/auksinis-pakabukas-juodas-dobilas\/"]}]},{"@type":"ImageObject","inLanguage":"lv-LV","@id":"https:\/\/ares.lt\/parduotuve\/auksinis-pakabukas-juodas-dobilas\/#primaryimage","url":"https:\/\/ares.lt\/wp-content\/uploads\/2025\/04\/Prevents-spills-10.jpg","contentUrl":"https:\/\/ares.lt\/wp-content\/uploads\/2025\/04\/Prevents-spills-10.jpg","width":1000,"height":1000,"caption":"Auksinis pakabukas \"Juodas dobilas\""},{"@type":"BreadcrumbList","@id":"https:\/\/ares.lt\/parduotuve\/auksinis-pakabukas-juodas-dobilas\/#breadcrumb","itemListElement":[{"@type":"ListItem","position":1,"name":"Auksiniai papuo\u0161alai","item":"https:\/\/ares.lt\/"},{"@type":"ListItem","position":2,"name":"Parduotuv\u0117","item":"https:\/\/ares.lt\/parduotuve\/"},{"@type":"ListItem","position":3,"name":"Auksinis pakabukas &#8222;Juodas dobilas&#8221;"}]},{"@type":"WebSite","@id":"https:\/\/ares.lt\/#website","url":"https:\/\/ares.lt\/","name":"ARES rotaslietas","description":"Zelta rotaslietas","publisher":{"@id":"https:\/\/ares.lt\/#organization"},"potentialAction":[{"@type":"SearchAction","target":{"@type":"EntryPoint","urlTemplate":"https:\/\/ares.lt\/?s={search_term_string}"},"query-input":{"@type":"PropertyValueSpecification","valueRequired":true,"valueName":"search_term_string"}}],"inLanguage":"lv-LV"},{"@type":"Organization","@id":"https:\/\/ares.lt\/#organization","name":"Ares Jewelry zelta rotaslietas","url":"https:\/\/ares.lt\/","logo":{"@type":"ImageObject","inLanguage":"lv-LV","@id":"https:\/\/ares.lt\/#\/schema\/logo\/image\/","url":"https:\/\/i0.wp.com\/ares.lt\/wp-content\/uploads\/2022\/03\/ares-text-logo-1.png?fit=417%2C122&ssl=1","contentUrl":"https:\/\/i0.wp.com\/ares.lt\/wp-content\/uploads\/2022\/03\/ares-text-logo-1.png?fit=417%2C122&ssl=1","width":417,"height":122,"caption":"Ares Juvelyrika auksiniai papuosalai"},"image":{"@id":"https:\/\/ares.lt\/#\/schema\/logo\/image\/"},"sameAs":["https:\/\/www.facebook.com\/AresJewellery","https:\/\/www.instagram.com\/ares_juvelyrika\/"]}]}},"_links":{"self":[{"href":"https:\/\/ares.lt\/lv\/wp-json\/wp\/v2\/product\/17778","targetHints":{"allow":["GET"]}}],"collection":[{"href":"https:\/\/ares.lt\/lv\/wp-json\/wp\/v2\/product"}],"about":[{"href":"https:\/\/ares.lt\/lv\/wp-json\/wp\/v2\/types\/product"}],"replies":[{"embeddable":true,"href":"https:\/\/ares.lt\/lv\/wp-json\/wp\/v2\/comments?post=17778"}],"wp:featuredmedia":[{"embeddable":true,"href":"https:\/\/ares.lt\/lv\/wp-json\/wp\/v2\/media\/17771"}],"wp:attachment":[{"href":"https:\/\/ares.lt\/lv\/wp-json\/wp\/v2\/media?parent=17778"}],"wp:term":[{"taxonomy":"product_cat","embeddable":true,"href":"https:\/\/ares.lt\/lv\/wp-json\/wp\/v2\/product_cat?post=17778"},{"taxonomy":"product_tag","embeddable":true,"href":"https:\/\/ares.lt\/lv\/wp-json\/wp\/v2\/product_tag?post=17778"}],"curies":[{"name":"wp","href":"https:\/\/api.w.org\/{rel}","templated":true}]}}