{"id":19512,"date":"2025-10-06T14:09:28","date_gmt":"2025-10-06T12:09:28","guid":{"rendered":"https:\/\/ares.lt\/?post_type=product&#038;p=19512"},"modified":"2026-02-10T17:01:42","modified_gmt":"2026-02-10T15:01:42","slug":"zelta-kedite-ar-piekarinu-krustins-ar-kristaliem-3","status":"publish","type":"product","link":"https:\/\/ares.lt\/lv\/parduotuve\/auksine-grandinele-su-pakabuku-kryzelis-su-cirkoniais-3\/","title":{"rendered":"Zelta \u0137\u0113d\u012bte ar kulonu &quot;Krusts ar cirkoniem&quot;"},"content":{"rendered":"<p data-start=\"0\" data-end=\"384\"><strong data-start=\"0\" data-end=\"59\">Zelta \u0137\u0113d\u012bte ar kulonu \"Krusts ar rhinestones\"<\/strong> - ir maiga un eleganta rotaslieta, kas mirdz ar \u012bpa\u0161u \u0161armu. \u0160is krusts ir izgatavots no <strong data-start=\"164\" data-end=\"184\">585 zelta<\/strong>, dekor\u0113ts <strong data-start=\"194\" data-end=\"221\" data-is-only-node=\"\">ar mirdzo\u0161iem krist\u0101liem<\/strong>kas pie\u0161\u0137ir tai greznu un mirdzo\u0161u gaismas sp\u0113li. Tas ir viens no <strong data-start=\"285\" data-end=\"322\">visskaist\u0101kie krusti ar rhinestones<\/strong>lieliski piem\u0113rots gan ikdienai, gan \u012bpa\u0161iem gad\u012bjumiem.<\/p>\n<p data-start=\"386\" data-end=\"732\">Piekari\u0146a izm\u0113ri - <strong data-start=\"409\" data-end=\"453\">16 mm garums, 12 mm platums un 3 mm biezums<\/strong> - rada harmoniskas proporcijas, saglab\u0101jot gan smalkumu, gan izteiksm\u012bgumu. \u0136\u0113de ir <strong data-start=\"550\" data-end=\"584\">regul\u0113jams garums (42 + 3 cm)<\/strong>t\u0101p\u0113c to var piel\u0101got da\u017e\u0101diem kakla izgriezumiem vai stiliem. <strong data-start=\"649\" data-end=\"672\">Uzticama stiprin\u0101\u0161ana<\/strong> nodro\u0161ina, ka rotaslietas dro\u0161i turas ap kaklu.<\/p>\n<p data-start=\"734\" data-end=\"928\" data-is-last-node=\"\" data-is-only-node=\"\">\u0160is <a href=\"https:\/\/ares.lt\/lv\/kedites-ar-kuloniem\/\"><strong data-start=\"737\" data-end=\"771\">zelta \u0137\u0113d\u012bte ar kulonu<\/strong><\/a> - T\u0101 ir ne tikai stila deta\u013ca, bet ar\u012b noz\u012bm\u012bgs simbols, kas izstaro siltumu, tic\u012bbu un eleganci. Lieliska izv\u0113le d\u0101vanai vai person\u012bgam rot\u0101jumam.<\/p>","protected":false},"excerpt":{"rendered":"<p>Auksin\u0117 grandin\u0117l\u0117 su pakabuku \u201eKry\u017eelis su cirkoniais\u201c &#8211; tai subtilus ir eleganti\u0161kas papuo\u0161alas, kuris spindi i\u0161skirtiniu \u017eavesiu. \u0160is kry\u017eelis pagamintas i\u0161 585&hellip;<\/p>","protected":false},"featured_media":19516,"comment_status":"open","ping_status":"closed","template":"","meta":[],"product_cat":[941,937,102,948,946,400,945,402,434,432,404,944,401,104],"product_tag":[],"class_list":{"0":"post-19512","1":"product","2":"type-product","3":"status-publish","4":"has-post-thumbnail","6":"product_cat-auksines-grandineles-su-cirkoniais","7":"product_cat-auksines-grandineles-su-kryzeliu","8":"product_cat-grandineles-su-pakabukais","9":"product_cat-auksines-grandineles-su-pakabukais-iki-250-eur","10":"product_cat-balto-aukso-grandineles-su-pakabukais","11":"product_cat-balto-aukso-papuosalai","12":"product_cat-geltono-aukso-grandineles-su-pakabukais","13":"product_cat-geltono-aukso-papuosalai","14":"product_cat-komunija-ir-krikstynos","15":"product_cat-nauja","16":"product_cat-nuolaidos","17":"product_cat-raudono-aukso-grandineles-su-pakabukais","18":"product_cat-raudono-aukso-papuosalai","19":"product_cat-su-cirkoniais","20":"tm-no-options","22":"first","23":"instock","24":"sale","25":"featured","26":"shipping-taxable","27":"purchasable","28":"product-type-variable","29":"has-default-attributes"},"yoast_head":"<!-- This site is optimized with the Yoast SEO plugin v27.4 - https:\/\/yoast.com\/product\/yoast-seo-wordpress\/ -->\n<title>Auksin\u0117 grandin\u0117l\u0117 su pakabuku &quot;Kry\u017eelis su cirkoniais&quot;<\/title>\n<meta name=\"description\" content=\"Auksin\u0117 grandin\u0117l\u0117 su pakabuku \u201eKry\u017eelis su cirkoniais\u201c - tai subtilus ir eleganti\u0161kas papuo\u0161alas, kuris spindi i\u0161skirtiniu \u017eavesiu. \u0160is kry\u017eelis\" \/>\n<meta name=\"robots\" content=\"index, follow, max-snippet:-1, max-image-preview:large, max-video-preview:-1\" \/>\n<link rel=\"canonical\" href=\"https:\/\/ares.lt\/lv\/veikala\/zelta-kedite-ar-piekarinu-krustins-ar-kristaliem-3\/\" \/>\n<meta property=\"og:locale\" content=\"lv_LV\" \/>\n<meta property=\"og:type\" content=\"article\" \/>\n<meta property=\"og:title\" content=\"Auksin\u0117 grandin\u0117l\u0117 su pakabuku &quot;Kry\u017eelis su cirkoniais&quot;\" \/>\n<meta property=\"og:description\" content=\"Auksin\u0117 grandin\u0117l\u0117 su pakabuku \u201eKry\u017eelis su cirkoniais\u201c - tai subtilus ir eleganti\u0161kas papuo\u0161alas, kuris spindi i\u0161skirtiniu \u017eavesiu. \u0160is kry\u017eelis\" \/>\n<meta property=\"og:url\" content=\"https:\/\/ares.lt\/lv\/veikala\/zelta-kedite-ar-piekarinu-krustins-ar-kristaliem-3\/\" \/>\n<meta property=\"og:site_name\" content=\"ARES Juvelyrika\" \/>\n<meta property=\"article:publisher\" content=\"https:\/\/www.facebook.com\/AresJewellery\" \/>\n<meta property=\"article:modified_time\" content=\"2026-02-10T15:01:42+00:00\" \/>\n<meta property=\"og:image\" content=\"https:\/\/ares.lt\/wp-content\/uploads\/2025\/10\/IMG_7202-rose-Gold-1-scaled.jpg\" \/>\n\t<meta property=\"og:image:width\" content=\"2560\" \/>\n\t<meta property=\"og:image:height\" content=\"2560\" \/>\n\t<meta property=\"og:image:type\" content=\"image\/jpeg\" \/>\n<meta name=\"twitter:card\" content=\"summary_large_image\" \/>\n<meta name=\"twitter:label1\" content=\"Est. reading time\" \/>\n\t<meta name=\"twitter:data1\" content=\"1 min\u016bte\" \/>\n<script type=\"application\/ld+json\" class=\"yoast-schema-graph\">{\"@context\":\"https:\\\/\\\/schema.org\",\"@graph\":[{\"@type\":\"WebPage\",\"@id\":\"https:\\\/\\\/ares.lt\\\/parduotuve\\\/auksine-grandinele-su-pakabuku-kryzelis-su-cirkoniais-3\\\/\",\"url\":\"https:\\\/\\\/ares.lt\\\/parduotuve\\\/auksine-grandinele-su-pakabuku-kryzelis-su-cirkoniais-3\\\/\",\"name\":\"Auksin\u0117 grandin\u0117l\u0117 su pakabuku \\\"Kry\u017eelis su cirkoniais\\\"\",\"isPartOf\":{\"@id\":\"https:\\\/\\\/ares.lt\\\/#website\"},\"primaryImageOfPage\":{\"@id\":\"https:\\\/\\\/ares.lt\\\/parduotuve\\\/auksine-grandinele-su-pakabuku-kryzelis-su-cirkoniais-3\\\/#primaryimage\"},\"image\":{\"@id\":\"https:\\\/\\\/ares.lt\\\/parduotuve\\\/auksine-grandinele-su-pakabuku-kryzelis-su-cirkoniais-3\\\/#primaryimage\"},\"thumbnailUrl\":\"https:\\\/\\\/ares.lt\\\/wp-content\\\/uploads\\\/2025\\\/10\\\/IMG_7202-rose-Gold-1-scaled.jpg\",\"datePublished\":\"2025-10-06T12:09:28+00:00\",\"dateModified\":\"2026-02-10T15:01:42+00:00\",\"description\":\"Auksin\u0117 grandin\u0117l\u0117 su pakabuku \u201eKry\u017eelis su cirkoniais\u201c - tai subtilus ir eleganti\u0161kas papuo\u0161alas, kuris spindi i\u0161skirtiniu \u017eavesiu. \u0160is kry\u017eelis\",\"breadcrumb\":{\"@id\":\"https:\\\/\\\/ares.lt\\\/parduotuve\\\/auksine-grandinele-su-pakabuku-kryzelis-su-cirkoniais-3\\\/#breadcrumb\"},\"inLanguage\":\"lv-LV\",\"potentialAction\":[{\"@type\":\"ReadAction\",\"target\":[\"https:\\\/\\\/ares.lt\\\/parduotuve\\\/auksine-grandinele-su-pakabuku-kryzelis-su-cirkoniais-3\\\/\"]}]},{\"@type\":\"ImageObject\",\"inLanguage\":\"lv-LV\",\"@id\":\"https:\\\/\\\/ares.lt\\\/parduotuve\\\/auksine-grandinele-su-pakabuku-kryzelis-su-cirkoniais-3\\\/#primaryimage\",\"url\":\"https:\\\/\\\/ares.lt\\\/wp-content\\\/uploads\\\/2025\\\/10\\\/IMG_7202-rose-Gold-1-scaled.jpg\",\"contentUrl\":\"https:\\\/\\\/ares.lt\\\/wp-content\\\/uploads\\\/2025\\\/10\\\/IMG_7202-rose-Gold-1-scaled.jpg\",\"width\":2560,\"height\":2560,\"caption\":\"Auksin\u0117 grandin\u0117l\u0117 su pakabuku \\\"Kry\u017eelis su cirkoniais\\\" raudono aukso\"},{\"@type\":\"BreadcrumbList\",\"@id\":\"https:\\\/\\\/ares.lt\\\/parduotuve\\\/auksine-grandinele-su-pakabuku-kryzelis-su-cirkoniais-3\\\/#breadcrumb\",\"itemListElement\":[{\"@type\":\"ListItem\",\"position\":1,\"name\":\"Auksiniai papuo\u0161alai\",\"item\":\"https:\\\/\\\/ares.lt\\\/\"},{\"@type\":\"ListItem\",\"position\":2,\"name\":\"Parduotuv\u0117\",\"item\":\"https:\\\/\\\/ares.lt\\\/parduotuve\\\/\"},{\"@type\":\"ListItem\",\"position\":3,\"name\":\"Auksin\u0117 grandin\u0117l\u0117 su pakabuku &#8222;Kry\u017eelis su cirkoniais&#8221;\"}]},{\"@type\":\"WebSite\",\"@id\":\"https:\\\/\\\/ares.lt\\\/#website\",\"url\":\"https:\\\/\\\/ares.lt\\\/\",\"name\":\"ARES Juvelyrika\",\"description\":\"Auksiniai papuo\u0161alai\",\"publisher\":{\"@id\":\"https:\\\/\\\/ares.lt\\\/#organization\"},\"potentialAction\":[{\"@type\":\"SearchAction\",\"target\":{\"@type\":\"EntryPoint\",\"urlTemplate\":\"https:\\\/\\\/ares.lt\\\/?s={search_term_string}\"},\"query-input\":{\"@type\":\"PropertyValueSpecification\",\"valueRequired\":true,\"valueName\":\"search_term_string\"}}],\"inLanguage\":\"lv-LV\"},{\"@type\":\"Organization\",\"@id\":\"https:\\\/\\\/ares.lt\\\/#organization\",\"name\":\"Ares Juvelyrika auksiniai papuosalai\",\"url\":\"https:\\\/\\\/ares.lt\\\/\",\"logo\":{\"@type\":\"ImageObject\",\"inLanguage\":\"lv-LV\",\"@id\":\"https:\\\/\\\/ares.lt\\\/#\\\/schema\\\/logo\\\/image\\\/\",\"url\":\"https:\\\/\\\/i0.wp.com\\\/ares.lt\\\/wp-content\\\/uploads\\\/2022\\\/03\\\/ares-text-logo-1.png?fit=417%2C122&ssl=1\",\"contentUrl\":\"https:\\\/\\\/i0.wp.com\\\/ares.lt\\\/wp-content\\\/uploads\\\/2022\\\/03\\\/ares-text-logo-1.png?fit=417%2C122&ssl=1\",\"width\":417,\"height\":122,\"caption\":\"Ares Juvelyrika auksiniai papuosalai\"},\"image\":{\"@id\":\"https:\\\/\\\/ares.lt\\\/#\\\/schema\\\/logo\\\/image\\\/\"},\"sameAs\":[\"https:\\\/\\\/www.facebook.com\\\/AresJewellery\",\"https:\\\/\\\/www.instagram.com\\\/ares_juvelyrika\\\/\"]}]}<\/script>\n<!-- \/ Yoast SEO plugin. -->","yoast_head_json":{"title":"Zelta \u0137\u0113d\u012bte ar kulonu &quot;Krusts ar cirkoniem&quot;","description":"Zelta \u0137\u0113d\u012bte ar piekari\u0146u \"Krusts ar rhinestones\" ir maiga un eleganta rotaslieta, kas mirdz ar \u012bpa\u0161u \u0161armu. \u0160is krusts","robots":{"index":"index","follow":"follow","max-snippet":"max-snippet:-1","max-image-preview":"max-image-preview:large","max-video-preview":"max-video-preview:-1"},"canonical":"https:\/\/ares.lt\/lv\/veikala\/zelta-kedite-ar-piekarinu-krustins-ar-kristaliem-3\/","og_locale":"lv_LV","og_type":"article","og_title":"Auksin\u0117 grandin\u0117l\u0117 su pakabuku \"Kry\u017eelis su cirkoniais\"","og_description":"Auksin\u0117 grandin\u0117l\u0117 su pakabuku \u201eKry\u017eelis su cirkoniais\u201c - tai subtilus ir eleganti\u0161kas papuo\u0161alas, kuris spindi i\u0161skirtiniu \u017eavesiu. \u0160is kry\u017eelis","og_url":"https:\/\/ares.lt\/lv\/veikala\/zelta-kedite-ar-piekarinu-krustins-ar-kristaliem-3\/","og_site_name":"ARES Juvelyrika","article_publisher":"https:\/\/www.facebook.com\/AresJewellery","article_modified_time":"2026-02-10T15:01:42+00:00","og_image":[{"width":2560,"height":2560,"url":"https:\/\/ares.lt\/wp-content\/uploads\/2025\/10\/IMG_7202-rose-Gold-1-scaled.jpg","type":"image\/jpeg"}],"twitter_card":"summary_large_image","twitter_misc":{"Est. reading time":"1 min\u016bte"},"schema":{"@context":"https:\/\/schema.org","@graph":[{"@type":"WebPage","@id":"https:\/\/ares.lt\/parduotuve\/auksine-grandinele-su-pakabuku-kryzelis-su-cirkoniais-3\/","url":"https:\/\/ares.lt\/parduotuve\/auksine-grandinele-su-pakabuku-kryzelis-su-cirkoniais-3\/","name":"Zelta \u0137\u0113d\u012bte ar kulonu &quot;Krusts ar cirkoniem&quot;","isPartOf":{"@id":"https:\/\/ares.lt\/#website"},"primaryImageOfPage":{"@id":"https:\/\/ares.lt\/parduotuve\/auksine-grandinele-su-pakabuku-kryzelis-su-cirkoniais-3\/#primaryimage"},"image":{"@id":"https:\/\/ares.lt\/parduotuve\/auksine-grandinele-su-pakabuku-kryzelis-su-cirkoniais-3\/#primaryimage"},"thumbnailUrl":"https:\/\/ares.lt\/wp-content\/uploads\/2025\/10\/IMG_7202-rose-Gold-1-scaled.jpg","datePublished":"2025-10-06T12:09:28+00:00","dateModified":"2026-02-10T15:01:42+00:00","description":"Zelta \u0137\u0113d\u012bte ar piekari\u0146u \"Krusts ar rhinestones\" ir maiga un eleganta rotaslieta, kas mirdz ar \u012bpa\u0161u \u0161armu. \u0160is krusts","breadcrumb":{"@id":"https:\/\/ares.lt\/parduotuve\/auksine-grandinele-su-pakabuku-kryzelis-su-cirkoniais-3\/#breadcrumb"},"inLanguage":"lv-LV","potentialAction":[{"@type":"ReadAction","target":["https:\/\/ares.lt\/parduotuve\/auksine-grandinele-su-pakabuku-kryzelis-su-cirkoniais-3\/"]}]},{"@type":"ImageObject","inLanguage":"lv-LV","@id":"https:\/\/ares.lt\/parduotuve\/auksine-grandinele-su-pakabuku-kryzelis-su-cirkoniais-3\/#primaryimage","url":"https:\/\/ares.lt\/wp-content\/uploads\/2025\/10\/IMG_7202-rose-Gold-1-scaled.jpg","contentUrl":"https:\/\/ares.lt\/wp-content\/uploads\/2025\/10\/IMG_7202-rose-Gold-1-scaled.jpg","width":2560,"height":2560,"caption":"Auksin\u0117 grandin\u0117l\u0117 su pakabuku \"Kry\u017eelis su cirkoniais\" raudono aukso"},{"@type":"BreadcrumbList","@id":"https:\/\/ares.lt\/parduotuve\/auksine-grandinele-su-pakabuku-kryzelis-su-cirkoniais-3\/#breadcrumb","itemListElement":[{"@type":"ListItem","position":1,"name":"Auksiniai papuo\u0161alai","item":"https:\/\/ares.lt\/"},{"@type":"ListItem","position":2,"name":"Parduotuv\u0117","item":"https:\/\/ares.lt\/parduotuve\/"},{"@type":"ListItem","position":3,"name":"Auksin\u0117 grandin\u0117l\u0117 su pakabuku &#8222;Kry\u017eelis su cirkoniais&#8221;"}]},{"@type":"WebSite","@id":"https:\/\/ares.lt\/#website","url":"https:\/\/ares.lt\/","name":"ARES rotaslietas","description":"Zelta rotaslietas","publisher":{"@id":"https:\/\/ares.lt\/#organization"},"potentialAction":[{"@type":"SearchAction","target":{"@type":"EntryPoint","urlTemplate":"https:\/\/ares.lt\/?s={search_term_string}"},"query-input":{"@type":"PropertyValueSpecification","valueRequired":true,"valueName":"search_term_string"}}],"inLanguage":"lv-LV"},{"@type":"Organization","@id":"https:\/\/ares.lt\/#organization","name":"Ares Jewelry zelta rotaslietas","url":"https:\/\/ares.lt\/","logo":{"@type":"ImageObject","inLanguage":"lv-LV","@id":"https:\/\/ares.lt\/#\/schema\/logo\/image\/","url":"https:\/\/i0.wp.com\/ares.lt\/wp-content\/uploads\/2022\/03\/ares-text-logo-1.png?fit=417%2C122&ssl=1","contentUrl":"https:\/\/i0.wp.com\/ares.lt\/wp-content\/uploads\/2022\/03\/ares-text-logo-1.png?fit=417%2C122&ssl=1","width":417,"height":122,"caption":"Ares Juvelyrika auksiniai papuosalai"},"image":{"@id":"https:\/\/ares.lt\/#\/schema\/logo\/image\/"},"sameAs":["https:\/\/www.facebook.com\/AresJewellery","https:\/\/www.instagram.com\/ares_juvelyrika\/"]}]}},"_links":{"self":[{"href":"https:\/\/ares.lt\/lv\/wp-json\/wp\/v2\/product\/19512","targetHints":{"allow":["GET"]}}],"collection":[{"href":"https:\/\/ares.lt\/lv\/wp-json\/wp\/v2\/product"}],"about":[{"href":"https:\/\/ares.lt\/lv\/wp-json\/wp\/v2\/types\/product"}],"replies":[{"embeddable":true,"href":"https:\/\/ares.lt\/lv\/wp-json\/wp\/v2\/comments?post=19512"}],"wp:featuredmedia":[{"embeddable":true,"href":"https:\/\/ares.lt\/lv\/wp-json\/wp\/v2\/media\/19516"}],"wp:attachment":[{"href":"https:\/\/ares.lt\/lv\/wp-json\/wp\/v2\/media?parent=19512"}],"wp:term":[{"taxonomy":"product_cat","embeddable":true,"href":"https:\/\/ares.lt\/lv\/wp-json\/wp\/v2\/product_cat?post=19512"},{"taxonomy":"product_tag","embeddable":true,"href":"https:\/\/ares.lt\/lv\/wp-json\/wp\/v2\/product_tag?post=19512"}],"curies":[{"name":"wp","href":"https:\/\/api.w.org\/{rel}","templated":true}]}}