{"id":5283,"date":"2022-03-15T22:45:52","date_gmt":"2022-03-15T20:45:52","guid":{"rendered":"http:\/\/ares2.store\/?post_type=product&#038;p=5283"},"modified":"2026-04-03T15:29:29","modified_gmt":"2026-04-03T13:29:29","slug":"oniksa-auskari","status":"publish","type":"product","link":"https:\/\/ares.lt\/lv\/parduotuve\/auskarai-oniksas\/","title":{"rendered":"Zelta auskari &quot;Melnais \u0101boli\u0146\u0161&quot;"},"content":{"rendered":"<h2>Zelta auskari &quot;Melnais \u0101boli\u0146\u0161&quot;<\/h2>\n<p>\u0160ie elegantie \u0101boli\u0146a formas <strong>zelta auskari sieviet\u0113m<\/strong> ir izgatavoti no \u012bsta 585. proves zelta un dab\u012bga oniksa akmens. \u0160ie zelta auskari izce\u013cas ar savu smalko dizainu un grezn\u012bbu, savuk\u0101rt melnais onikss pie\u0161\u0137ir tiem ekskluzivit\u0101ti un izsmalcin\u0101t\u012bbu. Auskariem ir \u0113rta \u0101\u0137a tipa aizdare, kas nodro\u0161ina to stingru tur\u0113\u0161anos un ir lieliski piem\u0113rota gan ikdienas valk\u0101\u0161anai, gan \u012bpa\u0161iem gad\u012bjumiem.<\/p>\n<p>&nbsp;<\/p>\n<p>\u0160os auskarus var ar\u012b kombin\u0113t ar:<\/p>\n<p><a href=\"https:\/\/ares.lt\/lv\/veikala\/kedite-ar-oniksa-kulonu\/\" target=\"_blank\" rel=\"noopener\">Zelta \u0137\u0113d\u012bte ar kulonu &quot;Melnais \u0101boli\u0146\u0161&quot;<\/a><\/p>\n<p><a href=\"https:\/\/ares.lt\/lv\/veikala\/kedite-ar-oniksa-kulonu\/\"><img fetchpriority=\"high\" decoding=\"async\" class=\"alignnone wp-image-15567 size-full\" src=\"https:\/\/ares.lt\/wp-content\/uploads\/2022\/08\/Untitled-design-53.png\" alt=\"zelta \u0137\u0113d\u012bte ar kulonu &quot;Melnais \u0101boli\u0146\u0161&quot;\" width=\"500\" height=\"500\" srcset=\"https:\/\/ares.lt\/wp-content\/uploads\/2022\/08\/Untitled-design-53.png 500w, https:\/\/ares.lt\/wp-content\/uploads\/2022\/08\/Untitled-design-53-300x300.png 300w, https:\/\/ares.lt\/wp-content\/uploads\/2022\/08\/Untitled-design-53-100x100.png 100w, https:\/\/ares.lt\/wp-content\/uploads\/2022\/08\/Untitled-design-53-200x200.png 200w, https:\/\/ares.lt\/wp-content\/uploads\/2022\/08\/Untitled-design-53-145x145.png 145w, https:\/\/ares.lt\/wp-content\/uploads\/2022\/08\/Untitled-design-53-50x50.png 50w\" sizes=\"(max-width: 500px) 100vw, 500px\" \/><\/a><\/p>\n<p><a href=\"https:\/\/ares.lt\/lv\/veikala\/oniksa-aproce\/\" target=\"_blank\" rel=\"noopener\">Zelta rokasspr\u0101dze &quot;Melnais \u0101boli\u0146\u0161&quot;<\/a><\/p>\n<p><a href=\"https:\/\/ares.lt\/lv\/veikala\/oniksa-aproce\/\"><img decoding=\"async\" class=\"alignnone wp-image-15568 size-full\" src=\"https:\/\/ares.lt\/wp-content\/uploads\/2022\/08\/Untitled-design-54.png\" alt=\"Zelta rokasspr\u0101dze &quot;Melnais \u0101boli\u0146\u0161&quot;\" width=\"500\" height=\"500\" srcset=\"https:\/\/ares.lt\/wp-content\/uploads\/2022\/08\/Untitled-design-54.png 500w, https:\/\/ares.lt\/wp-content\/uploads\/2022\/08\/Untitled-design-54-300x300.png 300w, https:\/\/ares.lt\/wp-content\/uploads\/2022\/08\/Untitled-design-54-100x100.png 100w, https:\/\/ares.lt\/wp-content\/uploads\/2022\/08\/Untitled-design-54-200x200.png 200w, https:\/\/ares.lt\/wp-content\/uploads\/2022\/08\/Untitled-design-54-145x145.png 145w, https:\/\/ares.lt\/wp-content\/uploads\/2022\/08\/Untitled-design-54-50x50.png 50w\" sizes=\"(max-width: 500px) 100vw, 500px\" \/><\/a><\/p>\n<p><a href=\"https:\/\/ares.lt\/lv\/veikala\/oniksa-paradizes-rokasspradze\/\" target=\"_blank\" rel=\"noopener\">Zelta rokasspr\u0101dze &quot;3 melnie \u0101boli\u0146i&quot;<\/a><\/p>\n<p><a href=\"https:\/\/ares.lt\/lv\/veikala\/oniksa-paradizes-rokasspradze\/\"><img decoding=\"async\" class=\"alignnone wp-image-15569 size-full\" src=\"https:\/\/ares.lt\/wp-content\/uploads\/2022\/08\/Untitled-design-55.png\" alt=\"Zelta rokasspr\u0101dze &quot;3 melnie \u0101boli\u0146i&quot;\" width=\"500\" height=\"500\" srcset=\"https:\/\/ares.lt\/wp-content\/uploads\/2022\/08\/Untitled-design-55.png 500w, https:\/\/ares.lt\/wp-content\/uploads\/2022\/08\/Untitled-design-55-300x300.png 300w, https:\/\/ares.lt\/wp-content\/uploads\/2022\/08\/Untitled-design-55-100x100.png 100w, https:\/\/ares.lt\/wp-content\/uploads\/2022\/08\/Untitled-design-55-200x200.png 200w, https:\/\/ares.lt\/wp-content\/uploads\/2022\/08\/Untitled-design-55-145x145.png 145w, https:\/\/ares.lt\/wp-content\/uploads\/2022\/08\/Untitled-design-55-50x50.png 50w\" sizes=\"(max-width: 500px) 100vw, 500px\" \/><\/a><\/p>\n<p><a href=\"https:\/\/ares.lt\/lv\/veikala\/zelta-rokasspradze-ar-5-oniksiem\/\" target=\"_blank\" rel=\"noopener\">Zelta rokasspr\u0101dze &quot;5 melnie \u0101boli\u0146i&quot;<\/a><\/p>\n<p><a href=\"https:\/\/ares.lt\/lv\/veikala\/zelta-rokasspradze-ar-5-oniksiem\/\" rel=\"https:\/\/ares.lt\/parduotuve\/auksine-apyranke-5-oniksai\/\"><img loading=\"lazy\" decoding=\"async\" class=\"alignnone wp-image-15570 size-full\" src=\"https:\/\/ares.lt\/wp-content\/uploads\/2022\/08\/Untitled-design-56.png\" alt=\"https:\/\/ares.lt\/parduotuve\/auksine-apyranke-5-oniksai\/\" width=\"500\" height=\"500\" srcset=\"https:\/\/ares.lt\/wp-content\/uploads\/2022\/08\/Untitled-design-56.png 500w, https:\/\/ares.lt\/wp-content\/uploads\/2022\/08\/Untitled-design-56-300x300.png 300w, https:\/\/ares.lt\/wp-content\/uploads\/2022\/08\/Untitled-design-56-100x100.png 100w, https:\/\/ares.lt\/wp-content\/uploads\/2022\/08\/Untitled-design-56-200x200.png 200w, https:\/\/ares.lt\/wp-content\/uploads\/2022\/08\/Untitled-design-56-145x145.png 145w, https:\/\/ares.lt\/wp-content\/uploads\/2022\/08\/Untitled-design-56-50x50.png 50w\" sizes=\"(max-width: 500px) 100vw, 500px\" \/><\/a><\/p>\n<p><a href=\"https:\/\/ares.lt\/lv\/veikala\/oniksa-diegu-aproce\/\" target=\"_blank\" rel=\"noopener\">Aproce &quot;Melnais \u0101boli\u0146\u0161&quot;<\/a><\/p>\n<p><a href=\"https:\/\/ares.lt\/lv\/veikala\/oniksa-diegu-aproce\/\"><img loading=\"lazy\" decoding=\"async\" class=\"alignnone wp-image-15571 size-full\" src=\"https:\/\/ares.lt\/wp-content\/uploads\/2022\/08\/Untitled-design-57.png\" alt=\"Aproce &quot;Melnais \u0101boli\u0146\u0161&quot;\" width=\"500\" height=\"500\" srcset=\"https:\/\/ares.lt\/wp-content\/uploads\/2022\/08\/Untitled-design-57.png 500w, https:\/\/ares.lt\/wp-content\/uploads\/2022\/08\/Untitled-design-57-300x300.png 300w, https:\/\/ares.lt\/wp-content\/uploads\/2022\/08\/Untitled-design-57-100x100.png 100w, https:\/\/ares.lt\/wp-content\/uploads\/2022\/08\/Untitled-design-57-200x200.png 200w, https:\/\/ares.lt\/wp-content\/uploads\/2022\/08\/Untitled-design-57-145x145.png 145w, https:\/\/ares.lt\/wp-content\/uploads\/2022\/08\/Untitled-design-57-50x50.png 50w\" sizes=\"(max-width: 500px) 100vw, 500px\" \/><\/a><\/p>\n<h3>Kas ir \u012bpa\u0161s zelta auskaros &quot;Dobilas&quot;?<\/h3>\n<p>Tiek uzskat\u012bts, ka katrai \u0101boli\u0146a lapai ir \u012bpa\u0161a noz\u012bme: pirmajai \u2013 tic\u012bba, otrajai \u2013 cer\u012bba, tre\u0161ajai \u2013 m\u012blest\u012bba un ceturtajai \u2013 veiksme. T\u0101p\u0113c \u010detrlapu \u0101boli\u0146i tiek uzskat\u012bti par \u012bpa\u0161iem un reti sastopamiem dabas br\u012bnumiem.<\/p>\n<p>\u010cetrlapu \u0101boli\u0146\u0161 vai zelta rotaslieta t\u0101s form\u0101 var b\u016bt lieliska d\u0101vana, kas nes lielu veiksmi. \u0160\u0101das d\u0101vanas simbolika ir \u012bpa\u0161a, t\u0101p\u0113c \u012bpa\u0161i popul\u0101ras ir \u010detrlapu \u0101boli\u0146a formas rotaslietas, piem\u0113ram, zelta auskari. T\u0101s ir ne tikai skaistas, bet ar\u012b ar dzi\u013cu noz\u012bmi, kas nes veiksmi to \u012bpa\u0161niekam.<\/p>\n<p>Zelta \u0101boli\u0146a auskari ir lielisks veids, k\u0101 apvienot skaistumu un simboliku. \u0160\u012bs rotaslietas ne tikai izce\u013c j\u016bsu stilu, bet ar\u012b var b\u016bt lielisks sarunas ierosin\u0101t\u0101js, atg\u0101dinot par veiksmes un cer\u012bbas noz\u012bmi dz\u012bv\u0113.<\/p>\n<p>Izv\u0113loties zelta \u0101boli\u0146a auskarus, j\u016bs izv\u0113laties ne tikai eleganci, bet ar\u012b noz\u012bm\u012bgu simbolu. Neaizmirstiet, ka \u010detrlapu \u0101boli\u0146\u0161 un t\u0101 simbolika var pie\u0161\u0137irt papildu v\u0113rt\u012bbu j\u016bsu rotaslietu kolekcijai.<\/p>","protected":false},"excerpt":{"rendered":"<p>Auksiniai auskarai \u201eJuodas dobilas\u201d \u0160ie eleganti\u0161ki dobilo formos auksiniai auskarai moterims yra pagaminti i\u0161 tikro 585 prabos aukso ir nat\u016bralaus onikso akmens.&hellip;<\/p>","protected":false},"featured_media":14225,"comment_status":"open","ping_status":"closed","template":"","meta":[],"product_cat":[278,926,934,782,357,404,930,738],"product_tag":[],"class_list":{"0":"post-5283","1":"product","2":"type-product","3":"status-publish","4":"has-post-thumbnail","6":"product_cat-auskarai","7":"product_cat-auksiniai-auskarai-dobilas","8":"product_cat-auksiniai-auskarai-iki-250-eur","9":"product_cat-auskarai-vinukai","10":"product_cat-kolekcija-dobilas","11":"product_cat-nuolaidos","12":"product_cat-raudono-aukso-auskarai","13":"product_cat-sekmes-dobilai","14":"tm-no-options","16":"first","17":"instock","18":"sale","19":"featured","20":"shipping-taxable","21":"purchasable","22":"product-type-variable","23":"has-default-attributes"},"yoast_head":"<!-- This site is optimized with the Yoast SEO plugin v27.4 - https:\/\/yoast.com\/product\/yoast-seo-wordpress\/ -->\n<title>Auksiniai Auskarai &quot;Juodas dobilas&quot;<\/title>\n<meta name=\"description\" content=\"Auksiniai auskarai \u201eJuodas dobilas\u201d \u0160ie eleganti\u0161ki dobilo formos auksiniai auskarai moterims yra pagaminti i\u0161 tikro 585 prabos aukso ir nat\u016bralaus onikso\" \/>\n<meta name=\"robots\" content=\"index, follow, max-snippet:-1, max-image-preview:large, max-video-preview:-1\" \/>\n<link rel=\"canonical\" href=\"https:\/\/ares.lt\/lv\/veikala\/oniksa-auskari\/\" \/>\n<meta property=\"og:locale\" content=\"lv_LV\" \/>\n<meta property=\"og:type\" content=\"article\" \/>\n<meta property=\"og:title\" content=\"Auksiniai Auskarai &quot;Juodas dobilas&quot;\" \/>\n<meta property=\"og:description\" content=\"Auksiniai auskarai \u201eJuodas dobilas\u201d \u0160ie eleganti\u0161ki dobilo formos auksiniai auskarai moterims yra pagaminti i\u0161 tikro 585 prabos aukso ir nat\u016bralaus onikso\" \/>\n<meta property=\"og:url\" content=\"https:\/\/ares.lt\/lv\/veikala\/oniksa-auskari\/\" \/>\n<meta property=\"og:site_name\" content=\"ARES Juvelyrika\" \/>\n<meta property=\"article:publisher\" content=\"https:\/\/www.facebook.com\/AresJewellery\" \/>\n<meta property=\"article:modified_time\" content=\"2026-04-03T13:29:29+00:00\" \/>\n<meta property=\"og:image\" content=\"https:\/\/ares.lt\/wp-content\/uploads\/2022\/03\/IMG_3464-1.jpg\" \/>\n\t<meta property=\"og:image:width\" content=\"3000\" \/>\n\t<meta property=\"og:image:height\" content=\"3000\" \/>\n\t<meta property=\"og:image:type\" content=\"image\/jpeg\" \/>\n<meta name=\"twitter:card\" content=\"summary_large_image\" \/>\n<meta name=\"twitter:label1\" content=\"Est. reading time\" \/>\n\t<meta name=\"twitter:data1\" content=\"1 min\u016bte\" \/>\n<script type=\"application\/ld+json\" class=\"yoast-schema-graph\">{\"@context\":\"https:\\\/\\\/schema.org\",\"@graph\":[{\"@type\":\"WebPage\",\"@id\":\"https:\\\/\\\/ares.lt\\\/parduotuve\\\/auskarai-oniksas\\\/\",\"url\":\"https:\\\/\\\/ares.lt\\\/parduotuve\\\/auskarai-oniksas\\\/\",\"name\":\"Auksiniai Auskarai \\\"Juodas dobilas\\\"\",\"isPartOf\":{\"@id\":\"https:\\\/\\\/ares.lt\\\/#website\"},\"primaryImageOfPage\":{\"@id\":\"https:\\\/\\\/ares.lt\\\/parduotuve\\\/auskarai-oniksas\\\/#primaryimage\"},\"image\":{\"@id\":\"https:\\\/\\\/ares.lt\\\/parduotuve\\\/auskarai-oniksas\\\/#primaryimage\"},\"thumbnailUrl\":\"https:\\\/\\\/ares.lt\\\/wp-content\\\/uploads\\\/2022\\\/03\\\/IMG_3464-1.jpg\",\"datePublished\":\"2022-03-15T20:45:52+00:00\",\"dateModified\":\"2026-04-03T13:29:29+00:00\",\"description\":\"Auksiniai auskarai \u201eJuodas dobilas\u201d \u0160ie eleganti\u0161ki dobilo formos auksiniai auskarai moterims yra pagaminti i\u0161 tikro 585 prabos aukso ir nat\u016bralaus onikso\",\"breadcrumb\":{\"@id\":\"https:\\\/\\\/ares.lt\\\/parduotuve\\\/auskarai-oniksas\\\/#breadcrumb\"},\"inLanguage\":\"lv-LV\",\"potentialAction\":[{\"@type\":\"ReadAction\",\"target\":[\"https:\\\/\\\/ares.lt\\\/parduotuve\\\/auskarai-oniksas\\\/\"]}]},{\"@type\":\"ImageObject\",\"inLanguage\":\"lv-LV\",\"@id\":\"https:\\\/\\\/ares.lt\\\/parduotuve\\\/auskarai-oniksas\\\/#primaryimage\",\"url\":\"https:\\\/\\\/ares.lt\\\/wp-content\\\/uploads\\\/2022\\\/03\\\/IMG_3464-1.jpg\",\"contentUrl\":\"https:\\\/\\\/ares.lt\\\/wp-content\\\/uploads\\\/2022\\\/03\\\/IMG_3464-1.jpg\",\"width\":3000,\"height\":3000,\"caption\":\"Auksiniai auskarai dobilas\"},{\"@type\":\"BreadcrumbList\",\"@id\":\"https:\\\/\\\/ares.lt\\\/parduotuve\\\/auskarai-oniksas\\\/#breadcrumb\",\"itemListElement\":[{\"@type\":\"ListItem\",\"position\":1,\"name\":\"Auksiniai papuo\u0161alai\",\"item\":\"https:\\\/\\\/ares.lt\\\/\"},{\"@type\":\"ListItem\",\"position\":2,\"name\":\"Parduotuv\u0117\",\"item\":\"https:\\\/\\\/ares.lt\\\/parduotuve\\\/\"},{\"@type\":\"ListItem\",\"position\":3,\"name\":\"Auksiniai Auskarai &#8222;Juodas dobilas&#8221;\"}]},{\"@type\":\"WebSite\",\"@id\":\"https:\\\/\\\/ares.lt\\\/#website\",\"url\":\"https:\\\/\\\/ares.lt\\\/\",\"name\":\"ARES Juvelyrika\",\"description\":\"Auksiniai papuo\u0161alai\",\"publisher\":{\"@id\":\"https:\\\/\\\/ares.lt\\\/#organization\"},\"potentialAction\":[{\"@type\":\"SearchAction\",\"target\":{\"@type\":\"EntryPoint\",\"urlTemplate\":\"https:\\\/\\\/ares.lt\\\/?s={search_term_string}\"},\"query-input\":{\"@type\":\"PropertyValueSpecification\",\"valueRequired\":true,\"valueName\":\"search_term_string\"}}],\"inLanguage\":\"lv-LV\"},{\"@type\":\"Organization\",\"@id\":\"https:\\\/\\\/ares.lt\\\/#organization\",\"name\":\"Ares Juvelyrika auksiniai papuosalai\",\"url\":\"https:\\\/\\\/ares.lt\\\/\",\"logo\":{\"@type\":\"ImageObject\",\"inLanguage\":\"lv-LV\",\"@id\":\"https:\\\/\\\/ares.lt\\\/#\\\/schema\\\/logo\\\/image\\\/\",\"url\":\"https:\\\/\\\/i0.wp.com\\\/ares.lt\\\/wp-content\\\/uploads\\\/2022\\\/03\\\/ares-text-logo-1.png?fit=417%2C122&ssl=1\",\"contentUrl\":\"https:\\\/\\\/i0.wp.com\\\/ares.lt\\\/wp-content\\\/uploads\\\/2022\\\/03\\\/ares-text-logo-1.png?fit=417%2C122&ssl=1\",\"width\":417,\"height\":122,\"caption\":\"Ares Juvelyrika auksiniai papuosalai\"},\"image\":{\"@id\":\"https:\\\/\\\/ares.lt\\\/#\\\/schema\\\/logo\\\/image\\\/\"},\"sameAs\":[\"https:\\\/\\\/www.facebook.com\\\/AresJewellery\",\"https:\\\/\\\/www.instagram.com\\\/ares_juvelyrika\\\/\"]}]}<\/script>\n<!-- \/ Yoast SEO plugin. -->","yoast_head_json":{"title":"Zelta auskari &quot;Melnais \u0101boli\u0146\u0161&quot;","description":"Zelta auskari &quot;Melnais \u0101boli\u0146\u0161&quot; \u0160ie elegantie \u0101boli\u0146a formas zelta auskari sieviet\u0113m ir izgatavoti no \u012bsta 585 zelta un dab\u012bg\u0101 oniksa.","robots":{"index":"index","follow":"follow","max-snippet":"max-snippet:-1","max-image-preview":"max-image-preview:large","max-video-preview":"max-video-preview:-1"},"canonical":"https:\/\/ares.lt\/lv\/veikala\/oniksa-auskari\/","og_locale":"lv_LV","og_type":"article","og_title":"Auksiniai Auskarai \"Juodas dobilas\"","og_description":"Auksiniai auskarai \u201eJuodas dobilas\u201d \u0160ie eleganti\u0161ki dobilo formos auksiniai auskarai moterims yra pagaminti i\u0161 tikro 585 prabos aukso ir nat\u016bralaus onikso","og_url":"https:\/\/ares.lt\/lv\/veikala\/oniksa-auskari\/","og_site_name":"ARES Juvelyrika","article_publisher":"https:\/\/www.facebook.com\/AresJewellery","article_modified_time":"2026-04-03T13:29:29+00:00","og_image":[{"width":3000,"height":3000,"url":"https:\/\/ares.lt\/wp-content\/uploads\/2022\/03\/IMG_3464-1.jpg","type":"image\/jpeg"}],"twitter_card":"summary_large_image","twitter_misc":{"Est. reading time":"1 min\u016bte"},"schema":{"@context":"https:\/\/schema.org","@graph":[{"@type":"WebPage","@id":"https:\/\/ares.lt\/parduotuve\/auskarai-oniksas\/","url":"https:\/\/ares.lt\/parduotuve\/auskarai-oniksas\/","name":"Zelta auskari &quot;Melnais \u0101boli\u0146\u0161&quot;","isPartOf":{"@id":"https:\/\/ares.lt\/#website"},"primaryImageOfPage":{"@id":"https:\/\/ares.lt\/parduotuve\/auskarai-oniksas\/#primaryimage"},"image":{"@id":"https:\/\/ares.lt\/parduotuve\/auskarai-oniksas\/#primaryimage"},"thumbnailUrl":"https:\/\/ares.lt\/wp-content\/uploads\/2022\/03\/IMG_3464-1.jpg","datePublished":"2022-03-15T20:45:52+00:00","dateModified":"2026-04-03T13:29:29+00:00","description":"Zelta auskari &quot;Melnais \u0101boli\u0146\u0161&quot; \u0160ie elegantie \u0101boli\u0146a formas zelta auskari sieviet\u0113m ir izgatavoti no \u012bsta 585 zelta un dab\u012bg\u0101 oniksa.","breadcrumb":{"@id":"https:\/\/ares.lt\/parduotuve\/auskarai-oniksas\/#breadcrumb"},"inLanguage":"lv-LV","potentialAction":[{"@type":"ReadAction","target":["https:\/\/ares.lt\/parduotuve\/auskarai-oniksas\/"]}]},{"@type":"ImageObject","inLanguage":"lv-LV","@id":"https:\/\/ares.lt\/parduotuve\/auskarai-oniksas\/#primaryimage","url":"https:\/\/ares.lt\/wp-content\/uploads\/2022\/03\/IMG_3464-1.jpg","contentUrl":"https:\/\/ares.lt\/wp-content\/uploads\/2022\/03\/IMG_3464-1.jpg","width":3000,"height":3000,"caption":"Auksiniai auskarai dobilas"},{"@type":"BreadcrumbList","@id":"https:\/\/ares.lt\/parduotuve\/auskarai-oniksas\/#breadcrumb","itemListElement":[{"@type":"ListItem","position":1,"name":"Auksiniai papuo\u0161alai","item":"https:\/\/ares.lt\/"},{"@type":"ListItem","position":2,"name":"Parduotuv\u0117","item":"https:\/\/ares.lt\/parduotuve\/"},{"@type":"ListItem","position":3,"name":"Auksiniai Auskarai &#8222;Juodas dobilas&#8221;"}]},{"@type":"WebSite","@id":"https:\/\/ares.lt\/#website","url":"https:\/\/ares.lt\/","name":"ARES rotaslietas","description":"Zelta rotaslietas","publisher":{"@id":"https:\/\/ares.lt\/#organization"},"potentialAction":[{"@type":"SearchAction","target":{"@type":"EntryPoint","urlTemplate":"https:\/\/ares.lt\/?s={search_term_string}"},"query-input":{"@type":"PropertyValueSpecification","valueRequired":true,"valueName":"search_term_string"}}],"inLanguage":"lv-LV"},{"@type":"Organization","@id":"https:\/\/ares.lt\/#organization","name":"Ares Jewelry zelta rotaslietas","url":"https:\/\/ares.lt\/","logo":{"@type":"ImageObject","inLanguage":"lv-LV","@id":"https:\/\/ares.lt\/#\/schema\/logo\/image\/","url":"https:\/\/i0.wp.com\/ares.lt\/wp-content\/uploads\/2022\/03\/ares-text-logo-1.png?fit=417%2C122&ssl=1","contentUrl":"https:\/\/i0.wp.com\/ares.lt\/wp-content\/uploads\/2022\/03\/ares-text-logo-1.png?fit=417%2C122&ssl=1","width":417,"height":122,"caption":"Ares Juvelyrika auksiniai papuosalai"},"image":{"@id":"https:\/\/ares.lt\/#\/schema\/logo\/image\/"},"sameAs":["https:\/\/www.facebook.com\/AresJewellery","https:\/\/www.instagram.com\/ares_juvelyrika\/"]}]}},"_links":{"self":[{"href":"https:\/\/ares.lt\/lv\/wp-json\/wp\/v2\/product\/5283","targetHints":{"allow":["GET"]}}],"collection":[{"href":"https:\/\/ares.lt\/lv\/wp-json\/wp\/v2\/product"}],"about":[{"href":"https:\/\/ares.lt\/lv\/wp-json\/wp\/v2\/types\/product"}],"replies":[{"embeddable":true,"href":"https:\/\/ares.lt\/lv\/wp-json\/wp\/v2\/comments?post=5283"}],"wp:featuredmedia":[{"embeddable":true,"href":"https:\/\/ares.lt\/lv\/wp-json\/wp\/v2\/media\/14225"}],"wp:attachment":[{"href":"https:\/\/ares.lt\/lv\/wp-json\/wp\/v2\/media?parent=5283"}],"wp:term":[{"taxonomy":"product_cat","embeddable":true,"href":"https:\/\/ares.lt\/lv\/wp-json\/wp\/v2\/product_cat?post=5283"},{"taxonomy":"product_tag","embeddable":true,"href":"https:\/\/ares.lt\/lv\/wp-json\/wp\/v2\/product_tag?post=5283"}],"curies":[{"name":"wp","href":"https:\/\/api.w.org\/{rel}","templated":true}]}}