{"id":10165,"date":"2022-04-15T21:09:30","date_gmt":"2022-04-15T19:09:30","guid":{"rendered":"https:\/\/ares.lt\/?post_type=product&#038;p=10165"},"modified":"2026-01-25T22:06:22","modified_gmt":"2026-01-25T20:06:22","slug":"bransoletka-z-malachitu-rajskiego","status":"publish","type":"product","link":"https:\/\/ares.lt\/pl\/parduotuve\/apyranke-malachitu-rojus\/","title":{"rendered":"Bransoletka Z\u0142ota &quot;3 Zielone Koniczyny&quot;"},"content":{"rendered":"<h2>Bransoletka Z\u0142ota &quot;3 Zielone Koniczyny&quot;<\/h2>\n<p>Ta elegancka koniczyna <strong>z\u0142ota bransoletka<\/strong> jest wykonana z prawdziwego z\u0142ota pr\u00f3by 585 i naturalnego kamienia malachitu. To w\u0142a\u015bnie ta z\u0142ota bransoletka wyr\u00f3\u017cnia si\u0119 delikatnym wzornictwem i luksusem, podczas gdy zielony malachit dodaje ekskluzywno\u015bci i wyrafinowania.<\/p>\n<p>&nbsp;<\/p>\n<p>T\u0119 z\u0142ot\u0105 bransoletk\u0119 mo\u017cesz r\u00f3wnie\u017c \u0142\u0105czy\u0107 z:<\/p>\n<p><a href=\"https:\/\/ares.lt\/pl\/w-sklepie\/lancuszek-z-wisiorkiem-z-malachitu\/\" target=\"_blank\" rel=\"noopener\">Z\u0142oty \u0142a\u0144cuszek z zawieszk\u0105 &quot;Zielona Koniczyna&quot;<\/a><\/p>\n<p><a href=\"https:\/\/ares.lt\/pl\/w-sklepie\/lancuszek-z-wisiorkiem-z-malachitu\/\"><img fetchpriority=\"high\" decoding=\"async\" class=\"alignnone wp-image-15575 size-full\" src=\"https:\/\/ares.lt\/wp-content\/uploads\/2022\/04\/Auksiniai-Auskarai-Anglisku-Uzsegimu-\u201eJuodas-Dobilas.png\" alt=\"Z\u0142oty \u0142a\u0144cuszek z zawieszk\u0105 &quot;Zielona koniczyna&quot;\" width=\"500\" height=\"500\" srcset=\"https:\/\/ares.lt\/wp-content\/uploads\/2022\/04\/Auksiniai-Auskarai-Anglisku-Uzsegimu-\u201eJuodas-Dobilas.png 500w, https:\/\/ares.lt\/wp-content\/uploads\/2022\/04\/Auksiniai-Auskarai-Anglisku-Uzsegimu-\u201eJuodas-Dobilas-300x300.png 300w, https:\/\/ares.lt\/wp-content\/uploads\/2022\/04\/Auksiniai-Auskarai-Anglisku-Uzsegimu-\u201eJuodas-Dobilas-100x100.png 100w, https:\/\/ares.lt\/wp-content\/uploads\/2022\/04\/Auksiniai-Auskarai-Anglisku-Uzsegimu-\u201eJuodas-Dobilas-200x200.png 200w, https:\/\/ares.lt\/wp-content\/uploads\/2022\/04\/Auksiniai-Auskarai-Anglisku-Uzsegimu-\u201eJuodas-Dobilas-145x145.png 145w, https:\/\/ares.lt\/wp-content\/uploads\/2022\/04\/Auksiniai-Auskarai-Anglisku-Uzsegimu-\u201eJuodas-Dobilas-50x50.png 50w\" sizes=\"(max-width: 500px) 100vw, 500px\" \/><\/a><\/p>\n<p>&nbsp;<\/p>\n<p><a href=\"https:\/\/ares.lt\/pl\/w-sklepie\/kolczyki-z-malachitu\/\" target=\"_blank\" rel=\"noopener\">Z\u0142ote kolczyki &quot;Zielona koniczyna&quot;<\/a><\/p>\n<p><a href=\"https:\/\/ares.lt\/pl\/w-sklepie\/kolczyki-z-malachitu\/\"><img decoding=\"async\" class=\"alignnone wp-image-15576 size-full\" src=\"https:\/\/ares.lt\/wp-content\/uploads\/2022\/04\/Auksiniai-Auskarai-Anglisku-Uzsegimu-\u201eJuodas-Dobilas-1.png\" alt=\"Z\u0142ote kolczyki &quot;Zielona koniczyna&quot;\" width=\"500\" height=\"500\" srcset=\"https:\/\/ares.lt\/wp-content\/uploads\/2022\/04\/Auksiniai-Auskarai-Anglisku-Uzsegimu-\u201eJuodas-Dobilas-1.png 500w, https:\/\/ares.lt\/wp-content\/uploads\/2022\/04\/Auksiniai-Auskarai-Anglisku-Uzsegimu-\u201eJuodas-Dobilas-1-300x300.png 300w, https:\/\/ares.lt\/wp-content\/uploads\/2022\/04\/Auksiniai-Auskarai-Anglisku-Uzsegimu-\u201eJuodas-Dobilas-1-100x100.png 100w, https:\/\/ares.lt\/wp-content\/uploads\/2022\/04\/Auksiniai-Auskarai-Anglisku-Uzsegimu-\u201eJuodas-Dobilas-1-200x200.png 200w, https:\/\/ares.lt\/wp-content\/uploads\/2022\/04\/Auksiniai-Auskarai-Anglisku-Uzsegimu-\u201eJuodas-Dobilas-1-145x145.png 145w, https:\/\/ares.lt\/wp-content\/uploads\/2022\/04\/Auksiniai-Auskarai-Anglisku-Uzsegimu-\u201eJuodas-Dobilas-1-50x50.png 50w\" sizes=\"(max-width: 500px) 100vw, 500px\" \/><\/a><\/p>\n<p>&nbsp;<\/p>\n<p><a href=\"https:\/\/ares.lt\/pl\/w-sklepie\/kolczyki-angielski-malachit\/\" target=\"_blank\" rel=\"noopener\">Z\u0142ote kolczyki z zapi\u0119ciem angielskim &quot;Zielona Koniczyna&quot;<\/a><\/p>\n<p><a href=\"https:\/\/ares.lt\/pl\/w-sklepie\/kolczyki-angielski-malachit\/\"><img decoding=\"async\" class=\"alignnone wp-image-15577 size-full\" src=\"https:\/\/ares.lt\/wp-content\/uploads\/2022\/04\/Auksiniai-Auskarai-Anglisku-Uzsegimu-\u201eJuodas-Dobilas-2.png\" alt=\"Z\u0142ote kolczyki z zapi\u0119ciem angielskim &quot;Zielona Koniczyna&quot;\" width=\"500\" height=\"500\" srcset=\"https:\/\/ares.lt\/wp-content\/uploads\/2022\/04\/Auksiniai-Auskarai-Anglisku-Uzsegimu-\u201eJuodas-Dobilas-2.png 500w, https:\/\/ares.lt\/wp-content\/uploads\/2022\/04\/Auksiniai-Auskarai-Anglisku-Uzsegimu-\u201eJuodas-Dobilas-2-300x300.png 300w, https:\/\/ares.lt\/wp-content\/uploads\/2022\/04\/Auksiniai-Auskarai-Anglisku-Uzsegimu-\u201eJuodas-Dobilas-2-100x100.png 100w, https:\/\/ares.lt\/wp-content\/uploads\/2022\/04\/Auksiniai-Auskarai-Anglisku-Uzsegimu-\u201eJuodas-Dobilas-2-200x200.png 200w, https:\/\/ares.lt\/wp-content\/uploads\/2022\/04\/Auksiniai-Auskarai-Anglisku-Uzsegimu-\u201eJuodas-Dobilas-2-145x145.png 145w, https:\/\/ares.lt\/wp-content\/uploads\/2022\/04\/Auksiniai-Auskarai-Anglisku-Uzsegimu-\u201eJuodas-Dobilas-2-50x50.png 50w\" sizes=\"(max-width: 500px) 100vw, 500px\" \/><\/a><\/p>\n<p>&nbsp;<\/p>\n<h3>Co jest szczeg\u00f3lnego w z\u0142otej bransoletce &quot;Koniczyna&quot;?<\/h3>\n<p>M\u00f3wi si\u0119, \u017ce ka\u017cdy li\u015b\u0107 koniczyny ma specjalne znaczenie: pierwszy - wiara, drugi - nadzieja, trzeci - mi\u0142o\u015b\u0107, a czwarty - szcz\u0119\u015bcie. Dlatego czterolistne koniczyny s\u0105 uwa\u017cane za wyj\u0105tkowe i rzadko spotykane cuda natury.<\/p>\n<p>Czterolistna koniczyna lub z\u0142ota bi\u017cuteria w jej kszta\u0142cie mo\u017ce by\u0107 wspania\u0142ym prezentem, kt\u00f3ry przynosi wielkie szcz\u0119\u015bcie. Symbolika takiego prezentu jest szczeg\u00f3lna, dlatego bi\u017cuteria w kszta\u0142cie czterolistnej koniczyny, taka jak z\u0142ote bransoletki, jest szczeg\u00f3lnie popularna. S\u0105 nie tylko pi\u0119kne, ale maj\u0105 r\u00f3wnie\u017c g\u0142\u0119bokie znaczenie, kt\u00f3re przynosi szcz\u0119\u015bcie ich w\u0142a\u015bcicielowi.<\/p>\n<p>Z\u0142ote bransoletki koniczyny to \u015bwietny spos\u00f3b na po\u0142\u0105czenie pi\u0119kna i symboliki. Te elementy bi\u017cuterii nie tylko podkre\u015blaj\u0105 Tw\u00f3j styl, ale mog\u0105 by\u0107 r\u00f3wnie\u017c \u015bwietnym tematem do rozmowy, przypominaj\u0105c Ci o znaczeniu szcz\u0119\u015bcia i nadziei w \u017cyciu.<\/p>\n<p>Wybieraj\u0105c z\u0142ote bransoletki z koniczyn\u0105, wybierasz nie tylko elegancj\u0119, ale tak\u017ce znacz\u0105cy symbol. Nie zapomnij, \u017ce czterolistna koniczyna i jej symbolika mog\u0105 doda\u0107 dodatkowej warto\u015bci Twojej kolekcji bi\u017cuterii.<\/p>","protected":false},"excerpt":{"rendered":"<p>Auksin\u0117 Apyrank\u0117 &#8222;3 \u017dali dobilai&#8221; \u0160i eleganti\u0161ka dobilo formos auksin\u0117 apyrank\u0117 yra pagaminta i\u0161 tikro 585 prabos aukso ir nat\u016bralaus malachito akmens.&hellip;<\/p>","protected":false},"featured_media":14239,"comment_status":"open","ping_status":"closed","template":"","meta":[],"product_cat":[247,999,258,989,982,357,404,977,401,738],"product_tag":[],"class_list":{"0":"post-10165","1":"product","2":"type-product","3":"status-publish","4":"has-post-thumbnail","6":"product_cat-apyrankes","7":"product_cat-auksine-apyranke-su-malachitu","8":"product_cat-auksines-apyrankes","9":"product_cat-auksines-apyrankes-dobilas","10":"product_cat-auksines-apyrankes-iki-500-eur","11":"product_cat-kolekcija-dobilas","12":"product_cat-nuolaidos","13":"product_cat-raudono-aukso-apyrankes","14":"product_cat-raudono-aukso-papuosalai","15":"product_cat-sekmes-dobilai","16":"tm-no-options","18":"first","19":"instock","20":"sale","21":"featured","22":"shipping-taxable","23":"purchasable","24":"product-type-variable","25":"has-default-attributes"},"yoast_head":"<!-- This site is optimized with the Yoast SEO plugin v27.4 - https:\/\/yoast.com\/product\/yoast-seo-wordpress\/ -->\n<title>Auksin\u0117 Apyrank\u0117 &quot;3 \u017dali dobilai&quot;<\/title>\n<meta name=\"description\" content=\"Auksin\u0117 Apyrank\u0117 &quot;3 \u017dali dobilai&quot; \u0160i eleganti\u0161ka dobilo formos auksin\u0117 apyrank\u0117 yra pagaminta i\u0161 tikro 585 prabos aukso ir nat\u016bralaus malachito akmens.\" \/>\n<meta name=\"robots\" content=\"index, follow, max-snippet:-1, max-image-preview:large, max-video-preview:-1\" \/>\n<link rel=\"canonical\" href=\"https:\/\/ares.lt\/pl\/w-sklepie\/bransoletka-z-malachitu-rajskiego\/\" \/>\n<meta property=\"og:locale\" content=\"pl_PL\" \/>\n<meta property=\"og:type\" content=\"article\" \/>\n<meta property=\"og:title\" content=\"Auksin\u0117 Apyrank\u0117 &quot;3 \u017dali dobilai&quot;\" \/>\n<meta property=\"og:description\" content=\"Auksin\u0117 Apyrank\u0117 &quot;3 \u017dali dobilai&quot; \u0160i eleganti\u0161ka dobilo formos auksin\u0117 apyrank\u0117 yra pagaminta i\u0161 tikro 585 prabos aukso ir nat\u016bralaus malachito akmens.\" \/>\n<meta property=\"og:url\" content=\"https:\/\/ares.lt\/pl\/w-sklepie\/bransoletka-z-malachitu-rajskiego\/\" \/>\n<meta property=\"og:site_name\" content=\"ARES Juvelyrika\" \/>\n<meta property=\"article:publisher\" content=\"https:\/\/www.facebook.com\/AresJewellery\" \/>\n<meta property=\"article:modified_time\" content=\"2026-01-25T20:06:22+00:00\" \/>\n<meta property=\"og:image\" content=\"https:\/\/ares.lt\/wp-content\/uploads\/2022\/04\/Mazas-7x7mm-13-1-scaled.jpg\" \/>\n\t<meta property=\"og:image:width\" content=\"3360\" \/>\n\t<meta property=\"og:image:height\" content=\"3360\" \/>\n\t<meta property=\"og:image:type\" content=\"image\/jpeg\" \/>\n<meta name=\"twitter:card\" content=\"summary_large_image\" \/>\n<meta name=\"twitter:label1\" content=\"Szacowany czas czytania\" \/>\n\t<meta name=\"twitter:data1\" content=\"1 minuta\" \/>\n<script type=\"application\/ld+json\" class=\"yoast-schema-graph\">{\"@context\":\"https:\\\/\\\/schema.org\",\"@graph\":[{\"@type\":\"WebPage\",\"@id\":\"https:\\\/\\\/ares.lt\\\/parduotuve\\\/apyranke-malachitu-rojus\\\/\",\"url\":\"https:\\\/\\\/ares.lt\\\/parduotuve\\\/apyranke-malachitu-rojus\\\/\",\"name\":\"Auksin\u0117 Apyrank\u0117 \\\"3 \u017dali dobilai\\\"\",\"isPartOf\":{\"@id\":\"https:\\\/\\\/ares.lt\\\/#website\"},\"primaryImageOfPage\":{\"@id\":\"https:\\\/\\\/ares.lt\\\/parduotuve\\\/apyranke-malachitu-rojus\\\/#primaryimage\"},\"image\":{\"@id\":\"https:\\\/\\\/ares.lt\\\/parduotuve\\\/apyranke-malachitu-rojus\\\/#primaryimage\"},\"thumbnailUrl\":\"https:\\\/\\\/ares.lt\\\/wp-content\\\/uploads\\\/2022\\\/04\\\/Mazas-7x7mm-13-1-scaled.jpg\",\"datePublished\":\"2022-04-15T19:09:30+00:00\",\"dateModified\":\"2026-01-25T20:06:22+00:00\",\"description\":\"Auksin\u0117 Apyrank\u0117 \\\"3 \u017dali dobilai\\\" \u0160i eleganti\u0161ka dobilo formos auksin\u0117 apyrank\u0117 yra pagaminta i\u0161 tikro 585 prabos aukso ir nat\u016bralaus malachito akmens.\",\"breadcrumb\":{\"@id\":\"https:\\\/\\\/ares.lt\\\/parduotuve\\\/apyranke-malachitu-rojus\\\/#breadcrumb\"},\"inLanguage\":\"pl-PL\",\"potentialAction\":[{\"@type\":\"ReadAction\",\"target\":[\"https:\\\/\\\/ares.lt\\\/parduotuve\\\/apyranke-malachitu-rojus\\\/\"]}]},{\"@type\":\"ImageObject\",\"inLanguage\":\"pl-PL\",\"@id\":\"https:\\\/\\\/ares.lt\\\/parduotuve\\\/apyranke-malachitu-rojus\\\/#primaryimage\",\"url\":\"https:\\\/\\\/ares.lt\\\/wp-content\\\/uploads\\\/2022\\\/04\\\/Mazas-7x7mm-13-1-scaled.jpg\",\"contentUrl\":\"https:\\\/\\\/ares.lt\\\/wp-content\\\/uploads\\\/2022\\\/04\\\/Mazas-7x7mm-13-1-scaled.jpg\",\"width\":3360,\"height\":3360,\"caption\":\"Auksine apyranke dobilas\"},{\"@type\":\"BreadcrumbList\",\"@id\":\"https:\\\/\\\/ares.lt\\\/parduotuve\\\/apyranke-malachitu-rojus\\\/#breadcrumb\",\"itemListElement\":[{\"@type\":\"ListItem\",\"position\":1,\"name\":\"Auksiniai papuo\u0161alai\",\"item\":\"https:\\\/\\\/ares.lt\\\/\"},{\"@type\":\"ListItem\",\"position\":2,\"name\":\"Parduotuv\u0117\",\"item\":\"https:\\\/\\\/ares.lt\\\/parduotuve\\\/\"},{\"@type\":\"ListItem\",\"position\":3,\"name\":\"Auksin\u0117 Apyrank\u0117 &#8222;3 \u017dali dobilai&#8221;\"}]},{\"@type\":\"WebSite\",\"@id\":\"https:\\\/\\\/ares.lt\\\/#website\",\"url\":\"https:\\\/\\\/ares.lt\\\/\",\"name\":\"ARES Juvelyrika\",\"description\":\"Auksiniai papuo\u0161alai\",\"publisher\":{\"@id\":\"https:\\\/\\\/ares.lt\\\/#organization\"},\"potentialAction\":[{\"@type\":\"SearchAction\",\"target\":{\"@type\":\"EntryPoint\",\"urlTemplate\":\"https:\\\/\\\/ares.lt\\\/?s={search_term_string}\"},\"query-input\":{\"@type\":\"PropertyValueSpecification\",\"valueRequired\":true,\"valueName\":\"search_term_string\"}}],\"inLanguage\":\"pl-PL\"},{\"@type\":\"Organization\",\"@id\":\"https:\\\/\\\/ares.lt\\\/#organization\",\"name\":\"Ares Juvelyrika auksiniai papuosalai\",\"url\":\"https:\\\/\\\/ares.lt\\\/\",\"logo\":{\"@type\":\"ImageObject\",\"inLanguage\":\"pl-PL\",\"@id\":\"https:\\\/\\\/ares.lt\\\/#\\\/schema\\\/logo\\\/image\\\/\",\"url\":\"https:\\\/\\\/i0.wp.com\\\/ares.lt\\\/wp-content\\\/uploads\\\/2022\\\/03\\\/ares-text-logo-1.png?fit=417%2C122&ssl=1\",\"contentUrl\":\"https:\\\/\\\/i0.wp.com\\\/ares.lt\\\/wp-content\\\/uploads\\\/2022\\\/03\\\/ares-text-logo-1.png?fit=417%2C122&ssl=1\",\"width\":417,\"height\":122,\"caption\":\"Ares Juvelyrika auksiniai papuosalai\"},\"image\":{\"@id\":\"https:\\\/\\\/ares.lt\\\/#\\\/schema\\\/logo\\\/image\\\/\"},\"sameAs\":[\"https:\\\/\\\/www.facebook.com\\\/AresJewellery\",\"https:\\\/\\\/www.instagram.com\\\/ares_juvelyrika\\\/\"]}]}<\/script>\n<!-- \/ Yoast SEO plugin. -->","yoast_head_json":{"title":"Bransoletka Z\u0142ota &quot;3 Zielone Koniczyny&quot;","description":"Z\u0142ota bransoletka &quot;3 zielone koniczynki&quot; Ta elegancka z\u0142ota bransoletka w kszta\u0142cie koniczyny zosta\u0142a wykonana z prawdziwego z\u0142ota pr\u00f3by 585 oraz naturalnego malachitu.","robots":{"index":"index","follow":"follow","max-snippet":"max-snippet:-1","max-image-preview":"max-image-preview:large","max-video-preview":"max-video-preview:-1"},"canonical":"https:\/\/ares.lt\/pl\/w-sklepie\/bransoletka-z-malachitu-rajskiego\/","og_locale":"pl_PL","og_type":"article","og_title":"Auksin\u0117 Apyrank\u0117 \"3 \u017dali dobilai\"","og_description":"Auksin\u0117 Apyrank\u0117 \"3 \u017dali dobilai\" \u0160i eleganti\u0161ka dobilo formos auksin\u0117 apyrank\u0117 yra pagaminta i\u0161 tikro 585 prabos aukso ir nat\u016bralaus malachito akmens.","og_url":"https:\/\/ares.lt\/pl\/w-sklepie\/bransoletka-z-malachitu-rajskiego\/","og_site_name":"ARES Juvelyrika","article_publisher":"https:\/\/www.facebook.com\/AresJewellery","article_modified_time":"2026-01-25T20:06:22+00:00","og_image":[{"width":3360,"height":3360,"url":"https:\/\/ares.lt\/wp-content\/uploads\/2022\/04\/Mazas-7x7mm-13-1-scaled.jpg","type":"image\/jpeg"}],"twitter_card":"summary_large_image","twitter_misc":{"Szacowany czas czytania":"1 minuta"},"schema":{"@context":"https:\/\/schema.org","@graph":[{"@type":"WebPage","@id":"https:\/\/ares.lt\/parduotuve\/apyranke-malachitu-rojus\/","url":"https:\/\/ares.lt\/parduotuve\/apyranke-malachitu-rojus\/","name":"Bransoletka Z\u0142ota &quot;3 Zielone Koniczyny&quot;","isPartOf":{"@id":"https:\/\/ares.lt\/#website"},"primaryImageOfPage":{"@id":"https:\/\/ares.lt\/parduotuve\/apyranke-malachitu-rojus\/#primaryimage"},"image":{"@id":"https:\/\/ares.lt\/parduotuve\/apyranke-malachitu-rojus\/#primaryimage"},"thumbnailUrl":"https:\/\/ares.lt\/wp-content\/uploads\/2022\/04\/Mazas-7x7mm-13-1-scaled.jpg","datePublished":"2022-04-15T19:09:30+00:00","dateModified":"2026-01-25T20:06:22+00:00","description":"Z\u0142ota bransoletka &quot;3 zielone koniczynki&quot; Ta elegancka z\u0142ota bransoletka w kszta\u0142cie koniczyny zosta\u0142a wykonana z prawdziwego z\u0142ota pr\u00f3by 585 oraz naturalnego malachitu.","breadcrumb":{"@id":"https:\/\/ares.lt\/parduotuve\/apyranke-malachitu-rojus\/#breadcrumb"},"inLanguage":"pl-PL","potentialAction":[{"@type":"ReadAction","target":["https:\/\/ares.lt\/parduotuve\/apyranke-malachitu-rojus\/"]}]},{"@type":"ImageObject","inLanguage":"pl-PL","@id":"https:\/\/ares.lt\/parduotuve\/apyranke-malachitu-rojus\/#primaryimage","url":"https:\/\/ares.lt\/wp-content\/uploads\/2022\/04\/Mazas-7x7mm-13-1-scaled.jpg","contentUrl":"https:\/\/ares.lt\/wp-content\/uploads\/2022\/04\/Mazas-7x7mm-13-1-scaled.jpg","width":3360,"height":3360,"caption":"Auksine apyranke dobilas"},{"@type":"BreadcrumbList","@id":"https:\/\/ares.lt\/parduotuve\/apyranke-malachitu-rojus\/#breadcrumb","itemListElement":[{"@type":"ListItem","position":1,"name":"Auksiniai papuo\u0161alai","item":"https:\/\/ares.lt\/"},{"@type":"ListItem","position":2,"name":"Parduotuv\u0117","item":"https:\/\/ares.lt\/parduotuve\/"},{"@type":"ListItem","position":3,"name":"Auksin\u0117 Apyrank\u0117 &#8222;3 \u017dali dobilai&#8221;"}]},{"@type":"WebSite","@id":"https:\/\/ares.lt\/#website","url":"https:\/\/ares.lt\/","name":"Bi\u017cuteria ARES","description":"Z\u0142ota bi\u017cuteria","publisher":{"@id":"https:\/\/ares.lt\/#organization"},"potentialAction":[{"@type":"SearchAction","target":{"@type":"EntryPoint","urlTemplate":"https:\/\/ares.lt\/?s={search_term_string}"},"query-input":{"@type":"PropertyValueSpecification","valueRequired":true,"valueName":"search_term_string"}}],"inLanguage":"pl-PL"},{"@type":"Organization","@id":"https:\/\/ares.lt\/#organization","name":"Bi\u017cuteria Ares Bi\u017cuteria z\u0142ota","url":"https:\/\/ares.lt\/","logo":{"@type":"ImageObject","inLanguage":"pl-PL","@id":"https:\/\/ares.lt\/#\/schema\/logo\/image\/","url":"https:\/\/i0.wp.com\/ares.lt\/wp-content\/uploads\/2022\/03\/ares-text-logo-1.png?fit=417%2C122&ssl=1","contentUrl":"https:\/\/i0.wp.com\/ares.lt\/wp-content\/uploads\/2022\/03\/ares-text-logo-1.png?fit=417%2C122&ssl=1","width":417,"height":122,"caption":"Ares Juvelyrika auksiniai papuosalai"},"image":{"@id":"https:\/\/ares.lt\/#\/schema\/logo\/image\/"},"sameAs":["https:\/\/www.facebook.com\/AresJewellery","https:\/\/www.instagram.com\/ares_juvelyrika\/"]}]}},"_links":{"self":[{"href":"https:\/\/ares.lt\/pl\/wp-json\/wp\/v2\/product\/10165","targetHints":{"allow":["GET"]}}],"collection":[{"href":"https:\/\/ares.lt\/pl\/wp-json\/wp\/v2\/product"}],"about":[{"href":"https:\/\/ares.lt\/pl\/wp-json\/wp\/v2\/types\/product"}],"replies":[{"embeddable":true,"href":"https:\/\/ares.lt\/pl\/wp-json\/wp\/v2\/comments?post=10165"}],"wp:featuredmedia":[{"embeddable":true,"href":"https:\/\/ares.lt\/pl\/wp-json\/wp\/v2\/media\/14239"}],"wp:attachment":[{"href":"https:\/\/ares.lt\/pl\/wp-json\/wp\/v2\/media?parent=10165"}],"wp:term":[{"taxonomy":"product_cat","embeddable":true,"href":"https:\/\/ares.lt\/pl\/wp-json\/wp\/v2\/product_cat?post=10165"},{"taxonomy":"product_tag","embeddable":true,"href":"https:\/\/ares.lt\/pl\/wp-json\/wp\/v2\/product_tag?post=10165"}],"curies":[{"name":"wp","href":"https:\/\/api.w.org\/{rel}","templated":true}]}}