{"id":13008,"date":"2023-09-02T23:47:22","date_gmt":"2023-09-02T21:47:22","guid":{"rendered":"https:\/\/ares.lt\/?post_type=product&#038;p=13008"},"modified":"2026-03-20T16:06:08","modified_gmt":"2026-03-20T14:06:08","slug":"bransoletka-z-nici-onyksowej","status":"publish","type":"product","link":"https:\/\/ares.lt\/pl\/parduotuve\/siulo-apyranke-oniksas\/","title":{"rendered":"Oferowana przez Bransoletka &quot;Czarna Koniczyna&quot;"},"content":{"rendered":"<h2>Bransoletka &quot;Czarna Koniczyna&quot;<\/h2>\n<p>Ta elegancka koniczyna <strong>bransoletka z nici<\/strong> Wykonana jest z prawdziwego z\u0142ota pr\u00f3by 585 i naturalnego onyksu. To w\u0142a\u015bnie ta bransoletka wyr\u00f3\u017cnia si\u0119 delikatnym wzornictwem i luksusem, a czarny onyks dodaje jej ekskluzywno\u015bci i wyrafinowania.<\/p>\n<p>&nbsp;<\/p>\n<p>Mo\u017cesz r\u00f3wnie\u017c po\u0142\u0105czy\u0107 t\u0119 bransoletk\u0119 z:<\/p>\n<p><a href=\"https:\/\/ares.lt\/pl\/w-sklepie\/lancuszek-z-wisiorkiem-onyksowym\/\" target=\"_blank\" rel=\"noopener\">Z\u0142oty \u0142a\u0144cuszek z zawieszk\u0105 &quot;Czarna Koniczyna&quot;<\/a><\/p>\n<p><a href=\"https:\/\/ares.lt\/pl\/w-sklepie\/lancuszek-z-wisiorkiem-onyksowym\/\"><img fetchpriority=\"high\" decoding=\"async\" class=\"alignnone wp-image-15567 size-full\" src=\"https:\/\/ares.lt\/wp-content\/uploads\/2022\/08\/Untitled-design-53.png\" alt=\"z\u0142oty \u0142a\u0144cuszek z zawieszk\u0105 &quot;Czarna Koniczyna&quot;\" width=\"500\" height=\"500\" srcset=\"https:\/\/ares.lt\/wp-content\/uploads\/2022\/08\/Untitled-design-53.png 500w, https:\/\/ares.lt\/wp-content\/uploads\/2022\/08\/Untitled-design-53-300x300.png 300w, https:\/\/ares.lt\/wp-content\/uploads\/2022\/08\/Untitled-design-53-100x100.png 100w, https:\/\/ares.lt\/wp-content\/uploads\/2022\/08\/Untitled-design-53-200x200.png 200w, https:\/\/ares.lt\/wp-content\/uploads\/2022\/08\/Untitled-design-53-145x145.png 145w, https:\/\/ares.lt\/wp-content\/uploads\/2022\/08\/Untitled-design-53-50x50.png 50w\" sizes=\"(max-width: 500px) 100vw, 500px\" \/><\/a><\/p>\n<p><a href=\"https:\/\/ares.lt\/pl\/w-sklepie\/kolczyki-z-onyksu\/\" target=\"_blank\" rel=\"noopener\">Z\u0142ote kolczyki &quot;Czarna Koniczyna&quot;<\/a><\/p>\n<p><a href=\"https:\/\/ares.lt\/pl\/w-sklepie\/kolczyki-z-onyksu\/\"><img decoding=\"async\" class=\"alignnone wp-image-15572 size-full\" src=\"https:\/\/ares.lt\/wp-content\/uploads\/2022\/03\/Untitled-design-58.png\" alt=\"Z\u0142ote kolczyki &quot;Czarna Koniczyna&quot;\" width=\"500\" height=\"500\" srcset=\"https:\/\/ares.lt\/wp-content\/uploads\/2022\/03\/Untitled-design-58.png 500w, https:\/\/ares.lt\/wp-content\/uploads\/2022\/03\/Untitled-design-58-300x300.png 300w, https:\/\/ares.lt\/wp-content\/uploads\/2022\/03\/Untitled-design-58-100x100.png 100w, https:\/\/ares.lt\/wp-content\/uploads\/2022\/03\/Untitled-design-58-200x200.png 200w, https:\/\/ares.lt\/wp-content\/uploads\/2022\/03\/Untitled-design-58-145x145.png 145w, https:\/\/ares.lt\/wp-content\/uploads\/2022\/03\/Untitled-design-58-50x50.png 50w\" sizes=\"(max-width: 500px) 100vw, 500px\" \/><\/a><\/p>\n<p><a href=\"https:\/\/ares.lt\/pl\/w-sklepie\/kolczyki-onyks-angielski\/\" target=\"_blank\" rel=\"noopener\">Z\u0142ote kolczyki z zapi\u0119ciem angielskim &quot;Black Clover&quot;<\/a><\/p>\n<p><a href=\"https:\/\/ares.lt\/pl\/w-sklepie\/kolczyki-onyks-angielski\/\"><img decoding=\"async\" class=\"alignnone wp-image-15573 size-full\" src=\"https:\/\/ares.lt\/wp-content\/uploads\/2022\/03\/Untitled-design-59.png\" alt=\"Z\u0142ote kolczyki z zapi\u0119ciem angielskim &quot;Black Clover&quot;\" width=\"500\" height=\"500\" srcset=\"https:\/\/ares.lt\/wp-content\/uploads\/2022\/03\/Untitled-design-59.png 500w, https:\/\/ares.lt\/wp-content\/uploads\/2022\/03\/Untitled-design-59-300x300.png 300w, https:\/\/ares.lt\/wp-content\/uploads\/2022\/03\/Untitled-design-59-100x100.png 100w, https:\/\/ares.lt\/wp-content\/uploads\/2022\/03\/Untitled-design-59-200x200.png 200w, https:\/\/ares.lt\/wp-content\/uploads\/2022\/03\/Untitled-design-59-145x145.png 145w, https:\/\/ares.lt\/wp-content\/uploads\/2022\/03\/Untitled-design-59-50x50.png 50w\" sizes=\"(max-width: 500px) 100vw, 500px\" \/><\/a><\/p>\n<h3>Co jest szczeg\u00f3lnego w bransoletce \u201eKoniczynka\u201d?<\/h3>\n<p>M\u00f3wi si\u0119, \u017ce ka\u017cdy li\u015b\u0107 koniczyny ma specjalne znaczenie: pierwszy - wiara, drugi - nadzieja, trzeci - mi\u0142o\u015b\u0107, a czwarty - szcz\u0119\u015bcie. Dlatego czterolistne koniczyny s\u0105 uwa\u017cane za wyj\u0105tkowe i rzadko spotykane cuda natury.<\/p>\n<p>Czterolistna koniczyna lub z\u0142ota bi\u017cuteria w jej kszta\u0142cie mo\u017ce by\u0107 wspania\u0142ym prezentem, kt\u00f3ry przynosi wielkie szcz\u0119\u015bcie. Symbolika takiego prezentu jest szczeg\u00f3lna, dlatego bi\u017cuteria w kszta\u0142cie czterolistnej koniczyny, taka jak z\u0142ote bransoletki, jest szczeg\u00f3lnie popularna. S\u0105 nie tylko pi\u0119kne, ale maj\u0105 r\u00f3wnie\u017c g\u0142\u0119bokie znaczenie, kt\u00f3re przynosi szcz\u0119\u015bcie ich w\u0142a\u015bcicielowi.<\/p>\n<p>Z\u0142ote bransoletki koniczyny to \u015bwietny spos\u00f3b na po\u0142\u0105czenie pi\u0119kna i symboliki. Te elementy bi\u017cuterii nie tylko podkre\u015blaj\u0105 Tw\u00f3j styl, ale mog\u0105 by\u0107 r\u00f3wnie\u017c \u015bwietnym tematem do rozmowy, przypominaj\u0105c Ci o znaczeniu szcz\u0119\u015bcia i nadziei w \u017cyciu.<\/p>\n<p>Wybieraj\u0105c z\u0142ote bransoletki z koniczyn\u0105, wybierasz nie tylko elegancj\u0119, ale tak\u017ce znacz\u0105cy symbol. Nie zapomnij, \u017ce czterolistna koniczyna i jej symbolika mog\u0105 doda\u0107 dodatkowej warto\u015bci Twojej kolekcji bi\u017cuterii.<\/p>","protected":false},"excerpt":{"rendered":"<p>Si\u016blo apyrank\u0117 &#8222;Juodas dobilas&#8221; \u0160i eleganti\u0161ka dobilo formos si\u016blo apyrank\u0117 yra pagaminta i\u0161 tikro 585 prabos aukso ir nat\u016bralaus onikso akmens. B\u016btent&hellip;<\/p>","protected":false},"featured_media":17016,"comment_status":"open","ping_status":"closed","template":"","meta":[],"product_cat":[247,1000,989,981,357,432,977,401,991,738,360],"product_tag":[],"class_list":{"0":"post-13008","1":"product","2":"type-product","3":"status-publish","4":"has-post-thumbnail","6":"product_cat-apyrankes","7":"product_cat-auksine-apyranke-su-oniksu","8":"product_cat-auksines-apyrankes-dobilas","9":"product_cat-auksines-apyrankes-iki-250-eur","10":"product_cat-kolekcija-dobilas","11":"product_cat-nauja","12":"product_cat-raudono-aukso-apyrankes","13":"product_cat-raudono-aukso-papuosalai","14":"product_cat-reguliuojamos-auksines-apyrankes","15":"product_cat-sekmes-dobilai","16":"product_cat-apyrankes-su-siulu","17":"tm-no-options","19":"first","20":"instock","21":"sale","22":"featured","23":"shipping-taxable","24":"purchasable","25":"product-type-variable","26":"has-default-attributes"},"yoast_head":"<!-- This site is optimized with the Yoast SEO plugin v27.4 - https:\/\/yoast.com\/product\/yoast-seo-wordpress\/ -->\n<title>Si\u016blo Apyrank\u0117 &quot;Juodas dobilas&quot;<\/title>\n<meta name=\"description\" content=\"Si\u016blo apyrank\u0117 &quot;Juodas dobilas&quot; \u0160i eleganti\u0161ka dobilo formos si\u016blo apyrank\u0117 yra pagaminta i\u0161 tikro 585 prabos aukso ir nat\u016bralaus onikso akmens. B\u016btent \u0161i\" \/>\n<meta name=\"robots\" content=\"index, follow, max-snippet:-1, max-image-preview:large, max-video-preview:-1\" \/>\n<link rel=\"canonical\" href=\"https:\/\/ares.lt\/pl\/w-sklepie\/bransoletka-z-nici-onyksowej\/\" \/>\n<meta property=\"og:locale\" content=\"pl_PL\" \/>\n<meta property=\"og:type\" content=\"article\" \/>\n<meta property=\"og:title\" content=\"Si\u016blo Apyrank\u0117 &quot;Juodas dobilas&quot;\" \/>\n<meta property=\"og:description\" content=\"Si\u016blo apyrank\u0117 &quot;Juodas dobilas&quot; \u0160i eleganti\u0161ka dobilo formos si\u016blo apyrank\u0117 yra pagaminta i\u0161 tikro 585 prabos aukso ir nat\u016bralaus onikso akmens. B\u016btent \u0161i\" \/>\n<meta property=\"og:url\" content=\"https:\/\/ares.lt\/pl\/w-sklepie\/bransoletka-z-nici-onyksowej\/\" \/>\n<meta property=\"og:site_name\" content=\"ARES Juvelyrika\" \/>\n<meta property=\"article:publisher\" content=\"https:\/\/www.facebook.com\/AresJewellery\" \/>\n<meta property=\"article:modified_time\" content=\"2026-03-20T14:06:08+00:00\" \/>\n<meta property=\"og:image\" content=\"https:\/\/ares.lt\/wp-content\/uploads\/2023\/09\/apyr10.jpg\" \/>\n\t<meta property=\"og:image:width\" content=\"1500\" \/>\n\t<meta property=\"og:image:height\" content=\"1500\" \/>\n\t<meta property=\"og:image:type\" content=\"image\/jpeg\" \/>\n<meta name=\"twitter:card\" content=\"summary_large_image\" \/>\n<meta name=\"twitter:label1\" content=\"Szacowany czas czytania\" \/>\n\t<meta name=\"twitter:data1\" content=\"1 minuta\" \/>\n<script type=\"application\/ld+json\" class=\"yoast-schema-graph\">{\"@context\":\"https:\\\/\\\/schema.org\",\"@graph\":[{\"@type\":\"WebPage\",\"@id\":\"https:\\\/\\\/ares.lt\\\/et\\\/poes\\\/oonuksniidist-kaevoru\\\/\",\"url\":\"https:\\\/\\\/ares.lt\\\/et\\\/poes\\\/oonuksniidist-kaevoru\\\/\",\"name\":\"Si\u016blo Apyrank\u0117 \\\"Juodas dobilas\\\"\",\"isPartOf\":{\"@id\":\"https:\\\/\\\/ares.lt\\\/#website\"},\"primaryImageOfPage\":{\"@id\":\"https:\\\/\\\/ares.lt\\\/et\\\/poes\\\/oonuksniidist-kaevoru\\\/#primaryimage\"},\"image\":{\"@id\":\"https:\\\/\\\/ares.lt\\\/et\\\/poes\\\/oonuksniidist-kaevoru\\\/#primaryimage\"},\"thumbnailUrl\":\"https:\\\/\\\/ares.lt\\\/wp-content\\\/uploads\\\/2023\\\/09\\\/apyr10.jpg\",\"datePublished\":\"2023-09-02T21:47:22+00:00\",\"dateModified\":\"2026-03-20T14:06:08+00:00\",\"description\":\"Si\u016blo apyrank\u0117 \\\"Juodas dobilas\\\" \u0160i eleganti\u0161ka dobilo formos si\u016blo apyrank\u0117 yra pagaminta i\u0161 tikro 585 prabos aukso ir nat\u016bralaus onikso akmens. B\u016btent \u0161i\",\"breadcrumb\":{\"@id\":\"https:\\\/\\\/ares.lt\\\/et\\\/poes\\\/oonuksniidist-kaevoru\\\/#breadcrumb\"},\"inLanguage\":\"pl-PL\",\"potentialAction\":[{\"@type\":\"ReadAction\",\"target\":[\"https:\\\/\\\/ares.lt\\\/et\\\/poes\\\/oonuksniidist-kaevoru\\\/\"]}]},{\"@type\":\"ImageObject\",\"inLanguage\":\"pl-PL\",\"@id\":\"https:\\\/\\\/ares.lt\\\/et\\\/poes\\\/oonuksniidist-kaevoru\\\/#primaryimage\",\"url\":\"https:\\\/\\\/ares.lt\\\/wp-content\\\/uploads\\\/2023\\\/09\\\/apyr10.jpg\",\"contentUrl\":\"https:\\\/\\\/ares.lt\\\/wp-content\\\/uploads\\\/2023\\\/09\\\/apyr10.jpg\",\"width\":1500,\"height\":1500,\"caption\":\"Si\u016blo apyrank\u0117 didelis 11mm dobilas ant rie\u0161o\"},{\"@type\":\"BreadcrumbList\",\"@id\":\"https:\\\/\\\/ares.lt\\\/et\\\/poes\\\/oonuksniidist-kaevoru\\\/#breadcrumb\",\"itemListElement\":[{\"@type\":\"ListItem\",\"position\":1,\"name\":\"Auksiniai papuo\u0161alai\",\"item\":\"https:\\\/\\\/ares.lt\\\/\"},{\"@type\":\"ListItem\",\"position\":2,\"name\":\"Parduotuv\u0117\",\"item\":\"https:\\\/\\\/ares.lt\\\/parduotuve\\\/\"},{\"@type\":\"ListItem\",\"position\":3,\"name\":\"Si\u016blo Apyrank\u0117 &#8222;Juodas dobilas&#8221;\"}]},{\"@type\":\"WebSite\",\"@id\":\"https:\\\/\\\/ares.lt\\\/#website\",\"url\":\"https:\\\/\\\/ares.lt\\\/\",\"name\":\"ARES Juvelyrika\",\"description\":\"Auksiniai papuo\u0161alai\",\"publisher\":{\"@id\":\"https:\\\/\\\/ares.lt\\\/#organization\"},\"potentialAction\":[{\"@type\":\"SearchAction\",\"target\":{\"@type\":\"EntryPoint\",\"urlTemplate\":\"https:\\\/\\\/ares.lt\\\/?s={search_term_string}\"},\"query-input\":{\"@type\":\"PropertyValueSpecification\",\"valueRequired\":true,\"valueName\":\"search_term_string\"}}],\"inLanguage\":\"pl-PL\"},{\"@type\":\"Organization\",\"@id\":\"https:\\\/\\\/ares.lt\\\/#organization\",\"name\":\"Ares Juvelyrika auksiniai papuosalai\",\"url\":\"https:\\\/\\\/ares.lt\\\/\",\"logo\":{\"@type\":\"ImageObject\",\"inLanguage\":\"pl-PL\",\"@id\":\"https:\\\/\\\/ares.lt\\\/#\\\/schema\\\/logo\\\/image\\\/\",\"url\":\"https:\\\/\\\/i0.wp.com\\\/ares.lt\\\/wp-content\\\/uploads\\\/2022\\\/03\\\/ares-text-logo-1.png?fit=417%2C122&ssl=1\",\"contentUrl\":\"https:\\\/\\\/i0.wp.com\\\/ares.lt\\\/wp-content\\\/uploads\\\/2022\\\/03\\\/ares-text-logo-1.png?fit=417%2C122&ssl=1\",\"width\":417,\"height\":122,\"caption\":\"Ares Juvelyrika auksiniai papuosalai\"},\"image\":{\"@id\":\"https:\\\/\\\/ares.lt\\\/#\\\/schema\\\/logo\\\/image\\\/\"},\"sameAs\":[\"https:\\\/\\\/www.facebook.com\\\/AresJewellery\",\"https:\\\/\\\/www.instagram.com\\\/ares_juvelyrika\\\/\"]}]}<\/script>\n<!-- \/ Yoast SEO plugin. -->","yoast_head_json":{"title":"Oferowana bransoletka &quot;Czarna Koniczyna&quot;","description":"Bransoletka z nici &quot;Czarna Koniczyna&quot; Ta elegancka bransoletka z nici w kszta\u0142cie koniczyny wykonana jest z prawdziwego z\u0142ota pr\u00f3by 585 i naturalnego onyksu. To w\u0142a\u015bnie ta","robots":{"index":"index","follow":"follow","max-snippet":"max-snippet:-1","max-image-preview":"max-image-preview:large","max-video-preview":"max-video-preview:-1"},"canonical":"https:\/\/ares.lt\/pl\/w-sklepie\/bransoletka-z-nici-onyksowej\/","og_locale":"pl_PL","og_type":"article","og_title":"Si\u016blo Apyrank\u0117 \"Juodas dobilas\"","og_description":"Si\u016blo apyrank\u0117 \"Juodas dobilas\" \u0160i eleganti\u0161ka dobilo formos si\u016blo apyrank\u0117 yra pagaminta i\u0161 tikro 585 prabos aukso ir nat\u016bralaus onikso akmens. B\u016btent \u0161i","og_url":"https:\/\/ares.lt\/pl\/w-sklepie\/bransoletka-z-nici-onyksowej\/","og_site_name":"ARES Juvelyrika","article_publisher":"https:\/\/www.facebook.com\/AresJewellery","article_modified_time":"2026-03-20T14:06:08+00:00","og_image":[{"width":1500,"height":1500,"url":"https:\/\/ares.lt\/wp-content\/uploads\/2023\/09\/apyr10.jpg","type":"image\/jpeg"}],"twitter_card":"summary_large_image","twitter_misc":{"Szacowany czas czytania":"1 minuta"},"schema":{"@context":"https:\/\/schema.org","@graph":[{"@type":"WebPage","@id":"https:\/\/ares.lt\/et\/poes\/oonuksniidist-kaevoru\/","url":"https:\/\/ares.lt\/et\/poes\/oonuksniidist-kaevoru\/","name":"Oferowana bransoletka &quot;Czarna Koniczyna&quot;","isPartOf":{"@id":"https:\/\/ares.lt\/#website"},"primaryImageOfPage":{"@id":"https:\/\/ares.lt\/et\/poes\/oonuksniidist-kaevoru\/#primaryimage"},"image":{"@id":"https:\/\/ares.lt\/et\/poes\/oonuksniidist-kaevoru\/#primaryimage"},"thumbnailUrl":"https:\/\/ares.lt\/wp-content\/uploads\/2023\/09\/apyr10.jpg","datePublished":"2023-09-02T21:47:22+00:00","dateModified":"2026-03-20T14:06:08+00:00","description":"Bransoletka z nici &quot;Czarna Koniczyna&quot; Ta elegancka bransoletka z nici w kszta\u0142cie koniczyny wykonana jest z prawdziwego z\u0142ota pr\u00f3by 585 i naturalnego onyksu. To w\u0142a\u015bnie ta","breadcrumb":{"@id":"https:\/\/ares.lt\/et\/poes\/oonuksniidist-kaevoru\/#breadcrumb"},"inLanguage":"pl-PL","potentialAction":[{"@type":"ReadAction","target":["https:\/\/ares.lt\/et\/poes\/oonuksniidist-kaevoru\/"]}]},{"@type":"ImageObject","inLanguage":"pl-PL","@id":"https:\/\/ares.lt\/et\/poes\/oonuksniidist-kaevoru\/#primaryimage","url":"https:\/\/ares.lt\/wp-content\/uploads\/2023\/09\/apyr10.jpg","contentUrl":"https:\/\/ares.lt\/wp-content\/uploads\/2023\/09\/apyr10.jpg","width":1500,"height":1500,"caption":"Si\u016blo apyrank\u0117 didelis 11mm dobilas ant rie\u0161o"},{"@type":"BreadcrumbList","@id":"https:\/\/ares.lt\/et\/poes\/oonuksniidist-kaevoru\/#breadcrumb","itemListElement":[{"@type":"ListItem","position":1,"name":"Auksiniai papuo\u0161alai","item":"https:\/\/ares.lt\/"},{"@type":"ListItem","position":2,"name":"Parduotuv\u0117","item":"https:\/\/ares.lt\/parduotuve\/"},{"@type":"ListItem","position":3,"name":"Si\u016blo Apyrank\u0117 &#8222;Juodas dobilas&#8221;"}]},{"@type":"WebSite","@id":"https:\/\/ares.lt\/#website","url":"https:\/\/ares.lt\/","name":"Bi\u017cuteria ARES","description":"Z\u0142ota bi\u017cuteria","publisher":{"@id":"https:\/\/ares.lt\/#organization"},"potentialAction":[{"@type":"SearchAction","target":{"@type":"EntryPoint","urlTemplate":"https:\/\/ares.lt\/?s={search_term_string}"},"query-input":{"@type":"PropertyValueSpecification","valueRequired":true,"valueName":"search_term_string"}}],"inLanguage":"pl-PL"},{"@type":"Organization","@id":"https:\/\/ares.lt\/#organization","name":"Bi\u017cuteria Ares Bi\u017cuteria z\u0142ota","url":"https:\/\/ares.lt\/","logo":{"@type":"ImageObject","inLanguage":"pl-PL","@id":"https:\/\/ares.lt\/#\/schema\/logo\/image\/","url":"https:\/\/i0.wp.com\/ares.lt\/wp-content\/uploads\/2022\/03\/ares-text-logo-1.png?fit=417%2C122&ssl=1","contentUrl":"https:\/\/i0.wp.com\/ares.lt\/wp-content\/uploads\/2022\/03\/ares-text-logo-1.png?fit=417%2C122&ssl=1","width":417,"height":122,"caption":"Ares Juvelyrika auksiniai papuosalai"},"image":{"@id":"https:\/\/ares.lt\/#\/schema\/logo\/image\/"},"sameAs":["https:\/\/www.facebook.com\/AresJewellery","https:\/\/www.instagram.com\/ares_juvelyrika\/"]}]}},"_links":{"self":[{"href":"https:\/\/ares.lt\/pl\/wp-json\/wp\/v2\/product\/13008","targetHints":{"allow":["GET"]}}],"collection":[{"href":"https:\/\/ares.lt\/pl\/wp-json\/wp\/v2\/product"}],"about":[{"href":"https:\/\/ares.lt\/pl\/wp-json\/wp\/v2\/types\/product"}],"replies":[{"embeddable":true,"href":"https:\/\/ares.lt\/pl\/wp-json\/wp\/v2\/comments?post=13008"}],"wp:featuredmedia":[{"embeddable":true,"href":"https:\/\/ares.lt\/pl\/wp-json\/wp\/v2\/media\/17016"}],"wp:attachment":[{"href":"https:\/\/ares.lt\/pl\/wp-json\/wp\/v2\/media?parent=13008"}],"wp:term":[{"taxonomy":"product_cat","embeddable":true,"href":"https:\/\/ares.lt\/pl\/wp-json\/wp\/v2\/product_cat?post=13008"},{"taxonomy":"product_tag","embeddable":true,"href":"https:\/\/ares.lt\/pl\/wp-json\/wp\/v2\/product_tag?post=13008"}],"curies":[{"name":"wp","href":"https:\/\/api.w.org\/{rel}","templated":true}]}}