{"id":13988,"date":"2024-01-20T21:12:58","date_gmt":"2024-01-20T19:12:58","guid":{"rendered":"https:\/\/ares.lt\/?post_type=product&#038;p=13988"},"modified":"2026-01-28T17:03:18","modified_gmt":"2026-01-28T15:03:18","slug":"bransoletka-z-nicia-i-diamentowym-sercem","status":"publish","type":"product","link":"https:\/\/ares.lt\/pl\/parduotuve\/apyranke-su-siulu-ir-deimantu-sirdele\/","title":{"rendered":"Bransoletka z nici\u0105 i diamentem &quot;Serce&quot;"},"content":{"rendered":"<h4>Bransoletka z nici\u0105 i diamentem &quot;Serce&quot;<\/h4>\n<p>&nbsp;<\/p>\n<p>Bransoletka wykonana jest z nici, diament\u00f3w i 14-karatowego z\u0142ota.<\/p>\n<p>Mo\u017cesz wybra\u0107 bransoletk\u0119 spo\u015br\u00f3d r\u00f3\u017cnych kombinacji z\u0142ota i kolor\u00f3w nici.<\/p>\n<p>D\u0142ugo\u015b\u0107 bransoletki jest regulowana, dzi\u0119ki czemu b\u0119dzie pasowa\u0107 ka\u017cdemu.<\/p>\n<p>Bransoletka z nici i diament\u00f3w \u201eSerce\u201d to idealny prezent na Walentynki.<\/p>","protected":false},"excerpt":{"rendered":"<p>Apyrank\u0117 su si\u016blu ir deimantu &#8222;\u0160irdel\u0117&#8221; &nbsp; \u0160i apyrank\u0117 pagaminta i\u0161 si\u016blo, deimanto ir 14k aukso. Apyrank\u0119 galite rinktis i\u0161 \u012fvairi\u0173 aukso&hellip;<\/p>","protected":false},"featured_media":13997,"comment_status":"open","ping_status":"closed","template":"","meta":[],"product_cat":[247,981,1003,1001,979,400,786,978,402,432,381,977,401,991,360,687],"product_tag":[],"class_list":{"0":"post-13988","1":"product","2":"type-product","3":"status-publish","4":"has-post-thumbnail","6":"product_cat-apyrankes","7":"product_cat-auksines-apyrankes-iki-250-eur","8":"product_cat-auksines-apyrankes-su-deimantais","9":"product_cat-auksines-apyrankes-su-sirdele","10":"product_cat-balto-aukso-apyrankes","11":"product_cat-balto-aukso-papuosalai","12":"product_cat-deimantai","13":"product_cat-geltono-aukso-apyrankes","14":"product_cat-geltono-aukso-papuosalai","15":"product_cat-nauja","16":"product_cat-papuosalai-su-briliantais","17":"product_cat-raudono-aukso-apyrankes","18":"product_cat-raudono-aukso-papuosalai","19":"product_cat-reguliuojamos-auksines-apyrankes","20":"product_cat-apyrankes-su-siulu","21":"product_cat-valentino-diena","22":"tm-no-options","24":"first","25":"instock","26":"sale","27":"shipping-taxable","28":"purchasable","29":"product-type-variable","30":"has-default-attributes"},"yoast_head":"<!-- This site is optimized with the Yoast SEO plugin v27.4 - https:\/\/yoast.com\/product\/yoast-seo-wordpress\/ -->\n<title>Apyrank\u0117 su si\u016blu ir deimantu &quot;\u0160irdel\u0117&quot;<\/title>\n<meta name=\"description\" content=\"Apyrank\u0117 su si\u016blu ir deimantu &quot;\u0160irdel\u0117&quot; &nbsp; \u0160i apyrank\u0117 pagaminta i\u0161 si\u016blo, deimanto ir 14k aukso. Apyrank\u0119 galite rinktis i\u0161 \u012fvairi\u0173 aukso bei si\u016blo\" \/>\n<meta name=\"robots\" content=\"index, follow, max-snippet:-1, max-image-preview:large, max-video-preview:-1\" \/>\n<link rel=\"canonical\" href=\"https:\/\/ares.lt\/pl\/w-sklepie\/bransoletka-z-nicia-i-diamentowym-sercem\/\" \/>\n<meta property=\"og:locale\" content=\"pl_PL\" \/>\n<meta property=\"og:type\" content=\"article\" \/>\n<meta property=\"og:title\" content=\"Apyrank\u0117 su si\u016blu ir deimantu &quot;\u0160irdel\u0117&quot;\" \/>\n<meta property=\"og:description\" content=\"Apyrank\u0117 su si\u016blu ir deimantu &quot;\u0160irdel\u0117&quot; &nbsp; \u0160i apyrank\u0117 pagaminta i\u0161 si\u016blo, deimanto ir 14k aukso. Apyrank\u0119 galite rinktis i\u0161 \u012fvairi\u0173 aukso bei si\u016blo\" \/>\n<meta property=\"og:url\" content=\"https:\/\/ares.lt\/pl\/w-sklepie\/bransoletka-z-nicia-i-diamentowym-sercem\/\" \/>\n<meta property=\"og:site_name\" content=\"ARES Juvelyrika\" \/>\n<meta property=\"article:publisher\" content=\"https:\/\/www.facebook.com\/AresJewellery\" \/>\n<meta property=\"article:modified_time\" content=\"2026-01-28T15:03:18+00:00\" \/>\n<meta property=\"og:image\" content=\"https:\/\/ares.lt\/wp-content\/uploads\/2024\/01\/Untitled-design-9-1.jpg\" \/>\n\t<meta property=\"og:image:width\" content=\"2500\" \/>\n\t<meta property=\"og:image:height\" content=\"2500\" \/>\n\t<meta property=\"og:image:type\" content=\"image\/jpeg\" \/>\n<meta name=\"twitter:card\" content=\"summary_large_image\" \/>\n<meta name=\"twitter:label1\" content=\"Szacowany czas czytania\" \/>\n\t<meta name=\"twitter:data1\" content=\"1 minuta\" \/>\n<script type=\"application\/ld+json\" class=\"yoast-schema-graph\">{\"@context\":\"https:\\\/\\\/schema.org\",\"@graph\":[{\"@type\":\"WebPage\",\"@id\":\"https:\\\/\\\/ares.lt\\\/parduotuve\\\/apyranke-su-siulu-ir-deimantu-sirdele\\\/\",\"url\":\"https:\\\/\\\/ares.lt\\\/parduotuve\\\/apyranke-su-siulu-ir-deimantu-sirdele\\\/\",\"name\":\"Apyrank\u0117 su si\u016blu ir deimantu \\\"\u0160irdel\u0117\\\"\",\"isPartOf\":{\"@id\":\"https:\\\/\\\/ares.lt\\\/#website\"},\"primaryImageOfPage\":{\"@id\":\"https:\\\/\\\/ares.lt\\\/parduotuve\\\/apyranke-su-siulu-ir-deimantu-sirdele\\\/#primaryimage\"},\"image\":{\"@id\":\"https:\\\/\\\/ares.lt\\\/parduotuve\\\/apyranke-su-siulu-ir-deimantu-sirdele\\\/#primaryimage\"},\"thumbnailUrl\":\"https:\\\/\\\/ares.lt\\\/wp-content\\\/uploads\\\/2024\\\/01\\\/Untitled-design-9-1.jpg\",\"datePublished\":\"2024-01-20T19:12:58+00:00\",\"dateModified\":\"2026-01-28T15:03:18+00:00\",\"description\":\"Apyrank\u0117 su si\u016blu ir deimantu \\\"\u0160irdel\u0117\\\" &nbsp; \u0160i apyrank\u0117 pagaminta i\u0161 si\u016blo, deimanto ir 14k aukso. Apyrank\u0119 galite rinktis i\u0161 \u012fvairi\u0173 aukso bei si\u016blo\",\"breadcrumb\":{\"@id\":\"https:\\\/\\\/ares.lt\\\/parduotuve\\\/apyranke-su-siulu-ir-deimantu-sirdele\\\/#breadcrumb\"},\"inLanguage\":\"pl-PL\",\"potentialAction\":[{\"@type\":\"ReadAction\",\"target\":[\"https:\\\/\\\/ares.lt\\\/parduotuve\\\/apyranke-su-siulu-ir-deimantu-sirdele\\\/\"]}]},{\"@type\":\"ImageObject\",\"inLanguage\":\"pl-PL\",\"@id\":\"https:\\\/\\\/ares.lt\\\/parduotuve\\\/apyranke-su-siulu-ir-deimantu-sirdele\\\/#primaryimage\",\"url\":\"https:\\\/\\\/ares.lt\\\/wp-content\\\/uploads\\\/2024\\\/01\\\/Untitled-design-9-1.jpg\",\"contentUrl\":\"https:\\\/\\\/ares.lt\\\/wp-content\\\/uploads\\\/2024\\\/01\\\/Untitled-design-9-1.jpg\",\"width\":2500,\"height\":2500,\"caption\":\"Apyrank\u0117 su si\u016blu ir deimantu \\\"\u0160irdel\u0117\\\"\"},{\"@type\":\"BreadcrumbList\",\"@id\":\"https:\\\/\\\/ares.lt\\\/parduotuve\\\/apyranke-su-siulu-ir-deimantu-sirdele\\\/#breadcrumb\",\"itemListElement\":[{\"@type\":\"ListItem\",\"position\":1,\"name\":\"Auksiniai papuo\u0161alai\",\"item\":\"https:\\\/\\\/ares.lt\\\/\"},{\"@type\":\"ListItem\",\"position\":2,\"name\":\"Parduotuv\u0117\",\"item\":\"https:\\\/\\\/ares.lt\\\/parduotuve\\\/\"},{\"@type\":\"ListItem\",\"position\":3,\"name\":\"Apyrank\u0117 su si\u016blu ir deimantu &#8222;\u0160irdel\u0117&#8221;\"}]},{\"@type\":\"WebSite\",\"@id\":\"https:\\\/\\\/ares.lt\\\/#website\",\"url\":\"https:\\\/\\\/ares.lt\\\/\",\"name\":\"ARES Juvelyrika\",\"description\":\"Auksiniai papuo\u0161alai\",\"publisher\":{\"@id\":\"https:\\\/\\\/ares.lt\\\/#organization\"},\"potentialAction\":[{\"@type\":\"SearchAction\",\"target\":{\"@type\":\"EntryPoint\",\"urlTemplate\":\"https:\\\/\\\/ares.lt\\\/?s={search_term_string}\"},\"query-input\":{\"@type\":\"PropertyValueSpecification\",\"valueRequired\":true,\"valueName\":\"search_term_string\"}}],\"inLanguage\":\"pl-PL\"},{\"@type\":\"Organization\",\"@id\":\"https:\\\/\\\/ares.lt\\\/#organization\",\"name\":\"Ares Juvelyrika auksiniai papuosalai\",\"url\":\"https:\\\/\\\/ares.lt\\\/\",\"logo\":{\"@type\":\"ImageObject\",\"inLanguage\":\"pl-PL\",\"@id\":\"https:\\\/\\\/ares.lt\\\/#\\\/schema\\\/logo\\\/image\\\/\",\"url\":\"https:\\\/\\\/i0.wp.com\\\/ares.lt\\\/wp-content\\\/uploads\\\/2022\\\/03\\\/ares-text-logo-1.png?fit=417%2C122&ssl=1\",\"contentUrl\":\"https:\\\/\\\/i0.wp.com\\\/ares.lt\\\/wp-content\\\/uploads\\\/2022\\\/03\\\/ares-text-logo-1.png?fit=417%2C122&ssl=1\",\"width\":417,\"height\":122,\"caption\":\"Ares Juvelyrika auksiniai papuosalai\"},\"image\":{\"@id\":\"https:\\\/\\\/ares.lt\\\/#\\\/schema\\\/logo\\\/image\\\/\"},\"sameAs\":[\"https:\\\/\\\/www.facebook.com\\\/AresJewellery\",\"https:\\\/\\\/www.instagram.com\\\/ares_juvelyrika\\\/\"]}]}<\/script>\n<!-- \/ Yoast SEO plugin. -->","yoast_head_json":{"title":"Bransoletka z nici\u0105 i diamentem &quot;Serce&quot;","description":"Bransoletka z nici\u0105 i diamentem &quot;Serce&quot; Bransoletka wykonana z nici, diament\u00f3w i 14-karatowego z\u0142ota. Mo\u017cesz wybra\u0107 bransoletk\u0119 z r\u00f3\u017cnych rodzaj\u00f3w z\u0142ota i nici.","robots":{"index":"index","follow":"follow","max-snippet":"max-snippet:-1","max-image-preview":"max-image-preview:large","max-video-preview":"max-video-preview:-1"},"canonical":"https:\/\/ares.lt\/pl\/w-sklepie\/bransoletka-z-nicia-i-diamentowym-sercem\/","og_locale":"pl_PL","og_type":"article","og_title":"Apyrank\u0117 su si\u016blu ir deimantu \"\u0160irdel\u0117\"","og_description":"Apyrank\u0117 su si\u016blu ir deimantu \"\u0160irdel\u0117\" &nbsp; \u0160i apyrank\u0117 pagaminta i\u0161 si\u016blo, deimanto ir 14k aukso. Apyrank\u0119 galite rinktis i\u0161 \u012fvairi\u0173 aukso bei si\u016blo","og_url":"https:\/\/ares.lt\/pl\/w-sklepie\/bransoletka-z-nicia-i-diamentowym-sercem\/","og_site_name":"ARES Juvelyrika","article_publisher":"https:\/\/www.facebook.com\/AresJewellery","article_modified_time":"2026-01-28T15:03:18+00:00","og_image":[{"width":2500,"height":2500,"url":"https:\/\/ares.lt\/wp-content\/uploads\/2024\/01\/Untitled-design-9-1.jpg","type":"image\/jpeg"}],"twitter_card":"summary_large_image","twitter_misc":{"Szacowany czas czytania":"1 minuta"},"schema":{"@context":"https:\/\/schema.org","@graph":[{"@type":"WebPage","@id":"https:\/\/ares.lt\/parduotuve\/apyranke-su-siulu-ir-deimantu-sirdele\/","url":"https:\/\/ares.lt\/parduotuve\/apyranke-su-siulu-ir-deimantu-sirdele\/","name":"Bransoletka z nici\u0105 i diamentem &quot;Serce&quot;","isPartOf":{"@id":"https:\/\/ares.lt\/#website"},"primaryImageOfPage":{"@id":"https:\/\/ares.lt\/parduotuve\/apyranke-su-siulu-ir-deimantu-sirdele\/#primaryimage"},"image":{"@id":"https:\/\/ares.lt\/parduotuve\/apyranke-su-siulu-ir-deimantu-sirdele\/#primaryimage"},"thumbnailUrl":"https:\/\/ares.lt\/wp-content\/uploads\/2024\/01\/Untitled-design-9-1.jpg","datePublished":"2024-01-20T19:12:58+00:00","dateModified":"2026-01-28T15:03:18+00:00","description":"Bransoletka z nici\u0105 i diamentem &quot;Serce&quot; Bransoletka wykonana z nici, diament\u00f3w i 14-karatowego z\u0142ota. Mo\u017cesz wybra\u0107 bransoletk\u0119 z r\u00f3\u017cnych rodzaj\u00f3w z\u0142ota i nici.","breadcrumb":{"@id":"https:\/\/ares.lt\/parduotuve\/apyranke-su-siulu-ir-deimantu-sirdele\/#breadcrumb"},"inLanguage":"pl-PL","potentialAction":[{"@type":"ReadAction","target":["https:\/\/ares.lt\/parduotuve\/apyranke-su-siulu-ir-deimantu-sirdele\/"]}]},{"@type":"ImageObject","inLanguage":"pl-PL","@id":"https:\/\/ares.lt\/parduotuve\/apyranke-su-siulu-ir-deimantu-sirdele\/#primaryimage","url":"https:\/\/ares.lt\/wp-content\/uploads\/2024\/01\/Untitled-design-9-1.jpg","contentUrl":"https:\/\/ares.lt\/wp-content\/uploads\/2024\/01\/Untitled-design-9-1.jpg","width":2500,"height":2500,"caption":"Apyrank\u0117 su si\u016blu ir deimantu \"\u0160irdel\u0117\""},{"@type":"BreadcrumbList","@id":"https:\/\/ares.lt\/parduotuve\/apyranke-su-siulu-ir-deimantu-sirdele\/#breadcrumb","itemListElement":[{"@type":"ListItem","position":1,"name":"Auksiniai papuo\u0161alai","item":"https:\/\/ares.lt\/"},{"@type":"ListItem","position":2,"name":"Parduotuv\u0117","item":"https:\/\/ares.lt\/parduotuve\/"},{"@type":"ListItem","position":3,"name":"Apyrank\u0117 su si\u016blu ir deimantu &#8222;\u0160irdel\u0117&#8221;"}]},{"@type":"WebSite","@id":"https:\/\/ares.lt\/#website","url":"https:\/\/ares.lt\/","name":"Bi\u017cuteria ARES","description":"Z\u0142ota bi\u017cuteria","publisher":{"@id":"https:\/\/ares.lt\/#organization"},"potentialAction":[{"@type":"SearchAction","target":{"@type":"EntryPoint","urlTemplate":"https:\/\/ares.lt\/?s={search_term_string}"},"query-input":{"@type":"PropertyValueSpecification","valueRequired":true,"valueName":"search_term_string"}}],"inLanguage":"pl-PL"},{"@type":"Organization","@id":"https:\/\/ares.lt\/#organization","name":"Bi\u017cuteria Ares Bi\u017cuteria z\u0142ota","url":"https:\/\/ares.lt\/","logo":{"@type":"ImageObject","inLanguage":"pl-PL","@id":"https:\/\/ares.lt\/#\/schema\/logo\/image\/","url":"https:\/\/i0.wp.com\/ares.lt\/wp-content\/uploads\/2022\/03\/ares-text-logo-1.png?fit=417%2C122&ssl=1","contentUrl":"https:\/\/i0.wp.com\/ares.lt\/wp-content\/uploads\/2022\/03\/ares-text-logo-1.png?fit=417%2C122&ssl=1","width":417,"height":122,"caption":"Ares Juvelyrika auksiniai papuosalai"},"image":{"@id":"https:\/\/ares.lt\/#\/schema\/logo\/image\/"},"sameAs":["https:\/\/www.facebook.com\/AresJewellery","https:\/\/www.instagram.com\/ares_juvelyrika\/"]}]}},"_links":{"self":[{"href":"https:\/\/ares.lt\/pl\/wp-json\/wp\/v2\/product\/13988","targetHints":{"allow":["GET"]}}],"collection":[{"href":"https:\/\/ares.lt\/pl\/wp-json\/wp\/v2\/product"}],"about":[{"href":"https:\/\/ares.lt\/pl\/wp-json\/wp\/v2\/types\/product"}],"replies":[{"embeddable":true,"href":"https:\/\/ares.lt\/pl\/wp-json\/wp\/v2\/comments?post=13988"}],"wp:featuredmedia":[{"embeddable":true,"href":"https:\/\/ares.lt\/pl\/wp-json\/wp\/v2\/media\/13997"}],"wp:attachment":[{"href":"https:\/\/ares.lt\/pl\/wp-json\/wp\/v2\/media?parent=13988"}],"wp:term":[{"taxonomy":"product_cat","embeddable":true,"href":"https:\/\/ares.lt\/pl\/wp-json\/wp\/v2\/product_cat?post=13988"},{"taxonomy":"product_tag","embeddable":true,"href":"https:\/\/ares.lt\/pl\/wp-json\/wp\/v2\/product_tag?post=13988"}],"curies":[{"name":"wp","href":"https:\/\/api.w.org\/{rel}","templated":true}]}}