{"id":16027,"date":"2024-08-03T17:21:31","date_gmt":"2024-08-03T15:21:31","guid":{"rendered":"https:\/\/ares.lt\/?post_type=product&#038;p=16027"},"modified":"2026-01-28T21:47:39","modified_gmt":"2026-01-28T19:47:39","slug":"bransoletka-z-nici-piaskowej-z-plytka-diamentowa","status":"publish","type":"product","link":"https:\/\/ares.lt\/pl\/parduotuve\/smelio-siulo-apyranke-su-deimantu-plokstele\/","title":{"rendered":"Bransoletka z nici\u0105 piaskow\u0105 i diamentow\u0105 &quot;Plate&quot; (Mo\u017cliwo\u015b\u0107 grawerowania)"},"content":{"rendered":"<h4>Bransoletka z nici piaskowej z diamentami &quot;Plate&quot;<\/h4>\n<p>Bransoletka z piaskowej nici z diamentow\u0105 p\u0142ytk\u0105 &quot;Plate&quot; wykonana jest z wysokiej jako\u015bci nici, naturalnych diament\u00f3w oraz 14-karatowego z\u0142ota pr\u00f3by 585.<\/p>\n<p>D\u0142ugo\u015b\u0107 bransoletki jest regulowana, wi\u0119c t\u0119 diamentow\u0105 bransoletk\u0119 mo\u017ce nosi\u0107 ka\u017cdy. Ponadto nasze bransoletki nie s\u0105 tylko dla kobiet, na przyk\u0142ad bransoletk\u0119 z czarnej nici z diamentem mo\u017cna zakwalifikowa\u0107 jako m\u0119sk\u0105 bransoletk\u0119.<\/p>\n<p>&nbsp;<\/p>\n<p>Mo\u017cesz wybra\u0107 bransoletk\u0119 w dw\u00f3ch kolorach z\u0142ota:<\/p>\n<ul>\n<li>\u017b\u00f3\u0142te z\u0142oto<\/li>\n<li>Bia\u0142e z\u0142oto<\/li>\n<\/ul>\n<p>&nbsp;<\/p>\n<p>Kolor z\u0142ota Twojej bransoletki z diamentami mo\u017cesz dopasowa\u0107 do nast\u0119puj\u0105cych kolor\u00f3w nici:<\/p>\n<ul>\n<li><a href=\"https:\/\/ares.lt\/pl\/w-sklepie\/bransoletka-z-nici-z-plytka-diamentowa\/\">Z czerwon\u0105 nici\u0105<\/a><\/li>\n<\/ul>\n<p><a href=\"https:\/\/ares.lt\/pl\/w-sklepie\/bransoletka-z-nici-z-plytka-diamentowa\/\"><img fetchpriority=\"high\" decoding=\"async\" class=\"alignnone wp-image-16034 size-medium\" src=\"https:\/\/ares.lt\/wp-content\/uploads\/2024\/05\/redyellowWHITE-1-scaled-e1722698149774-300x200.jpg\" alt=\"Bransoletka z czerwonej nici z diamentem w bia\u0142ym z\u0142ocie &quot;Plate&quot;\" width=\"300\" height=\"200\" srcset=\"https:\/\/ares.lt\/wp-content\/uploads\/2024\/05\/redyellowWHITE-1-scaled-e1722698149774-300x200.jpg 300w, https:\/\/ares.lt\/wp-content\/uploads\/2024\/05\/redyellowWHITE-1-scaled-e1722698149774-960x640.jpg 960w, https:\/\/ares.lt\/wp-content\/uploads\/2024\/05\/redyellowWHITE-1-scaled-e1722698149774-600x400.jpg 600w, https:\/\/ares.lt\/wp-content\/uploads\/2024\/05\/redyellowWHITE-1-scaled-e1722698149774-145x97.jpg 145w\" sizes=\"(max-width: 300px) 100vw, 300px\" \/><\/a><\/p>\n<ul>\n<li><a href=\"https:\/\/ares.lt\/pl\/w-sklepie\/bransoletka-z-czarnej-nici-z-diamentowa-plytka\/\">Czarna ni\u0107<\/a><\/li>\n<\/ul>\n<p><a href=\"https:\/\/ares.lt\/pl\/w-sklepie\/bransoletka-z-czarnej-nici-z-diamentowa-plytka\/\"><img decoding=\"async\" class=\"alignnone wp-image-15881 size-medium\" src=\"https:\/\/ares.lt\/wp-content\/uploads\/2024\/07\/blackyellowWHITE-1-300x200.jpg\" alt=\"Bransoletka z czarnej nici z diamentem w bia\u0142ym z\u0142ocie &quot;Plate&quot;\" width=\"300\" height=\"200\" srcset=\"https:\/\/ares.lt\/wp-content\/uploads\/2024\/07\/blackyellowWHITE-1-300x200.jpg 300w, https:\/\/ares.lt\/wp-content\/uploads\/2024\/07\/blackyellowWHITE-1-960x640.jpg 960w, https:\/\/ares.lt\/wp-content\/uploads\/2024\/07\/blackyellowWHITE-1-600x400.jpg 600w, https:\/\/ares.lt\/wp-content\/uploads\/2024\/07\/blackyellowWHITE-1-145x97.jpg 145w\" sizes=\"(max-width: 300px) 100vw, 300px\" \/><\/a><\/p>\n<ul>\n<li><a href=\"https:\/\/ares.lt\/pl\/w-sklepie\/bransoletka-z-zielonej-nici-z-diamentowa-plytka\/\">Zielona ni\u0107<\/a><\/li>\n<\/ul>\n<p><a href=\"https:\/\/ares.lt\/pl\/w-sklepie\/bransoletka-z-zielonej-nici-z-diamentowa-plytka\/\"><img decoding=\"async\" class=\"alignnone wp-image-15891 size-medium\" src=\"https:\/\/ares.lt\/wp-content\/uploads\/2024\/07\/greenyellowWHITE-1-scaled-e1722364836479-300x200.jpg\" alt=\"Bransoletka z zielonej nici z diamentem w bia\u0142ym z\u0142ocie &quot;Plate&quot;\" width=\"300\" height=\"200\" srcset=\"https:\/\/ares.lt\/wp-content\/uploads\/2024\/07\/greenyellowWHITE-1-scaled-e1722364836479-300x200.jpg 300w, https:\/\/ares.lt\/wp-content\/uploads\/2024\/07\/greenyellowWHITE-1-scaled-e1722364836479-960x640.jpg 960w, https:\/\/ares.lt\/wp-content\/uploads\/2024\/07\/greenyellowWHITE-1-scaled-e1722364836479-600x400.jpg 600w, https:\/\/ares.lt\/wp-content\/uploads\/2024\/07\/greenyellowWHITE-1-scaled-e1722364836479-145x97.jpg 145w\" sizes=\"(max-width: 300px) 100vw, 300px\" \/><\/a><\/p>\n<ul>\n<li><a href=\"https:\/\/ares.lt\/pl\/w-sklepie\/bransoletka-z-niebieskiej-nici-z-diamentowa-plytka\/\">Z niebiesk\u0105 nici\u0105<\/a><\/li>\n<\/ul>\n<p><a href=\"https:\/\/ares.lt\/pl\/w-sklepie\/bransoletka-z-niebieskiej-nici-z-diamentowa-plytka\/\"><img loading=\"lazy\" decoding=\"async\" class=\"alignnone wp-image-15885 size-medium\" src=\"https:\/\/ares.lt\/wp-content\/uploads\/2024\/07\/blueyellowWHITE-1-scaled-e1722699591785-300x200.jpg\" alt=\"Bransoletka z niebieskiej nici z diamentem w bia\u0142ym z\u0142ocie &quot;Plate&quot;\" width=\"300\" height=\"200\" srcset=\"https:\/\/ares.lt\/wp-content\/uploads\/2024\/07\/blueyellowWHITE-1-scaled-e1722699591785-300x200.jpg 300w, https:\/\/ares.lt\/wp-content\/uploads\/2024\/07\/blueyellowWHITE-1-scaled-e1722699591785-960x640.jpg 960w, https:\/\/ares.lt\/wp-content\/uploads\/2024\/07\/blueyellowWHITE-1-scaled-e1722699591785-600x400.jpg 600w, https:\/\/ares.lt\/wp-content\/uploads\/2024\/07\/blueyellowWHITE-1-scaled-e1722699591785-145x97.jpg 145w\" sizes=\"(max-width: 300px) 100vw, 300px\" \/><\/a><\/p>\n<ul>\n<li><a href=\"https:\/\/ares.lt\/pl\/w-sklepie\/bransoletka-z-bialej-nici-z-diamentowa-plytka\/\">Z bia\u0142\u0105 nici\u0105<\/a><\/li>\n<\/ul>\n<p><a href=\"https:\/\/ares.lt\/pl\/w-sklepie\/bransoletka-z-bialej-nici-z-diamentowa-plytka\/\"><img loading=\"lazy\" decoding=\"async\" class=\"alignnone wp-image-15905 size-medium\" src=\"https:\/\/ares.lt\/wp-content\/uploads\/2024\/07\/whiteyellowWHITE-1-300x200.jpg\" alt=\"Bransoletka z bia\u0142ej nici z diamentem w bia\u0142ym z\u0142ocie &quot;Plate&quot;\" width=\"300\" height=\"200\" srcset=\"https:\/\/ares.lt\/wp-content\/uploads\/2024\/07\/whiteyellowWHITE-1-300x200.jpg 300w, https:\/\/ares.lt\/wp-content\/uploads\/2024\/07\/whiteyellowWHITE-1-960x640.jpg 960w, https:\/\/ares.lt\/wp-content\/uploads\/2024\/07\/whiteyellowWHITE-1-600x400.jpg 600w, https:\/\/ares.lt\/wp-content\/uploads\/2024\/07\/whiteyellowWHITE-1-145x97.jpg 145w\" sizes=\"(max-width: 300px) 100vw, 300px\" \/><\/a><\/p>\n<ul>\n<li><a href=\"https:\/\/ares.lt\/pl\/w-sklepie\/bransoleta-z-drutu-miedzianego-z-plytka-diamentowa\/\">Ni\u0107 miedziana<\/a><\/li>\n<\/ul>\n<p><a href=\"https:\/\/ares.lt\/pl\/w-sklepie\/bransoleta-z-drutu-miedzianego-z-plytka-diamentowa\/\"><img loading=\"lazy\" decoding=\"async\" class=\"alignnone wp-image-15895 size-medium\" src=\"https:\/\/ares.lt\/wp-content\/uploads\/2024\/07\/CopperWHITE-1-300x200.jpg\" alt=\"Bransoletka z miedzianej nici z diamentem w bia\u0142ym z\u0142ocie &quot;Plate&quot;\" width=\"300\" height=\"200\" srcset=\"https:\/\/ares.lt\/wp-content\/uploads\/2024\/07\/CopperWHITE-1-300x200.jpg 300w, https:\/\/ares.lt\/wp-content\/uploads\/2024\/07\/CopperWHITE-1-960x640.jpg 960w, https:\/\/ares.lt\/wp-content\/uploads\/2024\/07\/CopperWHITE-1-600x400.jpg 600w, https:\/\/ares.lt\/wp-content\/uploads\/2024\/07\/CopperWHITE-1-145x97.jpg 145w\" sizes=\"(max-width: 300px) 100vw, 300px\" \/><\/a><\/p>\n<ul>\n<li><a href=\"https:\/\/ares.lt\/pl\/w-sklepie\/bransoletka-z-szarej-nici-z-diamentowa-plytka\/\">Szara ni\u0107<\/a><\/li>\n<\/ul>\n<p><a href=\"https:\/\/ares.lt\/pl\/w-sklepie\/bransoletka-z-szarej-nici-z-diamentowa-plytka\/\"><img loading=\"lazy\" decoding=\"async\" class=\"alignnone wp-image-16021 size-medium\" src=\"https:\/\/ares.lt\/wp-content\/uploads\/2024\/08\/GreysilverWHITE-1-scaled-e1722696759360-300x200.jpg\" alt=\"Bransoletka z szarej nici z diamentem w bia\u0142ym z\u0142ocie &quot;Plate&quot;\" width=\"300\" height=\"200\" srcset=\"https:\/\/ares.lt\/wp-content\/uploads\/2024\/08\/GreysilverWHITE-1-scaled-e1722696759360-300x200.jpg 300w, https:\/\/ares.lt\/wp-content\/uploads\/2024\/08\/GreysilverWHITE-1-scaled-e1722696759360-960x640.jpg 960w, https:\/\/ares.lt\/wp-content\/uploads\/2024\/08\/GreysilverWHITE-1-scaled-e1722696759360-600x400.jpg 600w, https:\/\/ares.lt\/wp-content\/uploads\/2024\/08\/GreysilverWHITE-1-scaled-e1722696759360-145x97.jpg 145w\" sizes=\"(max-width: 300px) 100vw, 300px\" \/><\/a><\/p>\n<ul>\n<li><a href=\"https:\/\/ares.lt\/pl\/w-sklepie\/bransoletka-z-nici-lososiowej-z-diamentowa-plytka\/\">Filet z \u0142ososia<\/a><\/li>\n<\/ul>\n<p><a href=\"https:\/\/ares.lt\/pl\/w-sklepie\/bransoletka-z-nici-lososiowej-z-diamentowa-plytka\/\"><img loading=\"lazy\" decoding=\"async\" class=\"alignnone wp-image-16026 size-medium\" src=\"https:\/\/ares.lt\/wp-content\/uploads\/2024\/08\/SalmonWHITE-1-scaled-e1722697088542-300x200.jpg\" alt=\"Bransoletka z \u0142ososiowej nici z diamentem w bia\u0142ym z\u0142ocie &quot;Plate&quot;\" width=\"300\" height=\"200\" srcset=\"https:\/\/ares.lt\/wp-content\/uploads\/2024\/08\/SalmonWHITE-1-scaled-e1722697088542-300x200.jpg 300w, https:\/\/ares.lt\/wp-content\/uploads\/2024\/08\/SalmonWHITE-1-scaled-e1722697088542-960x640.jpg 960w, https:\/\/ares.lt\/wp-content\/uploads\/2024\/08\/SalmonWHITE-1-scaled-e1722697088542-600x400.jpg 600w, https:\/\/ares.lt\/wp-content\/uploads\/2024\/08\/SalmonWHITE-1-scaled-e1722697088542-145x97.jpg 145w\" sizes=\"(max-width: 300px) 100vw, 300px\" \/><\/a><\/p>\n<ul>\n<li><a href=\"https:\/\/ares.lt\/pl\/w-sklepie\/bransoletka-z-rozowej-nici-z-diamentowa-plytka\/\">Z r\u00f3\u017cow\u0105 nici\u0105<\/a><\/li>\n<\/ul>\n<p><a href=\"https:\/\/ares.lt\/pl\/w-sklepie\/bransoletka-z-rozowej-nici-z-diamentowa-plytka\/\"><img loading=\"lazy\" decoding=\"async\" class=\"alignnone wp-image-15901 size-medium\" src=\"https:\/\/ares.lt\/wp-content\/uploads\/2024\/07\/PinkWHITE-1-1-scaled-e1722365382267-300x200.jpg\" alt=\"Bransoletka r\u00f3\u017ca\u0144cowa z diamentem w bia\u0142ym z\u0142ocie &quot;Plate&quot;\" width=\"300\" height=\"200\" srcset=\"https:\/\/ares.lt\/wp-content\/uploads\/2024\/07\/PinkWHITE-1-1-scaled-e1722365382267-300x200.jpg 300w, https:\/\/ares.lt\/wp-content\/uploads\/2024\/07\/PinkWHITE-1-1-scaled-e1722365382267-960x640.jpg 960w, https:\/\/ares.lt\/wp-content\/uploads\/2024\/07\/PinkWHITE-1-1-scaled-e1722365382267-600x400.jpg 600w, https:\/\/ares.lt\/wp-content\/uploads\/2024\/07\/PinkWHITE-1-1-scaled-e1722365382267-145x97.jpg 145w\" sizes=\"(max-width: 300px) 100vw, 300px\" \/><\/a><\/p>\n<p>Bransoletka wykonana z naturalnego diamentu o masie 0,01 ct.<\/p>\n<p>Wyb\u00f3r jest szeroki, mo\u017cesz zdecydowa\u0107 si\u0119 na popularn\u0105 czerwon\u0105 bransoletk\u0119 z diamentem lub wyr\u00f3\u017cni\u0107 si\u0119 z t\u0142umu i wybra\u0107 bransoletk\u0119 w innym kolorze.<\/p>\n<p>&nbsp;<\/p>\n<h4>Rytownictwo<\/h4>\n<p>Mo\u017cesz spersonalizowa\u0107 t\u0119 bransoletk\u0119 dzi\u0119ki naszej us\u0142udze grawerowania. Mo\u017cesz wygrawerowa\u0107 do 4 znak\u00f3w (liter, cyfr lub innych symboli), takich jak inicja\u0142y lub inne symbole, kt\u00f3re s\u0105 dla Ciebie wa\u017cne. U\u017cywamy <a href=\"https:\/\/www.1001fonts.com\/nimbus-roman-no9-l-font.html\">Nimbus Rzymski nr 9<\/a> Dobieramy czcionk\u0119 i wielko\u015b\u0107 znak\u00f3w w zale\u017cno\u015bci od ich ilo\u015bci.<\/p>\n<p>Grawerowanie to \u015bwietny spos\u00f3b, aby zaskoczy\u0107 kogo\u015b wa\u017cnego dla Ciebie wyj\u0105tkowym prezentem, wykonanym specjalnie dla niego. Z\u0142ota bi\u017cuteria z grawerunkiem dodaje wyj\u0105tkowego znaczenia ka\u017cdej okazji.<\/p>\n<p>&nbsp;<\/p>\n<h3>Bezp\u0142atna wymiana bransoletki<\/h3>\n<p>Jest to jednorazowa, nieograniczona okazja na zmian\u0119 koloru nici (mo\u017cesz wybra\u0107 ni\u0107 w tym samym lub innym kolorze z naszego asortymentu), je\u015bli po pewnym czasie Ci si\u0119 znudzi. Us\u0142uga wymiany nici jest bezp\u0142atna (bransoletk\u0119 z nici\u0105 nale\u017cy zakupi\u0107 w naszym sklepie internetowym), musisz jedynie pokry\u0107 koszty logistyczne - 5 EUR.<\/p>\n<p>Proces wymiany bransoletki:<\/p>\n<ul>\n<li>Skontaktuj si\u0119 z nami w celu skorzystania z us\u0142ugi wymiany nici bransoletki (<a href=\"https:\/\/www.facebook.com\/AresJewellery\" target=\"_blank\" rel=\"noopener\">Facebook<\/a>, <a href=\"https:\/\/www.instagram.com\/ares_juvelyrika\/\" target=\"_blank\" rel=\"noopener\">Instagram<\/a>, <a href=\"https:\/\/ares.lt\/pl\/lacznosc\/\">przez e-mail<\/a> lub w inny spos\u00f3b)<\/li>\n<li>Wy\u015blij bransoletk\u0119 z nici\u0105 z podanym kodem wysy\u0142ki za po\u015brednictwem paczkomatu<\/li>\n<li>Odbierz ponownie zawi\u0105zan\u0105 bransoletk\u0119 w najbli\u017cszym paczkomacie (ponowne zawi\u0105zanie bransoletki trwa od 1 do 3 dni)<\/li>\n<\/ul>\n<h2>Bransoletka z nici piaskowej z diamentami &quot;Plokt\u0161tel\u0117&quot;<\/h2>\n<p>Historia bransoletek diamentowych wi\u0105\u017ce si\u0119 z d\u0142ug\u0105 i ciekaw\u0105 przesz\u0142o\u015bci\u0105, w kt\u00f3rej te elementy bi\u017cuterii by\u0142y uwa\u017cane nie tylko za istotne akcesoria, ale mia\u0142y tak\u017ce r\u00f3\u017cnorodne konotacje symboliczne, kulturowe i spo\u0142eczne.<\/p>\n<p>Diamenty, jako kamienie szlachetne i rzadkie, by\u0142y cenione za sw\u00f3j blask i wyj\u0105tkowo\u015b\u0107 od czas\u00f3w staro\u017cytnych. W staro\u017cytnych Indiach diamenty by\u0142y uwa\u017cane za \u015bwi\u0119te i pot\u0119\u017cne kamienie o magicznych w\u0142a\u015bciwo\u015bciach. By\u0142y u\u017cywane nie tylko jako bi\u017cuteria, ale tak\u017ce jako symbol \u017cycia i ochrony przed z\u0142em.<\/p>","protected":false},"excerpt":{"rendered":"<p>Sm\u0117lio si\u016blo apyrank\u0117 su deimantu &#8222;Plok\u0161tel\u0117&#8221; \u0160i sm\u0117lio si\u016blo apyrank\u0117 su deimantu &#8222;Plok\u0161tel\u0117&#8221; yra pagaminta i\u0161 auk\u0161tos kokyb\u0117s si\u016blo, nat\u016bralaus deimanto ir&hellip;<\/p>","protected":false},"featured_media":19710,"comment_status":"open","ping_status":"closed","template":"","meta":[],"product_cat":[247,981,1003,400,786,402,432,381,360,687],"product_tag":[],"class_list":{"0":"post-16027","1":"product","2":"type-product","3":"status-publish","4":"has-post-thumbnail","6":"product_cat-apyrankes","7":"product_cat-auksines-apyrankes-iki-250-eur","8":"product_cat-auksines-apyrankes-su-deimantais","9":"product_cat-balto-aukso-papuosalai","10":"product_cat-deimantai","11":"product_cat-geltono-aukso-papuosalai","12":"product_cat-nauja","13":"product_cat-papuosalai-su-briliantais","14":"product_cat-apyrankes-su-siulu","15":"product_cat-valentino-diena","16":"tm-has-options","18":"first","19":"instock","20":"sale","21":"shipping-taxable","22":"purchasable","23":"product-type-variable","24":"has-default-attributes"},"yoast_head":"<!-- This site is optimized with the Yoast SEO plugin v27.4 - https:\/\/yoast.com\/product\/yoast-seo-wordpress\/ -->\n<title>Sm\u0117lio si\u016blo apyrank\u0117 su deimantu &quot;Plok\u0161tel\u0117&quot; (Galimas graviravimas)<\/title>\n<meta name=\"description\" content=\"Sm\u0117lio si\u016blo apyrank\u0117 su deimantu &quot;Plok\u0161tel\u0117&quot; \u0160i sm\u0117lio si\u016blo apyrank\u0117 su deimantu &quot;Plok\u0161tel\u0117&quot; yra pagaminta i\u0161 auk\u0161tos kokyb\u0117s si\u016blo, nat\u016bralaus deimanto\" \/>\n<meta name=\"robots\" content=\"index, follow, max-snippet:-1, max-image-preview:large, max-video-preview:-1\" \/>\n<link rel=\"canonical\" href=\"https:\/\/ares.lt\/pl\/w-sklepie\/bransoletka-z-nici-piaskowej-z-plytka-diamentowa\/\" \/>\n<meta property=\"og:locale\" content=\"pl_PL\" \/>\n<meta property=\"og:type\" content=\"article\" \/>\n<meta property=\"og:title\" content=\"Sm\u0117lio si\u016blo apyrank\u0117 su deimantu &quot;Plok\u0161tel\u0117&quot; (Galimas graviravimas)\" \/>\n<meta property=\"og:description\" content=\"Sm\u0117lio si\u016blo apyrank\u0117 su deimantu &quot;Plok\u0161tel\u0117&quot; \u0160i sm\u0117lio si\u016blo apyrank\u0117 su deimantu &quot;Plok\u0161tel\u0117&quot; yra pagaminta i\u0161 auk\u0161tos kokyb\u0117s si\u016blo, nat\u016bralaus deimanto\" \/>\n<meta property=\"og:url\" content=\"https:\/\/ares.lt\/pl\/w-sklepie\/bransoletka-z-nici-piaskowej-z-plytka-diamentowa\/\" \/>\n<meta property=\"og:site_name\" content=\"ARES Juvelyrika\" \/>\n<meta property=\"article:publisher\" content=\"https:\/\/www.facebook.com\/AresJewellery\" \/>\n<meta property=\"article:modified_time\" content=\"2026-01-28T19:47:39+00:00\" \/>\n<meta property=\"og:image\" content=\"https:\/\/ares.lt\/wp-content\/uploads\/2024\/08\/Untitled-design-86-scaled.jpg\" \/>\n\t<meta property=\"og:image:width\" content=\"2560\" \/>\n\t<meta property=\"og:image:height\" content=\"1707\" \/>\n\t<meta property=\"og:image:type\" content=\"image\/jpeg\" \/>\n<meta name=\"twitter:card\" content=\"summary_large_image\" \/>\n<meta name=\"twitter:label1\" content=\"Szacowany czas czytania\" \/>\n\t<meta name=\"twitter:data1\" content=\"1 minuta\" \/>\n<script type=\"application\/ld+json\" class=\"yoast-schema-graph\">{\"@context\":\"https:\\\/\\\/schema.org\",\"@graph\":[{\"@type\":\"WebPage\",\"@id\":\"https:\\\/\\\/ares.lt\\\/parduotuve\\\/smelio-siulo-apyranke-su-deimantu-plokstele\\\/\",\"url\":\"https:\\\/\\\/ares.lt\\\/parduotuve\\\/smelio-siulo-apyranke-su-deimantu-plokstele\\\/\",\"name\":\"Sm\u0117lio si\u016blo apyrank\u0117 su deimantu \\\"Plok\u0161tel\u0117\\\" (Galimas graviravimas)\",\"isPartOf\":{\"@id\":\"https:\\\/\\\/ares.lt\\\/#website\"},\"primaryImageOfPage\":{\"@id\":\"https:\\\/\\\/ares.lt\\\/parduotuve\\\/smelio-siulo-apyranke-su-deimantu-plokstele\\\/#primaryimage\"},\"image\":{\"@id\":\"https:\\\/\\\/ares.lt\\\/parduotuve\\\/smelio-siulo-apyranke-su-deimantu-plokstele\\\/#primaryimage\"},\"thumbnailUrl\":\"https:\\\/\\\/ares.lt\\\/wp-content\\\/uploads\\\/2024\\\/08\\\/Untitled-design-86-scaled.jpg\",\"datePublished\":\"2024-08-03T15:21:31+00:00\",\"dateModified\":\"2026-01-28T19:47:39+00:00\",\"description\":\"Sm\u0117lio si\u016blo apyrank\u0117 su deimantu \\\"Plok\u0161tel\u0117\\\" \u0160i sm\u0117lio si\u016blo apyrank\u0117 su deimantu \\\"Plok\u0161tel\u0117\\\" yra pagaminta i\u0161 auk\u0161tos kokyb\u0117s si\u016blo, nat\u016bralaus deimanto\",\"breadcrumb\":{\"@id\":\"https:\\\/\\\/ares.lt\\\/parduotuve\\\/smelio-siulo-apyranke-su-deimantu-plokstele\\\/#breadcrumb\"},\"inLanguage\":\"pl-PL\",\"potentialAction\":[{\"@type\":\"ReadAction\",\"target\":[\"https:\\\/\\\/ares.lt\\\/parduotuve\\\/smelio-siulo-apyranke-su-deimantu-plokstele\\\/\"]}]},{\"@type\":\"ImageObject\",\"inLanguage\":\"pl-PL\",\"@id\":\"https:\\\/\\\/ares.lt\\\/parduotuve\\\/smelio-siulo-apyranke-su-deimantu-plokstele\\\/#primaryimage\",\"url\":\"https:\\\/\\\/ares.lt\\\/wp-content\\\/uploads\\\/2024\\\/08\\\/Untitled-design-86-scaled.jpg\",\"contentUrl\":\"https:\\\/\\\/ares.lt\\\/wp-content\\\/uploads\\\/2024\\\/08\\\/Untitled-design-86-scaled.jpg\",\"width\":2560,\"height\":1707,\"caption\":\"Sm\u0117lio si\u016blo apyrank\u0117 su deimantu raudono aukso \\\"Plok\u0161tel\u0117\\\"\"},{\"@type\":\"BreadcrumbList\",\"@id\":\"https:\\\/\\\/ares.lt\\\/parduotuve\\\/smelio-siulo-apyranke-su-deimantu-plokstele\\\/#breadcrumb\",\"itemListElement\":[{\"@type\":\"ListItem\",\"position\":1,\"name\":\"Auksiniai papuo\u0161alai\",\"item\":\"https:\\\/\\\/ares.lt\\\/\"},{\"@type\":\"ListItem\",\"position\":2,\"name\":\"Parduotuv\u0117\",\"item\":\"https:\\\/\\\/ares.lt\\\/parduotuve\\\/\"},{\"@type\":\"ListItem\",\"position\":3,\"name\":\"Sm\u0117lio si\u016blo apyrank\u0117 su deimantu &#8222;Plok\u0161tel\u0117&#8221; (Galimas graviravimas)\"}]},{\"@type\":\"WebSite\",\"@id\":\"https:\\\/\\\/ares.lt\\\/#website\",\"url\":\"https:\\\/\\\/ares.lt\\\/\",\"name\":\"ARES Juvelyrika\",\"description\":\"Auksiniai papuo\u0161alai\",\"publisher\":{\"@id\":\"https:\\\/\\\/ares.lt\\\/#organization\"},\"potentialAction\":[{\"@type\":\"SearchAction\",\"target\":{\"@type\":\"EntryPoint\",\"urlTemplate\":\"https:\\\/\\\/ares.lt\\\/?s={search_term_string}\"},\"query-input\":{\"@type\":\"PropertyValueSpecification\",\"valueRequired\":true,\"valueName\":\"search_term_string\"}}],\"inLanguage\":\"pl-PL\"},{\"@type\":\"Organization\",\"@id\":\"https:\\\/\\\/ares.lt\\\/#organization\",\"name\":\"Ares Juvelyrika auksiniai papuosalai\",\"url\":\"https:\\\/\\\/ares.lt\\\/\",\"logo\":{\"@type\":\"ImageObject\",\"inLanguage\":\"pl-PL\",\"@id\":\"https:\\\/\\\/ares.lt\\\/#\\\/schema\\\/logo\\\/image\\\/\",\"url\":\"https:\\\/\\\/i0.wp.com\\\/ares.lt\\\/wp-content\\\/uploads\\\/2022\\\/03\\\/ares-text-logo-1.png?fit=417%2C122&ssl=1\",\"contentUrl\":\"https:\\\/\\\/i0.wp.com\\\/ares.lt\\\/wp-content\\\/uploads\\\/2022\\\/03\\\/ares-text-logo-1.png?fit=417%2C122&ssl=1\",\"width\":417,\"height\":122,\"caption\":\"Ares Juvelyrika auksiniai papuosalai\"},\"image\":{\"@id\":\"https:\\\/\\\/ares.lt\\\/#\\\/schema\\\/logo\\\/image\\\/\"},\"sameAs\":[\"https:\\\/\\\/www.facebook.com\\\/AresJewellery\",\"https:\\\/\\\/www.instagram.com\\\/ares_juvelyrika\\\/\"]}]}<\/script>\n<!-- \/ Yoast SEO plugin. -->","yoast_head_json":{"title":"Bransoletka z nici\u0105 piaskow\u0105 i diamentow\u0105 &quot;Plate&quot; (Mo\u017cliwo\u015b\u0107 grawerowania)","description":"Bransoletka z nici piaskowej z diamentami &quot;Plate&quot; Bransoletka z nici piaskowej z diamentami &quot;Plate&quot; wykonana jest z wysokiej jako\u015bci nici, naturalnych diament\u00f3w","robots":{"index":"index","follow":"follow","max-snippet":"max-snippet:-1","max-image-preview":"max-image-preview:large","max-video-preview":"max-video-preview:-1"},"canonical":"https:\/\/ares.lt\/pl\/w-sklepie\/bransoletka-z-nici-piaskowej-z-plytka-diamentowa\/","og_locale":"pl_PL","og_type":"article","og_title":"Sm\u0117lio si\u016blo apyrank\u0117 su deimantu \"Plok\u0161tel\u0117\" (Galimas graviravimas)","og_description":"Sm\u0117lio si\u016blo apyrank\u0117 su deimantu \"Plok\u0161tel\u0117\" \u0160i sm\u0117lio si\u016blo apyrank\u0117 su deimantu \"Plok\u0161tel\u0117\" yra pagaminta i\u0161 auk\u0161tos kokyb\u0117s si\u016blo, nat\u016bralaus deimanto","og_url":"https:\/\/ares.lt\/pl\/w-sklepie\/bransoletka-z-nici-piaskowej-z-plytka-diamentowa\/","og_site_name":"ARES Juvelyrika","article_publisher":"https:\/\/www.facebook.com\/AresJewellery","article_modified_time":"2026-01-28T19:47:39+00:00","og_image":[{"width":2560,"height":1707,"url":"https:\/\/ares.lt\/wp-content\/uploads\/2024\/08\/Untitled-design-86-scaled.jpg","type":"image\/jpeg"}],"twitter_card":"summary_large_image","twitter_misc":{"Szacowany czas czytania":"1 minuta"},"schema":{"@context":"https:\/\/schema.org","@graph":[{"@type":"WebPage","@id":"https:\/\/ares.lt\/parduotuve\/smelio-siulo-apyranke-su-deimantu-plokstele\/","url":"https:\/\/ares.lt\/parduotuve\/smelio-siulo-apyranke-su-deimantu-plokstele\/","name":"Bransoletka z nici\u0105 piaskow\u0105 i diamentow\u0105 &quot;Plate&quot; (Mo\u017cliwo\u015b\u0107 grawerowania)","isPartOf":{"@id":"https:\/\/ares.lt\/#website"},"primaryImageOfPage":{"@id":"https:\/\/ares.lt\/parduotuve\/smelio-siulo-apyranke-su-deimantu-plokstele\/#primaryimage"},"image":{"@id":"https:\/\/ares.lt\/parduotuve\/smelio-siulo-apyranke-su-deimantu-plokstele\/#primaryimage"},"thumbnailUrl":"https:\/\/ares.lt\/wp-content\/uploads\/2024\/08\/Untitled-design-86-scaled.jpg","datePublished":"2024-08-03T15:21:31+00:00","dateModified":"2026-01-28T19:47:39+00:00","description":"Bransoletka z nici piaskowej z diamentami &quot;Plate&quot; Bransoletka z nici piaskowej z diamentami &quot;Plate&quot; wykonana jest z wysokiej jako\u015bci nici, naturalnych diament\u00f3w","breadcrumb":{"@id":"https:\/\/ares.lt\/parduotuve\/smelio-siulo-apyranke-su-deimantu-plokstele\/#breadcrumb"},"inLanguage":"pl-PL","potentialAction":[{"@type":"ReadAction","target":["https:\/\/ares.lt\/parduotuve\/smelio-siulo-apyranke-su-deimantu-plokstele\/"]}]},{"@type":"ImageObject","inLanguage":"pl-PL","@id":"https:\/\/ares.lt\/parduotuve\/smelio-siulo-apyranke-su-deimantu-plokstele\/#primaryimage","url":"https:\/\/ares.lt\/wp-content\/uploads\/2024\/08\/Untitled-design-86-scaled.jpg","contentUrl":"https:\/\/ares.lt\/wp-content\/uploads\/2024\/08\/Untitled-design-86-scaled.jpg","width":2560,"height":1707,"caption":"Sm\u0117lio si\u016blo apyrank\u0117 su deimantu raudono aukso \"Plok\u0161tel\u0117\""},{"@type":"BreadcrumbList","@id":"https:\/\/ares.lt\/parduotuve\/smelio-siulo-apyranke-su-deimantu-plokstele\/#breadcrumb","itemListElement":[{"@type":"ListItem","position":1,"name":"Auksiniai papuo\u0161alai","item":"https:\/\/ares.lt\/"},{"@type":"ListItem","position":2,"name":"Parduotuv\u0117","item":"https:\/\/ares.lt\/parduotuve\/"},{"@type":"ListItem","position":3,"name":"Sm\u0117lio si\u016blo apyrank\u0117 su deimantu &#8222;Plok\u0161tel\u0117&#8221; (Galimas graviravimas)"}]},{"@type":"WebSite","@id":"https:\/\/ares.lt\/#website","url":"https:\/\/ares.lt\/","name":"Bi\u017cuteria ARES","description":"Z\u0142ota bi\u017cuteria","publisher":{"@id":"https:\/\/ares.lt\/#organization"},"potentialAction":[{"@type":"SearchAction","target":{"@type":"EntryPoint","urlTemplate":"https:\/\/ares.lt\/?s={search_term_string}"},"query-input":{"@type":"PropertyValueSpecification","valueRequired":true,"valueName":"search_term_string"}}],"inLanguage":"pl-PL"},{"@type":"Organization","@id":"https:\/\/ares.lt\/#organization","name":"Bi\u017cuteria Ares Bi\u017cuteria z\u0142ota","url":"https:\/\/ares.lt\/","logo":{"@type":"ImageObject","inLanguage":"pl-PL","@id":"https:\/\/ares.lt\/#\/schema\/logo\/image\/","url":"https:\/\/i0.wp.com\/ares.lt\/wp-content\/uploads\/2022\/03\/ares-text-logo-1.png?fit=417%2C122&ssl=1","contentUrl":"https:\/\/i0.wp.com\/ares.lt\/wp-content\/uploads\/2022\/03\/ares-text-logo-1.png?fit=417%2C122&ssl=1","width":417,"height":122,"caption":"Ares Juvelyrika auksiniai papuosalai"},"image":{"@id":"https:\/\/ares.lt\/#\/schema\/logo\/image\/"},"sameAs":["https:\/\/www.facebook.com\/AresJewellery","https:\/\/www.instagram.com\/ares_juvelyrika\/"]}]}},"_links":{"self":[{"href":"https:\/\/ares.lt\/pl\/wp-json\/wp\/v2\/product\/16027","targetHints":{"allow":["GET"]}}],"collection":[{"href":"https:\/\/ares.lt\/pl\/wp-json\/wp\/v2\/product"}],"about":[{"href":"https:\/\/ares.lt\/pl\/wp-json\/wp\/v2\/types\/product"}],"replies":[{"embeddable":true,"href":"https:\/\/ares.lt\/pl\/wp-json\/wp\/v2\/comments?post=16027"}],"wp:featuredmedia":[{"embeddable":true,"href":"https:\/\/ares.lt\/pl\/wp-json\/wp\/v2\/media\/19710"}],"wp:attachment":[{"href":"https:\/\/ares.lt\/pl\/wp-json\/wp\/v2\/media?parent=16027"}],"wp:term":[{"taxonomy":"product_cat","embeddable":true,"href":"https:\/\/ares.lt\/pl\/wp-json\/wp\/v2\/product_cat?post=16027"},{"taxonomy":"product_tag","embeddable":true,"href":"https:\/\/ares.lt\/pl\/wp-json\/wp\/v2\/product_tag?post=16027"}],"curies":[{"name":"wp","href":"https:\/\/api.w.org\/{rel}","templated":true}]}}