{"id":4289,"date":"2022-03-13T11:39:49","date_gmt":"2022-03-13T09:39:49","guid":{"rendered":"http:\/\/ares2.store\/?post_type=product&#038;p=4289"},"modified":"2026-01-25T22:06:27","modified_gmt":"2026-01-25T20:06:27","slug":"zloty-lancuszek-z-zawieszka-w-ksztalcie-serca","status":"publish","type":"product","link":"https:\/\/ares.lt\/pl\/parduotuve\/auksine-grandinele-su-pakabuku-sirdele\/","title":{"rendered":"Z\u0142oty \u0142a\u0144cuszek z zawieszk\u0105 &quot;Serce&quot;"},"content":{"rendered":"<h2>Z\u0142oty \u0142a\u0144cuszek z zawieszk\u0105 &quot;Serce&quot;<\/h2>\n<p>To klasyczna i zawsze modna bi\u017cuteria, kt\u00f3ra symbolizuje mi\u0142o\u015b\u0107, czu\u0142o\u015b\u0107 i blisko\u015b\u0107. Ten elegancki \u0142a\u0144cuszek jest idealny zar\u00f3wno do codziennego noszenia, jak i na specjalne okazje. Mo\u017cesz wybra\u0107 ten \u0142a\u0144cuszek z wisiorkiem z dw\u00f3ch kolor\u00f3w z\u0142ota - czerwonego lub bia\u0142ego z\u0142ota, dzi\u0119ki czemu ka\u017cdy znajdzie najbardziej odpowiedni\u0105 opcj\u0119 dla siebie.<\/p>\n<h4><strong>Projekt serca<\/strong><\/h4>\n<p>Wisiorek w kszta\u0142cie serca jest uniwersalnym symbolem mi\u0142o\u015bci, o g\u0142\u0119bokim znaczeniu emocjonalnym i kulturowym. Ten wz\u00f3r od dawna kojarzy si\u0119 z romantyzmem, zmys\u0142owo\u015bci\u0105 i trosk\u0105. Z\u0142ote serce zawieszone na delikatnym \u0142a\u0144cuszku to \u015bwietny spos\u00f3b na wyra\u017cenie mi\u0142o\u015bci i oddania - element bi\u017cuterii, kt\u00f3ry mo\u017cna nosi\u0107 z ciep\u0142em i dum\u0105. Klasyczny kszta\u0142t serca jest ponadczasowy i zawsze pozostaje stylowy, wi\u0119c ten element bi\u017cuterii stanie si\u0119 trwa\u0142ym dodatkiem w Twojej kolekcji.<\/p>\n<h4><strong>Wyb\u00f3r koloru z\u0142otego<\/strong><\/h4>\n<p>Jedn\u0105 z unikalnych cech tego \u0142a\u0144cuszka jest wyb\u00f3r dw\u00f3ch kolor\u00f3w z\u0142ota: czerwonego i bia\u0142ego. Czerwone z\u0142oto zapewnia ciep\u0142y, romantyczny i tradycyjny akcent, kt\u00f3ry dobrze komponuje si\u0119 zar\u00f3wno z jasnymi, jak i ciemnymi odcieniami sk\u00f3ry. Bia\u0142e z\u0142oto ma nowoczesny, ch\u0142odny po\u0142ysk, kt\u00f3ry jest niezwykle popularny we wsp\u00f3\u0142czesnym wzornictwie bi\u017cuterii, nadaj\u0105c \u0142a\u0144cuszkowi nowoczesny i elegancki wygl\u0105d. Ka\u017cdy kolor pozwala wyrazi\u0107 Tw\u00f3j unikalny styl i osobowo\u015b\u0107.<\/p>\n<h4><strong>Symbolika i znaczenie<\/strong><\/h4>\n<p>Wisiorek w kszta\u0142cie serca to co\u015b wi\u0119cej ni\u017c tylko bi\u017cuteria, to symbol mi\u0142o\u015bci, przyja\u017ani i oddania. Tak\u0105 bi\u017cuteri\u0119 cz\u0119sto wr\u0119cza si\u0119 na wa\u017cne okazje, takie jak zar\u0119czyny, \u015blub czy rocznice, symbolizuj\u0105c szczeg\u00f3ln\u0105 wi\u0119\u017a mi\u0119dzy dwojgiem ludzi. Ten \u0142a\u0144cuszek z wisiorkiem w kszta\u0142cie \u201eserca\u201d mo\u017ce by\u0107 wspania\u0142ym przypomnieniem ukochanej osoby lub bi\u017cuteri\u0105 o silnej warto\u015bci emocjonalnej, nios\u0105c\u0105 wa\u017cne historie wspomnie\u0144 i uczu\u0107.<\/p>","protected":false},"excerpt":{"rendered":"<p>Auksin\u0117 grandin\u0117l\u0117 su pakabuku \u201e\u0160irdel\u0117\u201c Tai klasikinis ir visada madingas papuo\u0161alas, kuris simbolizuoja meil\u0119, \u0161velnum\u0105 ir artum\u0105. \u0160i eleganti\u0161ka grandin\u0117l\u0117 puikiai tinka&hellip;<\/p>","protected":false},"featured_media":13715,"comment_status":"open","ping_status":"closed","template":"","meta":[],"product_cat":[102,948,983,946,400,101,404,944,401,687],"product_tag":[],"class_list":{"0":"post-4289","1":"product","2":"type-product","3":"status-publish","4":"has-post-thumbnail","6":"product_cat-grandineles-su-pakabukais","7":"product_cat-auksines-grandineles-su-pakabukais-iki-250-eur","8":"product_cat-auksines-grandineles-su-pakabuku-sirdele","9":"product_cat-balto-aukso-grandineles-su-pakabukais","10":"product_cat-balto-aukso-papuosalai","11":"product_cat-be-akmens","12":"product_cat-nuolaidos","13":"product_cat-raudono-aukso-grandineles-su-pakabukais","14":"product_cat-raudono-aukso-papuosalai","15":"product_cat-valentino-diena","16":"tm-no-options","18":"first","19":"instock","20":"sale","21":"shipping-taxable","22":"purchasable","23":"product-type-variable","24":"has-default-attributes"},"yoast_head":"<!-- This site is optimized with the Yoast SEO plugin v27.4 - https:\/\/yoast.com\/product\/yoast-seo-wordpress\/ -->\n<title>Auksin\u0117 grandin\u0117l\u0117 su pakabuku &quot;\u0160irdel\u0117&quot;<\/title>\n<meta name=\"description\" content=\"Auksin\u0117 grandin\u0117l\u0117 su pakabuku \u201e\u0160irdel\u0117\u201c Tai klasikinis ir visada madingas papuo\u0161alas, kuris simbolizuoja meil\u0119, \u0161velnum\u0105 ir artum\u0105. \u0160i eleganti\u0161ka\" \/>\n<meta name=\"robots\" content=\"index, follow, max-snippet:-1, max-image-preview:large, max-video-preview:-1\" \/>\n<link rel=\"canonical\" href=\"https:\/\/ares.lt\/pl\/w-sklepie\/zloty-lancuszek-z-zawieszka-w-ksztalcie-serca\/\" \/>\n<meta property=\"og:locale\" content=\"pl_PL\" \/>\n<meta property=\"og:type\" content=\"article\" \/>\n<meta property=\"og:title\" content=\"Auksin\u0117 grandin\u0117l\u0117 su pakabuku &quot;\u0160irdel\u0117&quot;\" \/>\n<meta property=\"og:description\" content=\"Auksin\u0117 grandin\u0117l\u0117 su pakabuku \u201e\u0160irdel\u0117\u201c Tai klasikinis ir visada madingas papuo\u0161alas, kuris simbolizuoja meil\u0119, \u0161velnum\u0105 ir artum\u0105. \u0160i eleganti\u0161ka\" \/>\n<meta property=\"og:url\" content=\"https:\/\/ares.lt\/pl\/w-sklepie\/zloty-lancuszek-z-zawieszka-w-ksztalcie-serca\/\" \/>\n<meta property=\"og:site_name\" content=\"ARES Juvelyrika\" \/>\n<meta property=\"article:publisher\" content=\"https:\/\/www.facebook.com\/AresJewellery\" \/>\n<meta property=\"article:modified_time\" content=\"2026-01-25T20:06:27+00:00\" \/>\n<meta property=\"og:image\" content=\"https:\/\/ares.lt\/wp-content\/uploads\/2022\/03\/IMG_2707_1-1.jpg\" \/>\n\t<meta property=\"og:image:width\" content=\"3000\" \/>\n\t<meta property=\"og:image:height\" content=\"3000\" \/>\n\t<meta property=\"og:image:type\" content=\"image\/jpeg\" \/>\n<meta name=\"twitter:card\" content=\"summary_large_image\" \/>\n<meta name=\"twitter:label1\" content=\"Szacowany czas czytania\" \/>\n\t<meta name=\"twitter:data1\" content=\"1 minuta\" \/>\n<script type=\"application\/ld+json\" class=\"yoast-schema-graph\">{\"@context\":\"https:\\\/\\\/schema.org\",\"@graph\":[{\"@type\":\"WebPage\",\"@id\":\"https:\\\/\\\/ares.lt\\\/parduotuve\\\/auksine-grandinele-su-pakabuku-sirdele\\\/\",\"url\":\"https:\\\/\\\/ares.lt\\\/parduotuve\\\/auksine-grandinele-su-pakabuku-sirdele\\\/\",\"name\":\"Auksin\u0117 grandin\u0117l\u0117 su pakabuku \\\"\u0160irdel\u0117\\\"\",\"isPartOf\":{\"@id\":\"https:\\\/\\\/ares.lt\\\/#website\"},\"primaryImageOfPage\":{\"@id\":\"https:\\\/\\\/ares.lt\\\/parduotuve\\\/auksine-grandinele-su-pakabuku-sirdele\\\/#primaryimage\"},\"image\":{\"@id\":\"https:\\\/\\\/ares.lt\\\/parduotuve\\\/auksine-grandinele-su-pakabuku-sirdele\\\/#primaryimage\"},\"thumbnailUrl\":\"https:\\\/\\\/ares.lt\\\/wp-content\\\/uploads\\\/2022\\\/03\\\/IMG_2707_1-1.jpg\",\"datePublished\":\"2022-03-13T09:39:49+00:00\",\"dateModified\":\"2026-01-25T20:06:27+00:00\",\"description\":\"Auksin\u0117 grandin\u0117l\u0117 su pakabuku \u201e\u0160irdel\u0117\u201c Tai klasikinis ir visada madingas papuo\u0161alas, kuris simbolizuoja meil\u0119, \u0161velnum\u0105 ir artum\u0105. \u0160i eleganti\u0161ka\",\"breadcrumb\":{\"@id\":\"https:\\\/\\\/ares.lt\\\/parduotuve\\\/auksine-grandinele-su-pakabuku-sirdele\\\/#breadcrumb\"},\"inLanguage\":\"pl-PL\",\"potentialAction\":[{\"@type\":\"ReadAction\",\"target\":[\"https:\\\/\\\/ares.lt\\\/parduotuve\\\/auksine-grandinele-su-pakabuku-sirdele\\\/\"]}]},{\"@type\":\"ImageObject\",\"inLanguage\":\"pl-PL\",\"@id\":\"https:\\\/\\\/ares.lt\\\/parduotuve\\\/auksine-grandinele-su-pakabuku-sirdele\\\/#primaryimage\",\"url\":\"https:\\\/\\\/ares.lt\\\/wp-content\\\/uploads\\\/2022\\\/03\\\/IMG_2707_1-1.jpg\",\"contentUrl\":\"https:\\\/\\\/ares.lt\\\/wp-content\\\/uploads\\\/2022\\\/03\\\/IMG_2707_1-1.jpg\",\"width\":3000,\"height\":3000,\"caption\":\"Auksin\u0117 Grandin\u0117l\u0117 su pakabuku \\\"\u0160irdel\u0117\\\"\"},{\"@type\":\"BreadcrumbList\",\"@id\":\"https:\\\/\\\/ares.lt\\\/parduotuve\\\/auksine-grandinele-su-pakabuku-sirdele\\\/#breadcrumb\",\"itemListElement\":[{\"@type\":\"ListItem\",\"position\":1,\"name\":\"Auksiniai papuo\u0161alai\",\"item\":\"https:\\\/\\\/ares.lt\\\/\"},{\"@type\":\"ListItem\",\"position\":2,\"name\":\"Parduotuv\u0117\",\"item\":\"https:\\\/\\\/ares.lt\\\/parduotuve\\\/\"},{\"@type\":\"ListItem\",\"position\":3,\"name\":\"Auksin\u0117 grandin\u0117l\u0117 su pakabuku &#8222;\u0160irdel\u0117&#8221;\"}]},{\"@type\":\"WebSite\",\"@id\":\"https:\\\/\\\/ares.lt\\\/#website\",\"url\":\"https:\\\/\\\/ares.lt\\\/\",\"name\":\"ARES Juvelyrika\",\"description\":\"Auksiniai papuo\u0161alai\",\"publisher\":{\"@id\":\"https:\\\/\\\/ares.lt\\\/#organization\"},\"potentialAction\":[{\"@type\":\"SearchAction\",\"target\":{\"@type\":\"EntryPoint\",\"urlTemplate\":\"https:\\\/\\\/ares.lt\\\/?s={search_term_string}\"},\"query-input\":{\"@type\":\"PropertyValueSpecification\",\"valueRequired\":true,\"valueName\":\"search_term_string\"}}],\"inLanguage\":\"pl-PL\"},{\"@type\":\"Organization\",\"@id\":\"https:\\\/\\\/ares.lt\\\/#organization\",\"name\":\"Ares Juvelyrika auksiniai papuosalai\",\"url\":\"https:\\\/\\\/ares.lt\\\/\",\"logo\":{\"@type\":\"ImageObject\",\"inLanguage\":\"pl-PL\",\"@id\":\"https:\\\/\\\/ares.lt\\\/#\\\/schema\\\/logo\\\/image\\\/\",\"url\":\"https:\\\/\\\/i0.wp.com\\\/ares.lt\\\/wp-content\\\/uploads\\\/2022\\\/03\\\/ares-text-logo-1.png?fit=417%2C122&ssl=1\",\"contentUrl\":\"https:\\\/\\\/i0.wp.com\\\/ares.lt\\\/wp-content\\\/uploads\\\/2022\\\/03\\\/ares-text-logo-1.png?fit=417%2C122&ssl=1\",\"width\":417,\"height\":122,\"caption\":\"Ares Juvelyrika auksiniai papuosalai\"},\"image\":{\"@id\":\"https:\\\/\\\/ares.lt\\\/#\\\/schema\\\/logo\\\/image\\\/\"},\"sameAs\":[\"https:\\\/\\\/www.facebook.com\\\/AresJewellery\",\"https:\\\/\\\/www.instagram.com\\\/ares_juvelyrika\\\/\"]}]}<\/script>\n<!-- \/ Yoast SEO plugin. -->","yoast_head_json":{"title":"Z\u0142oty \u0142a\u0144cuszek z zawieszk\u0105 &quot;Serce&quot;","description":"Z\u0142oty \u0142a\u0144cuszek z zawieszk\u0105 &quot;Serce&quot; To klasyczna i zawsze modna bi\u017cuteria, kt\u00f3ra symbolizuje mi\u0142o\u015b\u0107, czu\u0142o\u015b\u0107 i blisko\u015b\u0107. Ta elegancka","robots":{"index":"index","follow":"follow","max-snippet":"max-snippet:-1","max-image-preview":"max-image-preview:large","max-video-preview":"max-video-preview:-1"},"canonical":"https:\/\/ares.lt\/pl\/w-sklepie\/zloty-lancuszek-z-zawieszka-w-ksztalcie-serca\/","og_locale":"pl_PL","og_type":"article","og_title":"Auksin\u0117 grandin\u0117l\u0117 su pakabuku \"\u0160irdel\u0117\"","og_description":"Auksin\u0117 grandin\u0117l\u0117 su pakabuku \u201e\u0160irdel\u0117\u201c Tai klasikinis ir visada madingas papuo\u0161alas, kuris simbolizuoja meil\u0119, \u0161velnum\u0105 ir artum\u0105. \u0160i eleganti\u0161ka","og_url":"https:\/\/ares.lt\/pl\/w-sklepie\/zloty-lancuszek-z-zawieszka-w-ksztalcie-serca\/","og_site_name":"ARES Juvelyrika","article_publisher":"https:\/\/www.facebook.com\/AresJewellery","article_modified_time":"2026-01-25T20:06:27+00:00","og_image":[{"width":3000,"height":3000,"url":"https:\/\/ares.lt\/wp-content\/uploads\/2022\/03\/IMG_2707_1-1.jpg","type":"image\/jpeg"}],"twitter_card":"summary_large_image","twitter_misc":{"Szacowany czas czytania":"1 minuta"},"schema":{"@context":"https:\/\/schema.org","@graph":[{"@type":"WebPage","@id":"https:\/\/ares.lt\/parduotuve\/auksine-grandinele-su-pakabuku-sirdele\/","url":"https:\/\/ares.lt\/parduotuve\/auksine-grandinele-su-pakabuku-sirdele\/","name":"Z\u0142oty \u0142a\u0144cuszek z zawieszk\u0105 &quot;Serce&quot;","isPartOf":{"@id":"https:\/\/ares.lt\/#website"},"primaryImageOfPage":{"@id":"https:\/\/ares.lt\/parduotuve\/auksine-grandinele-su-pakabuku-sirdele\/#primaryimage"},"image":{"@id":"https:\/\/ares.lt\/parduotuve\/auksine-grandinele-su-pakabuku-sirdele\/#primaryimage"},"thumbnailUrl":"https:\/\/ares.lt\/wp-content\/uploads\/2022\/03\/IMG_2707_1-1.jpg","datePublished":"2022-03-13T09:39:49+00:00","dateModified":"2026-01-25T20:06:27+00:00","description":"Z\u0142oty \u0142a\u0144cuszek z zawieszk\u0105 &quot;Serce&quot; To klasyczna i zawsze modna bi\u017cuteria, kt\u00f3ra symbolizuje mi\u0142o\u015b\u0107, czu\u0142o\u015b\u0107 i blisko\u015b\u0107. Ta elegancka","breadcrumb":{"@id":"https:\/\/ares.lt\/parduotuve\/auksine-grandinele-su-pakabuku-sirdele\/#breadcrumb"},"inLanguage":"pl-PL","potentialAction":[{"@type":"ReadAction","target":["https:\/\/ares.lt\/parduotuve\/auksine-grandinele-su-pakabuku-sirdele\/"]}]},{"@type":"ImageObject","inLanguage":"pl-PL","@id":"https:\/\/ares.lt\/parduotuve\/auksine-grandinele-su-pakabuku-sirdele\/#primaryimage","url":"https:\/\/ares.lt\/wp-content\/uploads\/2022\/03\/IMG_2707_1-1.jpg","contentUrl":"https:\/\/ares.lt\/wp-content\/uploads\/2022\/03\/IMG_2707_1-1.jpg","width":3000,"height":3000,"caption":"Auksin\u0117 Grandin\u0117l\u0117 su pakabuku \"\u0160irdel\u0117\""},{"@type":"BreadcrumbList","@id":"https:\/\/ares.lt\/parduotuve\/auksine-grandinele-su-pakabuku-sirdele\/#breadcrumb","itemListElement":[{"@type":"ListItem","position":1,"name":"Auksiniai papuo\u0161alai","item":"https:\/\/ares.lt\/"},{"@type":"ListItem","position":2,"name":"Parduotuv\u0117","item":"https:\/\/ares.lt\/parduotuve\/"},{"@type":"ListItem","position":3,"name":"Auksin\u0117 grandin\u0117l\u0117 su pakabuku &#8222;\u0160irdel\u0117&#8221;"}]},{"@type":"WebSite","@id":"https:\/\/ares.lt\/#website","url":"https:\/\/ares.lt\/","name":"Bi\u017cuteria ARES","description":"Z\u0142ota bi\u017cuteria","publisher":{"@id":"https:\/\/ares.lt\/#organization"},"potentialAction":[{"@type":"SearchAction","target":{"@type":"EntryPoint","urlTemplate":"https:\/\/ares.lt\/?s={search_term_string}"},"query-input":{"@type":"PropertyValueSpecification","valueRequired":true,"valueName":"search_term_string"}}],"inLanguage":"pl-PL"},{"@type":"Organization","@id":"https:\/\/ares.lt\/#organization","name":"Bi\u017cuteria Ares Bi\u017cuteria z\u0142ota","url":"https:\/\/ares.lt\/","logo":{"@type":"ImageObject","inLanguage":"pl-PL","@id":"https:\/\/ares.lt\/#\/schema\/logo\/image\/","url":"https:\/\/i0.wp.com\/ares.lt\/wp-content\/uploads\/2022\/03\/ares-text-logo-1.png?fit=417%2C122&ssl=1","contentUrl":"https:\/\/i0.wp.com\/ares.lt\/wp-content\/uploads\/2022\/03\/ares-text-logo-1.png?fit=417%2C122&ssl=1","width":417,"height":122,"caption":"Ares Juvelyrika auksiniai papuosalai"},"image":{"@id":"https:\/\/ares.lt\/#\/schema\/logo\/image\/"},"sameAs":["https:\/\/www.facebook.com\/AresJewellery","https:\/\/www.instagram.com\/ares_juvelyrika\/"]}]}},"_links":{"self":[{"href":"https:\/\/ares.lt\/pl\/wp-json\/wp\/v2\/product\/4289","targetHints":{"allow":["GET"]}}],"collection":[{"href":"https:\/\/ares.lt\/pl\/wp-json\/wp\/v2\/product"}],"about":[{"href":"https:\/\/ares.lt\/pl\/wp-json\/wp\/v2\/types\/product"}],"replies":[{"embeddable":true,"href":"https:\/\/ares.lt\/pl\/wp-json\/wp\/v2\/comments?post=4289"}],"wp:featuredmedia":[{"embeddable":true,"href":"https:\/\/ares.lt\/pl\/wp-json\/wp\/v2\/media\/13715"}],"wp:attachment":[{"href":"https:\/\/ares.lt\/pl\/wp-json\/wp\/v2\/media?parent=4289"}],"wp:term":[{"taxonomy":"product_cat","embeddable":true,"href":"https:\/\/ares.lt\/pl\/wp-json\/wp\/v2\/product_cat?post=4289"},{"taxonomy":"product_tag","embeddable":true,"href":"https:\/\/ares.lt\/pl\/wp-json\/wp\/v2\/product_tag?post=4289"}],"curies":[{"name":"wp","href":"https:\/\/api.w.org\/{rel}","templated":true}]}}